{"id":906,"date":"2019-03-19T14:56:58","date_gmt":"2019-03-19T13:56:58","guid":{"rendered":"http:\/\/www.lyceelafayette.fr\/?page_id=906"},"modified":"2021-10-20T10:05:57","modified_gmt":"2021-10-20T08:05:57","slug":"bac-pro-tu","status":"publish","type":"page","link":"https:\/\/www.lyceelafayette.fr\/index.php\/formations\/productique\/la-seconde-famille-des-metiers-de-la-realisation-de-produits-mecaniques\/bac-pro-tu\/","title":{"rendered":"BAC PRO TECHNICIEN EN REALISATION DE PRODUITS MECANIQUES Option R\u00e9alisation et suivi de Production (RSP)"},"content":{"rendered":"\n<p>Anciennement \u00ab\u00a0<span class=\"has-inline-color has-vivid-red-color\"><span style=\"text-decoration: underline;\"><strong>Technicien d&rsquo;usinage<\/strong> <strong>(TU)<\/strong><\/span><\/span>\u00ab\u00a0, Le Bac Professionnel de REALISATION ET SUIVI DE PRODUCTION est une formation \u00e0 la pointe des techniques industrielles.<\/p>\n\n\n\n<figure class=\"wp-block-image size-large\"><img decoding=\"async\" src=\"https:\/\/www.lyceelafayette.fr\/wp-content\/uploads\/2021\/10\/RSP-web-V2.jpg\" alt=\"\" class=\"wp-image-5268\"\/><figcaption><em>Version Pdf : <a href=\"https:\/\/www.lyceelafayette.fr\/wp-content\/uploads\/2021\/10\/filiere-Mecanique-Productique-V2.jpg\"><span style=\"text-decoration: underline;\">Cliquez ici<\/span><\/a><\/em><\/figcaption><\/figure>\n\n\n\n<p>Le sens de la communication, du dialogue et l\u2019int\u00e9gration dans une \u00e9quipe de production sont indispensables dans le cadre global d\u2019une entreprise.<\/p>\n\n\n\n<p>Ce sont les \u00e9l\u00e8ves de Bac pro RSP\/TU qui en parle le mieux ! Voici un lien vers un t\u00e9moignage d&rsquo;\u00e9l\u00e8ves issu d&rsquo;une video du site de l&rsquo;ONISEP.<\/p>\n\n\n\n<p class=\"has-text-align-center\">Cliquez sur l&rsquo;image pour lancer la vid\u00e9o<\/p>\n\n\n\n<div class=\"wp-block-image\"><figure class=\"aligncenter size-large\"><a href=\"https:\/\/www.onisep.fr\/Ressources\/Univers-Formation\/Formations\/Lycees\/bac-pro-technicien-d-usinage\" target=\"_blank\" rel=\"https:\/\/www.onisep.fr\/Ressources\/Univers-Formation\/Formations\/Lycees\/bac-pro-technicien-d-usinage noopener\"><img loading=\"lazy\" decoding=\"async\" width=\"636\" height=\"504\" src=\"https:\/\/www.lyceelafayette.fr\/wp-content\/uploads\/2021\/01\/Poster-video-ONISEP-Bac-TU.jpg\" alt=\"\" class=\"wp-image-3524\" srcset=\"https:\/\/www.lyceelafayette.fr\/wp-content\/uploads\/2021\/01\/Poster-video-ONISEP-Bac-TU.jpg 636w, https:\/\/www.lyceelafayette.fr\/wp-content\/uploads\/2021\/01\/Poster-video-ONISEP-Bac-TU-300x238.jpg 300w, https:\/\/www.lyceelafayette.fr\/wp-content\/uploads\/2021\/01\/Poster-video-ONISEP-Bac-TU-150x119.jpg 150w\" sizes=\"auto, (max-width: 636px) 100vw, 636px\" \/><\/a><\/figure><\/div>\n\n\n\n<p><\/p>\n\n\n\n<p>Comme le d\u00e9montre ce t\u00e9moignage, l\u2019attrait du travail de pr\u00e9cision est une qualit\u00e9 suppl\u00e9mentaire.<\/p>\n\n\n\n<h3 class=\"wp-block-heading\"><strong>Extrait de la fiche formation de l&rsquo;ONISEP :<\/strong><\/h3>\n\n\n\n<blockquote class=\"wp-block-quote is-layout-flow wp-block-quote-is-layout-flow\"><p>En entreprise ou en atelier de m\u00e9canique, le titulaire de ce bac pro ma\u00eetrise la mise en \u0153uvre de l&rsquo;usinage par enl\u00e8vement de mati\u00e8re.<\/p><p>Il sait analyser l&rsquo;ensemble des donn\u00e9es techniques et utiliser la cha\u00eene des donn\u00e9es num\u00e9riques (conception assist\u00e9e par ordinateur, fabrication assist\u00e9e par ordinateur\u2026). Lors du lancement et du suivi de la production, il pr\u00e9pare les outils et les outillages. Il con\u00e7oit un programme \u00e0 partir d&rsquo;une d\u00e9finition num\u00e9rique et \u00e0 l&rsquo;aide de logiciels de fabrication assist\u00e9e par ordinateur puis il effectue la simulation du programme. Il implante et transf\u00e8re les donn\u00e9es num\u00e9riques.<\/p><p>Il r\u00e8gle et met en \u0153uvre le syst\u00e8me. Il choisit les mat\u00e9riels de mesure et de contr\u00f4le. Il installe et r\u00e8gle les outils et les outillages. Il r\u00e9alise les pi\u00e8ces dans le respect de la qualit\u00e9, des d\u00e9lais et des co\u00fbts. Il assure la maintenance de premier niveau de l&rsquo;ensemble du syst\u00e8me de production.<\/p><p>Le technicien travaille en \u00e9quipe et collabore avec les diff\u00e9rents services de l&rsquo;entreprise. Il poss\u00e8de des connaissances en gestion de production appliqu\u00e9es au contexte de l&rsquo;atelier.<\/p><cite>Fiche Onisep sur le m\u00e9tier de technicien d&rsquo;Usinage<\/cite><\/blockquote>\n\n\n\n\n\n\n<p>&nbsp;<\/p>\n<dl class=\"spip_document_432 spip_documents spip_documents_left\">\n<dt>\n<p>Cette formation est propos\u00e9e au sein du Lyc\u00e9e LA FAYETTE en voie scolaire ou par apprentissage (CFA acad\u00e9mique de CRETEIL).<\/p>\n<p>Quelle que soit la formule choisie (statut d&rsquo;\u00e9l\u00e8ve classique ou formation en apprentissage) nos \u00e9quipes p\u00e9dagogiques et les plateaux techniques mis \u00e0 leur disposition assurent aux \u00e9l\u00e8ves les meilleures conditions pour r\u00e9ussir.<\/p>\n<p>Un r\u00e9seau dynamique d&rsquo;entreprises locales et plus largement d&rsquo;Ile de France (mais pas seulement), offre \u00e0 la fois des stages (P\u00e9riodes de Formation en Milieu Professionnel : PFMP) et des perspectives concr\u00e8tes d&#8217;emplois et de carri\u00e8res dynamiques.<\/p>\n<h3 id=\"block-4c50bdc3-f64c-445f-92ef-ba0b0c3344db\" class=\"block-editor-rich-text__editable block-editor-block-list__block wp-block is-selected rich-text\" tabindex=\"0\" role=\"group\" aria-multiline=\"true\" aria-label=\"Bloc&nbsp;: Titre\" data-block=\"4c50bdc3-f64c-445f-92ef-ba0b0c3344db\" data-type=\"core\/heading\" data-title=\"Titre\" contenteditable=\"true\"><span style=\"text-decoration: underline;\">Conditions d\u2019admission<\/span><\/h3>\n<p id=\"block-ffe59a1c-676f-4297-b148-75cdbcb8dc1b\" class=\"block-editor-rich-text__editable block-editor-block-list__block wp-block rich-text\" tabindex=\"0\" role=\"group\" aria-multiline=\"true\" aria-label=\"Bloc paragraphe\" data-block=\"ffe59a1c-676f-4297-b148-75cdbcb8dc1b\" data-type=\"core\/paragraph\" data-title=\"Paragraphe\">A partir de septembre 2021, les \u00e9l\u00e8ves issus d\u2019une classe de 3e peuvent acc\u00e9der \u00e0 ce bac pro en int\u00e9grant la seconde&nbsp; <a href=\"https:\/\/www.lyceelafayette.fr\/index.php\/formations\/productique\/la-seconde-famille-des-metiers-de-la-realisation-de-produits-mecaniques\/\"><strong><em>\u00ab\u00a0famille de m\u00e9tiers de la r\u00e9alisation d&rsquo;ensembles m\u00e9caniques et industriels\u00a0\u00bb<\/em><\/strong>.<\/a>&nbsp;<\/p>\n<p id=\"block-85496807-c2d6-4dfd-8d06-adf99d40bd03\" class=\"block-editor-rich-text__editable block-editor-block-list__block wp-block rich-text\" tabindex=\"0\" role=\"group\" aria-multiline=\"true\" aria-label=\"Bloc paragraphe\" data-block=\"85496807-c2d6-4dfd-8d06-adf99d40bd03\" data-type=\"core\/paragraph\" data-title=\"Paragraphe\">Comme tout bac professionnel les \u00e9l\u00e8ves doivent r\u00e9aliser 22 semaines en entreprise (6 semaines en seconde, 8 semaines en premi\u00e8re et 8 semaines en terminale).<\/p>\n<h3 id=\"block-83e14a95-0416-428d-9ec6-7fae8e562e10\" class=\"block-editor-rich-text__editable block-editor-block-list__block wp-block rich-text\" tabindex=\"0\" role=\"group\" aria-multiline=\"true\" aria-label=\"Bloc&nbsp;: Titre\" data-block=\"83e14a95-0416-428d-9ec6-7fae8e562e10\" data-type=\"core\/heading\" data-title=\"Titre\"><span style=\"text-decoration: underline;\">Poursuites d&rsquo;\u00e9tudes au lyc\u00e9e La Fayette<\/span><\/h3>\n<ul id=\"block-d9d93874-d037-4c4a-8ead-f7133fa01813\" class=\"block-editor-rich-text__editable block-editor-block-list__block wp-block rich-text\" tabindex=\"0\" role=\"group\" aria-multiline=\"true\" aria-label=\"Bloc&nbsp;: Liste\" data-block=\"d9d93874-d037-4c4a-8ead-f7133fa01813\" data-type=\"core\/list\" data-title=\"Liste\">\n<li><a href=\"https:\/\/www.lyceelafayette.fr\/index.php\/bts-cprp\/\">BTS Conception des processus de r\u00e9alisation de produits option A production unitaire<\/a><\/li>\n<li><a href=\"https:\/\/www.lyceelafayette.fr\/index.php\/bts-cprp-conception-production-realisation-de-produits-option-b\/\">BTS Conception des processus de r\u00e9alisation de produits option B production s\u00e9rielle<\/a><\/li>\n<\/ul>\n<h3 id=\"block-83e14a95-0416-428d-9ec6-7fae8e562e10\" class=\"block-editor-rich-text__editable block-editor-block-list__block wp-block rich-text\" tabindex=\"0\" role=\"group\" aria-multiline=\"true\" aria-label=\"Bloc&nbsp;: Titre\" data-block=\"83e14a95-0416-428d-9ec6-7fae8e562e10\" data-type=\"core\/heading\" data-title=\"Titre\"><span style=\"text-decoration: underline;\">Autres poursuites d&rsquo;\u00e9tudes possibles<\/span><\/h3>\n<ul id=\"block-cb01dfbc-b2c9-4447-92fd-7124604d46af\" class=\"block-editor-rich-text__editable block-editor-block-list__block wp-block rich-text\" tabindex=\"0\" role=\"group\" aria-multiline=\"true\" aria-label=\"Bloc&nbsp;: Liste\" data-block=\"cb01dfbc-b2c9-4447-92fd-7124604d46af\" data-type=\"core\/list\" data-title=\"Liste\">\n<li><a href=\"https:\/\/www.onisep.fr\/Ressources\/Univers-Formation\/Formations\/Post-bac\/mc-maquettes-et-prototypes\">MC Maquettes et prototypes<\/a><\/li>\n<li><a href=\"https:\/\/www.onisep.fr\/Ressources\/Univers-Formation\/Formations\/Post-bac\/mc-technicien-ne-en-soudage\">MC Technicien(ne) en soudage<\/a><\/li>\n<li><a href=\"https:\/\/www.onisep.fr\/Ressources\/Univers-Formation\/Formations\/Post-bac\/mc-technicien-ne-en-tuyauterie\">MC Technicien(ne) en tuyauterie<\/a><\/li>\n<li><a href=\"https:\/\/www.onisep.fr\/Ressources\/Univers-Formation\/Formations\/Post-bac\/bts-conception-des-processus-de-decoupe-et-d-emboutissage\">BTS Conception des processus de d\u00e9coupe et d&#8217;emboutissage<\/a><\/li>\n<li><a href=\"https:\/\/www.onisep.fr\/Ressources\/Univers-Formation\/Formations\/Post-bac\/bts-conception-des-produits-industriels\">BTS Conception des produits industriels<\/a><\/li>\n<li><a href=\"https:\/\/www.onisep.fr\/Ressources\/Univers-Formation\/Formations\/Post-bac\/bts-europlastics-et-composites-option-conception-outillage\">BTS Europlastics et composites option conception outillage<\/a><\/li>\n<\/ul>\n<div class=\"block-list-appender wp-block\" tabindex=\"-1\">&nbsp;<\/div>\n<\/dt>\n<\/dl>\n<div id=\"rubriques_accueil\">\n<div class=\"menu articles\">\n<div class=\"arts\">\n<div id=\"texte_art80\">\n<h3 class=\"spip\"><span style=\"text-decoration: underline;\"><strong>Les d\u00e9bouch\u00e9s<\/strong><\/span><\/h3>\n<p>Le Bac Professionnel RSP pr\u00e9pare \u00e0 l\u2019ensemble des m\u00e9tiers du domaine de la m\u00e9canique.<\/p>\n<p>La m\u00e9canique de pr\u00e9cision, les mat\u00e9riaux composites, l\u2019a\u00e9rospatiale, la marine, les transports, l\u2019automobile en sont les principales composantes.<\/p>\n<p>Le technicien travaille en \u00e9quipe et collabore avec les diff\u00e9rents services de l\u2019entreprise. Il poss\u00e8de des connaissances en gestion de production appliqu\u00e9es au contexte de l\u2019atelier.<\/p>\n<\/div>\n<\/div>\n<\/div>\n<\/div>\n","protected":false},"excerpt":{"rendered":"<p>Anciennement \u00ab\u00a0Technicien d&rsquo;usinage (TU)\u00ab\u00a0, Le Bac Professionnel de REALISATION ET SUIVI DE PRODUCTION est une formation \u00e0 la pointe des techniques industrielles. Le sens de la communication, du dialogue et l\u2019int\u00e9gration dans une \u00e9quipe de production sont indispensables dans le cadre global d\u2019une entreprise. Ce sont les \u00e9l\u00e8ves de Bac&#8230; <a class=\"continue-reading-link\" href=\"https:\/\/www.lyceelafayette.fr\/index.php\/formations\/productique\/la-seconde-famille-des-metiers-de-la-realisation-de-produits-mecaniques\/bac-pro-tu\/\">lire la suite<\/a><\/p>\n","protected":false},"author":1,"featured_media":0,"parent":2751,"menu_order":0,"comment_status":"closed","ping_status":"closed","template":"","meta":{"footnotes":""},"class_list":["post-906","page","type-page","status-publish","hentry"],"yoast_head":"<!-- This site is optimized with the Yoast SEO plugin v27.5 - https:\/\/yoast.com\/product\/yoast-seo-wordpress\/ -->\n<title>BAC PRO TECHNICIEN EN REALISATION DE PRODUITS MECANIQUES Option R\u00e9alisation et suivi de Production (RSP) - Lyc\u00e9e La Fayette<\/title>\n<meta name=\"robots\" content=\"index, follow, max-snippet:-1, max-image-preview:large, max-video-preview:-1\" \/>\n<link rel=\"canonical\" href=\"https:\/\/www.lyceelafayette.fr\/index.php\/formations\/productique\/la-seconde-famille-des-metiers-de-la-realisation-de-produits-mecaniques\/bac-pro-tu\/\" \/>\n<meta property=\"og:locale\" content=\"fr_FR\" \/>\n<meta property=\"og:type\" content=\"article\" \/>\n<meta property=\"og:title\" content=\"BAC PRO TECHNICIEN EN REALISATION DE PRODUITS MECANIQUES Option R\u00e9alisation et suivi de Production (RSP) - Lyc\u00e9e La Fayette\" \/>\n<meta property=\"og:description\" content=\"Anciennement \u00ab\u00a0Technicien d&rsquo;usinage (TU)\u00ab\u00a0, Le Bac Professionnel de REALISATION ET SUIVI DE PRODUCTION est une formation \u00e0 la pointe des techniques industrielles. Le sens de la communication, du dialogue et l\u2019int\u00e9gration dans une \u00e9quipe de production sont indispensables dans le cadre global d\u2019une entreprise. Ce sont les \u00e9l\u00e8ves de Bac... lire la suite\" \/>\n<meta property=\"og:url\" content=\"https:\/\/www.lyceelafayette.fr\/index.php\/formations\/productique\/la-seconde-famille-des-metiers-de-la-realisation-de-produits-mecaniques\/bac-pro-tu\/\" \/>\n<meta property=\"og:site_name\" content=\"Lyc\u00e9e La Fayette\" \/>\n<meta property=\"article:modified_time\" content=\"2021-10-20T08:05:57+00:00\" \/>\n<meta property=\"og:image\" content=\"https:\/\/www.lyceelafayette.fr\/wp-content\/uploads\/2021\/10\/RSP-web-V2.jpg\" \/>\n<meta name=\"twitter:card\" content=\"summary_large_image\" \/>\n<meta name=\"twitter:label1\" content=\"Dur\u00e9e de lecture estim\u00e9e\" \/>\n\t<meta name=\"twitter:data1\" content=\"3 minutes\" \/>\n<script type=\"application\/ld+json\" class=\"yoast-schema-graph\">{\"@context\":\"https:\\\/\\\/schema.org\",\"@graph\":[{\"@type\":\"WebPage\",\"@id\":\"https:\\\/\\\/www.lyceelafayette.fr\\\/index.php\\\/formations\\\/productique\\\/la-seconde-famille-des-metiers-de-la-realisation-de-produits-mecaniques\\\/bac-pro-tu\\\/\",\"url\":\"https:\\\/\\\/www.lyceelafayette.fr\\\/index.php\\\/formations\\\/productique\\\/la-seconde-famille-des-metiers-de-la-realisation-de-produits-mecaniques\\\/bac-pro-tu\\\/\",\"name\":\"BAC PRO TECHNICIEN EN REALISATION DE PRODUITS MECANIQUES Option R\u00e9alisation et suivi de Production (RSP) - Lyc\u00e9e La Fayette\",\"isPartOf\":{\"@id\":\"https:\\\/\\\/www.lyceelafayette.fr\\\/#website\"},\"primaryImageOfPage\":{\"@id\":\"https:\\\/\\\/www.lyceelafayette.fr\\\/index.php\\\/formations\\\/productique\\\/la-seconde-famille-des-metiers-de-la-realisation-de-produits-mecaniques\\\/bac-pro-tu\\\/#primaryimage\"},\"image\":{\"@id\":\"https:\\\/\\\/www.lyceelafayette.fr\\\/index.php\\\/formations\\\/productique\\\/la-seconde-famille-des-metiers-de-la-realisation-de-produits-mecaniques\\\/bac-pro-tu\\\/#primaryimage\"},\"thumbnailUrl\":\"https:\\\/\\\/www.lyceelafayette.fr\\\/wp-content\\\/uploads\\\/2021\\\/10\\\/RSP-web-V2.jpg\",\"datePublished\":\"2019-03-19T13:56:58+00:00\",\"dateModified\":\"2021-10-20T08:05:57+00:00\",\"breadcrumb\":{\"@id\":\"https:\\\/\\\/www.lyceelafayette.fr\\\/index.php\\\/formations\\\/productique\\\/la-seconde-famille-des-metiers-de-la-realisation-de-produits-mecaniques\\\/bac-pro-tu\\\/#breadcrumb\"},\"inLanguage\":\"fr-FR\",\"potentialAction\":[{\"@type\":\"ReadAction\",\"target\":[\"https:\\\/\\\/www.lyceelafayette.fr\\\/index.php\\\/formations\\\/productique\\\/la-seconde-famille-des-metiers-de-la-realisation-de-produits-mecaniques\\\/bac-pro-tu\\\/\"]}]},{\"@type\":\"ImageObject\",\"inLanguage\":\"fr-FR\",\"@id\":\"https:\\\/\\\/www.lyceelafayette.fr\\\/index.php\\\/formations\\\/productique\\\/la-seconde-famille-des-metiers-de-la-realisation-de-produits-mecaniques\\\/bac-pro-tu\\\/#primaryimage\",\"url\":\"https:\\\/\\\/www.lyceelafayette.fr\\\/wp-content\\\/uploads\\\/2021\\\/10\\\/RSP-web-V2.jpg\",\"contentUrl\":\"https:\\\/\\\/www.lyceelafayette.fr\\\/wp-content\\\/uploads\\\/2021\\\/10\\\/RSP-web-V2.jpg\",\"width\":1169,\"height\":826},{\"@type\":\"BreadcrumbList\",\"@id\":\"https:\\\/\\\/www.lyceelafayette.fr\\\/index.php\\\/formations\\\/productique\\\/la-seconde-famille-des-metiers-de-la-realisation-de-produits-mecaniques\\\/bac-pro-tu\\\/#breadcrumb\",\"itemListElement\":[{\"@type\":\"ListItem\",\"position\":1,\"name\":\"Accueil\",\"item\":\"https:\\\/\\\/www.lyceelafayette.fr\\\/\"},{\"@type\":\"ListItem\",\"position\":2,\"name\":\"Nos formations g\u00e9n\u00e9rales\",\"item\":\"https:\\\/\\\/www.lyceelafayette.fr\\\/index.php\\\/formations\\\/\"},{\"@type\":\"ListItem\",\"position\":3,\"name\":\"M\u00e9tiers de la productique, du baccalaur\u00e9at au BTS\",\"item\":\"https:\\\/\\\/www.lyceelafayette.fr\\\/index.php\\\/formations\\\/productique\\\/\"},{\"@type\":\"ListItem\",\"position\":4,\"name\":\"La SECONDE Famille des M\u00e9tiers de la r\u00e9alisation d&rsquo;ensembles m\u00e9caniques et industriels\",\"item\":\"https:\\\/\\\/www.lyceelafayette.fr\\\/index.php\\\/formations\\\/productique\\\/la-seconde-famille-des-metiers-de-la-realisation-de-produits-mecaniques\\\/\"},{\"@type\":\"ListItem\",\"position\":5,\"name\":\"BAC PRO TECHNICIEN EN REALISATION DE PRODUITS MECANIQUES Option R\u00e9alisation et suivi de Production (RSP)\"}]},{\"@type\":\"WebSite\",\"@id\":\"https:\\\/\\\/www.lyceelafayette.fr\\\/#website\",\"url\":\"https:\\\/\\\/www.lyceelafayette.fr\\\/\",\"name\":\"Lyc\u00e9e La Fayette\",\"description\":\"\",\"publisher\":{\"@id\":\"https:\\\/\\\/www.lyceelafayette.fr\\\/#organization\"},\"potentialAction\":[{\"@type\":\"SearchAction\",\"target\":{\"@type\":\"EntryPoint\",\"urlTemplate\":\"https:\\\/\\\/www.lyceelafayette.fr\\\/?s={search_term_string}\"},\"query-input\":{\"@type\":\"PropertyValueSpecification\",\"valueRequired\":true,\"valueName\":\"search_term_string\"}}],\"inLanguage\":\"fr-FR\"},{\"@type\":\"Organization\",\"@id\":\"https:\\\/\\\/www.lyceelafayette.fr\\\/#organization\",\"name\":\"Lyc\u00e9e La Fayette\",\"url\":\"https:\\\/\\\/www.lyceelafayette.fr\\\/\",\"logo\":{\"@type\":\"ImageObject\",\"inLanguage\":\"fr-FR\",\"@id\":\"https:\\\/\\\/www.lyceelafayette.fr\\\/#\\\/schema\\\/logo\\\/image\\\/\",\"url\":\"https:\\\/\\\/www.lyceelafayette.fr\\\/wp-content\\\/uploads\\\/2019\\\/06\\\/llf_logo_alpha.png\",\"contentUrl\":\"https:\\\/\\\/www.lyceelafayette.fr\\\/wp-content\\\/uploads\\\/2019\\\/06\\\/llf_logo_alpha.png\",\"width\":1583,\"height\":792,\"caption\":\"Lyc\u00e9e La Fayette\"},\"image\":{\"@id\":\"https:\\\/\\\/www.lyceelafayette.fr\\\/#\\\/schema\\\/logo\\\/image\\\/\"},\"sameAs\":[\"https:\\\/\\\/www.youtube.com\\\/channel\\\/UC2AOQowoMGBKdY4ToZsf9mw\"]}]}<\/script>\n<!-- \/ Yoast SEO plugin. -->","yoast_head_json":{"title":"BAC PRO TECHNICIEN EN REALISATION DE PRODUITS MECANIQUES Option R\u00e9alisation et suivi de Production (RSP) - Lyc\u00e9e La Fayette","robots":{"index":"index","follow":"follow","max-snippet":"max-snippet:-1","max-image-preview":"max-image-preview:large","max-video-preview":"max-video-preview:-1"},"canonical":"https:\/\/www.lyceelafayette.fr\/index.php\/formations\/productique\/la-seconde-famille-des-metiers-de-la-realisation-de-produits-mecaniques\/bac-pro-tu\/","og_locale":"fr_FR","og_type":"article","og_title":"BAC PRO TECHNICIEN EN REALISATION DE PRODUITS MECANIQUES Option R\u00e9alisation et suivi de Production (RSP) - Lyc\u00e9e La Fayette","og_description":"Anciennement \u00ab\u00a0Technicien d&rsquo;usinage (TU)\u00ab\u00a0, Le Bac Professionnel de REALISATION ET SUIVI DE PRODUCTION est une formation \u00e0 la pointe des techniques industrielles. Le sens de la communication, du dialogue et l\u2019int\u00e9gration dans une \u00e9quipe de production sont indispensables dans le cadre global d\u2019une entreprise. Ce sont les \u00e9l\u00e8ves de Bac... lire la suite","og_url":"https:\/\/www.lyceelafayette.fr\/index.php\/formations\/productique\/la-seconde-famille-des-metiers-de-la-realisation-de-produits-mecaniques\/bac-pro-tu\/","og_site_name":"Lyc\u00e9e La Fayette","article_modified_time":"2021-10-20T08:05:57+00:00","og_image":[{"url":"https:\/\/www.lyceelafayette.fr\/wp-content\/uploads\/2021\/10\/RSP-web-V2.jpg","type":"","width":"","height":""}],"twitter_card":"summary_large_image","twitter_misc":{"Dur\u00e9e de lecture estim\u00e9e":"3 minutes"},"schema":{"@context":"https:\/\/schema.org","@graph":[{"@type":"WebPage","@id":"https:\/\/www.lyceelafayette.fr\/index.php\/formations\/productique\/la-seconde-famille-des-metiers-de-la-realisation-de-produits-mecaniques\/bac-pro-tu\/","url":"https:\/\/www.lyceelafayette.fr\/index.php\/formations\/productique\/la-seconde-famille-des-metiers-de-la-realisation-de-produits-mecaniques\/bac-pro-tu\/","name":"BAC PRO TECHNICIEN EN REALISATION DE PRODUITS MECANIQUES Option R\u00e9alisation et suivi de Production (RSP) - Lyc\u00e9e La Fayette","isPartOf":{"@id":"https:\/\/www.lyceelafayette.fr\/#website"},"primaryImageOfPage":{"@id":"https:\/\/www.lyceelafayette.fr\/index.php\/formations\/productique\/la-seconde-famille-des-metiers-de-la-realisation-de-produits-mecaniques\/bac-pro-tu\/#primaryimage"},"image":{"@id":"https:\/\/www.lyceelafayette.fr\/index.php\/formations\/productique\/la-seconde-famille-des-metiers-de-la-realisation-de-produits-mecaniques\/bac-pro-tu\/#primaryimage"},"thumbnailUrl":"https:\/\/www.lyceelafayette.fr\/wp-content\/uploads\/2021\/10\/RSP-web-V2.jpg","datePublished":"2019-03-19T13:56:58+00:00","dateModified":"2021-10-20T08:05:57+00:00","breadcrumb":{"@id":"https:\/\/www.lyceelafayette.fr\/index.php\/formations\/productique\/la-seconde-famille-des-metiers-de-la-realisation-de-produits-mecaniques\/bac-pro-tu\/#breadcrumb"},"inLanguage":"fr-FR","potentialAction":[{"@type":"ReadAction","target":["https:\/\/www.lyceelafayette.fr\/index.php\/formations\/productique\/la-seconde-famille-des-metiers-de-la-realisation-de-produits-mecaniques\/bac-pro-tu\/"]}]},{"@type":"ImageObject","inLanguage":"fr-FR","@id":"https:\/\/www.lyceelafayette.fr\/index.php\/formations\/productique\/la-seconde-famille-des-metiers-de-la-realisation-de-produits-mecaniques\/bac-pro-tu\/#primaryimage","url":"https:\/\/www.lyceelafayette.fr\/wp-content\/uploads\/2021\/10\/RSP-web-V2.jpg","contentUrl":"https:\/\/www.lyceelafayette.fr\/wp-content\/uploads\/2021\/10\/RSP-web-V2.jpg","width":1169,"height":826},{"@type":"BreadcrumbList","@id":"https:\/\/www.lyceelafayette.fr\/index.php\/formations\/productique\/la-seconde-famille-des-metiers-de-la-realisation-de-produits-mecaniques\/bac-pro-tu\/#breadcrumb","itemListElement":[{"@type":"ListItem","position":1,"name":"Accueil","item":"https:\/\/www.lyceelafayette.fr\/"},{"@type":"ListItem","position":2,"name":"Nos formations g\u00e9n\u00e9rales","item":"https:\/\/www.lyceelafayette.fr\/index.php\/formations\/"},{"@type":"ListItem","position":3,"name":"M\u00e9tiers de la productique, du baccalaur\u00e9at au BTS","item":"https:\/\/www.lyceelafayette.fr\/index.php\/formations\/productique\/"},{"@type":"ListItem","position":4,"name":"La SECONDE Famille des M\u00e9tiers de la r\u00e9alisation d&rsquo;ensembles m\u00e9caniques et industriels","item":"https:\/\/www.lyceelafayette.fr\/index.php\/formations\/productique\/la-seconde-famille-des-metiers-de-la-realisation-de-produits-mecaniques\/"},{"@type":"ListItem","position":5,"name":"BAC PRO TECHNICIEN EN REALISATION DE PRODUITS MECANIQUES Option R\u00e9alisation et suivi de Production (RSP)"}]},{"@type":"WebSite","@id":"https:\/\/www.lyceelafayette.fr\/#website","url":"https:\/\/www.lyceelafayette.fr\/","name":"Lyc\u00e9e La Fayette","description":"","publisher":{"@id":"https:\/\/www.lyceelafayette.fr\/#organization"},"potentialAction":[{"@type":"SearchAction","target":{"@type":"EntryPoint","urlTemplate":"https:\/\/www.lyceelafayette.fr\/?s={search_term_string}"},"query-input":{"@type":"PropertyValueSpecification","valueRequired":true,"valueName":"search_term_string"}}],"inLanguage":"fr-FR"},{"@type":"Organization","@id":"https:\/\/www.lyceelafayette.fr\/#organization","name":"Lyc\u00e9e La Fayette","url":"https:\/\/www.lyceelafayette.fr\/","logo":{"@type":"ImageObject","inLanguage":"fr-FR","@id":"https:\/\/www.lyceelafayette.fr\/#\/schema\/logo\/image\/","url":"https:\/\/www.lyceelafayette.fr\/wp-content\/uploads\/2019\/06\/llf_logo_alpha.png","contentUrl":"https:\/\/www.lyceelafayette.fr\/wp-content\/uploads\/2019\/06\/llf_logo_alpha.png","width":1583,"height":792,"caption":"Lyc\u00e9e La Fayette"},"image":{"@id":"https:\/\/www.lyceelafayette.fr\/#\/schema\/logo\/image\/"},"sameAs":["https:\/\/www.youtube.com\/channel\/UC2AOQowoMGBKdY4ToZsf9mw"]}]}},"_links":{"self":[{"href":"https:\/\/www.lyceelafayette.fr\/index.php\/wp-json\/wp\/v2\/pages\/906","targetHints":{"allow":["GET"]}}],"collection":[{"href":"https:\/\/www.lyceelafayette.fr\/index.php\/wp-json\/wp\/v2\/pages"}],"about":[{"href":"https:\/\/www.lyceelafayette.fr\/index.php\/wp-json\/wp\/v2\/types\/page"}],"author":[{"embeddable":true,"href":"https:\/\/www.lyceelafayette.fr\/index.php\/wp-json\/wp\/v2\/users\/1"}],"replies":[{"embeddable":true,"href":"https:\/\/www.lyceelafayette.fr\/index.php\/wp-json\/wp\/v2\/comments?post=906"}],"version-history":[{"count":61,"href":"https:\/\/www.lyceelafayette.fr\/index.php\/wp-json\/wp\/v2\/pages\/906\/revisions"}],"predecessor-version":[{"id":5286,"href":"https:\/\/www.lyceelafayette.fr\/index.php\/wp-json\/wp\/v2\/pages\/906\/revisions\/5286"}],"up":[{"embeddable":true,"href":"https:\/\/www.lyceelafayette.fr\/index.php\/wp-json\/wp\/v2\/pages\/2751"}],"wp:attachment":[{"href":"https:\/\/www.lyceelafayette.fr\/index.php\/wp-json\/wp\/v2\/media?parent=906"}],"curies":[{"name":"wp","href":"https:\/\/api.w.org\/{rel}","templated":true}]}}