{"id":904,"date":"2019-03-19T14:53:03","date_gmt":"2019-03-19T13:53:03","guid":{"rendered":"http:\/\/www.lyceelafayette.fr\/?page_id=904"},"modified":"2021-10-20T10:02:51","modified_gmt":"2021-10-20T08:02:51","slug":"bac-pro-to","status":"publish","type":"page","link":"https:\/\/www.lyceelafayette.fr\/index.php\/bac-pro-to\/","title":{"rendered":"BAC PRO TECHNICIEN EN REALISATION DE PRODUITS MECANIQUES Option  R\u00e9alisation et Maintenance des Outillages (RMO)"},"content":{"rendered":"\n<p>Anciennement \u00ab\u00a0<span class=\"has-inline-color has-vivid-red-color\"><strong><span style=\"text-decoration: underline;\">Technicien Outilleur (TO)<\/span><\/strong><\/span>\u00a0\u00bb ce baccalaur\u00e9at vise \u00e0 former des techniciens d\u2019atelier sp\u00e9cialis\u00e9s dans la r\u00e9alisation des <strong>outillages<\/strong> n\u00e9cessaires \u00e0 la mise en forme des mat\u00e9riaux par d\u00e9formation ou par coulage.<\/p>\n\n\n\n<figure class=\"wp-block-image size-large\"><img decoding=\"async\" src=\"https:\/\/www.lyceelafayette.fr\/wp-content\/uploads\/2021\/10\/RMO-web-V2.jpg\" alt=\"\" class=\"wp-image-5267\"\/><figcaption><em>Brochure en pdf : <span style=\"text-decoration: underline;\"><a href=\"https:\/\/www.lyceelafayette.fr\/wp-content\/uploads\/2021\/10\/filiere-Mecanique-Productique V2.jpg\">Cliquez ici<\/a><\/span><\/em><\/figcaption><\/figure>\n\n\n<div class=\"chapo\">Le Technicien en R\u00e9alisation de Produits M\u00e9caniques (anciennement technicien outilleur) effectue les op\u00e9rations d&rsquo;usinage et d&rsquo;assemblage pour produire en grande quantit\u00e9 des objets tr\u00e8s divers (bouteilles plastiques, carrosseries de voitures, couverts de table, fa\u00e7ades de t\u00e9l\u00e9phones mobiles, etc.). Ces outillages, qui peuvent \u00eatre tr\u00e8s \u00e9labor\u00e9s, concernent des proc\u00e9d\u00e9s vari\u00e9s : d\u00e9coupage, emboutissage et moulage des mat\u00e9riaux m\u00e9talliques, injection des mati\u00e8res plastiques, forgeage, matri\u00e7age, estampage.<\/div>\n\n\n<p>&nbsp;Il poss\u00e8de une culture g\u00e9n\u00e9rale, scientifique et technologique qui lui permet d&rsquo;int\u00e9grer de nouvelles techniques de d\u00e9finition et de fabrication des produits (conception et fabrication assist\u00e9es par ordinateur, par exemple). Sur son lieu de travail, il est amen\u00e9 \u00e0 analyser des donn\u00e9es relatives \u00e0 l&rsquo;outillage. Il participe \u00e0 l&rsquo;optimisation des proc\u00e9d\u00e9s de r\u00e9alisation des outillages et des processus associ\u00e9s. Il met en \u0153uvre les machines \u00e0 l&rsquo;aide de logiciels sp\u00e9cialis\u00e9s : commandes num\u00e9riques d&rsquo;usinage, \u00e9lectro\u00e9rosion, etc. Il contr\u00f4le et met au point les outillages. Il coordonne les travaux d&rsquo;une petite \u00e9quipe afin de respecter le plan pr\u00e9visionnel de fabrication.<\/p>\n\n\n\n<p> De nombreux projets se d\u00e9roulent dans ce BAC PRO . Voici quelques exemples.<\/p>\n\n\n\n<figure class=\"wp-block-embed is-type-rich is-provider-prise-en-charge-des-contenus-embarques wp-block-embed-prise-en-charge-des-contenus-embarques wp-embed-aspect-16-9 wp-has-aspect-ratio\"><div class=\"wp-block-embed__wrapper\">\n<iframe loading=\"lazy\" title=\"Projet Toupie BAC PRO TRPM\" width=\"920\" height=\"518\" src=\"https:\/\/www.youtube.com\/embed\/uV-smq8k-b0?feature=oembed\" frameborder=\"0\" allow=\"accelerometer; autoplay; clipboard-write; encrypted-media; gyroscope; picture-in-picture\" allowfullscreen><\/iframe>\n<\/div><\/figure>\n\n\n\n<p>Et : <\/p>\n\n\n\n\n\n\n\n<h3 class=\"wp-block-heading\"><span style=\"text-decoration: underline;\">Conditions d\u2019admission<\/span><\/h3>\n\n\n\n<p id=\"block-ffe59a1c-676f-4297-b148-75cdbcb8dc1b\">A partir de septembre 2021, les \u00e9l\u00e8ves issus d\u2019une classe de 3e peuvent acc\u00e9der \u00e0 ce bac pro en int\u00e9grant la seconde&nbsp; <a href=\"https:\/\/www.lyceelafayette.fr\/index.php\/formations\/productique\/la-seconde-famille-des-metiers-de-la-realisation-de-produits-mecaniques\/\"><strong><em>\u00ab\u00a0famille de m\u00e9tiers de la r\u00e9alisation d&rsquo;ensembles m\u00e9caniques et industriels\u00a0\u00bb<\/em><\/strong>.<\/a>&nbsp;<\/p>\n\n\n\n<p id=\"block-85496807-c2d6-4dfd-8d06-adf99d40bd03\">Comme tout bac professionnel les \u00e9l\u00e8ves doivent r\u00e9aliser 22 semaines en entreprise (6 semaines en seconde, 8 semaines en premi\u00e8re et 8 semaines en terminale).<\/p>\n\n\n\n<h3 class=\"wp-block-heading\" id=\"block-83e14a95-0416-428d-9ec6-7fae8e562e10\"><span style=\"text-decoration: underline;\">Poursuites d&rsquo;\u00e9tudes au lyc\u00e9e La Fayette<\/span><\/h3>\n\n\n\n<ul class=\"wp-block-list\" id=\"block-d9d93874-d037-4c4a-8ead-f7133fa01813\"><li><em><a href=\"https:\/\/www.lyceelafayette.fr\/index.php\/bts-cprp\/\">BTS Conception des processus de r\u00e9alisation de produits option A production unitaire<\/a><\/em><\/li><li><em><a href=\"https:\/\/www.lyceelafayette.fr\/index.php\/bts-cprp-conception-production-realisation-de-produits-option-b\/\">BTS Conception des processus de r\u00e9alisation de produits option B production s\u00e9rielle<\/a><\/em><\/li><\/ul>\n\n\n\n<h3 class=\"wp-block-heading\" id=\"block-83e14a95-0416-428d-9ec6-7fae8e562e10\"><span style=\"text-decoration: underline;\">Autres poursuites d&rsquo;\u00e9tudes possibles<\/span><\/h3>\n\n\n\n<ul class=\"wp-block-list\" id=\"block-cb01dfbc-b2c9-4447-92fd-7124604d46af\"><li><a href=\"https:\/\/www.onisep.fr\/Ressources\/Univers-Formation\/Formations\/Post-bac\/mc-maquettes-et-prototypes\">MC Maquettes et prototypes<\/a><\/li><li><a href=\"https:\/\/www.onisep.fr\/Ressources\/Univers-Formation\/Formations\/Post-bac\/mc-technicien-ne-en-soudage\">MC Technicien(ne) en soudage<\/a><\/li><li><a href=\"https:\/\/www.onisep.fr\/Ressources\/Univers-Formation\/Formations\/Post-bac\/mc-technicien-ne-en-tuyauterie\">MC Technicien(ne) en tuyauterie<\/a><\/li><li><a href=\"https:\/\/www.onisep.fr\/Ressources\/Univers-Formation\/Formations\/Post-bac\/bts-conception-des-processus-de-decoupe-et-d-emboutissage\">BTS Conception des processus de d\u00e9coupe et d&#8217;emboutissage<\/a><\/li><li><a href=\"https:\/\/www.onisep.fr\/Ressources\/Univers-Formation\/Formations\/Post-bac\/bts-conception-des-produits-industriels\">BTS Conception des produits industriels<\/a><\/li><li><a href=\"https:\/\/www.onisep.fr\/Ressources\/Univers-Formation\/Formations\/Post-bac\/bts-europlastics-et-composites-option-conception-outillage\">BTS Europlastics et composites option conception outillage<\/a><\/li><\/ul>\n","protected":false},"excerpt":{"rendered":"<p>Anciennement \u00ab\u00a0Technicien Outilleur (TO)\u00a0\u00bb ce baccalaur\u00e9at vise \u00e0 former des techniciens d\u2019atelier sp\u00e9cialis\u00e9s dans la r\u00e9alisation des outillages n\u00e9cessaires \u00e0 la mise en forme des mat\u00e9riaux par d\u00e9formation ou par coulage. Le Technicien en R\u00e9alisation de Produits M\u00e9caniques (anciennement technicien outilleur) effectue les op\u00e9rations d&rsquo;usinage et d&rsquo;assemblage pour produire en&#8230; <a class=\"continue-reading-link\" href=\"https:\/\/www.lyceelafayette.fr\/index.php\/bac-pro-to\/\">lire la suite<\/a><\/p>\n","protected":false},"author":1,"featured_media":0,"parent":0,"menu_order":0,"comment_status":"closed","ping_status":"closed","template":"","meta":{"footnotes":""},"class_list":["post-904","page","type-page","status-publish","hentry"],"yoast_head":"<!-- This site is optimized with the Yoast SEO plugin v27.5 - https:\/\/yoast.com\/product\/yoast-seo-wordpress\/ -->\n<title>BAC PRO TECHNICIEN EN REALISATION DE PRODUITS MECANIQUES Option R\u00e9alisation et Maintenance des Outillages (RMO) - Lyc\u00e9e La Fayette<\/title>\n<meta name=\"robots\" content=\"index, follow, max-snippet:-1, max-image-preview:large, max-video-preview:-1\" \/>\n<link rel=\"canonical\" href=\"https:\/\/www.lyceelafayette.fr\/index.php\/bac-pro-to\/\" \/>\n<meta property=\"og:locale\" content=\"fr_FR\" \/>\n<meta property=\"og:type\" content=\"article\" \/>\n<meta property=\"og:title\" content=\"BAC PRO TECHNICIEN EN REALISATION DE PRODUITS MECANIQUES Option R\u00e9alisation et Maintenance des Outillages (RMO) - Lyc\u00e9e La Fayette\" \/>\n<meta property=\"og:description\" content=\"Anciennement \u00ab\u00a0Technicien Outilleur (TO)\u00a0\u00bb ce baccalaur\u00e9at vise \u00e0 former des techniciens d\u2019atelier sp\u00e9cialis\u00e9s dans la r\u00e9alisation des outillages n\u00e9cessaires \u00e0 la mise en forme des mat\u00e9riaux par d\u00e9formation ou par coulage. Le Technicien en R\u00e9alisation de Produits M\u00e9caniques (anciennement technicien outilleur) effectue les op\u00e9rations d&rsquo;usinage et d&rsquo;assemblage pour produire en... lire la suite\" \/>\n<meta property=\"og:url\" content=\"https:\/\/www.lyceelafayette.fr\/index.php\/bac-pro-to\/\" \/>\n<meta property=\"og:site_name\" content=\"Lyc\u00e9e La Fayette\" \/>\n<meta property=\"article:modified_time\" content=\"2021-10-20T08:02:51+00:00\" \/>\n<meta property=\"og:image\" content=\"https:\/\/www.lyceelafayette.fr\/wp-content\/uploads\/2021\/10\/RMO-web-V2.jpg\" \/>\n<meta name=\"twitter:card\" content=\"summary_large_image\" \/>\n<meta name=\"twitter:label1\" content=\"Dur\u00e9e de lecture estim\u00e9e\" \/>\n\t<meta name=\"twitter:data1\" content=\"2 minutes\" \/>\n<script type=\"application\/ld+json\" class=\"yoast-schema-graph\">{\"@context\":\"https:\\\/\\\/schema.org\",\"@graph\":[{\"@type\":\"WebPage\",\"@id\":\"https:\\\/\\\/www.lyceelafayette.fr\\\/index.php\\\/bac-pro-to\\\/\",\"url\":\"https:\\\/\\\/www.lyceelafayette.fr\\\/index.php\\\/bac-pro-to\\\/\",\"name\":\"BAC PRO TECHNICIEN EN REALISATION DE PRODUITS MECANIQUES Option R\u00e9alisation et Maintenance des Outillages (RMO) - Lyc\u00e9e La Fayette\",\"isPartOf\":{\"@id\":\"https:\\\/\\\/www.lyceelafayette.fr\\\/#website\"},\"primaryImageOfPage\":{\"@id\":\"https:\\\/\\\/www.lyceelafayette.fr\\\/index.php\\\/bac-pro-to\\\/#primaryimage\"},\"image\":{\"@id\":\"https:\\\/\\\/www.lyceelafayette.fr\\\/index.php\\\/bac-pro-to\\\/#primaryimage\"},\"thumbnailUrl\":\"https:\\\/\\\/www.lyceelafayette.fr\\\/wp-content\\\/uploads\\\/2021\\\/10\\\/RMO-web-V2.jpg\",\"datePublished\":\"2019-03-19T13:53:03+00:00\",\"dateModified\":\"2021-10-20T08:02:51+00:00\",\"breadcrumb\":{\"@id\":\"https:\\\/\\\/www.lyceelafayette.fr\\\/index.php\\\/bac-pro-to\\\/#breadcrumb\"},\"inLanguage\":\"fr-FR\",\"potentialAction\":[{\"@type\":\"ReadAction\",\"target\":[\"https:\\\/\\\/www.lyceelafayette.fr\\\/index.php\\\/bac-pro-to\\\/\"]}]},{\"@type\":\"ImageObject\",\"inLanguage\":\"fr-FR\",\"@id\":\"https:\\\/\\\/www.lyceelafayette.fr\\\/index.php\\\/bac-pro-to\\\/#primaryimage\",\"url\":\"https:\\\/\\\/www.lyceelafayette.fr\\\/wp-content\\\/uploads\\\/2021\\\/10\\\/RMO-web-V2.jpg\",\"contentUrl\":\"https:\\\/\\\/www.lyceelafayette.fr\\\/wp-content\\\/uploads\\\/2021\\\/10\\\/RMO-web-V2.jpg\",\"width\":1169,\"height\":826},{\"@type\":\"BreadcrumbList\",\"@id\":\"https:\\\/\\\/www.lyceelafayette.fr\\\/index.php\\\/bac-pro-to\\\/#breadcrumb\",\"itemListElement\":[{\"@type\":\"ListItem\",\"position\":1,\"name\":\"Accueil\",\"item\":\"https:\\\/\\\/www.lyceelafayette.fr\\\/\"},{\"@type\":\"ListItem\",\"position\":2,\"name\":\"BAC PRO TECHNICIEN EN REALISATION DE PRODUITS MECANIQUES Option R\u00e9alisation et Maintenance des Outillages (RMO)\"}]},{\"@type\":\"WebSite\",\"@id\":\"https:\\\/\\\/www.lyceelafayette.fr\\\/#website\",\"url\":\"https:\\\/\\\/www.lyceelafayette.fr\\\/\",\"name\":\"Lyc\u00e9e La Fayette\",\"description\":\"\",\"publisher\":{\"@id\":\"https:\\\/\\\/www.lyceelafayette.fr\\\/#organization\"},\"potentialAction\":[{\"@type\":\"SearchAction\",\"target\":{\"@type\":\"EntryPoint\",\"urlTemplate\":\"https:\\\/\\\/www.lyceelafayette.fr\\\/?s={search_term_string}\"},\"query-input\":{\"@type\":\"PropertyValueSpecification\",\"valueRequired\":true,\"valueName\":\"search_term_string\"}}],\"inLanguage\":\"fr-FR\"},{\"@type\":\"Organization\",\"@id\":\"https:\\\/\\\/www.lyceelafayette.fr\\\/#organization\",\"name\":\"Lyc\u00e9e La Fayette\",\"url\":\"https:\\\/\\\/www.lyceelafayette.fr\\\/\",\"logo\":{\"@type\":\"ImageObject\",\"inLanguage\":\"fr-FR\",\"@id\":\"https:\\\/\\\/www.lyceelafayette.fr\\\/#\\\/schema\\\/logo\\\/image\\\/\",\"url\":\"https:\\\/\\\/www.lyceelafayette.fr\\\/wp-content\\\/uploads\\\/2019\\\/06\\\/llf_logo_alpha.png\",\"contentUrl\":\"https:\\\/\\\/www.lyceelafayette.fr\\\/wp-content\\\/uploads\\\/2019\\\/06\\\/llf_logo_alpha.png\",\"width\":1583,\"height\":792,\"caption\":\"Lyc\u00e9e La Fayette\"},\"image\":{\"@id\":\"https:\\\/\\\/www.lyceelafayette.fr\\\/#\\\/schema\\\/logo\\\/image\\\/\"},\"sameAs\":[\"https:\\\/\\\/www.youtube.com\\\/channel\\\/UC2AOQowoMGBKdY4ToZsf9mw\"]}]}<\/script>\n<!-- \/ Yoast SEO plugin. -->","yoast_head_json":{"title":"BAC PRO TECHNICIEN EN REALISATION DE PRODUITS MECANIQUES Option R\u00e9alisation et Maintenance des Outillages (RMO) - Lyc\u00e9e La Fayette","robots":{"index":"index","follow":"follow","max-snippet":"max-snippet:-1","max-image-preview":"max-image-preview:large","max-video-preview":"max-video-preview:-1"},"canonical":"https:\/\/www.lyceelafayette.fr\/index.php\/bac-pro-to\/","og_locale":"fr_FR","og_type":"article","og_title":"BAC PRO TECHNICIEN EN REALISATION DE PRODUITS MECANIQUES Option R\u00e9alisation et Maintenance des Outillages (RMO) - Lyc\u00e9e La Fayette","og_description":"Anciennement \u00ab\u00a0Technicien Outilleur (TO)\u00a0\u00bb ce baccalaur\u00e9at vise \u00e0 former des techniciens d\u2019atelier sp\u00e9cialis\u00e9s dans la r\u00e9alisation des outillages n\u00e9cessaires \u00e0 la mise en forme des mat\u00e9riaux par d\u00e9formation ou par coulage. Le Technicien en R\u00e9alisation de Produits M\u00e9caniques (anciennement technicien outilleur) effectue les op\u00e9rations d&rsquo;usinage et d&rsquo;assemblage pour produire en... lire la suite","og_url":"https:\/\/www.lyceelafayette.fr\/index.php\/bac-pro-to\/","og_site_name":"Lyc\u00e9e La Fayette","article_modified_time":"2021-10-20T08:02:51+00:00","og_image":[{"url":"https:\/\/www.lyceelafayette.fr\/wp-content\/uploads\/2021\/10\/RMO-web-V2.jpg","type":"","width":"","height":""}],"twitter_card":"summary_large_image","twitter_misc":{"Dur\u00e9e de lecture estim\u00e9e":"2 minutes"},"schema":{"@context":"https:\/\/schema.org","@graph":[{"@type":"WebPage","@id":"https:\/\/www.lyceelafayette.fr\/index.php\/bac-pro-to\/","url":"https:\/\/www.lyceelafayette.fr\/index.php\/bac-pro-to\/","name":"BAC PRO TECHNICIEN EN REALISATION DE PRODUITS MECANIQUES Option R\u00e9alisation et Maintenance des Outillages (RMO) - Lyc\u00e9e La Fayette","isPartOf":{"@id":"https:\/\/www.lyceelafayette.fr\/#website"},"primaryImageOfPage":{"@id":"https:\/\/www.lyceelafayette.fr\/index.php\/bac-pro-to\/#primaryimage"},"image":{"@id":"https:\/\/www.lyceelafayette.fr\/index.php\/bac-pro-to\/#primaryimage"},"thumbnailUrl":"https:\/\/www.lyceelafayette.fr\/wp-content\/uploads\/2021\/10\/RMO-web-V2.jpg","datePublished":"2019-03-19T13:53:03+00:00","dateModified":"2021-10-20T08:02:51+00:00","breadcrumb":{"@id":"https:\/\/www.lyceelafayette.fr\/index.php\/bac-pro-to\/#breadcrumb"},"inLanguage":"fr-FR","potentialAction":[{"@type":"ReadAction","target":["https:\/\/www.lyceelafayette.fr\/index.php\/bac-pro-to\/"]}]},{"@type":"ImageObject","inLanguage":"fr-FR","@id":"https:\/\/www.lyceelafayette.fr\/index.php\/bac-pro-to\/#primaryimage","url":"https:\/\/www.lyceelafayette.fr\/wp-content\/uploads\/2021\/10\/RMO-web-V2.jpg","contentUrl":"https:\/\/www.lyceelafayette.fr\/wp-content\/uploads\/2021\/10\/RMO-web-V2.jpg","width":1169,"height":826},{"@type":"BreadcrumbList","@id":"https:\/\/www.lyceelafayette.fr\/index.php\/bac-pro-to\/#breadcrumb","itemListElement":[{"@type":"ListItem","position":1,"name":"Accueil","item":"https:\/\/www.lyceelafayette.fr\/"},{"@type":"ListItem","position":2,"name":"BAC PRO TECHNICIEN EN REALISATION DE PRODUITS MECANIQUES Option R\u00e9alisation et Maintenance des Outillages (RMO)"}]},{"@type":"WebSite","@id":"https:\/\/www.lyceelafayette.fr\/#website","url":"https:\/\/www.lyceelafayette.fr\/","name":"Lyc\u00e9e La Fayette","description":"","publisher":{"@id":"https:\/\/www.lyceelafayette.fr\/#organization"},"potentialAction":[{"@type":"SearchAction","target":{"@type":"EntryPoint","urlTemplate":"https:\/\/www.lyceelafayette.fr\/?s={search_term_string}"},"query-input":{"@type":"PropertyValueSpecification","valueRequired":true,"valueName":"search_term_string"}}],"inLanguage":"fr-FR"},{"@type":"Organization","@id":"https:\/\/www.lyceelafayette.fr\/#organization","name":"Lyc\u00e9e La Fayette","url":"https:\/\/www.lyceelafayette.fr\/","logo":{"@type":"ImageObject","inLanguage":"fr-FR","@id":"https:\/\/www.lyceelafayette.fr\/#\/schema\/logo\/image\/","url":"https:\/\/www.lyceelafayette.fr\/wp-content\/uploads\/2019\/06\/llf_logo_alpha.png","contentUrl":"https:\/\/www.lyceelafayette.fr\/wp-content\/uploads\/2019\/06\/llf_logo_alpha.png","width":1583,"height":792,"caption":"Lyc\u00e9e La Fayette"},"image":{"@id":"https:\/\/www.lyceelafayette.fr\/#\/schema\/logo\/image\/"},"sameAs":["https:\/\/www.youtube.com\/channel\/UC2AOQowoMGBKdY4ToZsf9mw"]}]}},"_links":{"self":[{"href":"https:\/\/www.lyceelafayette.fr\/index.php\/wp-json\/wp\/v2\/pages\/904","targetHints":{"allow":["GET"]}}],"collection":[{"href":"https:\/\/www.lyceelafayette.fr\/index.php\/wp-json\/wp\/v2\/pages"}],"about":[{"href":"https:\/\/www.lyceelafayette.fr\/index.php\/wp-json\/wp\/v2\/types\/page"}],"author":[{"embeddable":true,"href":"https:\/\/www.lyceelafayette.fr\/index.php\/wp-json\/wp\/v2\/users\/1"}],"replies":[{"embeddable":true,"href":"https:\/\/www.lyceelafayette.fr\/index.php\/wp-json\/wp\/v2\/comments?post=904"}],"version-history":[{"count":46,"href":"https:\/\/www.lyceelafayette.fr\/index.php\/wp-json\/wp\/v2\/pages\/904\/revisions"}],"predecessor-version":[{"id":5284,"href":"https:\/\/www.lyceelafayette.fr\/index.php\/wp-json\/wp\/v2\/pages\/904\/revisions\/5284"}],"wp:attachment":[{"href":"https:\/\/www.lyceelafayette.fr\/index.php\/wp-json\/wp\/v2\/media?parent=904"}],"curies":[{"name":"wp","href":"https:\/\/api.w.org\/{rel}","templated":true}]}}