{"id":895,"date":"2019-03-19T14:37:44","date_gmt":"2019-03-19T13:37:44","guid":{"rendered":"http:\/\/www.lyceelafayette.fr\/?page_id=895"},"modified":"2021-03-05T10:09:37","modified_gmt":"2021-03-05T09:09:37","slug":"classe-preparatoire-ats","status":"publish","type":"page","link":"https:\/\/www.lyceelafayette.fr\/index.php\/classe-preparatoire-ats\/","title":{"rendered":"Classe pr\u00e9paratoire ATS"},"content":{"rendered":"<div class=\"chapo\">\n<p>La classe pr\u00e9paratoire ATS est ouverte aux \u00e9tudiants motiv\u00e9s titulaires d\u2019un BTS industriel (ou DUT) et d\u00e9sireux d\u2019int\u00e9grer une grande \u00e9cole d\u2019ing\u00e9nieurs.<\/p>\n<p>Les \u00e9tudiants peuvent choisir entre deux options\u00a0:<\/p>\n<p><img loading=\"lazy\" decoding=\"async\" class=\"puce\" src=\"https:\/\/www.lyceelafayette.fr\/squelettes\/puce.gif\" alt=\"-\" width=\"8\" height=\"11\" \/> G\u00e9nie \u00e9lectrique<br \/>\n<img loading=\"lazy\" decoding=\"async\" class=\"puce\" src=\"https:\/\/www.lyceelafayette.fr\/squelettes\/puce.gif\" alt=\"-\" width=\"8\" height=\"11\" \/> G\u00e9nie m\u00e9canique<\/p>\n<\/div>\n<div id=\"rubriques_accueil\">\n<div class=\"menu articles\">\n<div class=\"arts\">\n<hr noshade=\"noshade\" size=\"1\" \/>\n<div id=\"texte_art133\">\n<h3 class=\"spip\">Lien vers site communautaire<\/h3>\n<p><a class=\"spip_out\" href=\"http:\/\/www.ats-lafayette.fr\" rel=\"external\">http:\/\/www.ats-lafayette.fr<\/a><\/p>\n<\/div>\n<\/div>\n<div class=\"arts\">\n<hr noshade=\"noshade\" size=\"1\" \/>\n<div id=\"texte_art132\">\n<h3 class=\"spip\">D\u00e9bouch\u00e9s et r\u00e9ussite<\/h3>\n<p>La fili\u00e8re ATS, cr\u00e9\u00e9e en 1998, est un v\u00e9ritable tremplin social pour des \u00e9l\u00e8ves de BTS ou DUT, le salaire moyen d\u2019un ing\u00e9nieur sortant d\u2019une \u00e9cole du concours ATS \u00e9tant de 30 000 euros. Le taux de r\u00e9ussite au concours national ATS est de 50 %, ce qui est \u00e9norme pour un concours d\u2019entr\u00e9e en \u00e9cole d\u2019ing\u00e9nieurs.<\/p>\n<\/div>\n<\/div>\n<div class=\"arts\">\n<hr noshade=\"noshade\" size=\"1\" \/>\n<div id=\"texte_art131\">\n<h3 class=\"spip\">Objectifs<\/h3>\n<p>Cette formation d\u2019une dur\u00e9e d\u2019un an a pour but\u00a0:<\/p>\n<p><img loading=\"lazy\" decoding=\"async\" class=\"puce\" src=\"https:\/\/www.lyceelafayette.fr\/squelettes\/puce.gif\" alt=\"-\" width=\"8\" height=\"11\" \/> d\u2019assurer aux \u00e9tudiants la r\u00e9ussite au concours ATS (cr\u00e9e en 1998). Pour information, le concours de la session 2001 regroupe 22 grandes \u00e9coles (200 places) : ENSEA, ENSAM, ENSAIS, EC Lille, EC Nantes, EIT, ESIEE, Amiens, ENIT, ENSAIT, Paris, ESIEA Ouest, ESME SUDRIA, ESIGELEC, 3IL, ISMANS, ECE, EPMI, IFMA, ESTP, EIC, ESTIA ;<\/p>\n<p><img loading=\"lazy\" decoding=\"async\" class=\"puce\" src=\"https:\/\/www.lyceelafayette.fr\/squelettes\/puce.gif\" alt=\"-\" width=\"8\" height=\"11\" \/> d\u2019int\u00e9grer sur dossiers et \u00e9preuves sp\u00e9cifiques certaines grandes \u00e9coles : INSA, ENSI, Mines de Douai, Mines de Nantes, Mines d\u2019Albi, Mines d\u2019Al\u00e8s, Ig\u00e9nieurs 2000, 3IL, ESIAL, ISTM, ESSTIN, ENSCI, etc. ;<\/p>\n<p><img loading=\"lazy\" decoding=\"async\" class=\"puce\" src=\"https:\/\/www.lyceelafayette.fr\/squelettes\/puce.gif\" alt=\"-\" width=\"8\" height=\"11\" \/> de poursuivre ses \u00e9tudes en licence d\u2019IUP G\u00e9nie \u00c9lectrique et Informatique Industrielle ou G\u00e9nie M\u00e9canique pour les \u00e9l\u00e8ves m\u00e9ritants ayant \u00e9chou\u00e9 au concours (gr\u00e2ce \u00e0 la collaboration \u00e9troite avec l\u2019Universit\u00e9 d\u2019Evry (UFR Sciences et Technologie), des places sont r\u00e9serv\u00e9es pour ces \u00e9tudiants) ;<\/p>\n<p><img loading=\"lazy\" decoding=\"async\" class=\"puce\" src=\"https:\/\/www.lyceelafayette.fr\/squelettes\/puce.gif\" alt=\"-\" width=\"8\" height=\"11\" \/> d\u2019obtenir un DEUG STPI \u00e0 l\u2019Universit\u00e9 d\u2019\u00c9vry par \u00e9quivalence \u00e0 l\u2019issue de l\u2019ann\u00e9e de formation et en fonction du travail fourni, ce qui permet aux \u00e9tudiants de continuer en licence et maitrise s&rsquo;ils le d\u00e9sirent.<\/p>\n<h3 class=\"spip\">Horaires hebdomadaires<\/h3>\n<table class=\"spip\">\n<tbody>\n<tr class=\"row_even\">\n<td>Disciplines<\/td>\n<td>Cours<\/td>\n<td>TD<\/td>\n<td>TP<\/td>\n<\/tr>\n<tr class=\"row_odd\">\n<td>Math\u00e9matiques<\/td>\n<td>6h<\/td>\n<td>4h<\/td>\n<td><\/td>\n<\/tr>\n<tr class=\"row_even\">\n<td>Sciences physiques<\/td>\n<td>5h<\/td>\n<td>3h<\/td>\n<td>2h<\/td>\n<\/tr>\n<tr class=\"row_odd\">\n<td>Sciences industrielles : g\u00e9nie \u00e9lectrique et g\u00e9nie m\u00e9canique<\/td>\n<td>2h<\/td>\n<td>2h<\/td>\n<td>3h<\/td>\n<\/tr>\n<tr class=\"row_even\">\n<td>Fran\u00e7ais<\/td>\n<td>2h<\/td>\n<td>1h<\/td>\n<td>\u2014<\/td>\n<\/tr>\n<tr class=\"row_odd\">\n<td>Langue vivante<\/td>\n<td>2h<\/td>\n<td>1h<\/td>\n<td>\u2014<\/td>\n<\/tr>\n<tr class=\"row_even\">\n<td>EPS<\/td>\n<td>2h<\/td>\n<td>\u2014<\/td>\n<td>\u2014<\/td>\n<\/tr>\n<tr class=\"row_odd\">\n<td>Devoirs surveill\u00e9s<\/td>\n<td>3h \u00e0 4h le samedi matin alternativement dans chaque mati\u00e8re<\/td>\n<td><\/td>\n<td><\/td>\n<\/tr>\n<tr class=\"row_even\">\n<td>Interrogations orales<\/td>\n<td>2h par semaine<\/td>\n<td><\/td>\n<td><\/td>\n<\/tr>\n<tr class=\"row_odd\">\n<td>Informatique<\/td>\n<td>20h en mai<\/td>\n<td><\/td>\n<td><\/td>\n<\/tr>\n<\/tbody>\n<\/table>\n<p>L\u2019ann\u00e9e de pr\u00e9paration ATS dure approximativement 28 semaines (de d\u00e9but septembre \u00e0 d\u00e9but mai), elle permet :<\/p>\n<ol class=\"spip\">\n<li>l\u2019acquisition de m\u00e9thodes de travail indispensables ;<\/li>\n<li>un approfondissement en sciences industrielles (m\u00e9canique et \u00e9lectricit\u00e9) ;<\/li>\n<li>l\u2019apport d\u2019une culture g\u00e9n\u00e9rale en math\u00e9matiques, sciences physiques, fran\u00e7ais et langue vivante, indispensable \u00e0 tout ing\u00e9nieur.<\/li>\n<\/ol>\n<\/div>\n<\/div>\n<\/div>\n<\/div>\n","protected":false},"excerpt":{"rendered":"<p>La classe pr\u00e9paratoire ATS est ouverte aux \u00e9tudiants motiv\u00e9s titulaires d\u2019un BTS industriel (ou DUT) et d\u00e9sireux d\u2019int\u00e9grer une grande \u00e9cole d\u2019ing\u00e9nieurs. Les \u00e9tudiants peuvent choisir entre deux options\u00a0: G\u00e9nie \u00e9lectrique G\u00e9nie m\u00e9canique Lien vers site communautaire http:\/\/www.ats-lafayette.fr D\u00e9bouch\u00e9s et r\u00e9ussite La fili\u00e8re ATS, cr\u00e9\u00e9e en 1998, est un v\u00e9ritable&#8230; <a class=\"continue-reading-link\" href=\"https:\/\/www.lyceelafayette.fr\/index.php\/classe-preparatoire-ats\/\">lire la suite<\/a><\/p>\n","protected":false},"author":1,"featured_media":0,"parent":0,"menu_order":0,"comment_status":"closed","ping_status":"closed","template":"","meta":{"footnotes":""},"class_list":["post-895","page","type-page","status-publish","hentry"],"yoast_head":"<!-- This site is optimized with the Yoast SEO plugin v27.6 - https:\/\/yoast.com\/product\/yoast-seo-wordpress\/ -->\n<title>Classe pr\u00e9paratoire ATS - Lyc\u00e9e La Fayette<\/title>\n<meta name=\"robots\" content=\"index, follow, max-snippet:-1, max-image-preview:large, max-video-preview:-1\" \/>\n<link rel=\"canonical\" href=\"https:\/\/www.lyceelafayette.fr\/index.php\/classe-preparatoire-ats\/\" \/>\n<meta property=\"og:locale\" content=\"fr_FR\" \/>\n<meta property=\"og:type\" content=\"article\" \/>\n<meta property=\"og:title\" content=\"Classe pr\u00e9paratoire ATS - Lyc\u00e9e La Fayette\" \/>\n<meta property=\"og:description\" content=\"La classe pr\u00e9paratoire ATS est ouverte aux \u00e9tudiants motiv\u00e9s titulaires d\u2019un BTS industriel (ou DUT) et d\u00e9sireux d\u2019int\u00e9grer une grande \u00e9cole d\u2019ing\u00e9nieurs. Les \u00e9tudiants peuvent choisir entre deux options\u00a0: G\u00e9nie \u00e9lectrique G\u00e9nie m\u00e9canique Lien vers site communautaire http:\/\/www.ats-lafayette.fr D\u00e9bouch\u00e9s et r\u00e9ussite La fili\u00e8re ATS, cr\u00e9\u00e9e en 1998, est un v\u00e9ritable... lire la suite\" \/>\n<meta property=\"og:url\" content=\"https:\/\/www.lyceelafayette.fr\/index.php\/classe-preparatoire-ats\/\" \/>\n<meta property=\"og:site_name\" content=\"Lyc\u00e9e La Fayette\" \/>\n<meta property=\"article:modified_time\" content=\"2021-03-05T09:09:37+00:00\" \/>\n<meta property=\"og:image\" content=\"https:\/\/www.lyceelafayette.fr\/squelettes\/puce.gif\" \/>\n<meta name=\"twitter:card\" content=\"summary_large_image\" \/>\n<meta name=\"twitter:label1\" content=\"Dur\u00e9e de lecture estim\u00e9e\" \/>\n\t<meta name=\"twitter:data1\" content=\"3 minutes\" \/>\n<script type=\"application\/ld+json\" class=\"yoast-schema-graph\">{\"@context\":\"https:\\\/\\\/schema.org\",\"@graph\":[{\"@type\":\"WebPage\",\"@id\":\"https:\\\/\\\/www.lyceelafayette.fr\\\/index.php\\\/classe-preparatoire-ats\\\/\",\"url\":\"https:\\\/\\\/www.lyceelafayette.fr\\\/index.php\\\/classe-preparatoire-ats\\\/\",\"name\":\"Classe pr\u00e9paratoire ATS - Lyc\u00e9e La Fayette\",\"isPartOf\":{\"@id\":\"https:\\\/\\\/www.lyceelafayette.fr\\\/#website\"},\"primaryImageOfPage\":{\"@id\":\"https:\\\/\\\/www.lyceelafayette.fr\\\/index.php\\\/classe-preparatoire-ats\\\/#primaryimage\"},\"image\":{\"@id\":\"https:\\\/\\\/www.lyceelafayette.fr\\\/index.php\\\/classe-preparatoire-ats\\\/#primaryimage\"},\"thumbnailUrl\":\"https:\\\/\\\/www.lyceelafayette.fr\\\/squelettes\\\/puce.gif\",\"datePublished\":\"2019-03-19T13:37:44+00:00\",\"dateModified\":\"2021-03-05T09:09:37+00:00\",\"breadcrumb\":{\"@id\":\"https:\\\/\\\/www.lyceelafayette.fr\\\/index.php\\\/classe-preparatoire-ats\\\/#breadcrumb\"},\"inLanguage\":\"fr-FR\",\"potentialAction\":[{\"@type\":\"ReadAction\",\"target\":[\"https:\\\/\\\/www.lyceelafayette.fr\\\/index.php\\\/classe-preparatoire-ats\\\/\"]}]},{\"@type\":\"ImageObject\",\"inLanguage\":\"fr-FR\",\"@id\":\"https:\\\/\\\/www.lyceelafayette.fr\\\/index.php\\\/classe-preparatoire-ats\\\/#primaryimage\",\"url\":\"https:\\\/\\\/www.lyceelafayette.fr\\\/squelettes\\\/puce.gif\",\"contentUrl\":\"https:\\\/\\\/www.lyceelafayette.fr\\\/squelettes\\\/puce.gif\"},{\"@type\":\"BreadcrumbList\",\"@id\":\"https:\\\/\\\/www.lyceelafayette.fr\\\/index.php\\\/classe-preparatoire-ats\\\/#breadcrumb\",\"itemListElement\":[{\"@type\":\"ListItem\",\"position\":1,\"name\":\"Accueil\",\"item\":\"https:\\\/\\\/www.lyceelafayette.fr\\\/\"},{\"@type\":\"ListItem\",\"position\":2,\"name\":\"Classe pr\u00e9paratoire ATS\"}]},{\"@type\":\"WebSite\",\"@id\":\"https:\\\/\\\/www.lyceelafayette.fr\\\/#website\",\"url\":\"https:\\\/\\\/www.lyceelafayette.fr\\\/\",\"name\":\"Lyc\u00e9e La Fayette\",\"description\":\"\",\"publisher\":{\"@id\":\"https:\\\/\\\/www.lyceelafayette.fr\\\/#organization\"},\"potentialAction\":[{\"@type\":\"SearchAction\",\"target\":{\"@type\":\"EntryPoint\",\"urlTemplate\":\"https:\\\/\\\/www.lyceelafayette.fr\\\/?s={search_term_string}\"},\"query-input\":{\"@type\":\"PropertyValueSpecification\",\"valueRequired\":true,\"valueName\":\"search_term_string\"}}],\"inLanguage\":\"fr-FR\"},{\"@type\":\"Organization\",\"@id\":\"https:\\\/\\\/www.lyceelafayette.fr\\\/#organization\",\"name\":\"Lyc\u00e9e La Fayette\",\"url\":\"https:\\\/\\\/www.lyceelafayette.fr\\\/\",\"logo\":{\"@type\":\"ImageObject\",\"inLanguage\":\"fr-FR\",\"@id\":\"https:\\\/\\\/www.lyceelafayette.fr\\\/#\\\/schema\\\/logo\\\/image\\\/\",\"url\":\"https:\\\/\\\/www.lyceelafayette.fr\\\/wp-content\\\/uploads\\\/2019\\\/06\\\/llf_logo_alpha.png\",\"contentUrl\":\"https:\\\/\\\/www.lyceelafayette.fr\\\/wp-content\\\/uploads\\\/2019\\\/06\\\/llf_logo_alpha.png\",\"width\":1583,\"height\":792,\"caption\":\"Lyc\u00e9e La Fayette\"},\"image\":{\"@id\":\"https:\\\/\\\/www.lyceelafayette.fr\\\/#\\\/schema\\\/logo\\\/image\\\/\"},\"sameAs\":[\"https:\\\/\\\/www.youtube.com\\\/channel\\\/UC2AOQowoMGBKdY4ToZsf9mw\"]}]}<\/script>\n<!-- \/ Yoast SEO plugin. -->","yoast_head_json":{"title":"Classe pr\u00e9paratoire ATS - Lyc\u00e9e La Fayette","robots":{"index":"index","follow":"follow","max-snippet":"max-snippet:-1","max-image-preview":"max-image-preview:large","max-video-preview":"max-video-preview:-1"},"canonical":"https:\/\/www.lyceelafayette.fr\/index.php\/classe-preparatoire-ats\/","og_locale":"fr_FR","og_type":"article","og_title":"Classe pr\u00e9paratoire ATS - Lyc\u00e9e La Fayette","og_description":"La classe pr\u00e9paratoire ATS est ouverte aux \u00e9tudiants motiv\u00e9s titulaires d\u2019un BTS industriel (ou DUT) et d\u00e9sireux d\u2019int\u00e9grer une grande \u00e9cole d\u2019ing\u00e9nieurs. Les \u00e9tudiants peuvent choisir entre deux options\u00a0: G\u00e9nie \u00e9lectrique G\u00e9nie m\u00e9canique Lien vers site communautaire http:\/\/www.ats-lafayette.fr D\u00e9bouch\u00e9s et r\u00e9ussite La fili\u00e8re ATS, cr\u00e9\u00e9e en 1998, est un v\u00e9ritable... lire la suite","og_url":"https:\/\/www.lyceelafayette.fr\/index.php\/classe-preparatoire-ats\/","og_site_name":"Lyc\u00e9e La Fayette","article_modified_time":"2021-03-05T09:09:37+00:00","og_image":[{"url":"https:\/\/www.lyceelafayette.fr\/squelettes\/puce.gif","type":"","width":"","height":""}],"twitter_card":"summary_large_image","twitter_misc":{"Dur\u00e9e de lecture estim\u00e9e":"3 minutes"},"schema":{"@context":"https:\/\/schema.org","@graph":[{"@type":"WebPage","@id":"https:\/\/www.lyceelafayette.fr\/index.php\/classe-preparatoire-ats\/","url":"https:\/\/www.lyceelafayette.fr\/index.php\/classe-preparatoire-ats\/","name":"Classe pr\u00e9paratoire ATS - Lyc\u00e9e La Fayette","isPartOf":{"@id":"https:\/\/www.lyceelafayette.fr\/#website"},"primaryImageOfPage":{"@id":"https:\/\/www.lyceelafayette.fr\/index.php\/classe-preparatoire-ats\/#primaryimage"},"image":{"@id":"https:\/\/www.lyceelafayette.fr\/index.php\/classe-preparatoire-ats\/#primaryimage"},"thumbnailUrl":"https:\/\/www.lyceelafayette.fr\/squelettes\/puce.gif","datePublished":"2019-03-19T13:37:44+00:00","dateModified":"2021-03-05T09:09:37+00:00","breadcrumb":{"@id":"https:\/\/www.lyceelafayette.fr\/index.php\/classe-preparatoire-ats\/#breadcrumb"},"inLanguage":"fr-FR","potentialAction":[{"@type":"ReadAction","target":["https:\/\/www.lyceelafayette.fr\/index.php\/classe-preparatoire-ats\/"]}]},{"@type":"ImageObject","inLanguage":"fr-FR","@id":"https:\/\/www.lyceelafayette.fr\/index.php\/classe-preparatoire-ats\/#primaryimage","url":"https:\/\/www.lyceelafayette.fr\/squelettes\/puce.gif","contentUrl":"https:\/\/www.lyceelafayette.fr\/squelettes\/puce.gif"},{"@type":"BreadcrumbList","@id":"https:\/\/www.lyceelafayette.fr\/index.php\/classe-preparatoire-ats\/#breadcrumb","itemListElement":[{"@type":"ListItem","position":1,"name":"Accueil","item":"https:\/\/www.lyceelafayette.fr\/"},{"@type":"ListItem","position":2,"name":"Classe pr\u00e9paratoire ATS"}]},{"@type":"WebSite","@id":"https:\/\/www.lyceelafayette.fr\/#website","url":"https:\/\/www.lyceelafayette.fr\/","name":"Lyc\u00e9e La Fayette","description":"","publisher":{"@id":"https:\/\/www.lyceelafayette.fr\/#organization"},"potentialAction":[{"@type":"SearchAction","target":{"@type":"EntryPoint","urlTemplate":"https:\/\/www.lyceelafayette.fr\/?s={search_term_string}"},"query-input":{"@type":"PropertyValueSpecification","valueRequired":true,"valueName":"search_term_string"}}],"inLanguage":"fr-FR"},{"@type":"Organization","@id":"https:\/\/www.lyceelafayette.fr\/#organization","name":"Lyc\u00e9e La Fayette","url":"https:\/\/www.lyceelafayette.fr\/","logo":{"@type":"ImageObject","inLanguage":"fr-FR","@id":"https:\/\/www.lyceelafayette.fr\/#\/schema\/logo\/image\/","url":"https:\/\/www.lyceelafayette.fr\/wp-content\/uploads\/2019\/06\/llf_logo_alpha.png","contentUrl":"https:\/\/www.lyceelafayette.fr\/wp-content\/uploads\/2019\/06\/llf_logo_alpha.png","width":1583,"height":792,"caption":"Lyc\u00e9e La Fayette"},"image":{"@id":"https:\/\/www.lyceelafayette.fr\/#\/schema\/logo\/image\/"},"sameAs":["https:\/\/www.youtube.com\/channel\/UC2AOQowoMGBKdY4ToZsf9mw"]}]}},"_links":{"self":[{"href":"https:\/\/www.lyceelafayette.fr\/index.php\/wp-json\/wp\/v2\/pages\/895","targetHints":{"allow":["GET"]}}],"collection":[{"href":"https:\/\/www.lyceelafayette.fr\/index.php\/wp-json\/wp\/v2\/pages"}],"about":[{"href":"https:\/\/www.lyceelafayette.fr\/index.php\/wp-json\/wp\/v2\/types\/page"}],"author":[{"embeddable":true,"href":"https:\/\/www.lyceelafayette.fr\/index.php\/wp-json\/wp\/v2\/users\/1"}],"replies":[{"embeddable":true,"href":"https:\/\/www.lyceelafayette.fr\/index.php\/wp-json\/wp\/v2\/comments?post=895"}],"version-history":[{"count":8,"href":"https:\/\/www.lyceelafayette.fr\/index.php\/wp-json\/wp\/v2\/pages\/895\/revisions"}],"predecessor-version":[{"id":4617,"href":"https:\/\/www.lyceelafayette.fr\/index.php\/wp-json\/wp\/v2\/pages\/895\/revisions\/4617"}],"wp:attachment":[{"href":"https:\/\/www.lyceelafayette.fr\/index.php\/wp-json\/wp\/v2\/media?parent=895"}],"curies":[{"name":"wp","href":"https:\/\/api.w.org\/{rel}","templated":true}]}}