{"id":88,"date":"2018-12-30T22:39:58","date_gmt":"2018-12-30T21:39:58","guid":{"rendered":"http:\/\/www.lyceelafayette.fr\/?page_id=88"},"modified":"2021-03-04T19:25:14","modified_gmt":"2021-03-04T18:25:14","slug":"plan-dacces-au-lycee","status":"publish","type":"page","link":"https:\/\/www.lyceelafayette.fr\/index.php\/accueil\/plan-dacces-au-lycee\/","title":{"rendered":"Plan d&rsquo;acc\u00e8s au lyc\u00e9e"},"content":{"rendered":"\n<h4 class=\"wp-block-heading\"><span style=\"text-decoration: underline;\">Site de Champagne-sur-Seine<\/span>  (Plan d&rsquo;acc\u00e8s)<\/h4>\n\n\n\n<figure><iframe loading=\"lazy\" src=\"https:\/\/www.google.com\/maps\/embed?pb=!1m18!1m12!1m3!1d1872.9663815125873!2d2.7956440293719593!3d48.403274303128725!2m3!1f0!2f0!3f0!3m2!1i1024!2i768!4f13.1!3m3!1m2!1s0x47ef5fa02384bf0d%3A0xd4dcb622cd371a98!2sLyc%C3%A9e+Lafayette%2C+Rue+des+C%C3%A9lestins%2C+77430+Champagne-sur-Seine!5e0!3m2!1sfr!2sfr!4v1549288491519\" allowfullscreen=\"\" width=\"600\" height=\"450\"><\/iframe><\/figure>\n\n\n\n<hr>\n\n\n\n<h4 class=\"wp-block-heading\"><span style=\"text-decoration: underline;\">Site de Fontaineroux<\/span>  (Plan d&rsquo;acc\u00e8s + informations bus)<\/h4>\n\n\n\n<iframe loading=\"lazy\" src=\"https:\/\/www.google.com\/maps\/embed?pb=!1m18!1m12!1m3!1d1871.6235569993478!2d2.799784977801434!3d48.43973078657452!2m3!1f0!2f0!3f0!3m2!1i1024!2i768!4f13.1!3m3!1m2!1s0x47ef5f37cc9388a7%3A0x98c2c3cc5c25d7a4!2sLyc%C3%A9e+Professionnel+La+Fayette!5e0!3m2!1sfr!2sfr!4v1549288851605\" style=\"border:0\" allowfullscreen=\"\" width=\"600\" height=\"450\" frameborder=\"0\"><\/iframe>\n\n\n\n<p>.<\/p>\n\n\n\n<p>Pour venir sur FONTAINEROUX  des villes avoisinantes, voici quelques informations utiles :<\/p>\n\n\n\n<figure class=\"wp-block-image size-large\"><img loading=\"lazy\" decoding=\"async\" width=\"722\" height=\"1024\" src=\"https:\/\/www.lyceelafayette.fr\/wp-content\/uploads\/2021\/03\/TRAJET-FONTAINEROUX-722x1024.jpg\" alt=\"\" class=\"wp-image-4544\" srcset=\"https:\/\/www.lyceelafayette.fr\/wp-content\/uploads\/2021\/03\/TRAJET-FONTAINEROUX-722x1024.jpg 722w, https:\/\/www.lyceelafayette.fr\/wp-content\/uploads\/2021\/03\/TRAJET-FONTAINEROUX-211x300.jpg 211w, https:\/\/www.lyceelafayette.fr\/wp-content\/uploads\/2021\/03\/TRAJET-FONTAINEROUX-768x1090.jpg 768w, https:\/\/www.lyceelafayette.fr\/wp-content\/uploads\/2021\/03\/TRAJET-FONTAINEROUX-106x150.jpg 106w, https:\/\/www.lyceelafayette.fr\/wp-content\/uploads\/2021\/03\/TRAJET-FONTAINEROUX.jpg 874w\" sizes=\"auto, (max-width: 722px) 100vw, 722px\" \/><figcaption style=\"font-size:10px;text-align:center;\">Brochure t\u00e9l\u00e9chargeable en pdf : <a href=\"https:\/\/www.lyceelafayette.fr\/wp-content\/uploads\/2021\/03\/COMMENT-VENIR-FTX.pdf\">CLIQUEZ ICI<\/a><\/figcaption><\/figure>\n","protected":false},"excerpt":{"rendered":"<p>Site de Champagne-sur-Seine (Plan d&rsquo;acc\u00e8s) Site de Fontaineroux (Plan d&rsquo;acc\u00e8s + informations bus) . Pour venir sur FONTAINEROUX des villes avoisinantes, voici quelques informations utiles : <a class=\"continue-reading-link\" href=\"https:\/\/www.lyceelafayette.fr\/index.php\/accueil\/plan-dacces-au-lycee\/\">lire la suite<\/a><\/p>\n","protected":false},"author":1,"featured_media":0,"parent":269,"menu_order":0,"comment_status":"closed","ping_status":"closed","template":"","meta":{"footnotes":""},"class_list":["post-88","page","type-page","status-publish","hentry"],"yoast_head":"<!-- This site is optimized with the Yoast SEO plugin v27.5 - https:\/\/yoast.com\/product\/yoast-seo-wordpress\/ -->\n<title>Plan d&#039;acc\u00e8s au lyc\u00e9e - Lyc\u00e9e La Fayette<\/title>\n<meta name=\"robots\" content=\"index, follow, max-snippet:-1, max-image-preview:large, max-video-preview:-1\" \/>\n<link rel=\"canonical\" href=\"https:\/\/www.lyceelafayette.fr\/index.php\/accueil\/plan-dacces-au-lycee\/\" \/>\n<meta property=\"og:locale\" content=\"fr_FR\" \/>\n<meta property=\"og:type\" content=\"article\" \/>\n<meta property=\"og:title\" content=\"Plan d&#039;acc\u00e8s au lyc\u00e9e - Lyc\u00e9e La Fayette\" \/>\n<meta property=\"og:description\" content=\"Site de Champagne-sur-Seine (Plan d&rsquo;acc\u00e8s) Site de Fontaineroux (Plan d&rsquo;acc\u00e8s + informations bus) . Pour venir sur FONTAINEROUX des villes avoisinantes, voici quelques informations utiles : lire la suite\" \/>\n<meta property=\"og:url\" content=\"https:\/\/www.lyceelafayette.fr\/index.php\/accueil\/plan-dacces-au-lycee\/\" \/>\n<meta property=\"og:site_name\" content=\"Lyc\u00e9e La Fayette\" \/>\n<meta property=\"article:modified_time\" content=\"2021-03-04T18:25:14+00:00\" \/>\n<meta property=\"og:image\" content=\"https:\/\/www.lyceelafayette.fr\/wp-content\/uploads\/2021\/03\/TRAJET-FONTAINEROUX-722x1024.jpg\" \/>\n<meta name=\"twitter:card\" content=\"summary_large_image\" \/>\n<meta name=\"twitter:label1\" content=\"Dur\u00e9e de lecture estim\u00e9e\" \/>\n\t<meta name=\"twitter:data1\" content=\"1 minute\" \/>\n<script type=\"application\/ld+json\" class=\"yoast-schema-graph\">{\"@context\":\"https:\\\/\\\/schema.org\",\"@graph\":[{\"@type\":\"WebPage\",\"@id\":\"https:\\\/\\\/www.lyceelafayette.fr\\\/index.php\\\/accueil\\\/plan-dacces-au-lycee\\\/\",\"url\":\"https:\\\/\\\/www.lyceelafayette.fr\\\/index.php\\\/accueil\\\/plan-dacces-au-lycee\\\/\",\"name\":\"Plan d'acc\u00e8s au lyc\u00e9e - Lyc\u00e9e La Fayette\",\"isPartOf\":{\"@id\":\"https:\\\/\\\/www.lyceelafayette.fr\\\/#website\"},\"primaryImageOfPage\":{\"@id\":\"https:\\\/\\\/www.lyceelafayette.fr\\\/index.php\\\/accueil\\\/plan-dacces-au-lycee\\\/#primaryimage\"},\"image\":{\"@id\":\"https:\\\/\\\/www.lyceelafayette.fr\\\/index.php\\\/accueil\\\/plan-dacces-au-lycee\\\/#primaryimage\"},\"thumbnailUrl\":\"https:\\\/\\\/www.lyceelafayette.fr\\\/wp-content\\\/uploads\\\/2021\\\/03\\\/TRAJET-FONTAINEROUX-722x1024.jpg\",\"datePublished\":\"2018-12-30T21:39:58+00:00\",\"dateModified\":\"2021-03-04T18:25:14+00:00\",\"breadcrumb\":{\"@id\":\"https:\\\/\\\/www.lyceelafayette.fr\\\/index.php\\\/accueil\\\/plan-dacces-au-lycee\\\/#breadcrumb\"},\"inLanguage\":\"fr-FR\",\"potentialAction\":[{\"@type\":\"ReadAction\",\"target\":[\"https:\\\/\\\/www.lyceelafayette.fr\\\/index.php\\\/accueil\\\/plan-dacces-au-lycee\\\/\"]}]},{\"@type\":\"ImageObject\",\"inLanguage\":\"fr-FR\",\"@id\":\"https:\\\/\\\/www.lyceelafayette.fr\\\/index.php\\\/accueil\\\/plan-dacces-au-lycee\\\/#primaryimage\",\"url\":\"https:\\\/\\\/www.lyceelafayette.fr\\\/wp-content\\\/uploads\\\/2021\\\/03\\\/TRAJET-FONTAINEROUX.jpg\",\"contentUrl\":\"https:\\\/\\\/www.lyceelafayette.fr\\\/wp-content\\\/uploads\\\/2021\\\/03\\\/TRAJET-FONTAINEROUX.jpg\",\"width\":874,\"height\":1240},{\"@type\":\"BreadcrumbList\",\"@id\":\"https:\\\/\\\/www.lyceelafayette.fr\\\/index.php\\\/accueil\\\/plan-dacces-au-lycee\\\/#breadcrumb\",\"itemListElement\":[{\"@type\":\"ListItem\",\"position\":1,\"name\":\"Accueil\",\"item\":\"https:\\\/\\\/www.lyceelafayette.fr\\\/\"},{\"@type\":\"ListItem\",\"position\":2,\"name\":\"Un peu d\u2019histoire locale \u2026\",\"item\":\"https:\\\/\\\/www.lyceelafayette.fr\\\/index.php\\\/accueil\\\/\"},{\"@type\":\"ListItem\",\"position\":3,\"name\":\"Plan d&rsquo;acc\u00e8s au lyc\u00e9e\"}]},{\"@type\":\"WebSite\",\"@id\":\"https:\\\/\\\/www.lyceelafayette.fr\\\/#website\",\"url\":\"https:\\\/\\\/www.lyceelafayette.fr\\\/\",\"name\":\"Lyc\u00e9e La Fayette\",\"description\":\"\",\"publisher\":{\"@id\":\"https:\\\/\\\/www.lyceelafayette.fr\\\/#organization\"},\"potentialAction\":[{\"@type\":\"SearchAction\",\"target\":{\"@type\":\"EntryPoint\",\"urlTemplate\":\"https:\\\/\\\/www.lyceelafayette.fr\\\/?s={search_term_string}\"},\"query-input\":{\"@type\":\"PropertyValueSpecification\",\"valueRequired\":true,\"valueName\":\"search_term_string\"}}],\"inLanguage\":\"fr-FR\"},{\"@type\":\"Organization\",\"@id\":\"https:\\\/\\\/www.lyceelafayette.fr\\\/#organization\",\"name\":\"Lyc\u00e9e La Fayette\",\"url\":\"https:\\\/\\\/www.lyceelafayette.fr\\\/\",\"logo\":{\"@type\":\"ImageObject\",\"inLanguage\":\"fr-FR\",\"@id\":\"https:\\\/\\\/www.lyceelafayette.fr\\\/#\\\/schema\\\/logo\\\/image\\\/\",\"url\":\"https:\\\/\\\/www.lyceelafayette.fr\\\/wp-content\\\/uploads\\\/2019\\\/06\\\/llf_logo_alpha.png\",\"contentUrl\":\"https:\\\/\\\/www.lyceelafayette.fr\\\/wp-content\\\/uploads\\\/2019\\\/06\\\/llf_logo_alpha.png\",\"width\":1583,\"height\":792,\"caption\":\"Lyc\u00e9e La Fayette\"},\"image\":{\"@id\":\"https:\\\/\\\/www.lyceelafayette.fr\\\/#\\\/schema\\\/logo\\\/image\\\/\"},\"sameAs\":[\"https:\\\/\\\/www.youtube.com\\\/channel\\\/UC2AOQowoMGBKdY4ToZsf9mw\"]}]}<\/script>\n<!-- \/ Yoast SEO plugin. -->","yoast_head_json":{"title":"Plan d'acc\u00e8s au lyc\u00e9e - Lyc\u00e9e La Fayette","robots":{"index":"index","follow":"follow","max-snippet":"max-snippet:-1","max-image-preview":"max-image-preview:large","max-video-preview":"max-video-preview:-1"},"canonical":"https:\/\/www.lyceelafayette.fr\/index.php\/accueil\/plan-dacces-au-lycee\/","og_locale":"fr_FR","og_type":"article","og_title":"Plan d'acc\u00e8s au lyc\u00e9e - Lyc\u00e9e La Fayette","og_description":"Site de Champagne-sur-Seine (Plan d&rsquo;acc\u00e8s) Site de Fontaineroux (Plan d&rsquo;acc\u00e8s + informations bus) . Pour venir sur FONTAINEROUX des villes avoisinantes, voici quelques informations utiles : lire la suite","og_url":"https:\/\/www.lyceelafayette.fr\/index.php\/accueil\/plan-dacces-au-lycee\/","og_site_name":"Lyc\u00e9e La Fayette","article_modified_time":"2021-03-04T18:25:14+00:00","og_image":[{"url":"https:\/\/www.lyceelafayette.fr\/wp-content\/uploads\/2021\/03\/TRAJET-FONTAINEROUX-722x1024.jpg","type":"","width":"","height":""}],"twitter_card":"summary_large_image","twitter_misc":{"Dur\u00e9e de lecture estim\u00e9e":"1 minute"},"schema":{"@context":"https:\/\/schema.org","@graph":[{"@type":"WebPage","@id":"https:\/\/www.lyceelafayette.fr\/index.php\/accueil\/plan-dacces-au-lycee\/","url":"https:\/\/www.lyceelafayette.fr\/index.php\/accueil\/plan-dacces-au-lycee\/","name":"Plan d'acc\u00e8s au lyc\u00e9e - Lyc\u00e9e La Fayette","isPartOf":{"@id":"https:\/\/www.lyceelafayette.fr\/#website"},"primaryImageOfPage":{"@id":"https:\/\/www.lyceelafayette.fr\/index.php\/accueil\/plan-dacces-au-lycee\/#primaryimage"},"image":{"@id":"https:\/\/www.lyceelafayette.fr\/index.php\/accueil\/plan-dacces-au-lycee\/#primaryimage"},"thumbnailUrl":"https:\/\/www.lyceelafayette.fr\/wp-content\/uploads\/2021\/03\/TRAJET-FONTAINEROUX-722x1024.jpg","datePublished":"2018-12-30T21:39:58+00:00","dateModified":"2021-03-04T18:25:14+00:00","breadcrumb":{"@id":"https:\/\/www.lyceelafayette.fr\/index.php\/accueil\/plan-dacces-au-lycee\/#breadcrumb"},"inLanguage":"fr-FR","potentialAction":[{"@type":"ReadAction","target":["https:\/\/www.lyceelafayette.fr\/index.php\/accueil\/plan-dacces-au-lycee\/"]}]},{"@type":"ImageObject","inLanguage":"fr-FR","@id":"https:\/\/www.lyceelafayette.fr\/index.php\/accueil\/plan-dacces-au-lycee\/#primaryimage","url":"https:\/\/www.lyceelafayette.fr\/wp-content\/uploads\/2021\/03\/TRAJET-FONTAINEROUX.jpg","contentUrl":"https:\/\/www.lyceelafayette.fr\/wp-content\/uploads\/2021\/03\/TRAJET-FONTAINEROUX.jpg","width":874,"height":1240},{"@type":"BreadcrumbList","@id":"https:\/\/www.lyceelafayette.fr\/index.php\/accueil\/plan-dacces-au-lycee\/#breadcrumb","itemListElement":[{"@type":"ListItem","position":1,"name":"Accueil","item":"https:\/\/www.lyceelafayette.fr\/"},{"@type":"ListItem","position":2,"name":"Un peu d\u2019histoire locale \u2026","item":"https:\/\/www.lyceelafayette.fr\/index.php\/accueil\/"},{"@type":"ListItem","position":3,"name":"Plan d&rsquo;acc\u00e8s au lyc\u00e9e"}]},{"@type":"WebSite","@id":"https:\/\/www.lyceelafayette.fr\/#website","url":"https:\/\/www.lyceelafayette.fr\/","name":"Lyc\u00e9e La Fayette","description":"","publisher":{"@id":"https:\/\/www.lyceelafayette.fr\/#organization"},"potentialAction":[{"@type":"SearchAction","target":{"@type":"EntryPoint","urlTemplate":"https:\/\/www.lyceelafayette.fr\/?s={search_term_string}"},"query-input":{"@type":"PropertyValueSpecification","valueRequired":true,"valueName":"search_term_string"}}],"inLanguage":"fr-FR"},{"@type":"Organization","@id":"https:\/\/www.lyceelafayette.fr\/#organization","name":"Lyc\u00e9e La Fayette","url":"https:\/\/www.lyceelafayette.fr\/","logo":{"@type":"ImageObject","inLanguage":"fr-FR","@id":"https:\/\/www.lyceelafayette.fr\/#\/schema\/logo\/image\/","url":"https:\/\/www.lyceelafayette.fr\/wp-content\/uploads\/2019\/06\/llf_logo_alpha.png","contentUrl":"https:\/\/www.lyceelafayette.fr\/wp-content\/uploads\/2019\/06\/llf_logo_alpha.png","width":1583,"height":792,"caption":"Lyc\u00e9e La Fayette"},"image":{"@id":"https:\/\/www.lyceelafayette.fr\/#\/schema\/logo\/image\/"},"sameAs":["https:\/\/www.youtube.com\/channel\/UC2AOQowoMGBKdY4ToZsf9mw"]}]}},"_links":{"self":[{"href":"https:\/\/www.lyceelafayette.fr\/index.php\/wp-json\/wp\/v2\/pages\/88","targetHints":{"allow":["GET"]}}],"collection":[{"href":"https:\/\/www.lyceelafayette.fr\/index.php\/wp-json\/wp\/v2\/pages"}],"about":[{"href":"https:\/\/www.lyceelafayette.fr\/index.php\/wp-json\/wp\/v2\/types\/page"}],"author":[{"embeddable":true,"href":"https:\/\/www.lyceelafayette.fr\/index.php\/wp-json\/wp\/v2\/users\/1"}],"replies":[{"embeddable":true,"href":"https:\/\/www.lyceelafayette.fr\/index.php\/wp-json\/wp\/v2\/comments?post=88"}],"version-history":[{"count":15,"href":"https:\/\/www.lyceelafayette.fr\/index.php\/wp-json\/wp\/v2\/pages\/88\/revisions"}],"predecessor-version":[{"id":4551,"href":"https:\/\/www.lyceelafayette.fr\/index.php\/wp-json\/wp\/v2\/pages\/88\/revisions\/4551"}],"up":[{"embeddable":true,"href":"https:\/\/www.lyceelafayette.fr\/index.php\/wp-json\/wp\/v2\/pages\/269"}],"wp:attachment":[{"href":"https:\/\/www.lyceelafayette.fr\/index.php\/wp-json\/wp\/v2\/media?parent=88"}],"curies":[{"name":"wp","href":"https:\/\/api.w.org\/{rel}","templated":true}]}}