{"id":879,"date":"2019-03-19T14:22:54","date_gmt":"2019-03-19T13:22:54","guid":{"rendered":"http:\/\/www.lyceelafayette.fr\/?page_id=879"},"modified":"2021-02-11T12:25:54","modified_gmt":"2021-02-11T11:25:54","slug":"seconde-mrcu","status":"publish","type":"page","link":"https:\/\/www.lyceelafayette.fr\/index.php\/seconde-mrcu\/","title":{"rendered":"Seconde MRCU"},"content":{"rendered":"\n<h3 class=\"spip wp-block-heading\"><strong>M\u00e9tiers de la relation aux clients et aux usagers<\/strong><\/h3>\n\n\n\n<h3 class=\"wp-block-heading\"><strong>NIVEAU D\u2019ENTR\u00c9E<u><br><\/u><\/strong><\/h3>\n\n\n\n<p>Ouverte aux \u00e9l\u00e8ves de 3<sup>e<\/sup> coll\u00e8ge et technologique. Acc\u00e8s possible aux \u00e9l\u00e8ves de 2<sup>nde<\/sup> en seconde <span data-scayt_word=\"pro\" data-scaytid=\"5\">pro<\/span> ou en premi\u00e8re <span data-scayt_word=\"Pro\" data-scaytid=\"6\">Pro<\/span>.<\/p>\n\n\n\n<p>Avis favorable du conseil de classe de l\u2019\u00e9tablissement d\u2019origine pour une seconde professionnelle.<\/p>\n\n\n\n<h3 class=\"wp-block-heading\"><strong>PROFIL DU CANDIDAT<u><br><\/u><\/strong><\/h3>\n\n\n\n<p>Une culture g\u00e9n\u00e9rale correcte, une certaine curiosit\u00e9 pour le monde \u00e9conomique, un go\u00fbt du relationnel, une bonne organisation.<\/p>\n\n\n\n<h3 class=\"wp-block-heading\"><strong>LES CONTENUS D\u2019ENSEIGNEMENT<br><\/strong><\/h3>\n\n\n\n<p>L\u2019enseignement professionnel scientifique et technique a pour principal objectif l\u2019acquisition des connaissances suivantes&nbsp;:<\/p>\n\n\n\n<ul class=\"wp-block-list\"><li>Techniques de vente, techniques commerciales, techniques de contact et de communication professionnelle, techniques d\u2019organisation appliqu\u00e9es \u00e0 la profession ainsi que la ma\u00eetrise des techniques d\u2019expression professionnelle.<\/li><li>D\u00e9couverte et apprentissage du fonctionnement d\u2019une unit\u00e9 commerciale.<\/li><li>D\u00e9couverte et apprentissage de la fonction \u00ab\u00a0Accueil\u00a0\u00bb dans le secteur des services ou des administrations.<\/li><li>Connaissances \u00e9conomiques de base relatives \u00e0 l\u2019entreprise et \u00e0 son environnement\u00a0; la politique commerciale.<\/li><li>Des notions essentielles en mati\u00e8re d\u2019outils de gestion (math\u00e9matiques appliqu\u00e9es, statistiques, comptabilit\u00e9, informatique) et de droit appliqu\u00e9 (y compris la connaissance de l\u2019organisation de la profession).<\/li><\/ul>\n\n\n\n<p><strong>Les stages et projets professionnels<\/strong> sont int\u00e9gr\u00e9s \u00e0 la formation et \u00e0 l\u2019\u00e9valuation, ils <strong>repr\u00e9sentent 22 semaines sur 3 ans. <\/strong>Ils permettent une meilleure compr\u00e9hension des m\u00e9tiers et une orientation vers un bac professionnel adapt\u00e9 aux attentes du jeune.<\/p>\n\n\n\n<h3 class=\"wp-block-heading\"><strong>ORGANISATION DU CURSUS<u><br><\/u><\/strong><\/h3>\n\n\n\n<p>Apr\u00e8s une seconde \u00ab\u00a0de d\u00e9termination\u00a0\u00bb commune aux 3 baccalaur\u00e9ats, le jeune se sp\u00e9cialise en <span data-scayt_word=\"1\u00e8re\" data-scaytid=\"7\">1<sup>re<\/sup><\/span> et terminale dans l\u2019une des 3 formations\u00a0:<\/p>\n\n\n\n<p>\u00b7\u00a0<strong>Bac pro Commerce<\/strong><\/p>\n\n\n\n<p>\u00b7\u00a0Bac pro Accueil et relation clients usagers<\/p>\n\n\n\n<p>\u00b7\u00a0Bac <span data-scayt_word=\"Pro\" data-scaytid=\"12\">pro<\/span> Vente<\/p>\n\n\n\n<h3 class=\"wp-block-heading\"><strong>LA VALIDATION DES CONNAISSANCES<u><br><\/u><\/strong><\/h3>\n\n\n\n<p>Un passage du <span data-scayt_word=\"BEP\" data-scaytid=\"14\">BEP<\/span> MRCU est pr\u00e9vu au cours du cursus (pendant l\u2019ann\u00e9e de premi\u00e8re). La validation se fait en <span data-scayt_word=\"CCF\" data-scaytid=\"15\">CCF<\/span> (contr\u00f4le en cours de formation) et en \u00e9preuve finale.<\/p>\n\n\n\n<p>En fin de terminale les \u00e9l\u00e8ves valident le baccalaur\u00e9at professionnel de la sp\u00e9cialit\u00e9 choisie en premi\u00e8re\u00a0: commerce, accueil, ou vente.<\/p>\n\n\n\n<h3 class=\"wp-block-heading\"><strong><span data-scayt_word=\"APRES\" data-scaytid=\"16\">APR\u00c8S<\/span> LE BAC<\/strong><\/h3>\n\n\n\n<p>La vie professionnelle<\/p>\n\n\n\n<p><span data-scayt_word=\"BTS\" data-scaytid=\"17\">BTS<\/span> commercial (<span data-scayt_word=\"NRC\" data-scaytid=\"18\">NRC<\/span> \/ <span data-scayt_word=\"MUC\" data-scaytid=\"19\">MUC<\/span>) en formation initiale ou en alternance en entreprise<\/p>\n\n\n\n<p>Pour les bons \u00e9l\u00e8ves : une entr\u00e9e en <span data-scayt_word=\"IUT\" data-scaytid=\"20\">IUT<\/span> ou en classe pr\u00e9paratoire aux grandes \u00e9coles<\/p>\n","protected":false},"excerpt":{"rendered":"<p>M\u00e9tiers de la relation aux clients et aux usagers NIVEAU D\u2019ENTR\u00c9E Ouverte aux \u00e9l\u00e8ves de 3e coll\u00e8ge et technologique. Acc\u00e8s possible aux \u00e9l\u00e8ves de 2nde en seconde pro ou en premi\u00e8re Pro. Avis favorable du conseil de classe de l\u2019\u00e9tablissement d\u2019origine pour une seconde professionnelle. PROFIL DU CANDIDAT Une culture&#8230; <a class=\"continue-reading-link\" href=\"https:\/\/www.lyceelafayette.fr\/index.php\/seconde-mrcu\/\">lire la suite<\/a><\/p>\n","protected":false},"author":1,"featured_media":0,"parent":0,"menu_order":0,"comment_status":"closed","ping_status":"closed","template":"","meta":{"footnotes":""},"class_list":["post-879","page","type-page","status-publish","hentry"],"yoast_head":"<!-- This site is optimized with the Yoast SEO plugin v27.6 - https:\/\/yoast.com\/product\/yoast-seo-wordpress\/ -->\n<title>Seconde MRCU - Lyc\u00e9e La Fayette<\/title>\n<meta name=\"robots\" content=\"index, follow, max-snippet:-1, max-image-preview:large, max-video-preview:-1\" \/>\n<link rel=\"canonical\" href=\"https:\/\/www.lyceelafayette.fr\/index.php\/seconde-mrcu\/\" \/>\n<meta property=\"og:locale\" content=\"fr_FR\" \/>\n<meta property=\"og:type\" content=\"article\" \/>\n<meta property=\"og:title\" content=\"Seconde MRCU - Lyc\u00e9e La Fayette\" \/>\n<meta property=\"og:description\" content=\"M\u00e9tiers de la relation aux clients et aux usagers NIVEAU D\u2019ENTR\u00c9E Ouverte aux \u00e9l\u00e8ves de 3e coll\u00e8ge et technologique. Acc\u00e8s possible aux \u00e9l\u00e8ves de 2nde en seconde pro ou en premi\u00e8re Pro. Avis favorable du conseil de classe de l\u2019\u00e9tablissement d\u2019origine pour une seconde professionnelle. PROFIL DU CANDIDAT Une culture... lire la suite\" \/>\n<meta property=\"og:url\" content=\"https:\/\/www.lyceelafayette.fr\/index.php\/seconde-mrcu\/\" \/>\n<meta property=\"og:site_name\" content=\"Lyc\u00e9e La Fayette\" \/>\n<meta property=\"article:modified_time\" content=\"2021-02-11T11:25:54+00:00\" \/>\n<meta name=\"twitter:card\" content=\"summary_large_image\" \/>\n<meta name=\"twitter:label1\" content=\"Dur\u00e9e de lecture estim\u00e9e\" \/>\n\t<meta name=\"twitter:data1\" content=\"2 minutes\" \/>\n<script type=\"application\/ld+json\" class=\"yoast-schema-graph\">{\"@context\":\"https:\\\/\\\/schema.org\",\"@graph\":[{\"@type\":\"WebPage\",\"@id\":\"https:\\\/\\\/www.lyceelafayette.fr\\\/index.php\\\/seconde-mrcu\\\/\",\"url\":\"https:\\\/\\\/www.lyceelafayette.fr\\\/index.php\\\/seconde-mrcu\\\/\",\"name\":\"Seconde MRCU - Lyc\u00e9e La Fayette\",\"isPartOf\":{\"@id\":\"https:\\\/\\\/www.lyceelafayette.fr\\\/#website\"},\"datePublished\":\"2019-03-19T13:22:54+00:00\",\"dateModified\":\"2021-02-11T11:25:54+00:00\",\"breadcrumb\":{\"@id\":\"https:\\\/\\\/www.lyceelafayette.fr\\\/index.php\\\/seconde-mrcu\\\/#breadcrumb\"},\"inLanguage\":\"fr-FR\",\"potentialAction\":[{\"@type\":\"ReadAction\",\"target\":[\"https:\\\/\\\/www.lyceelafayette.fr\\\/index.php\\\/seconde-mrcu\\\/\"]}]},{\"@type\":\"BreadcrumbList\",\"@id\":\"https:\\\/\\\/www.lyceelafayette.fr\\\/index.php\\\/seconde-mrcu\\\/#breadcrumb\",\"itemListElement\":[{\"@type\":\"ListItem\",\"position\":1,\"name\":\"Accueil\",\"item\":\"https:\\\/\\\/www.lyceelafayette.fr\\\/\"},{\"@type\":\"ListItem\",\"position\":2,\"name\":\"Seconde MRCU\"}]},{\"@type\":\"WebSite\",\"@id\":\"https:\\\/\\\/www.lyceelafayette.fr\\\/#website\",\"url\":\"https:\\\/\\\/www.lyceelafayette.fr\\\/\",\"name\":\"Lyc\u00e9e La Fayette\",\"description\":\"\",\"publisher\":{\"@id\":\"https:\\\/\\\/www.lyceelafayette.fr\\\/#organization\"},\"potentialAction\":[{\"@type\":\"SearchAction\",\"target\":{\"@type\":\"EntryPoint\",\"urlTemplate\":\"https:\\\/\\\/www.lyceelafayette.fr\\\/?s={search_term_string}\"},\"query-input\":{\"@type\":\"PropertyValueSpecification\",\"valueRequired\":true,\"valueName\":\"search_term_string\"}}],\"inLanguage\":\"fr-FR\"},{\"@type\":\"Organization\",\"@id\":\"https:\\\/\\\/www.lyceelafayette.fr\\\/#organization\",\"name\":\"Lyc\u00e9e La Fayette\",\"url\":\"https:\\\/\\\/www.lyceelafayette.fr\\\/\",\"logo\":{\"@type\":\"ImageObject\",\"inLanguage\":\"fr-FR\",\"@id\":\"https:\\\/\\\/www.lyceelafayette.fr\\\/#\\\/schema\\\/logo\\\/image\\\/\",\"url\":\"https:\\\/\\\/www.lyceelafayette.fr\\\/wp-content\\\/uploads\\\/2019\\\/06\\\/llf_logo_alpha.png\",\"contentUrl\":\"https:\\\/\\\/www.lyceelafayette.fr\\\/wp-content\\\/uploads\\\/2019\\\/06\\\/llf_logo_alpha.png\",\"width\":1583,\"height\":792,\"caption\":\"Lyc\u00e9e La Fayette\"},\"image\":{\"@id\":\"https:\\\/\\\/www.lyceelafayette.fr\\\/#\\\/schema\\\/logo\\\/image\\\/\"},\"sameAs\":[\"https:\\\/\\\/www.youtube.com\\\/channel\\\/UC2AOQowoMGBKdY4ToZsf9mw\"]}]}<\/script>\n<!-- \/ Yoast SEO plugin. -->","yoast_head_json":{"title":"Seconde MRCU - Lyc\u00e9e La Fayette","robots":{"index":"index","follow":"follow","max-snippet":"max-snippet:-1","max-image-preview":"max-image-preview:large","max-video-preview":"max-video-preview:-1"},"canonical":"https:\/\/www.lyceelafayette.fr\/index.php\/seconde-mrcu\/","og_locale":"fr_FR","og_type":"article","og_title":"Seconde MRCU - Lyc\u00e9e La Fayette","og_description":"M\u00e9tiers de la relation aux clients et aux usagers NIVEAU D\u2019ENTR\u00c9E Ouverte aux \u00e9l\u00e8ves de 3e coll\u00e8ge et technologique. Acc\u00e8s possible aux \u00e9l\u00e8ves de 2nde en seconde pro ou en premi\u00e8re Pro. Avis favorable du conseil de classe de l\u2019\u00e9tablissement d\u2019origine pour une seconde professionnelle. PROFIL DU CANDIDAT Une culture... lire la suite","og_url":"https:\/\/www.lyceelafayette.fr\/index.php\/seconde-mrcu\/","og_site_name":"Lyc\u00e9e La Fayette","article_modified_time":"2021-02-11T11:25:54+00:00","twitter_card":"summary_large_image","twitter_misc":{"Dur\u00e9e de lecture estim\u00e9e":"2 minutes"},"schema":{"@context":"https:\/\/schema.org","@graph":[{"@type":"WebPage","@id":"https:\/\/www.lyceelafayette.fr\/index.php\/seconde-mrcu\/","url":"https:\/\/www.lyceelafayette.fr\/index.php\/seconde-mrcu\/","name":"Seconde MRCU - Lyc\u00e9e La Fayette","isPartOf":{"@id":"https:\/\/www.lyceelafayette.fr\/#website"},"datePublished":"2019-03-19T13:22:54+00:00","dateModified":"2021-02-11T11:25:54+00:00","breadcrumb":{"@id":"https:\/\/www.lyceelafayette.fr\/index.php\/seconde-mrcu\/#breadcrumb"},"inLanguage":"fr-FR","potentialAction":[{"@type":"ReadAction","target":["https:\/\/www.lyceelafayette.fr\/index.php\/seconde-mrcu\/"]}]},{"@type":"BreadcrumbList","@id":"https:\/\/www.lyceelafayette.fr\/index.php\/seconde-mrcu\/#breadcrumb","itemListElement":[{"@type":"ListItem","position":1,"name":"Accueil","item":"https:\/\/www.lyceelafayette.fr\/"},{"@type":"ListItem","position":2,"name":"Seconde MRCU"}]},{"@type":"WebSite","@id":"https:\/\/www.lyceelafayette.fr\/#website","url":"https:\/\/www.lyceelafayette.fr\/","name":"Lyc\u00e9e La Fayette","description":"","publisher":{"@id":"https:\/\/www.lyceelafayette.fr\/#organization"},"potentialAction":[{"@type":"SearchAction","target":{"@type":"EntryPoint","urlTemplate":"https:\/\/www.lyceelafayette.fr\/?s={search_term_string}"},"query-input":{"@type":"PropertyValueSpecification","valueRequired":true,"valueName":"search_term_string"}}],"inLanguage":"fr-FR"},{"@type":"Organization","@id":"https:\/\/www.lyceelafayette.fr\/#organization","name":"Lyc\u00e9e La Fayette","url":"https:\/\/www.lyceelafayette.fr\/","logo":{"@type":"ImageObject","inLanguage":"fr-FR","@id":"https:\/\/www.lyceelafayette.fr\/#\/schema\/logo\/image\/","url":"https:\/\/www.lyceelafayette.fr\/wp-content\/uploads\/2019\/06\/llf_logo_alpha.png","contentUrl":"https:\/\/www.lyceelafayette.fr\/wp-content\/uploads\/2019\/06\/llf_logo_alpha.png","width":1583,"height":792,"caption":"Lyc\u00e9e La Fayette"},"image":{"@id":"https:\/\/www.lyceelafayette.fr\/#\/schema\/logo\/image\/"},"sameAs":["https:\/\/www.youtube.com\/channel\/UC2AOQowoMGBKdY4ToZsf9mw"]}]}},"_links":{"self":[{"href":"https:\/\/www.lyceelafayette.fr\/index.php\/wp-json\/wp\/v2\/pages\/879","targetHints":{"allow":["GET"]}}],"collection":[{"href":"https:\/\/www.lyceelafayette.fr\/index.php\/wp-json\/wp\/v2\/pages"}],"about":[{"href":"https:\/\/www.lyceelafayette.fr\/index.php\/wp-json\/wp\/v2\/types\/page"}],"author":[{"embeddable":true,"href":"https:\/\/www.lyceelafayette.fr\/index.php\/wp-json\/wp\/v2\/users\/1"}],"replies":[{"embeddable":true,"href":"https:\/\/www.lyceelafayette.fr\/index.php\/wp-json\/wp\/v2\/comments?post=879"}],"version-history":[{"count":4,"href":"https:\/\/www.lyceelafayette.fr\/index.php\/wp-json\/wp\/v2\/pages\/879\/revisions"}],"predecessor-version":[{"id":4147,"href":"https:\/\/www.lyceelafayette.fr\/index.php\/wp-json\/wp\/v2\/pages\/879\/revisions\/4147"}],"wp:attachment":[{"href":"https:\/\/www.lyceelafayette.fr\/index.php\/wp-json\/wp\/v2\/media?parent=879"}],"curies":[{"name":"wp","href":"https:\/\/api.w.org\/{rel}","templated":true}]}}