{"id":871,"date":"2019-03-19T14:17:26","date_gmt":"2019-03-19T13:17:26","guid":{"rendered":"http:\/\/www.lyceelafayette.fr\/?page_id=871"},"modified":"2021-02-11T13:09:10","modified_gmt":"2021-02-11T12:09:10","slug":"cap-evs","status":"publish","type":"page","link":"https:\/\/www.lyceelafayette.fr\/index.php\/cap-evs\/","title":{"rendered":"CAP EPC (\u00e9quipier polyvalent du commerce)"},"content":{"rendered":"\n<p>Le CAP (certificat d&rsquo;aptitude professionnelle) est un dipl\u00f4me professionnel national d\u00e9livr\u00e9 par le Minist\u00e8re de l&rsquo;\u00c9ducation nationale. Il se pr\u00e9pare en 2 ans apr\u00e8s la 3<sup>e<\/sup>.<\/p>\n\n\n\n<p>Ce CAP remplace, \u00e0 compter de la rentr\u00e9e 2020, les 6 CAP suivants : CAP employ\u00e9 de commerce multi-sp\u00e9cialit\u00e9s, CAP vendeur-magasinier en pi\u00e8ces de rechange et \u00e9quipements automobiles, CAP employ\u00e9 de vente sp\u00e9cialis\u00e9 option produits alimentaires, option produits d&rsquo;\u00e9quipement courant, services \u00e0 la client\u00e8le, option produits de librairie-papeterie-presse.<\/p>\n\n\n\n<div class=\"wp-block-image\"><figure class=\"aligncenter size-large is-resized\"><img loading=\"lazy\" decoding=\"async\" src=\"https:\/\/www.lyceelafayette.fr\/wp-content\/uploads\/2021\/02\/cap-commerce-a5-722x1024.jpg\" alt=\"\" class=\"wp-image-4072\" width=\"408\" height=\"578\" srcset=\"https:\/\/www.lyceelafayette.fr\/wp-content\/uploads\/2021\/02\/cap-commerce-a5-722x1024.jpg 722w, https:\/\/www.lyceelafayette.fr\/wp-content\/uploads\/2021\/02\/cap-commerce-a5-211x300.jpg 211w, https:\/\/www.lyceelafayette.fr\/wp-content\/uploads\/2021\/02\/cap-commerce-a5-768x1090.jpg 768w, https:\/\/www.lyceelafayette.fr\/wp-content\/uploads\/2021\/02\/cap-commerce-a5-106x150.jpg 106w, https:\/\/www.lyceelafayette.fr\/wp-content\/uploads\/2021\/02\/cap-commerce-a5.jpg 874w\" sizes=\"auto, (max-width: 408px) 100vw, 408px\" \/><figcaption style=\"font-size:10px;text-align:center;\"><em>Brochure en pdf : <a href=\"https:\/\/www.lyceelafayette.fr\/wp-content\/uploads\/2021\/02\/cap-commerce-a5.pdf\"><span style=\"text-decoration: underline;\">Cliquez ici<\/span><\/a><\/em><\/figcaption><\/figure><\/div>\n\n\n\n<p>Le CAP \u00e9quipier polyvalent du commerce forme aux techniques de commercialisation de produits ou de services. Les enseignements donnent les connaissances sur les circuits de distribution, sur les modes d&rsquo;approvisionnement, les proc\u00e9dures de stockage des marchandises. Les \u00e9l\u00e8ves apprennent les principes de rangement, d&rsquo;\u00e9tiquetage, de mise en rayon des produits. Ils sont form\u00e9s \u00e0 utiliser des documents commerciaux tels que des documents d&rsquo;inventaire, de livraison, \u00e0 se servir de logiciels de caisse. Les enseignements en communication professionnelle et commerciale permettent aux \u00e9l\u00e8ves d&rsquo;\u00e9tablir le contact avec la client\u00e8le afin de l&rsquo;accompagner dans ses achats.<\/p>\n\n\n\n<p><\/p>\n\n\n\n<h3 class=\"wp-block-heading\"><span style=\"text-decoration: underline;\">Conditions d\u2019admission<\/span><\/h3>\n\n\n\n<p>Le CAP EPC (\u00c9quipier Polyvalent du Commerce) est ouvert aux \u00e9l\u00e8ves sortant d\u2019une classe de <span data-scayt_word=\"3e\" data-scaytid=\"1\">3e<\/span>.<\/p>\n\n\n\n<h3 class=\"wp-block-heading\"><span style=\"text-decoration: underline;\">P\u00e9riodes de formation en entreprise<\/span><\/h3>\n\n\n\n<p>Des p\u00e9riodes de formation en entreprise d\u2019une dur\u00e9e totale de <strong>quatorze semaines sont obligatoires<\/strong>. Ces p\u00e9riodes sont \u00e9valu\u00e9es et les notes obtenues comptent pour l\u2019examen final.<\/p>\n\n\n\n<h3 class=\"wp-block-heading\" id=\"block-ff238417-d87f-4e64-9148-18a8fc6cb1ea\"><span style=\"text-decoration: underline;\">Poursuite d\u2019\u00e9tude au lyc\u00e9e La Fayette<\/span><\/h3>\n\n\n\n<p>Les \u00e9l\u00e8ves titulaires du CAP EPC peuvent \u00e9galement int\u00e9grer le :<\/p>\n\n\n\n<ul class=\"wp-block-list\"><li><a href=\"https:\/\/www.lyceelafayette.fr\/index.php\/bac-pro-commerce\/\">BAC PRO MCV option A :M\u00e9tier du commerce et de la Vente otpion animation et gestion de l&rsquo;espace commercial<\/a><\/li><\/ul>\n\n\n\n<h3 class=\"wp-block-heading\" id=\"block-66af4d0e-9073-4a40-b7a2-ad7dee6f6058\"><span style=\"text-decoration: underline;\">Autres poursuites d\u2019\u00e9tudes possibles<\/span><\/h3>\n\n\n\n<ul class=\"wp-block-list\" id=\"block-571f3d0e-ea85-4989-941c-bb25d3b4185b\"><li><a href=\"https:\/\/www.onisep.fr\/Ressources\/Univers-Formation\/Formations\/Lycees\/bac-pro-metiers-du-commerce-et-de-la-vente-option-b-prospection-clientele-et-valorisation-de-l-offre-commerciale-ex-bac-pro-vente\">Bac pro M\u00e9tiers du commerce et de la vente option B prospection client\u00e8le et valorisation de l&rsquo;offre commerciale (ex bac pro vente)<\/a><\/li><li><a href=\"https:\/\/www.onisep.fr\/Ressources\/Univers-Formation\/Formations\/Post-bac\/mc-assistance-conseil-vente-a-distance\">Mention Compl\u00e9mentaire Assistance, conseil, vente \u00e0 distance<\/a><\/li><\/ul>\n\n\n\n<p><\/p>\n","protected":false},"excerpt":{"rendered":"<p>Le CAP (certificat d&rsquo;aptitude professionnelle) est un dipl\u00f4me professionnel national d\u00e9livr\u00e9 par le Minist\u00e8re de l&rsquo;\u00c9ducation nationale. Il se pr\u00e9pare en 2 ans apr\u00e8s la 3e. Ce CAP remplace, \u00e0 compter de la rentr\u00e9e 2020, les 6 CAP suivants : CAP employ\u00e9 de commerce multi-sp\u00e9cialit\u00e9s, CAP vendeur-magasinier en pi\u00e8ces de&#8230; <a class=\"continue-reading-link\" href=\"https:\/\/www.lyceelafayette.fr\/index.php\/cap-evs\/\">lire la suite<\/a><\/p>\n","protected":false},"author":1,"featured_media":0,"parent":0,"menu_order":0,"comment_status":"closed","ping_status":"closed","template":"","meta":{"footnotes":""},"class_list":["post-871","page","type-page","status-publish","hentry"],"yoast_head":"<!-- This site is optimized with the Yoast SEO plugin v27.3 - https:\/\/yoast.com\/product\/yoast-seo-wordpress\/ -->\n<title>CAP EPC (\u00e9quipier polyvalent du commerce) - Lyc\u00e9e La Fayette<\/title>\n<meta name=\"robots\" content=\"index, follow, max-snippet:-1, max-image-preview:large, max-video-preview:-1\" \/>\n<link rel=\"canonical\" href=\"https:\/\/www.lyceelafayette.fr\/index.php\/cap-evs\/\" \/>\n<meta property=\"og:locale\" content=\"fr_FR\" \/>\n<meta property=\"og:type\" content=\"article\" \/>\n<meta property=\"og:title\" content=\"CAP EPC (\u00e9quipier polyvalent du commerce) - Lyc\u00e9e La Fayette\" \/>\n<meta property=\"og:description\" content=\"Le CAP (certificat d&rsquo;aptitude professionnelle) est un dipl\u00f4me professionnel national d\u00e9livr\u00e9 par le Minist\u00e8re de l&rsquo;\u00c9ducation nationale. Il se pr\u00e9pare en 2 ans apr\u00e8s la 3e. Ce CAP remplace, \u00e0 compter de la rentr\u00e9e 2020, les 6 CAP suivants : CAP employ\u00e9 de commerce multi-sp\u00e9cialit\u00e9s, CAP vendeur-magasinier en pi\u00e8ces de... lire la suite\" \/>\n<meta property=\"og:url\" content=\"https:\/\/www.lyceelafayette.fr\/index.php\/cap-evs\/\" \/>\n<meta property=\"og:site_name\" content=\"Lyc\u00e9e La Fayette\" \/>\n<meta property=\"article:modified_time\" content=\"2021-02-11T12:09:10+00:00\" \/>\n<meta property=\"og:image\" content=\"https:\/\/www.lyceelafayette.fr\/wp-content\/uploads\/2021\/02\/cap-commerce-a5-722x1024.jpg\" \/>\n<meta name=\"twitter:card\" content=\"summary_large_image\" \/>\n<meta name=\"twitter:label1\" content=\"Dur\u00e9e de lecture estim\u00e9e\" \/>\n\t<meta name=\"twitter:data1\" content=\"2 minutes\" \/>\n<script type=\"application\/ld+json\" class=\"yoast-schema-graph\">{\"@context\":\"https:\\\/\\\/schema.org\",\"@graph\":[{\"@type\":\"WebPage\",\"@id\":\"https:\\\/\\\/www.lyceelafayette.fr\\\/index.php\\\/cap-evs\\\/\",\"url\":\"https:\\\/\\\/www.lyceelafayette.fr\\\/index.php\\\/cap-evs\\\/\",\"name\":\"CAP EPC (\u00e9quipier polyvalent du commerce) - Lyc\u00e9e La Fayette\",\"isPartOf\":{\"@id\":\"https:\\\/\\\/www.lyceelafayette.fr\\\/#website\"},\"primaryImageOfPage\":{\"@id\":\"https:\\\/\\\/www.lyceelafayette.fr\\\/index.php\\\/cap-evs\\\/#primaryimage\"},\"image\":{\"@id\":\"https:\\\/\\\/www.lyceelafayette.fr\\\/index.php\\\/cap-evs\\\/#primaryimage\"},\"thumbnailUrl\":\"https:\\\/\\\/www.lyceelafayette.fr\\\/wp-content\\\/uploads\\\/2021\\\/02\\\/cap-commerce-a5-722x1024.jpg\",\"datePublished\":\"2019-03-19T13:17:26+00:00\",\"dateModified\":\"2021-02-11T12:09:10+00:00\",\"breadcrumb\":{\"@id\":\"https:\\\/\\\/www.lyceelafayette.fr\\\/index.php\\\/cap-evs\\\/#breadcrumb\"},\"inLanguage\":\"fr-FR\",\"potentialAction\":[{\"@type\":\"ReadAction\",\"target\":[\"https:\\\/\\\/www.lyceelafayette.fr\\\/index.php\\\/cap-evs\\\/\"]}]},{\"@type\":\"ImageObject\",\"inLanguage\":\"fr-FR\",\"@id\":\"https:\\\/\\\/www.lyceelafayette.fr\\\/index.php\\\/cap-evs\\\/#primaryimage\",\"url\":\"https:\\\/\\\/www.lyceelafayette.fr\\\/wp-content\\\/uploads\\\/2021\\\/02\\\/cap-commerce-a5.jpg\",\"contentUrl\":\"https:\\\/\\\/www.lyceelafayette.fr\\\/wp-content\\\/uploads\\\/2021\\\/02\\\/cap-commerce-a5.jpg\",\"width\":874,\"height\":1240},{\"@type\":\"BreadcrumbList\",\"@id\":\"https:\\\/\\\/www.lyceelafayette.fr\\\/index.php\\\/cap-evs\\\/#breadcrumb\",\"itemListElement\":[{\"@type\":\"ListItem\",\"position\":1,\"name\":\"Accueil\",\"item\":\"https:\\\/\\\/www.lyceelafayette.fr\\\/\"},{\"@type\":\"ListItem\",\"position\":2,\"name\":\"CAP EPC (\u00e9quipier polyvalent du commerce)\"}]},{\"@type\":\"WebSite\",\"@id\":\"https:\\\/\\\/www.lyceelafayette.fr\\\/#website\",\"url\":\"https:\\\/\\\/www.lyceelafayette.fr\\\/\",\"name\":\"Lyc\u00e9e La Fayette\",\"description\":\"\",\"publisher\":{\"@id\":\"https:\\\/\\\/www.lyceelafayette.fr\\\/#organization\"},\"potentialAction\":[{\"@type\":\"SearchAction\",\"target\":{\"@type\":\"EntryPoint\",\"urlTemplate\":\"https:\\\/\\\/www.lyceelafayette.fr\\\/?s={search_term_string}\"},\"query-input\":{\"@type\":\"PropertyValueSpecification\",\"valueRequired\":true,\"valueName\":\"search_term_string\"}}],\"inLanguage\":\"fr-FR\"},{\"@type\":\"Organization\",\"@id\":\"https:\\\/\\\/www.lyceelafayette.fr\\\/#organization\",\"name\":\"Lyc\u00e9e La Fayette\",\"url\":\"https:\\\/\\\/www.lyceelafayette.fr\\\/\",\"logo\":{\"@type\":\"ImageObject\",\"inLanguage\":\"fr-FR\",\"@id\":\"https:\\\/\\\/www.lyceelafayette.fr\\\/#\\\/schema\\\/logo\\\/image\\\/\",\"url\":\"https:\\\/\\\/www.lyceelafayette.fr\\\/wp-content\\\/uploads\\\/2019\\\/06\\\/llf_logo_alpha.png\",\"contentUrl\":\"https:\\\/\\\/www.lyceelafayette.fr\\\/wp-content\\\/uploads\\\/2019\\\/06\\\/llf_logo_alpha.png\",\"width\":1583,\"height\":792,\"caption\":\"Lyc\u00e9e La Fayette\"},\"image\":{\"@id\":\"https:\\\/\\\/www.lyceelafayette.fr\\\/#\\\/schema\\\/logo\\\/image\\\/\"},\"sameAs\":[\"https:\\\/\\\/www.youtube.com\\\/channel\\\/UC2AOQowoMGBKdY4ToZsf9mw\"]}]}<\/script>\n<!-- \/ Yoast SEO plugin. -->","yoast_head_json":{"title":"CAP EPC (\u00e9quipier polyvalent du commerce) - Lyc\u00e9e La Fayette","robots":{"index":"index","follow":"follow","max-snippet":"max-snippet:-1","max-image-preview":"max-image-preview:large","max-video-preview":"max-video-preview:-1"},"canonical":"https:\/\/www.lyceelafayette.fr\/index.php\/cap-evs\/","og_locale":"fr_FR","og_type":"article","og_title":"CAP EPC (\u00e9quipier polyvalent du commerce) - Lyc\u00e9e La Fayette","og_description":"Le CAP (certificat d&rsquo;aptitude professionnelle) est un dipl\u00f4me professionnel national d\u00e9livr\u00e9 par le Minist\u00e8re de l&rsquo;\u00c9ducation nationale. Il se pr\u00e9pare en 2 ans apr\u00e8s la 3e. Ce CAP remplace, \u00e0 compter de la rentr\u00e9e 2020, les 6 CAP suivants : CAP employ\u00e9 de commerce multi-sp\u00e9cialit\u00e9s, CAP vendeur-magasinier en pi\u00e8ces de... lire la suite","og_url":"https:\/\/www.lyceelafayette.fr\/index.php\/cap-evs\/","og_site_name":"Lyc\u00e9e La Fayette","article_modified_time":"2021-02-11T12:09:10+00:00","og_image":[{"url":"https:\/\/www.lyceelafayette.fr\/wp-content\/uploads\/2021\/02\/cap-commerce-a5-722x1024.jpg","type":"","width":"","height":""}],"twitter_card":"summary_large_image","twitter_misc":{"Dur\u00e9e de lecture estim\u00e9e":"2 minutes"},"schema":{"@context":"https:\/\/schema.org","@graph":[{"@type":"WebPage","@id":"https:\/\/www.lyceelafayette.fr\/index.php\/cap-evs\/","url":"https:\/\/www.lyceelafayette.fr\/index.php\/cap-evs\/","name":"CAP EPC (\u00e9quipier polyvalent du commerce) - Lyc\u00e9e La Fayette","isPartOf":{"@id":"https:\/\/www.lyceelafayette.fr\/#website"},"primaryImageOfPage":{"@id":"https:\/\/www.lyceelafayette.fr\/index.php\/cap-evs\/#primaryimage"},"image":{"@id":"https:\/\/www.lyceelafayette.fr\/index.php\/cap-evs\/#primaryimage"},"thumbnailUrl":"https:\/\/www.lyceelafayette.fr\/wp-content\/uploads\/2021\/02\/cap-commerce-a5-722x1024.jpg","datePublished":"2019-03-19T13:17:26+00:00","dateModified":"2021-02-11T12:09:10+00:00","breadcrumb":{"@id":"https:\/\/www.lyceelafayette.fr\/index.php\/cap-evs\/#breadcrumb"},"inLanguage":"fr-FR","potentialAction":[{"@type":"ReadAction","target":["https:\/\/www.lyceelafayette.fr\/index.php\/cap-evs\/"]}]},{"@type":"ImageObject","inLanguage":"fr-FR","@id":"https:\/\/www.lyceelafayette.fr\/index.php\/cap-evs\/#primaryimage","url":"https:\/\/www.lyceelafayette.fr\/wp-content\/uploads\/2021\/02\/cap-commerce-a5.jpg","contentUrl":"https:\/\/www.lyceelafayette.fr\/wp-content\/uploads\/2021\/02\/cap-commerce-a5.jpg","width":874,"height":1240},{"@type":"BreadcrumbList","@id":"https:\/\/www.lyceelafayette.fr\/index.php\/cap-evs\/#breadcrumb","itemListElement":[{"@type":"ListItem","position":1,"name":"Accueil","item":"https:\/\/www.lyceelafayette.fr\/"},{"@type":"ListItem","position":2,"name":"CAP EPC (\u00e9quipier polyvalent du commerce)"}]},{"@type":"WebSite","@id":"https:\/\/www.lyceelafayette.fr\/#website","url":"https:\/\/www.lyceelafayette.fr\/","name":"Lyc\u00e9e La Fayette","description":"","publisher":{"@id":"https:\/\/www.lyceelafayette.fr\/#organization"},"potentialAction":[{"@type":"SearchAction","target":{"@type":"EntryPoint","urlTemplate":"https:\/\/www.lyceelafayette.fr\/?s={search_term_string}"},"query-input":{"@type":"PropertyValueSpecification","valueRequired":true,"valueName":"search_term_string"}}],"inLanguage":"fr-FR"},{"@type":"Organization","@id":"https:\/\/www.lyceelafayette.fr\/#organization","name":"Lyc\u00e9e La Fayette","url":"https:\/\/www.lyceelafayette.fr\/","logo":{"@type":"ImageObject","inLanguage":"fr-FR","@id":"https:\/\/www.lyceelafayette.fr\/#\/schema\/logo\/image\/","url":"https:\/\/www.lyceelafayette.fr\/wp-content\/uploads\/2019\/06\/llf_logo_alpha.png","contentUrl":"https:\/\/www.lyceelafayette.fr\/wp-content\/uploads\/2019\/06\/llf_logo_alpha.png","width":1583,"height":792,"caption":"Lyc\u00e9e La Fayette"},"image":{"@id":"https:\/\/www.lyceelafayette.fr\/#\/schema\/logo\/image\/"},"sameAs":["https:\/\/www.youtube.com\/channel\/UC2AOQowoMGBKdY4ToZsf9mw"]}]}},"_links":{"self":[{"href":"https:\/\/www.lyceelafayette.fr\/index.php\/wp-json\/wp\/v2\/pages\/871","targetHints":{"allow":["GET"]}}],"collection":[{"href":"https:\/\/www.lyceelafayette.fr\/index.php\/wp-json\/wp\/v2\/pages"}],"about":[{"href":"https:\/\/www.lyceelafayette.fr\/index.php\/wp-json\/wp\/v2\/types\/page"}],"author":[{"embeddable":true,"href":"https:\/\/www.lyceelafayette.fr\/index.php\/wp-json\/wp\/v2\/users\/1"}],"replies":[{"embeddable":true,"href":"https:\/\/www.lyceelafayette.fr\/index.php\/wp-json\/wp\/v2\/comments?post=871"}],"version-history":[{"count":13,"href":"https:\/\/www.lyceelafayette.fr\/index.php\/wp-json\/wp\/v2\/pages\/871\/revisions"}],"predecessor-version":[{"id":4167,"href":"https:\/\/www.lyceelafayette.fr\/index.php\/wp-json\/wp\/v2\/pages\/871\/revisions\/4167"}],"wp:attachment":[{"href":"https:\/\/www.lyceelafayette.fr\/index.php\/wp-json\/wp\/v2\/media?parent=871"}],"curies":[{"name":"wp","href":"https:\/\/api.w.org\/{rel}","templated":true}]}}