{"id":86,"date":"2018-12-30T22:39:58","date_gmt":"2018-12-30T21:39:58","guid":{"rendered":"http:\/\/www.lyceelafayette.fr\/?page_id=86"},"modified":"2025-07-04T10:37:51","modified_gmt":"2025-07-04T08:37:51","slug":"reglement-interieur","status":"publish","type":"page","link":"https:\/\/www.lyceelafayette.fr\/index.php\/accueil\/reglement-interieur\/","title":{"rendered":"R\u00e8glement int\u00e9rieur"},"content":{"rendered":"\n<p>Toute vie en collectivit\u00e9 implique le respect d&rsquo;un certain nombre de r\u00e8gles \u00e9tablies d\u00e9mocratiquement pour maintenir l&rsquo;ordre tout en favorisant l&rsquo;initiative personnelle. <\/p>\n\n\n\n<p>Le r\u00e8glement int\u00e9rieur du Lyc\u00e9e La Fayette est l&rsquo;affaire de l&rsquo;ensemble de la communaut\u00e9 \u00e9ducative (personnels, \u00e9l\u00e8ves et parents), et son respect s&rsquo;impose \u00e0 tous. <\/p>\n\n\n\n<p>Veuillez trouver ci-dessous <strong>le R\u00e8glement Int\u00e9rieur du Lyc\u00e9e La Fayette<\/strong>.<\/p>\n\n\n\n<div class=\"wp-block-file\"><a id=\"wp-block-file--media-8af477ca-b0ce-4630-8408-88cf2a1b70cf\" href=\"https:\/\/www.lyceelafayette.fr\/wp-content\/uploads\/2025\/07\/re\u0300glement-inte\u0301rieur-CA-du-3-juillet-2025-version-finale1.pdf\">re\u0300glement inte\u0301rieur CA du 3 juillet 2025<\/a><a href=\"https:\/\/www.lyceelafayette.fr\/wp-content\/uploads\/2025\/07\/re\u0300glement-inte\u0301rieur-CA-du-3-juillet-2025-version-finale1.pdf\" class=\"wp-block-file__button wp-element-button\" download aria-describedby=\"wp-block-file--media-8af477ca-b0ce-4630-8408-88cf2a1b70cf\">T\u00e9l\u00e9charger<\/a><\/div>\n\n\n\n<p><\/p>\n","protected":false},"excerpt":{"rendered":"<p>Toute vie en collectivit\u00e9 implique le respect d&rsquo;un certain nombre de r\u00e8gles \u00e9tablies d\u00e9mocratiquement pour maintenir l&rsquo;ordre tout en favorisant l&rsquo;initiative personnelle. Le r\u00e8glement int\u00e9rieur du Lyc\u00e9e La Fayette est l&rsquo;affaire de l&rsquo;ensemble de la communaut\u00e9 \u00e9ducative (personnels, \u00e9l\u00e8ves et parents), et son respect s&rsquo;impose \u00e0 tous. Veuillez trouver ci-dessous&#8230; <a class=\"continue-reading-link\" href=\"https:\/\/www.lyceelafayette.fr\/index.php\/accueil\/reglement-interieur\/\">lire la suite<\/a><\/p>\n","protected":false},"author":1,"featured_media":0,"parent":269,"menu_order":0,"comment_status":"closed","ping_status":"closed","template":"","meta":{"footnotes":""},"class_list":["post-86","page","type-page","status-publish","hentry"],"yoast_head":"<!-- This site is optimized with the Yoast SEO plugin v27.6 - https:\/\/yoast.com\/product\/yoast-seo-wordpress\/ -->\n<title>R\u00e8glement int\u00e9rieur - Lyc\u00e9e La Fayette<\/title>\n<meta name=\"robots\" content=\"index, follow, max-snippet:-1, max-image-preview:large, max-video-preview:-1\" \/>\n<link rel=\"canonical\" href=\"https:\/\/www.lyceelafayette.fr\/index.php\/accueil\/reglement-interieur\/\" \/>\n<meta property=\"og:locale\" content=\"fr_FR\" \/>\n<meta property=\"og:type\" content=\"article\" \/>\n<meta property=\"og:title\" content=\"R\u00e8glement int\u00e9rieur - Lyc\u00e9e La Fayette\" \/>\n<meta property=\"og:description\" content=\"Toute vie en collectivit\u00e9 implique le respect d&rsquo;un certain nombre de r\u00e8gles \u00e9tablies d\u00e9mocratiquement pour maintenir l&rsquo;ordre tout en favorisant l&rsquo;initiative personnelle. Le r\u00e8glement int\u00e9rieur du Lyc\u00e9e La Fayette est l&rsquo;affaire de l&rsquo;ensemble de la communaut\u00e9 \u00e9ducative (personnels, \u00e9l\u00e8ves et parents), et son respect s&rsquo;impose \u00e0 tous. Veuillez trouver ci-dessous... lire la suite\" \/>\n<meta property=\"og:url\" content=\"https:\/\/www.lyceelafayette.fr\/index.php\/accueil\/reglement-interieur\/\" \/>\n<meta property=\"og:site_name\" content=\"Lyc\u00e9e La Fayette\" \/>\n<meta property=\"article:modified_time\" content=\"2025-07-04T08:37:51+00:00\" \/>\n<meta name=\"twitter:card\" content=\"summary_large_image\" \/>\n<meta name=\"twitter:label1\" content=\"Dur\u00e9e de lecture estim\u00e9e\" \/>\n\t<meta name=\"twitter:data1\" content=\"1 minute\" \/>\n<script type=\"application\/ld+json\" class=\"yoast-schema-graph\">{\"@context\":\"https:\\\/\\\/schema.org\",\"@graph\":[{\"@type\":\"WebPage\",\"@id\":\"https:\\\/\\\/www.lyceelafayette.fr\\\/index.php\\\/accueil\\\/reglement-interieur\\\/\",\"url\":\"https:\\\/\\\/www.lyceelafayette.fr\\\/index.php\\\/accueil\\\/reglement-interieur\\\/\",\"name\":\"R\u00e8glement int\u00e9rieur - Lyc\u00e9e La Fayette\",\"isPartOf\":{\"@id\":\"https:\\\/\\\/www.lyceelafayette.fr\\\/#website\"},\"datePublished\":\"2018-12-30T21:39:58+00:00\",\"dateModified\":\"2025-07-04T08:37:51+00:00\",\"breadcrumb\":{\"@id\":\"https:\\\/\\\/www.lyceelafayette.fr\\\/index.php\\\/accueil\\\/reglement-interieur\\\/#breadcrumb\"},\"inLanguage\":\"fr-FR\",\"potentialAction\":[{\"@type\":\"ReadAction\",\"target\":[\"https:\\\/\\\/www.lyceelafayette.fr\\\/index.php\\\/accueil\\\/reglement-interieur\\\/\"]}]},{\"@type\":\"BreadcrumbList\",\"@id\":\"https:\\\/\\\/www.lyceelafayette.fr\\\/index.php\\\/accueil\\\/reglement-interieur\\\/#breadcrumb\",\"itemListElement\":[{\"@type\":\"ListItem\",\"position\":1,\"name\":\"Accueil\",\"item\":\"https:\\\/\\\/www.lyceelafayette.fr\\\/\"},{\"@type\":\"ListItem\",\"position\":2,\"name\":\"Un peu d\u2019histoire locale \u2026\",\"item\":\"https:\\\/\\\/www.lyceelafayette.fr\\\/index.php\\\/accueil\\\/\"},{\"@type\":\"ListItem\",\"position\":3,\"name\":\"R\u00e8glement int\u00e9rieur\"}]},{\"@type\":\"WebSite\",\"@id\":\"https:\\\/\\\/www.lyceelafayette.fr\\\/#website\",\"url\":\"https:\\\/\\\/www.lyceelafayette.fr\\\/\",\"name\":\"Lyc\u00e9e La Fayette\",\"description\":\"\",\"publisher\":{\"@id\":\"https:\\\/\\\/www.lyceelafayette.fr\\\/#organization\"},\"potentialAction\":[{\"@type\":\"SearchAction\",\"target\":{\"@type\":\"EntryPoint\",\"urlTemplate\":\"https:\\\/\\\/www.lyceelafayette.fr\\\/?s={search_term_string}\"},\"query-input\":{\"@type\":\"PropertyValueSpecification\",\"valueRequired\":true,\"valueName\":\"search_term_string\"}}],\"inLanguage\":\"fr-FR\"},{\"@type\":\"Organization\",\"@id\":\"https:\\\/\\\/www.lyceelafayette.fr\\\/#organization\",\"name\":\"Lyc\u00e9e La Fayette\",\"url\":\"https:\\\/\\\/www.lyceelafayette.fr\\\/\",\"logo\":{\"@type\":\"ImageObject\",\"inLanguage\":\"fr-FR\",\"@id\":\"https:\\\/\\\/www.lyceelafayette.fr\\\/#\\\/schema\\\/logo\\\/image\\\/\",\"url\":\"https:\\\/\\\/www.lyceelafayette.fr\\\/wp-content\\\/uploads\\\/2019\\\/06\\\/llf_logo_alpha.png\",\"contentUrl\":\"https:\\\/\\\/www.lyceelafayette.fr\\\/wp-content\\\/uploads\\\/2019\\\/06\\\/llf_logo_alpha.png\",\"width\":1583,\"height\":792,\"caption\":\"Lyc\u00e9e La Fayette\"},\"image\":{\"@id\":\"https:\\\/\\\/www.lyceelafayette.fr\\\/#\\\/schema\\\/logo\\\/image\\\/\"},\"sameAs\":[\"https:\\\/\\\/www.youtube.com\\\/channel\\\/UC2AOQowoMGBKdY4ToZsf9mw\"]}]}<\/script>\n<!-- \/ Yoast SEO plugin. -->","yoast_head_json":{"title":"R\u00e8glement int\u00e9rieur - Lyc\u00e9e La Fayette","robots":{"index":"index","follow":"follow","max-snippet":"max-snippet:-1","max-image-preview":"max-image-preview:large","max-video-preview":"max-video-preview:-1"},"canonical":"https:\/\/www.lyceelafayette.fr\/index.php\/accueil\/reglement-interieur\/","og_locale":"fr_FR","og_type":"article","og_title":"R\u00e8glement int\u00e9rieur - Lyc\u00e9e La Fayette","og_description":"Toute vie en collectivit\u00e9 implique le respect d&rsquo;un certain nombre de r\u00e8gles \u00e9tablies d\u00e9mocratiquement pour maintenir l&rsquo;ordre tout en favorisant l&rsquo;initiative personnelle. Le r\u00e8glement int\u00e9rieur du Lyc\u00e9e La Fayette est l&rsquo;affaire de l&rsquo;ensemble de la communaut\u00e9 \u00e9ducative (personnels, \u00e9l\u00e8ves et parents), et son respect s&rsquo;impose \u00e0 tous. Veuillez trouver ci-dessous... lire la suite","og_url":"https:\/\/www.lyceelafayette.fr\/index.php\/accueil\/reglement-interieur\/","og_site_name":"Lyc\u00e9e La Fayette","article_modified_time":"2025-07-04T08:37:51+00:00","twitter_card":"summary_large_image","twitter_misc":{"Dur\u00e9e de lecture estim\u00e9e":"1 minute"},"schema":{"@context":"https:\/\/schema.org","@graph":[{"@type":"WebPage","@id":"https:\/\/www.lyceelafayette.fr\/index.php\/accueil\/reglement-interieur\/","url":"https:\/\/www.lyceelafayette.fr\/index.php\/accueil\/reglement-interieur\/","name":"R\u00e8glement int\u00e9rieur - Lyc\u00e9e La Fayette","isPartOf":{"@id":"https:\/\/www.lyceelafayette.fr\/#website"},"datePublished":"2018-12-30T21:39:58+00:00","dateModified":"2025-07-04T08:37:51+00:00","breadcrumb":{"@id":"https:\/\/www.lyceelafayette.fr\/index.php\/accueil\/reglement-interieur\/#breadcrumb"},"inLanguage":"fr-FR","potentialAction":[{"@type":"ReadAction","target":["https:\/\/www.lyceelafayette.fr\/index.php\/accueil\/reglement-interieur\/"]}]},{"@type":"BreadcrumbList","@id":"https:\/\/www.lyceelafayette.fr\/index.php\/accueil\/reglement-interieur\/#breadcrumb","itemListElement":[{"@type":"ListItem","position":1,"name":"Accueil","item":"https:\/\/www.lyceelafayette.fr\/"},{"@type":"ListItem","position":2,"name":"Un peu d\u2019histoire locale \u2026","item":"https:\/\/www.lyceelafayette.fr\/index.php\/accueil\/"},{"@type":"ListItem","position":3,"name":"R\u00e8glement int\u00e9rieur"}]},{"@type":"WebSite","@id":"https:\/\/www.lyceelafayette.fr\/#website","url":"https:\/\/www.lyceelafayette.fr\/","name":"Lyc\u00e9e La Fayette","description":"","publisher":{"@id":"https:\/\/www.lyceelafayette.fr\/#organization"},"potentialAction":[{"@type":"SearchAction","target":{"@type":"EntryPoint","urlTemplate":"https:\/\/www.lyceelafayette.fr\/?s={search_term_string}"},"query-input":{"@type":"PropertyValueSpecification","valueRequired":true,"valueName":"search_term_string"}}],"inLanguage":"fr-FR"},{"@type":"Organization","@id":"https:\/\/www.lyceelafayette.fr\/#organization","name":"Lyc\u00e9e La Fayette","url":"https:\/\/www.lyceelafayette.fr\/","logo":{"@type":"ImageObject","inLanguage":"fr-FR","@id":"https:\/\/www.lyceelafayette.fr\/#\/schema\/logo\/image\/","url":"https:\/\/www.lyceelafayette.fr\/wp-content\/uploads\/2019\/06\/llf_logo_alpha.png","contentUrl":"https:\/\/www.lyceelafayette.fr\/wp-content\/uploads\/2019\/06\/llf_logo_alpha.png","width":1583,"height":792,"caption":"Lyc\u00e9e La Fayette"},"image":{"@id":"https:\/\/www.lyceelafayette.fr\/#\/schema\/logo\/image\/"},"sameAs":["https:\/\/www.youtube.com\/channel\/UC2AOQowoMGBKdY4ToZsf9mw"]}]}},"_links":{"self":[{"href":"https:\/\/www.lyceelafayette.fr\/index.php\/wp-json\/wp\/v2\/pages\/86","targetHints":{"allow":["GET"]}}],"collection":[{"href":"https:\/\/www.lyceelafayette.fr\/index.php\/wp-json\/wp\/v2\/pages"}],"about":[{"href":"https:\/\/www.lyceelafayette.fr\/index.php\/wp-json\/wp\/v2\/types\/page"}],"author":[{"embeddable":true,"href":"https:\/\/www.lyceelafayette.fr\/index.php\/wp-json\/wp\/v2\/users\/1"}],"replies":[{"embeddable":true,"href":"https:\/\/www.lyceelafayette.fr\/index.php\/wp-json\/wp\/v2\/comments?post=86"}],"version-history":[{"count":21,"href":"https:\/\/www.lyceelafayette.fr\/index.php\/wp-json\/wp\/v2\/pages\/86\/revisions"}],"predecessor-version":[{"id":7132,"href":"https:\/\/www.lyceelafayette.fr\/index.php\/wp-json\/wp\/v2\/pages\/86\/revisions\/7132"}],"up":[{"embeddable":true,"href":"https:\/\/www.lyceelafayette.fr\/index.php\/wp-json\/wp\/v2\/pages\/269"}],"wp:attachment":[{"href":"https:\/\/www.lyceelafayette.fr\/index.php\/wp-json\/wp\/v2\/media?parent=86"}],"curies":[{"name":"wp","href":"https:\/\/api.w.org\/{rel}","templated":true}]}}