{"id":4577,"date":"2021-03-05T09:31:03","date_gmt":"2021-03-05T08:31:03","guid":{"rendered":"https:\/\/www.lyceelafayette.fr\/?page_id=4577"},"modified":"2022-03-15T12:38:19","modified_gmt":"2022-03-15T11:38:19","slug":"internat","status":"publish","type":"page","link":"https:\/\/www.lyceelafayette.fr\/index.php\/internat\/","title":{"rendered":"INTERNAT"},"content":{"rendered":"\n<h3 class=\"wp-block-heading\"><span style=\"text-decoration: underline;\">Descriptif<\/span> :<\/h3>\n\n\n\n<p>L\u2019\u00e9tablissement dispose d\u2019un internat mixte de 275 places r\u00e9parties comme suit :<\/p>\n\n\n\n<ul class=\"wp-block-list\"><li>210 places sur le site de CHAMPAGNE SUR SEINE, (60 places filles, 150 places gar\u00e7ons)<\/li><li>65 places sur le site de FONTAINEROUX (gar\u00e7ons)<\/li><\/ul>\n\n\n\n<p>Affichez les tarifs : <strong><a href=\"https:\/\/www.lyceelafayette.fr\/index.php\/tarifs-internat-et-demi-pension-2020-2021\/\">Cliquez ici<\/a><\/strong><\/p>\n\n\n\n<p>Affichez le trousseau n\u00e9cessaire (valable pour les 2 sites) : <strong><a href=\"https:\/\/www.lyceelafayette.fr\/index.php\/le-trousseau-internat-du-lycee-la-fayette\/\">Cliquez ici<\/a><\/strong><\/p>\n\n\n\n<p>Pour toute question compl\u00e9mentaire, n\u2019h\u00e9sitez pas \u00e0 contacter le<strong>&nbsp;<a href=\"https:\/\/www.lyceelafayette.fr\/index.php\/accueil\/la-communautee-eduvcative\/le-personnel-administratif-et-vie-scolaire\/\">service Vie Scolaire<\/a>.<\/strong><\/p>\n\n\n\n<p><\/p>\n\n\n\n<p>Activit\u00e9s et vie collective : Une salle de musculation, un foyer, une salle TV et diff\u00e9rentes activit\u00e9s sont propos\u00e9s sur les deux sites.<\/p>\n\n\n\n<p>D\u00e9couvrez en vid\u00e9o l&rsquo;internat du site de Fontaineroux  :<\/p>\n\n\n<p><\/p>\n<p style=\"text-align:center;\"><iframe loading=\"lazy\" src=\"https:\/\/www.youtube.com\/embed\/xsga6w1eSkI\" allowfullscreen=\"allowfullscreen\" width=\"560\" height=\"315\" frameborder=\"0\"><\/iframe><\/p>\n<p><\/p>\n\n\n<p><\/p>\n","protected":false},"excerpt":{"rendered":"<p>Descriptif : L\u2019\u00e9tablissement dispose d\u2019un internat mixte de 275 places r\u00e9parties comme suit : 210 places sur le site de CHAMPAGNE SUR SEINE, (60 places filles, 150 places gar\u00e7ons) 65 places sur le site de FONTAINEROUX (gar\u00e7ons) Affichez les tarifs : Cliquez ici Affichez le trousseau n\u00e9cessaire (valable pour les&#8230; <a class=\"continue-reading-link\" href=\"https:\/\/www.lyceelafayette.fr\/index.php\/internat\/\">lire la suite<\/a><\/p>\n","protected":false},"author":1,"featured_media":0,"parent":0,"menu_order":0,"comment_status":"closed","ping_status":"closed","template":"","meta":{"footnotes":""},"class_list":["post-4577","page","type-page","status-publish","hentry"],"yoast_head":"<!-- This site is optimized with the Yoast SEO plugin v27.4 - https:\/\/yoast.com\/product\/yoast-seo-wordpress\/ -->\n<title>INTERNAT - Lyc\u00e9e La Fayette<\/title>\n<meta name=\"robots\" content=\"index, follow, max-snippet:-1, max-image-preview:large, max-video-preview:-1\" \/>\n<link rel=\"canonical\" href=\"https:\/\/www.lyceelafayette.fr\/index.php\/internat\/\" \/>\n<meta property=\"og:locale\" content=\"fr_FR\" \/>\n<meta property=\"og:type\" content=\"article\" \/>\n<meta property=\"og:title\" content=\"INTERNAT - Lyc\u00e9e La Fayette\" \/>\n<meta property=\"og:description\" content=\"Descriptif : L\u2019\u00e9tablissement dispose d\u2019un internat mixte de 275 places r\u00e9parties comme suit : 210 places sur le site de CHAMPAGNE SUR SEINE, (60 places filles, 150 places gar\u00e7ons) 65 places sur le site de FONTAINEROUX (gar\u00e7ons) Affichez les tarifs : Cliquez ici Affichez le trousseau n\u00e9cessaire (valable pour les... lire la suite\" \/>\n<meta property=\"og:url\" content=\"https:\/\/www.lyceelafayette.fr\/index.php\/internat\/\" \/>\n<meta property=\"og:site_name\" content=\"Lyc\u00e9e La Fayette\" \/>\n<meta property=\"article:modified_time\" content=\"2022-03-15T11:38:19+00:00\" \/>\n<meta name=\"twitter:card\" content=\"summary_large_image\" \/>\n<meta name=\"twitter:label1\" content=\"Dur\u00e9e de lecture estim\u00e9e\" \/>\n\t<meta name=\"twitter:data1\" content=\"1 minute\" \/>\n<script type=\"application\/ld+json\" class=\"yoast-schema-graph\">{\"@context\":\"https:\\\/\\\/schema.org\",\"@graph\":[{\"@type\":\"WebPage\",\"@id\":\"https:\\\/\\\/www.lyceelafayette.fr\\\/index.php\\\/internat\\\/\",\"url\":\"https:\\\/\\\/www.lyceelafayette.fr\\\/index.php\\\/internat\\\/\",\"name\":\"INTERNAT - Lyc\u00e9e La Fayette\",\"isPartOf\":{\"@id\":\"https:\\\/\\\/www.lyceelafayette.fr\\\/#website\"},\"datePublished\":\"2021-03-05T08:31:03+00:00\",\"dateModified\":\"2022-03-15T11:38:19+00:00\",\"breadcrumb\":{\"@id\":\"https:\\\/\\\/www.lyceelafayette.fr\\\/index.php\\\/internat\\\/#breadcrumb\"},\"inLanguage\":\"fr-FR\",\"potentialAction\":[{\"@type\":\"ReadAction\",\"target\":[\"https:\\\/\\\/www.lyceelafayette.fr\\\/index.php\\\/internat\\\/\"]}]},{\"@type\":\"BreadcrumbList\",\"@id\":\"https:\\\/\\\/www.lyceelafayette.fr\\\/index.php\\\/internat\\\/#breadcrumb\",\"itemListElement\":[{\"@type\":\"ListItem\",\"position\":1,\"name\":\"Accueil\",\"item\":\"https:\\\/\\\/www.lyceelafayette.fr\\\/\"},{\"@type\":\"ListItem\",\"position\":2,\"name\":\"INTERNAT\"}]},{\"@type\":\"WebSite\",\"@id\":\"https:\\\/\\\/www.lyceelafayette.fr\\\/#website\",\"url\":\"https:\\\/\\\/www.lyceelafayette.fr\\\/\",\"name\":\"Lyc\u00e9e La Fayette\",\"description\":\"\",\"publisher\":{\"@id\":\"https:\\\/\\\/www.lyceelafayette.fr\\\/#organization\"},\"potentialAction\":[{\"@type\":\"SearchAction\",\"target\":{\"@type\":\"EntryPoint\",\"urlTemplate\":\"https:\\\/\\\/www.lyceelafayette.fr\\\/?s={search_term_string}\"},\"query-input\":{\"@type\":\"PropertyValueSpecification\",\"valueRequired\":true,\"valueName\":\"search_term_string\"}}],\"inLanguage\":\"fr-FR\"},{\"@type\":\"Organization\",\"@id\":\"https:\\\/\\\/www.lyceelafayette.fr\\\/#organization\",\"name\":\"Lyc\u00e9e La Fayette\",\"url\":\"https:\\\/\\\/www.lyceelafayette.fr\\\/\",\"logo\":{\"@type\":\"ImageObject\",\"inLanguage\":\"fr-FR\",\"@id\":\"https:\\\/\\\/www.lyceelafayette.fr\\\/#\\\/schema\\\/logo\\\/image\\\/\",\"url\":\"https:\\\/\\\/www.lyceelafayette.fr\\\/wp-content\\\/uploads\\\/2019\\\/06\\\/llf_logo_alpha.png\",\"contentUrl\":\"https:\\\/\\\/www.lyceelafayette.fr\\\/wp-content\\\/uploads\\\/2019\\\/06\\\/llf_logo_alpha.png\",\"width\":1583,\"height\":792,\"caption\":\"Lyc\u00e9e La Fayette\"},\"image\":{\"@id\":\"https:\\\/\\\/www.lyceelafayette.fr\\\/#\\\/schema\\\/logo\\\/image\\\/\"},\"sameAs\":[\"https:\\\/\\\/www.youtube.com\\\/channel\\\/UC2AOQowoMGBKdY4ToZsf9mw\"]}]}<\/script>\n<!-- \/ Yoast SEO plugin. -->","yoast_head_json":{"title":"INTERNAT - Lyc\u00e9e La Fayette","robots":{"index":"index","follow":"follow","max-snippet":"max-snippet:-1","max-image-preview":"max-image-preview:large","max-video-preview":"max-video-preview:-1"},"canonical":"https:\/\/www.lyceelafayette.fr\/index.php\/internat\/","og_locale":"fr_FR","og_type":"article","og_title":"INTERNAT - Lyc\u00e9e La Fayette","og_description":"Descriptif : L\u2019\u00e9tablissement dispose d\u2019un internat mixte de 275 places r\u00e9parties comme suit : 210 places sur le site de CHAMPAGNE SUR SEINE, (60 places filles, 150 places gar\u00e7ons) 65 places sur le site de FONTAINEROUX (gar\u00e7ons) Affichez les tarifs : Cliquez ici Affichez le trousseau n\u00e9cessaire (valable pour les... lire la suite","og_url":"https:\/\/www.lyceelafayette.fr\/index.php\/internat\/","og_site_name":"Lyc\u00e9e La Fayette","article_modified_time":"2022-03-15T11:38:19+00:00","twitter_card":"summary_large_image","twitter_misc":{"Dur\u00e9e de lecture estim\u00e9e":"1 minute"},"schema":{"@context":"https:\/\/schema.org","@graph":[{"@type":"WebPage","@id":"https:\/\/www.lyceelafayette.fr\/index.php\/internat\/","url":"https:\/\/www.lyceelafayette.fr\/index.php\/internat\/","name":"INTERNAT - Lyc\u00e9e La Fayette","isPartOf":{"@id":"https:\/\/www.lyceelafayette.fr\/#website"},"datePublished":"2021-03-05T08:31:03+00:00","dateModified":"2022-03-15T11:38:19+00:00","breadcrumb":{"@id":"https:\/\/www.lyceelafayette.fr\/index.php\/internat\/#breadcrumb"},"inLanguage":"fr-FR","potentialAction":[{"@type":"ReadAction","target":["https:\/\/www.lyceelafayette.fr\/index.php\/internat\/"]}]},{"@type":"BreadcrumbList","@id":"https:\/\/www.lyceelafayette.fr\/index.php\/internat\/#breadcrumb","itemListElement":[{"@type":"ListItem","position":1,"name":"Accueil","item":"https:\/\/www.lyceelafayette.fr\/"},{"@type":"ListItem","position":2,"name":"INTERNAT"}]},{"@type":"WebSite","@id":"https:\/\/www.lyceelafayette.fr\/#website","url":"https:\/\/www.lyceelafayette.fr\/","name":"Lyc\u00e9e La Fayette","description":"","publisher":{"@id":"https:\/\/www.lyceelafayette.fr\/#organization"},"potentialAction":[{"@type":"SearchAction","target":{"@type":"EntryPoint","urlTemplate":"https:\/\/www.lyceelafayette.fr\/?s={search_term_string}"},"query-input":{"@type":"PropertyValueSpecification","valueRequired":true,"valueName":"search_term_string"}}],"inLanguage":"fr-FR"},{"@type":"Organization","@id":"https:\/\/www.lyceelafayette.fr\/#organization","name":"Lyc\u00e9e La Fayette","url":"https:\/\/www.lyceelafayette.fr\/","logo":{"@type":"ImageObject","inLanguage":"fr-FR","@id":"https:\/\/www.lyceelafayette.fr\/#\/schema\/logo\/image\/","url":"https:\/\/www.lyceelafayette.fr\/wp-content\/uploads\/2019\/06\/llf_logo_alpha.png","contentUrl":"https:\/\/www.lyceelafayette.fr\/wp-content\/uploads\/2019\/06\/llf_logo_alpha.png","width":1583,"height":792,"caption":"Lyc\u00e9e La Fayette"},"image":{"@id":"https:\/\/www.lyceelafayette.fr\/#\/schema\/logo\/image\/"},"sameAs":["https:\/\/www.youtube.com\/channel\/UC2AOQowoMGBKdY4ToZsf9mw"]}]}},"_links":{"self":[{"href":"https:\/\/www.lyceelafayette.fr\/index.php\/wp-json\/wp\/v2\/pages\/4577","targetHints":{"allow":["GET"]}}],"collection":[{"href":"https:\/\/www.lyceelafayette.fr\/index.php\/wp-json\/wp\/v2\/pages"}],"about":[{"href":"https:\/\/www.lyceelafayette.fr\/index.php\/wp-json\/wp\/v2\/types\/page"}],"author":[{"embeddable":true,"href":"https:\/\/www.lyceelafayette.fr\/index.php\/wp-json\/wp\/v2\/users\/1"}],"replies":[{"embeddable":true,"href":"https:\/\/www.lyceelafayette.fr\/index.php\/wp-json\/wp\/v2\/comments?post=4577"}],"version-history":[{"count":9,"href":"https:\/\/www.lyceelafayette.fr\/index.php\/wp-json\/wp\/v2\/pages\/4577\/revisions"}],"predecessor-version":[{"id":5559,"href":"https:\/\/www.lyceelafayette.fr\/index.php\/wp-json\/wp\/v2\/pages\/4577\/revisions\/5559"}],"wp:attachment":[{"href":"https:\/\/www.lyceelafayette.fr\/index.php\/wp-json\/wp\/v2\/media?parent=4577"}],"curies":[{"name":"wp","href":"https:\/\/api.w.org\/{rel}","templated":true}]}}