{"id":4222,"date":"2021-02-11T15:06:46","date_gmt":"2021-02-11T14:06:46","guid":{"rendered":"https:\/\/www.lyceelafayette.fr\/?page_id=4222"},"modified":"2024-01-19T14:51:08","modified_gmt":"2024-01-19T13:51:08","slug":"tarifs-internat-et-demi-pension-2020-2021","status":"publish","type":"page","link":"https:\/\/www.lyceelafayette.fr\/index.php\/tarifs-internat-et-demi-pension-2020-2021\/","title":{"rendered":"Tarifs Internat et Demi-pension"},"content":{"rendered":"\n<p>Tarif h\u00e9bergements 2023-2024<\/p>\n\n\n\n<figure class=\"wp-block-table\"><table><tbody><tr><td><span style=\"font-weight:bold;\">TRIMESTRES<\/span><\/td><td><span style=\"font-weight:bold;\">INTERNAT<\/span><\/td><\/tr><tr><td><span style=\"font-weight:bold;\">De septembre \u00e0 d\u00e9cembre<\/span><\/td><td>673,40 euros<\/td><\/tr><tr><td><span style=\"font-weight:bold;\">De janvier \u00e0 avril<\/span><\/td><td>586,82 euros (*) <\/td><\/tr><tr><td><span style=\"font-weight:bold;\">De mai \u00e0 juin<\/span><\/td><td>365,56 euros (*)  <\/td><\/tr><tr><td><span style=\"font-weight:bold;\">Total<\/span><\/td><td>1625,78 euros<\/td><\/tr><tr><td><span style=\"font-weight:bold;\">CARTE MAGNETIQUE<\/span><\/td><td>1\u00e8re carte magn\u00e9tique offerte<br>Remplacement de carte : 5,00 euros<\/td><\/tr><\/tbody><\/table><figcaption class=\"wp-element-caption\"> (*) : Tarifs donn\u00e9s \u00e0 titre indicatif, susceptibles d&rsquo;\u00eatre r\u00e9\u00e9valu\u00e9s \u00e0 partir du 1er septembre 2024 par la R\u00e9gion Ile de France<\/figcaption><\/figure>\n\n\n\n<p> <br> Tarif repas demi-pension 2023-2024.<\/p>\n\n\n\n<figure class=\"wp-block-table\"><table><tbody><tr><td colspan=\"11\"> <span style=\"font-weight:bold;\">TARIFS DEMI-PENSION<\/span> &#8211; ann\u00e9e 2021-2022 <\/td><\/tr><tr><td> <\/td><td>A<\/td><td>B<\/td><td>C<\/td><td>D<\/td><td>E<\/td><td>F<\/td><td>G<\/td><td>H<\/td><td>I<\/td><td>J<\/td><\/tr><tr><td><span style=\"font-weight:bold;\">Tranche QF (*)<\/span><\/td><td>183<\/td><td>353<\/td><td>518<\/td><td>689<\/td><td>874<\/td><td>1078<\/td><td>1333<\/td><td>1689<\/td><td>2388<\/td><td>&gt; 2388<\/td><\/tr><tr><td><span style=\"font-weight:bold;\">Tarifs (en euros)<\/span><\/td><td>0,50<\/td><td>1,74<\/td><td>1,94<\/td><td>2,15<\/td><td>2,35<\/td><td>2,56<\/td><td>2,76<\/td><td>3,30<\/td><td>3,85<\/td><td>4,40<\/td><\/tr><tr><td colspan=\"11\">\n(*) Tranche QF : Montant en euros du seuil du Quotient Familial mensuel (ressources mensuelles des familles y compris les prestations familiales tenant compte de la composition familiale). \n<\/td><\/tr><tr><td colspan=\"5\"> CARTE MAGNETIQUE <\/td><td colspan=\"6\">1\u00e8re Carte : 2,50 euros \/ Remplacement : 5,00 euros <\/td><\/tr><\/tbody><\/table><\/figure>\n","protected":false},"excerpt":{"rendered":"<p>Tarif h\u00e9bergements 2023-2024 TRIMESTRES INTERNAT De septembre \u00e0 d\u00e9cembre 673,40 euros De janvier \u00e0 avril 586,82 euros (*) De mai \u00e0 juin 365,56 euros (*) Total 1625,78 euros CARTE MAGNETIQUE 1\u00e8re carte magn\u00e9tique offerteRemplacement de carte : 5,00 euros (*) : Tarifs donn\u00e9s \u00e0 titre indicatif, susceptibles d&rsquo;\u00eatre r\u00e9\u00e9valu\u00e9s \u00e0&#8230; <a class=\"continue-reading-link\" href=\"https:\/\/www.lyceelafayette.fr\/index.php\/tarifs-internat-et-demi-pension-2020-2021\/\">lire la suite<\/a><\/p>\n","protected":false},"author":8,"featured_media":0,"parent":0,"menu_order":0,"comment_status":"closed","ping_status":"closed","template":"","meta":{"footnotes":""},"class_list":["post-4222","page","type-page","status-publish","hentry"],"yoast_head":"<!-- This site is optimized with the Yoast SEO plugin v27.3 - https:\/\/yoast.com\/product\/yoast-seo-wordpress\/ -->\n<title>Tarifs Internat et Demi-pension - Lyc\u00e9e La Fayette<\/title>\n<meta name=\"robots\" content=\"index, follow, max-snippet:-1, max-image-preview:large, max-video-preview:-1\" \/>\n<link rel=\"canonical\" href=\"https:\/\/www.lyceelafayette.fr\/index.php\/tarifs-internat-et-demi-pension-2020-2021\/\" \/>\n<meta property=\"og:locale\" content=\"fr_FR\" \/>\n<meta property=\"og:type\" content=\"article\" \/>\n<meta property=\"og:title\" content=\"Tarifs Internat et Demi-pension - Lyc\u00e9e La Fayette\" \/>\n<meta property=\"og:description\" content=\"Tarif h\u00e9bergements 2023-2024 TRIMESTRES INTERNAT De septembre \u00e0 d\u00e9cembre 673,40 euros De janvier \u00e0 avril 586,82 euros (*) De mai \u00e0 juin 365,56 euros (*) Total 1625,78 euros CARTE MAGNETIQUE 1\u00e8re carte magn\u00e9tique offerteRemplacement de carte : 5,00 euros (*) : Tarifs donn\u00e9s \u00e0 titre indicatif, susceptibles d&rsquo;\u00eatre r\u00e9\u00e9valu\u00e9s \u00e0... lire la suite\" \/>\n<meta property=\"og:url\" content=\"https:\/\/www.lyceelafayette.fr\/index.php\/tarifs-internat-et-demi-pension-2020-2021\/\" \/>\n<meta property=\"og:site_name\" content=\"Lyc\u00e9e La Fayette\" \/>\n<meta property=\"article:modified_time\" content=\"2024-01-19T13:51:08+00:00\" \/>\n<meta name=\"twitter:card\" content=\"summary_large_image\" \/>\n<meta name=\"twitter:label1\" content=\"Dur\u00e9e de lecture estim\u00e9e\" \/>\n\t<meta name=\"twitter:data1\" content=\"1 minute\" \/>\n<script type=\"application\/ld+json\" class=\"yoast-schema-graph\">{\"@context\":\"https:\\\/\\\/schema.org\",\"@graph\":[{\"@type\":\"WebPage\",\"@id\":\"https:\\\/\\\/www.lyceelafayette.fr\\\/index.php\\\/tarifs-internat-et-demi-pension-2020-2021\\\/\",\"url\":\"https:\\\/\\\/www.lyceelafayette.fr\\\/index.php\\\/tarifs-internat-et-demi-pension-2020-2021\\\/\",\"name\":\"Tarifs Internat et Demi-pension - Lyc\u00e9e La Fayette\",\"isPartOf\":{\"@id\":\"https:\\\/\\\/www.lyceelafayette.fr\\\/#website\"},\"datePublished\":\"2021-02-11T14:06:46+00:00\",\"dateModified\":\"2024-01-19T13:51:08+00:00\",\"breadcrumb\":{\"@id\":\"https:\\\/\\\/www.lyceelafayette.fr\\\/index.php\\\/tarifs-internat-et-demi-pension-2020-2021\\\/#breadcrumb\"},\"inLanguage\":\"fr-FR\",\"potentialAction\":[{\"@type\":\"ReadAction\",\"target\":[\"https:\\\/\\\/www.lyceelafayette.fr\\\/index.php\\\/tarifs-internat-et-demi-pension-2020-2021\\\/\"]}]},{\"@type\":\"BreadcrumbList\",\"@id\":\"https:\\\/\\\/www.lyceelafayette.fr\\\/index.php\\\/tarifs-internat-et-demi-pension-2020-2021\\\/#breadcrumb\",\"itemListElement\":[{\"@type\":\"ListItem\",\"position\":1,\"name\":\"Accueil\",\"item\":\"https:\\\/\\\/www.lyceelafayette.fr\\\/\"},{\"@type\":\"ListItem\",\"position\":2,\"name\":\"Tarifs Internat et Demi-pension\"}]},{\"@type\":\"WebSite\",\"@id\":\"https:\\\/\\\/www.lyceelafayette.fr\\\/#website\",\"url\":\"https:\\\/\\\/www.lyceelafayette.fr\\\/\",\"name\":\"Lyc\u00e9e La Fayette\",\"description\":\"\",\"publisher\":{\"@id\":\"https:\\\/\\\/www.lyceelafayette.fr\\\/#organization\"},\"potentialAction\":[{\"@type\":\"SearchAction\",\"target\":{\"@type\":\"EntryPoint\",\"urlTemplate\":\"https:\\\/\\\/www.lyceelafayette.fr\\\/?s={search_term_string}\"},\"query-input\":{\"@type\":\"PropertyValueSpecification\",\"valueRequired\":true,\"valueName\":\"search_term_string\"}}],\"inLanguage\":\"fr-FR\"},{\"@type\":\"Organization\",\"@id\":\"https:\\\/\\\/www.lyceelafayette.fr\\\/#organization\",\"name\":\"Lyc\u00e9e La Fayette\",\"url\":\"https:\\\/\\\/www.lyceelafayette.fr\\\/\",\"logo\":{\"@type\":\"ImageObject\",\"inLanguage\":\"fr-FR\",\"@id\":\"https:\\\/\\\/www.lyceelafayette.fr\\\/#\\\/schema\\\/logo\\\/image\\\/\",\"url\":\"https:\\\/\\\/www.lyceelafayette.fr\\\/wp-content\\\/uploads\\\/2019\\\/06\\\/llf_logo_alpha.png\",\"contentUrl\":\"https:\\\/\\\/www.lyceelafayette.fr\\\/wp-content\\\/uploads\\\/2019\\\/06\\\/llf_logo_alpha.png\",\"width\":1583,\"height\":792,\"caption\":\"Lyc\u00e9e La Fayette\"},\"image\":{\"@id\":\"https:\\\/\\\/www.lyceelafayette.fr\\\/#\\\/schema\\\/logo\\\/image\\\/\"},\"sameAs\":[\"https:\\\/\\\/www.youtube.com\\\/channel\\\/UC2AOQowoMGBKdY4ToZsf9mw\"]}]}<\/script>\n<!-- \/ Yoast SEO plugin. -->","yoast_head_json":{"title":"Tarifs Internat et Demi-pension - Lyc\u00e9e La Fayette","robots":{"index":"index","follow":"follow","max-snippet":"max-snippet:-1","max-image-preview":"max-image-preview:large","max-video-preview":"max-video-preview:-1"},"canonical":"https:\/\/www.lyceelafayette.fr\/index.php\/tarifs-internat-et-demi-pension-2020-2021\/","og_locale":"fr_FR","og_type":"article","og_title":"Tarifs Internat et Demi-pension - Lyc\u00e9e La Fayette","og_description":"Tarif h\u00e9bergements 2023-2024 TRIMESTRES INTERNAT De septembre \u00e0 d\u00e9cembre 673,40 euros De janvier \u00e0 avril 586,82 euros (*) De mai \u00e0 juin 365,56 euros (*) Total 1625,78 euros CARTE MAGNETIQUE 1\u00e8re carte magn\u00e9tique offerteRemplacement de carte : 5,00 euros (*) : Tarifs donn\u00e9s \u00e0 titre indicatif, susceptibles d&rsquo;\u00eatre r\u00e9\u00e9valu\u00e9s \u00e0... lire la suite","og_url":"https:\/\/www.lyceelafayette.fr\/index.php\/tarifs-internat-et-demi-pension-2020-2021\/","og_site_name":"Lyc\u00e9e La Fayette","article_modified_time":"2024-01-19T13:51:08+00:00","twitter_card":"summary_large_image","twitter_misc":{"Dur\u00e9e de lecture estim\u00e9e":"1 minute"},"schema":{"@context":"https:\/\/schema.org","@graph":[{"@type":"WebPage","@id":"https:\/\/www.lyceelafayette.fr\/index.php\/tarifs-internat-et-demi-pension-2020-2021\/","url":"https:\/\/www.lyceelafayette.fr\/index.php\/tarifs-internat-et-demi-pension-2020-2021\/","name":"Tarifs Internat et Demi-pension - Lyc\u00e9e La Fayette","isPartOf":{"@id":"https:\/\/www.lyceelafayette.fr\/#website"},"datePublished":"2021-02-11T14:06:46+00:00","dateModified":"2024-01-19T13:51:08+00:00","breadcrumb":{"@id":"https:\/\/www.lyceelafayette.fr\/index.php\/tarifs-internat-et-demi-pension-2020-2021\/#breadcrumb"},"inLanguage":"fr-FR","potentialAction":[{"@type":"ReadAction","target":["https:\/\/www.lyceelafayette.fr\/index.php\/tarifs-internat-et-demi-pension-2020-2021\/"]}]},{"@type":"BreadcrumbList","@id":"https:\/\/www.lyceelafayette.fr\/index.php\/tarifs-internat-et-demi-pension-2020-2021\/#breadcrumb","itemListElement":[{"@type":"ListItem","position":1,"name":"Accueil","item":"https:\/\/www.lyceelafayette.fr\/"},{"@type":"ListItem","position":2,"name":"Tarifs Internat et Demi-pension"}]},{"@type":"WebSite","@id":"https:\/\/www.lyceelafayette.fr\/#website","url":"https:\/\/www.lyceelafayette.fr\/","name":"Lyc\u00e9e La Fayette","description":"","publisher":{"@id":"https:\/\/www.lyceelafayette.fr\/#organization"},"potentialAction":[{"@type":"SearchAction","target":{"@type":"EntryPoint","urlTemplate":"https:\/\/www.lyceelafayette.fr\/?s={search_term_string}"},"query-input":{"@type":"PropertyValueSpecification","valueRequired":true,"valueName":"search_term_string"}}],"inLanguage":"fr-FR"},{"@type":"Organization","@id":"https:\/\/www.lyceelafayette.fr\/#organization","name":"Lyc\u00e9e La Fayette","url":"https:\/\/www.lyceelafayette.fr\/","logo":{"@type":"ImageObject","inLanguage":"fr-FR","@id":"https:\/\/www.lyceelafayette.fr\/#\/schema\/logo\/image\/","url":"https:\/\/www.lyceelafayette.fr\/wp-content\/uploads\/2019\/06\/llf_logo_alpha.png","contentUrl":"https:\/\/www.lyceelafayette.fr\/wp-content\/uploads\/2019\/06\/llf_logo_alpha.png","width":1583,"height":792,"caption":"Lyc\u00e9e La Fayette"},"image":{"@id":"https:\/\/www.lyceelafayette.fr\/#\/schema\/logo\/image\/"},"sameAs":["https:\/\/www.youtube.com\/channel\/UC2AOQowoMGBKdY4ToZsf9mw"]}]}},"_links":{"self":[{"href":"https:\/\/www.lyceelafayette.fr\/index.php\/wp-json\/wp\/v2\/pages\/4222","targetHints":{"allow":["GET"]}}],"collection":[{"href":"https:\/\/www.lyceelafayette.fr\/index.php\/wp-json\/wp\/v2\/pages"}],"about":[{"href":"https:\/\/www.lyceelafayette.fr\/index.php\/wp-json\/wp\/v2\/types\/page"}],"author":[{"embeddable":true,"href":"https:\/\/www.lyceelafayette.fr\/index.php\/wp-json\/wp\/v2\/users\/8"}],"replies":[{"embeddable":true,"href":"https:\/\/www.lyceelafayette.fr\/index.php\/wp-json\/wp\/v2\/comments?post=4222"}],"version-history":[{"count":56,"href":"https:\/\/www.lyceelafayette.fr\/index.php\/wp-json\/wp\/v2\/pages\/4222\/revisions"}],"predecessor-version":[{"id":6531,"href":"https:\/\/www.lyceelafayette.fr\/index.php\/wp-json\/wp\/v2\/pages\/4222\/revisions\/6531"}],"wp:attachment":[{"href":"https:\/\/www.lyceelafayette.fr\/index.php\/wp-json\/wp\/v2\/media?parent=4222"}],"curies":[{"name":"wp","href":"https:\/\/api.w.org\/{rel}","templated":true}]}}