{"id":3510,"date":"2021-01-21T11:06:27","date_gmt":"2021-01-21T10:06:27","guid":{"rendered":"https:\/\/www.lyceelafayette.fr\/?page_id=3510"},"modified":"2022-09-01T15:56:51","modified_gmt":"2022-09-01T13:56:51","slug":"baccalaureat-pro-systemes-numeriques-option-b-risc","status":"publish","type":"page","link":"https:\/\/www.lyceelafayette.fr\/index.php\/baccalaureat-pro-systemes-numeriques-option-b-risc\/","title":{"rendered":"Baccalaur\u00e9at Pro Syst\u00e8mes Num\u00e9riques, option C : RISC"},"content":{"rendered":"\n<p class=\"has-text-align-center\"><span style=\"text-decoration: underline;\">Option C : R\u00e9seaux Informatiques et Syst\u00e8mes Communicants<\/span><\/p>\n\n\n\n<figure class=\"wp-block-image size-large\"><img loading=\"lazy\" decoding=\"async\" width=\"1024\" height=\"724\" src=\"https:\/\/www.lyceelafayette.fr\/wp-content\/uploads\/2021\/10\/filiere-numerique-RISC-1024x724.jpg\" alt=\"\" class=\"wp-image-5260\" srcset=\"https:\/\/www.lyceelafayette.fr\/wp-content\/uploads\/2021\/10\/filiere-numerique-RISC-1024x724.jpg 1024w, https:\/\/www.lyceelafayette.fr\/wp-content\/uploads\/2021\/10\/filiere-numerique-RISC-300x212.jpg 300w, https:\/\/www.lyceelafayette.fr\/wp-content\/uploads\/2021\/10\/filiere-numerique-RISC-768x543.jpg 768w, https:\/\/www.lyceelafayette.fr\/wp-content\/uploads\/2021\/10\/filiere-numerique-RISC-150x106.jpg 150w, https:\/\/www.lyceelafayette.fr\/wp-content\/uploads\/2021\/10\/filiere-numerique-RISC.jpg 1169w\" sizes=\"auto, (max-width: 1024px) 100vw, 1024px\" \/><figcaption>Brochure en pdf  : <a href=\"https:\/\/www.lyceelafayette.fr\/wp-content\/uploads\/2021\/10\/filiere-numerique-web.jpg\">cliquez ici<\/a><\/figcaption><\/figure>\n\n\n\n<p><strong><span style=\"text-decoration: underline;\">L\u2019option C <\/span><\/strong>: R\u00c9SEAUX INFORMATIQUES ET SYST\u00c8MES COMMUNICANTS (RISC) aura trait au domaine des t\u00e9l\u00e9communications et r\u00e9seaux, les syst\u00e8mes participant \u00e0 la mise en r\u00e9seau de terminaux et aux t\u00e9l\u00e9communications (R\u00e9seaux Informatiques, serveurs, routeurs Wi-Fi&#8230;) ainsi que dans la fabrication et la programmation des syst\u00e8mes embarqu\u00e9s.<\/p>\n\n\n\n<p>Pour mieux comprendre \u00e0 qui s\u2019adresse cette formation et ce qu\u2019elle propose voici une vid\u00e9o propos\u00e9e sur le site de l\u2019ONISEP.<\/p>\n\n\n\n<p class=\"has-text-align-center\">Pour la visionner, cliquez sur l\u2019image ci-dessous.<\/p>\n\n\n\n<div class=\"wp-block-image\"><figure class=\"aligncenter size-large\"><a href=\"https:\/\/www.onisep.fr\/Ressources\/Univers-Formation\/Formations\/Lycees\/bac-pro-systemes-numeriques-option-c-reseaux-informatiques-et-systemes-communicants\"><img loading=\"lazy\" decoding=\"async\" width=\"637\" height=\"517\" src=\"https:\/\/www.lyceelafayette.fr\/wp-content\/uploads\/2021\/01\/Poster-video-ONISEP-Bac-Pro-SN.jpg\" alt=\"\" class=\"wp-image-3516\" srcset=\"https:\/\/www.lyceelafayette.fr\/wp-content\/uploads\/2021\/01\/Poster-video-ONISEP-Bac-Pro-SN.jpg 637w, https:\/\/www.lyceelafayette.fr\/wp-content\/uploads\/2021\/01\/Poster-video-ONISEP-Bac-Pro-SN-300x243.jpg 300w, https:\/\/www.lyceelafayette.fr\/wp-content\/uploads\/2021\/01\/Poster-video-ONISEP-Bac-Pro-SN-150x122.jpg 150w\" sizes=\"auto, (max-width: 637px) 100vw, 637px\" \/><\/a><\/figure><\/div>\n\n\n\n<p>Le titulaire de ce dipl\u00f4me peut directement travailler dans une PME ou dans un grand groupe, c\u2019est un bac pro qui offre \u00e9galement beaucoup de possibilit\u00e9s de poursuites d\u2019\u00e9tudes pour s\u2019orienter notamment vers l\u2019\u00e9lectronique communicante, la gestion des r\u00e9seaux informatiques ou la programmation informatique.&nbsp;<\/p>\n\n\n\n<p>Voici quelques exemples des r\u00e9alisations en atelier.<\/p>\n\n\n<p style=\"text-align: center;\"><iframe loading=\"lazy\" src=\"https:\/\/www.youtube.com\/embed\/Idw9min9A_E\" allowfullscreen=\"allowfullscreen\" width=\"560\" height=\"315\" frameborder=\"0\"><\/iframe><\/p>\n\n\n<p><\/p>\n\n\n\n<h3 class=\"wp-block-heading\"><span style=\"text-decoration: underline;\">Conditions d\u2019admission<\/span><\/h3>\n\n\n\n<p>A partir de septembre 2021, les \u00e9l\u00e8ves issus d\u2019une classe de 3e peuvent acc\u00e9der \u00e0 ce bac pro en int\u00e9grant la seconde \u00ab\u00a0<strong>MTNE<\/strong> : <strong><a href=\"https:\/\/www.lyceelafayette.fr\/index.php\/formations\/melec-metiers-de-lelectricite\/la-seconde-famille-des-metiers-systemes-numeriques-et-de-la-transition-energetique\/\">famille des M\u00e9tiers des Transitions Num\u00e9rique et Energ\u00e9tique<\/a><\/strong>\u00ab\u00a0.<\/p>\n\n\n\n<p>Comme tout bac professionnel les \u00e9l\u00e8ves doivent r\u00e9aliser 22 semaines en entreprise (6 semaines en seconde, 8 semaines en premi\u00e8re et 8 semaines en terminale).<\/p>\n\n\n\n<h3 class=\"wp-block-heading\" id=\"fleche_art80\"><span style=\"text-decoration: underline;\">Poursuites d\u2019\u00e9tudes au lyc\u00e9e La Fayette<\/span><\/h3>\n\n\n\n<ul class=\"wp-block-list\"><li><a href=\"https:\/\/www.lyceelafayette.fr\/wp-admin\/post.php?post=321&amp;action=edit\">BTS Syst\u00e8mes Num\u00e9riques <em>option Informatique et r\u00e9seaux<\/em><\/a><\/li><li><a href=\"https:\/\/www.lyceelafayette.fr\/wp-admin\/post.php?post=978&amp;action=edit\">BTS Syst\u00e8mes Num\u00e9riques&nbsp;<em>option Electronique et Communication<\/em><\/a><\/li><\/ul>\n\n\n\n<h3 class=\"wp-block-heading\"><span style=\"text-decoration: underline;\">Autres poursuites d\u2019\u00e9tudes possibles<\/span><\/h3>\n\n\n\n<ul class=\"wp-block-list\"><li><a href=\"https:\/\/www.onisep.fr\/Ressources\/Univers-Formation\/Formations\/Post-bac\/mc-mecatronique-navale\">MC M\u00e9catronique navale<\/a><\/li><li><a href=\"https:\/\/www.onisep.fr\/Ressources\/Univers-Formation\/Formations\/Post-bac\/bts-maritime-maintenance-des-systemes-electro-navals\">BTS Maritime Maintenance des syst\u00e8mes \u00e9lectro-navals<\/a><\/li><li><a href=\"https:\/\/www.onisep.fr\/Ressources\/Univers-Formation\/Formations\/Post-bac\/bts-services-informatiques-aux-organisations-option-a-solutions-d-infrastructure-systemes-et-reseaux\">BTS Services informatiques aux organisations option A solutions d&rsquo;infrastructure, syst\u00e8mes et r\u00e9seaux<\/a><\/li><li><a href=\"https:\/\/www.onisep.fr\/Ressources\/Univers-Formation\/Formations\/Post-bac\/bts-systemes-photoniques\">BTS Syst\u00e8mes photoniques<\/a><\/li><\/ul>\n\n\n\n<p><\/p>\n","protected":false},"excerpt":{"rendered":"<p>Option C : R\u00e9seaux Informatiques et Syst\u00e8mes Communicants L\u2019option C : R\u00c9SEAUX INFORMATIQUES ET SYST\u00c8MES COMMUNICANTS (RISC) aura trait au domaine des t\u00e9l\u00e9communications et r\u00e9seaux, les syst\u00e8mes participant \u00e0 la mise en r\u00e9seau de terminaux et aux t\u00e9l\u00e9communications (R\u00e9seaux Informatiques, serveurs, routeurs Wi-Fi&#8230;) ainsi que dans la fabrication et la&#8230; <a class=\"continue-reading-link\" href=\"https:\/\/www.lyceelafayette.fr\/index.php\/baccalaureat-pro-systemes-numeriques-option-b-risc\/\">lire la suite<\/a><\/p>\n","protected":false},"author":1,"featured_media":0,"parent":0,"menu_order":0,"comment_status":"closed","ping_status":"closed","template":"","meta":{"footnotes":""},"class_list":["post-3510","page","type-page","status-publish","hentry"],"yoast_head":"<!-- This site is optimized with the Yoast SEO plugin v27.5 - https:\/\/yoast.com\/product\/yoast-seo-wordpress\/ -->\n<title>Baccalaur\u00e9at Pro Syst\u00e8mes Num\u00e9riques, option C : RISC - Lyc\u00e9e La Fayette<\/title>\n<meta name=\"robots\" content=\"index, follow, max-snippet:-1, max-image-preview:large, max-video-preview:-1\" \/>\n<link rel=\"canonical\" href=\"https:\/\/www.lyceelafayette.fr\/index.php\/baccalaureat-pro-systemes-numeriques-option-b-risc\/\" \/>\n<meta property=\"og:locale\" content=\"fr_FR\" \/>\n<meta property=\"og:type\" content=\"article\" \/>\n<meta property=\"og:title\" content=\"Baccalaur\u00e9at Pro Syst\u00e8mes Num\u00e9riques, option C : RISC - Lyc\u00e9e La Fayette\" \/>\n<meta property=\"og:description\" content=\"Option C : R\u00e9seaux Informatiques et Syst\u00e8mes Communicants L\u2019option C : R\u00c9SEAUX INFORMATIQUES ET SYST\u00c8MES COMMUNICANTS (RISC) aura trait au domaine des t\u00e9l\u00e9communications et r\u00e9seaux, les syst\u00e8mes participant \u00e0 la mise en r\u00e9seau de terminaux et aux t\u00e9l\u00e9communications (R\u00e9seaux Informatiques, serveurs, routeurs Wi-Fi&#8230;) ainsi que dans la fabrication et la... lire la suite\" \/>\n<meta property=\"og:url\" content=\"https:\/\/www.lyceelafayette.fr\/index.php\/baccalaureat-pro-systemes-numeriques-option-b-risc\/\" \/>\n<meta property=\"og:site_name\" content=\"Lyc\u00e9e La Fayette\" \/>\n<meta property=\"article:modified_time\" content=\"2022-09-01T13:56:51+00:00\" \/>\n<meta property=\"og:image\" content=\"https:\/\/www.lyceelafayette.fr\/wp-content\/uploads\/2021\/10\/filiere-numerique-RISC-1024x724.jpg\" \/>\n<meta name=\"twitter:card\" content=\"summary_large_image\" \/>\n<meta name=\"twitter:label1\" content=\"Dur\u00e9e de lecture estim\u00e9e\" \/>\n\t<meta name=\"twitter:data1\" content=\"2 minutes\" \/>\n<script type=\"application\/ld+json\" class=\"yoast-schema-graph\">{\"@context\":\"https:\\\/\\\/schema.org\",\"@graph\":[{\"@type\":\"WebPage\",\"@id\":\"https:\\\/\\\/www.lyceelafayette.fr\\\/index.php\\\/baccalaureat-pro-systemes-numeriques-option-b-risc\\\/\",\"url\":\"https:\\\/\\\/www.lyceelafayette.fr\\\/index.php\\\/baccalaureat-pro-systemes-numeriques-option-b-risc\\\/\",\"name\":\"Baccalaur\u00e9at Pro Syst\u00e8mes Num\u00e9riques, option C : RISC - Lyc\u00e9e La Fayette\",\"isPartOf\":{\"@id\":\"https:\\\/\\\/www.lyceelafayette.fr\\\/#website\"},\"primaryImageOfPage\":{\"@id\":\"https:\\\/\\\/www.lyceelafayette.fr\\\/index.php\\\/baccalaureat-pro-systemes-numeriques-option-b-risc\\\/#primaryimage\"},\"image\":{\"@id\":\"https:\\\/\\\/www.lyceelafayette.fr\\\/index.php\\\/baccalaureat-pro-systemes-numeriques-option-b-risc\\\/#primaryimage\"},\"thumbnailUrl\":\"https:\\\/\\\/www.lyceelafayette.fr\\\/wp-content\\\/uploads\\\/2021\\\/10\\\/filiere-numerique-RISC-1024x724.jpg\",\"datePublished\":\"2021-01-21T10:06:27+00:00\",\"dateModified\":\"2022-09-01T13:56:51+00:00\",\"breadcrumb\":{\"@id\":\"https:\\\/\\\/www.lyceelafayette.fr\\\/index.php\\\/baccalaureat-pro-systemes-numeriques-option-b-risc\\\/#breadcrumb\"},\"inLanguage\":\"fr-FR\",\"potentialAction\":[{\"@type\":\"ReadAction\",\"target\":[\"https:\\\/\\\/www.lyceelafayette.fr\\\/index.php\\\/baccalaureat-pro-systemes-numeriques-option-b-risc\\\/\"]}]},{\"@type\":\"ImageObject\",\"inLanguage\":\"fr-FR\",\"@id\":\"https:\\\/\\\/www.lyceelafayette.fr\\\/index.php\\\/baccalaureat-pro-systemes-numeriques-option-b-risc\\\/#primaryimage\",\"url\":\"https:\\\/\\\/www.lyceelafayette.fr\\\/wp-content\\\/uploads\\\/2021\\\/10\\\/filiere-numerique-RISC.jpg\",\"contentUrl\":\"https:\\\/\\\/www.lyceelafayette.fr\\\/wp-content\\\/uploads\\\/2021\\\/10\\\/filiere-numerique-RISC.jpg\",\"width\":1169,\"height\":826},{\"@type\":\"BreadcrumbList\",\"@id\":\"https:\\\/\\\/www.lyceelafayette.fr\\\/index.php\\\/baccalaureat-pro-systemes-numeriques-option-b-risc\\\/#breadcrumb\",\"itemListElement\":[{\"@type\":\"ListItem\",\"position\":1,\"name\":\"Accueil\",\"item\":\"https:\\\/\\\/www.lyceelafayette.fr\\\/\"},{\"@type\":\"ListItem\",\"position\":2,\"name\":\"Baccalaur\u00e9at Pro Syst\u00e8mes Num\u00e9riques, option C : RISC\"}]},{\"@type\":\"WebSite\",\"@id\":\"https:\\\/\\\/www.lyceelafayette.fr\\\/#website\",\"url\":\"https:\\\/\\\/www.lyceelafayette.fr\\\/\",\"name\":\"Lyc\u00e9e La Fayette\",\"description\":\"\",\"publisher\":{\"@id\":\"https:\\\/\\\/www.lyceelafayette.fr\\\/#organization\"},\"potentialAction\":[{\"@type\":\"SearchAction\",\"target\":{\"@type\":\"EntryPoint\",\"urlTemplate\":\"https:\\\/\\\/www.lyceelafayette.fr\\\/?s={search_term_string}\"},\"query-input\":{\"@type\":\"PropertyValueSpecification\",\"valueRequired\":true,\"valueName\":\"search_term_string\"}}],\"inLanguage\":\"fr-FR\"},{\"@type\":\"Organization\",\"@id\":\"https:\\\/\\\/www.lyceelafayette.fr\\\/#organization\",\"name\":\"Lyc\u00e9e La Fayette\",\"url\":\"https:\\\/\\\/www.lyceelafayette.fr\\\/\",\"logo\":{\"@type\":\"ImageObject\",\"inLanguage\":\"fr-FR\",\"@id\":\"https:\\\/\\\/www.lyceelafayette.fr\\\/#\\\/schema\\\/logo\\\/image\\\/\",\"url\":\"https:\\\/\\\/www.lyceelafayette.fr\\\/wp-content\\\/uploads\\\/2019\\\/06\\\/llf_logo_alpha.png\",\"contentUrl\":\"https:\\\/\\\/www.lyceelafayette.fr\\\/wp-content\\\/uploads\\\/2019\\\/06\\\/llf_logo_alpha.png\",\"width\":1583,\"height\":792,\"caption\":\"Lyc\u00e9e La Fayette\"},\"image\":{\"@id\":\"https:\\\/\\\/www.lyceelafayette.fr\\\/#\\\/schema\\\/logo\\\/image\\\/\"},\"sameAs\":[\"https:\\\/\\\/www.youtube.com\\\/channel\\\/UC2AOQowoMGBKdY4ToZsf9mw\"]}]}<\/script>\n<!-- \/ Yoast SEO plugin. -->","yoast_head_json":{"title":"Baccalaur\u00e9at Pro Syst\u00e8mes Num\u00e9riques, option C : RISC - Lyc\u00e9e La Fayette","robots":{"index":"index","follow":"follow","max-snippet":"max-snippet:-1","max-image-preview":"max-image-preview:large","max-video-preview":"max-video-preview:-1"},"canonical":"https:\/\/www.lyceelafayette.fr\/index.php\/baccalaureat-pro-systemes-numeriques-option-b-risc\/","og_locale":"fr_FR","og_type":"article","og_title":"Baccalaur\u00e9at Pro Syst\u00e8mes Num\u00e9riques, option C : RISC - Lyc\u00e9e La Fayette","og_description":"Option C : R\u00e9seaux Informatiques et Syst\u00e8mes Communicants L\u2019option C : R\u00c9SEAUX INFORMATIQUES ET SYST\u00c8MES COMMUNICANTS (RISC) aura trait au domaine des t\u00e9l\u00e9communications et r\u00e9seaux, les syst\u00e8mes participant \u00e0 la mise en r\u00e9seau de terminaux et aux t\u00e9l\u00e9communications (R\u00e9seaux Informatiques, serveurs, routeurs Wi-Fi&#8230;) ainsi que dans la fabrication et la... lire la suite","og_url":"https:\/\/www.lyceelafayette.fr\/index.php\/baccalaureat-pro-systemes-numeriques-option-b-risc\/","og_site_name":"Lyc\u00e9e La Fayette","article_modified_time":"2022-09-01T13:56:51+00:00","og_image":[{"url":"https:\/\/www.lyceelafayette.fr\/wp-content\/uploads\/2021\/10\/filiere-numerique-RISC-1024x724.jpg","type":"","width":"","height":""}],"twitter_card":"summary_large_image","twitter_misc":{"Dur\u00e9e de lecture estim\u00e9e":"2 minutes"},"schema":{"@context":"https:\/\/schema.org","@graph":[{"@type":"WebPage","@id":"https:\/\/www.lyceelafayette.fr\/index.php\/baccalaureat-pro-systemes-numeriques-option-b-risc\/","url":"https:\/\/www.lyceelafayette.fr\/index.php\/baccalaureat-pro-systemes-numeriques-option-b-risc\/","name":"Baccalaur\u00e9at Pro Syst\u00e8mes Num\u00e9riques, option C : RISC - Lyc\u00e9e La Fayette","isPartOf":{"@id":"https:\/\/www.lyceelafayette.fr\/#website"},"primaryImageOfPage":{"@id":"https:\/\/www.lyceelafayette.fr\/index.php\/baccalaureat-pro-systemes-numeriques-option-b-risc\/#primaryimage"},"image":{"@id":"https:\/\/www.lyceelafayette.fr\/index.php\/baccalaureat-pro-systemes-numeriques-option-b-risc\/#primaryimage"},"thumbnailUrl":"https:\/\/www.lyceelafayette.fr\/wp-content\/uploads\/2021\/10\/filiere-numerique-RISC-1024x724.jpg","datePublished":"2021-01-21T10:06:27+00:00","dateModified":"2022-09-01T13:56:51+00:00","breadcrumb":{"@id":"https:\/\/www.lyceelafayette.fr\/index.php\/baccalaureat-pro-systemes-numeriques-option-b-risc\/#breadcrumb"},"inLanguage":"fr-FR","potentialAction":[{"@type":"ReadAction","target":["https:\/\/www.lyceelafayette.fr\/index.php\/baccalaureat-pro-systemes-numeriques-option-b-risc\/"]}]},{"@type":"ImageObject","inLanguage":"fr-FR","@id":"https:\/\/www.lyceelafayette.fr\/index.php\/baccalaureat-pro-systemes-numeriques-option-b-risc\/#primaryimage","url":"https:\/\/www.lyceelafayette.fr\/wp-content\/uploads\/2021\/10\/filiere-numerique-RISC.jpg","contentUrl":"https:\/\/www.lyceelafayette.fr\/wp-content\/uploads\/2021\/10\/filiere-numerique-RISC.jpg","width":1169,"height":826},{"@type":"BreadcrumbList","@id":"https:\/\/www.lyceelafayette.fr\/index.php\/baccalaureat-pro-systemes-numeriques-option-b-risc\/#breadcrumb","itemListElement":[{"@type":"ListItem","position":1,"name":"Accueil","item":"https:\/\/www.lyceelafayette.fr\/"},{"@type":"ListItem","position":2,"name":"Baccalaur\u00e9at Pro Syst\u00e8mes Num\u00e9riques, option C : RISC"}]},{"@type":"WebSite","@id":"https:\/\/www.lyceelafayette.fr\/#website","url":"https:\/\/www.lyceelafayette.fr\/","name":"Lyc\u00e9e La Fayette","description":"","publisher":{"@id":"https:\/\/www.lyceelafayette.fr\/#organization"},"potentialAction":[{"@type":"SearchAction","target":{"@type":"EntryPoint","urlTemplate":"https:\/\/www.lyceelafayette.fr\/?s={search_term_string}"},"query-input":{"@type":"PropertyValueSpecification","valueRequired":true,"valueName":"search_term_string"}}],"inLanguage":"fr-FR"},{"@type":"Organization","@id":"https:\/\/www.lyceelafayette.fr\/#organization","name":"Lyc\u00e9e La Fayette","url":"https:\/\/www.lyceelafayette.fr\/","logo":{"@type":"ImageObject","inLanguage":"fr-FR","@id":"https:\/\/www.lyceelafayette.fr\/#\/schema\/logo\/image\/","url":"https:\/\/www.lyceelafayette.fr\/wp-content\/uploads\/2019\/06\/llf_logo_alpha.png","contentUrl":"https:\/\/www.lyceelafayette.fr\/wp-content\/uploads\/2019\/06\/llf_logo_alpha.png","width":1583,"height":792,"caption":"Lyc\u00e9e La Fayette"},"image":{"@id":"https:\/\/www.lyceelafayette.fr\/#\/schema\/logo\/image\/"},"sameAs":["https:\/\/www.youtube.com\/channel\/UC2AOQowoMGBKdY4ToZsf9mw"]}]}},"_links":{"self":[{"href":"https:\/\/www.lyceelafayette.fr\/index.php\/wp-json\/wp\/v2\/pages\/3510","targetHints":{"allow":["GET"]}}],"collection":[{"href":"https:\/\/www.lyceelafayette.fr\/index.php\/wp-json\/wp\/v2\/pages"}],"about":[{"href":"https:\/\/www.lyceelafayette.fr\/index.php\/wp-json\/wp\/v2\/types\/page"}],"author":[{"embeddable":true,"href":"https:\/\/www.lyceelafayette.fr\/index.php\/wp-json\/wp\/v2\/users\/1"}],"replies":[{"embeddable":true,"href":"https:\/\/www.lyceelafayette.fr\/index.php\/wp-json\/wp\/v2\/comments?post=3510"}],"version-history":[{"count":24,"href":"https:\/\/www.lyceelafayette.fr\/index.php\/wp-json\/wp\/v2\/pages\/3510\/revisions"}],"predecessor-version":[{"id":5885,"href":"https:\/\/www.lyceelafayette.fr\/index.php\/wp-json\/wp\/v2\/pages\/3510\/revisions\/5885"}],"wp:attachment":[{"href":"https:\/\/www.lyceelafayette.fr\/index.php\/wp-json\/wp\/v2\/media?parent=3510"}],"curies":[{"name":"wp","href":"https:\/\/api.w.org\/{rel}","templated":true}]}}