{"id":3391,"date":"2021-01-15T15:06:49","date_gmt":"2021-01-15T14:06:49","guid":{"rendered":"https:\/\/www.lyceelafayette.fr\/?page_id=3391"},"modified":"2021-09-23T16:20:25","modified_gmt":"2021-09-23T14:20:25","slug":"carte-des-formations","status":"publish","type":"page","link":"https:\/\/www.lyceelafayette.fr\/index.php\/carte-des-formations\/","title":{"rendered":"Carte des formations"},"content":{"rendered":"\n<p class=\"has-text-align-center\">2 modes d&rsquo;acc\u00e8s \u00e0 la carte des formations vous sont propos\u00e9s :<\/p>\n\n\n\n<p class=\"has-text-align-center\">Pour acc\u00e9der \u00e0 la <strong>version anim\u00e9e et comment\u00e9e<\/strong> de cette carte des formation propos\u00e9es au lyc\u00e9e La Fayette, lancez la vid\u00e9o ci-dessous.<\/p>\n\n\n\n<figure class=\"wp-block-image size-large\"><a href=\"https:\/\/youtu.be\/2bEPiEvTo5M\"><img loading=\"lazy\" decoding=\"async\" width=\"1024\" height=\"576\" src=\"https:\/\/www.lyceelafayette.fr\/wp-content\/uploads\/2021\/02\/carte-formation-1024x576.png\" alt=\"\" class=\"wp-image-3958\" srcset=\"https:\/\/www.lyceelafayette.fr\/wp-content\/uploads\/2021\/02\/carte-formation-1024x576.png 1024w, https:\/\/www.lyceelafayette.fr\/wp-content\/uploads\/2021\/02\/carte-formation-300x169.png 300w, https:\/\/www.lyceelafayette.fr\/wp-content\/uploads\/2021\/02\/carte-formation-768x432.png 768w, https:\/\/www.lyceelafayette.fr\/wp-content\/uploads\/2021\/02\/carte-formation-1536x864.png 1536w, https:\/\/www.lyceelafayette.fr\/wp-content\/uploads\/2021\/02\/carte-formation-150x84.png 150w, https:\/\/www.lyceelafayette.fr\/wp-content\/uploads\/2021\/02\/carte-formation-356x200.png 356w, https:\/\/www.lyceelafayette.fr\/wp-content\/uploads\/2021\/02\/carte-formation.png 2000w\" sizes=\"auto, (max-width: 1024px) 100vw, 1024px\" \/><\/a><\/figure>\n\n\n\n<p><\/p>\n\n\n\n<p class=\"has-text-align-center\">Pour acc\u00e9der \u00e0 la <strong>version fixe classique<\/strong> de la carte des formations, <\/p>\n\n\n\n<p class=\"has-text-align-center\">cliquez directement sur l&rsquo;image ci-dessous.<\/p>\n\n\n\n<div class=\"wp-block-image\"><figure class=\"aligncenter is-resized\"><a href=\"https:\/\/www.lyceelafayette.fr\/wp-content\/uploads\/2021\/09\/carte-de-formation-2022-Generale.jpg\"><img loading=\"lazy\" decoding=\"async\" src=\"https:\/\/www.lyceelafayette.fr\/wp-content\/uploads\/2021\/09\/carte-de-formation-2022-Generale-1024x576.jpg\" alt=\"Carte des formation\" width=\"256\" height=\"144\"\/><\/a><\/figure><\/div>\n\n\n\n<p><\/p>\n","protected":false},"excerpt":{"rendered":"<p>2 modes d&rsquo;acc\u00e8s \u00e0 la carte des formations vous sont propos\u00e9s : Pour acc\u00e9der \u00e0 la version anim\u00e9e et comment\u00e9e de cette carte des formation propos\u00e9es au lyc\u00e9e La Fayette, lancez la vid\u00e9o ci-dessous. Pour acc\u00e9der \u00e0 la version fixe classique de la carte des formations, cliquez directement sur l&rsquo;image&#8230; <a class=\"continue-reading-link\" href=\"https:\/\/www.lyceelafayette.fr\/index.php\/carte-des-formations\/\">lire la suite<\/a><\/p>\n","protected":false},"author":8,"featured_media":0,"parent":0,"menu_order":0,"comment_status":"closed","ping_status":"closed","template":"","meta":{"footnotes":""},"class_list":["post-3391","page","type-page","status-publish","hentry"],"yoast_head":"<!-- This site is optimized with the Yoast SEO plugin v27.4 - https:\/\/yoast.com\/product\/yoast-seo-wordpress\/ -->\n<title>Carte des formations - Lyc\u00e9e La Fayette<\/title>\n<meta name=\"robots\" content=\"index, follow, max-snippet:-1, max-image-preview:large, max-video-preview:-1\" \/>\n<link rel=\"canonical\" href=\"https:\/\/www.lyceelafayette.fr\/index.php\/carte-des-formations\/\" \/>\n<meta property=\"og:locale\" content=\"fr_FR\" \/>\n<meta property=\"og:type\" content=\"article\" \/>\n<meta property=\"og:title\" content=\"Carte des formations - Lyc\u00e9e La Fayette\" \/>\n<meta property=\"og:description\" content=\"2 modes d&rsquo;acc\u00e8s \u00e0 la carte des formations vous sont propos\u00e9s : Pour acc\u00e9der \u00e0 la version anim\u00e9e et comment\u00e9e de cette carte des formation propos\u00e9es au lyc\u00e9e La Fayette, lancez la vid\u00e9o ci-dessous. Pour acc\u00e9der \u00e0 la version fixe classique de la carte des formations, cliquez directement sur l&rsquo;image... lire la suite\" \/>\n<meta property=\"og:url\" content=\"https:\/\/www.lyceelafayette.fr\/index.php\/carte-des-formations\/\" \/>\n<meta property=\"og:site_name\" content=\"Lyc\u00e9e La Fayette\" \/>\n<meta property=\"article:modified_time\" content=\"2021-09-23T14:20:25+00:00\" \/>\n<meta property=\"og:image\" content=\"https:\/\/www.lyceelafayette.fr\/wp-content\/uploads\/2021\/02\/carte-formation-1024x576.png\" \/>\n<meta name=\"twitter:card\" content=\"summary_large_image\" \/>\n<meta name=\"twitter:label1\" content=\"Dur\u00e9e de lecture estim\u00e9e\" \/>\n\t<meta name=\"twitter:data1\" content=\"1 minute\" \/>\n<script type=\"application\/ld+json\" class=\"yoast-schema-graph\">{\"@context\":\"https:\\\/\\\/schema.org\",\"@graph\":[{\"@type\":\"WebPage\",\"@id\":\"https:\\\/\\\/www.lyceelafayette.fr\\\/index.php\\\/carte-des-formations\\\/\",\"url\":\"https:\\\/\\\/www.lyceelafayette.fr\\\/index.php\\\/carte-des-formations\\\/\",\"name\":\"Carte des formations - Lyc\u00e9e La Fayette\",\"isPartOf\":{\"@id\":\"https:\\\/\\\/www.lyceelafayette.fr\\\/#website\"},\"primaryImageOfPage\":{\"@id\":\"https:\\\/\\\/www.lyceelafayette.fr\\\/index.php\\\/carte-des-formations\\\/#primaryimage\"},\"image\":{\"@id\":\"https:\\\/\\\/www.lyceelafayette.fr\\\/index.php\\\/carte-des-formations\\\/#primaryimage\"},\"thumbnailUrl\":\"https:\\\/\\\/www.lyceelafayette.fr\\\/wp-content\\\/uploads\\\/2021\\\/02\\\/carte-formation-1024x576.png\",\"datePublished\":\"2021-01-15T14:06:49+00:00\",\"dateModified\":\"2021-09-23T14:20:25+00:00\",\"breadcrumb\":{\"@id\":\"https:\\\/\\\/www.lyceelafayette.fr\\\/index.php\\\/carte-des-formations\\\/#breadcrumb\"},\"inLanguage\":\"fr-FR\",\"potentialAction\":[{\"@type\":\"ReadAction\",\"target\":[\"https:\\\/\\\/www.lyceelafayette.fr\\\/index.php\\\/carte-des-formations\\\/\"]}]},{\"@type\":\"ImageObject\",\"inLanguage\":\"fr-FR\",\"@id\":\"https:\\\/\\\/www.lyceelafayette.fr\\\/index.php\\\/carte-des-formations\\\/#primaryimage\",\"url\":\"https:\\\/\\\/www.lyceelafayette.fr\\\/wp-content\\\/uploads\\\/2021\\\/02\\\/carte-formation.png\",\"contentUrl\":\"https:\\\/\\\/www.lyceelafayette.fr\\\/wp-content\\\/uploads\\\/2021\\\/02\\\/carte-formation.png\",\"width\":2000,\"height\":1125},{\"@type\":\"BreadcrumbList\",\"@id\":\"https:\\\/\\\/www.lyceelafayette.fr\\\/index.php\\\/carte-des-formations\\\/#breadcrumb\",\"itemListElement\":[{\"@type\":\"ListItem\",\"position\":1,\"name\":\"Accueil\",\"item\":\"https:\\\/\\\/www.lyceelafayette.fr\\\/\"},{\"@type\":\"ListItem\",\"position\":2,\"name\":\"Carte des formations\"}]},{\"@type\":\"WebSite\",\"@id\":\"https:\\\/\\\/www.lyceelafayette.fr\\\/#website\",\"url\":\"https:\\\/\\\/www.lyceelafayette.fr\\\/\",\"name\":\"Lyc\u00e9e La Fayette\",\"description\":\"\",\"publisher\":{\"@id\":\"https:\\\/\\\/www.lyceelafayette.fr\\\/#organization\"},\"potentialAction\":[{\"@type\":\"SearchAction\",\"target\":{\"@type\":\"EntryPoint\",\"urlTemplate\":\"https:\\\/\\\/www.lyceelafayette.fr\\\/?s={search_term_string}\"},\"query-input\":{\"@type\":\"PropertyValueSpecification\",\"valueRequired\":true,\"valueName\":\"search_term_string\"}}],\"inLanguage\":\"fr-FR\"},{\"@type\":\"Organization\",\"@id\":\"https:\\\/\\\/www.lyceelafayette.fr\\\/#organization\",\"name\":\"Lyc\u00e9e La Fayette\",\"url\":\"https:\\\/\\\/www.lyceelafayette.fr\\\/\",\"logo\":{\"@type\":\"ImageObject\",\"inLanguage\":\"fr-FR\",\"@id\":\"https:\\\/\\\/www.lyceelafayette.fr\\\/#\\\/schema\\\/logo\\\/image\\\/\",\"url\":\"https:\\\/\\\/www.lyceelafayette.fr\\\/wp-content\\\/uploads\\\/2019\\\/06\\\/llf_logo_alpha.png\",\"contentUrl\":\"https:\\\/\\\/www.lyceelafayette.fr\\\/wp-content\\\/uploads\\\/2019\\\/06\\\/llf_logo_alpha.png\",\"width\":1583,\"height\":792,\"caption\":\"Lyc\u00e9e La Fayette\"},\"image\":{\"@id\":\"https:\\\/\\\/www.lyceelafayette.fr\\\/#\\\/schema\\\/logo\\\/image\\\/\"},\"sameAs\":[\"https:\\\/\\\/www.youtube.com\\\/channel\\\/UC2AOQowoMGBKdY4ToZsf9mw\"]}]}<\/script>\n<!-- \/ Yoast SEO plugin. -->","yoast_head_json":{"title":"Carte des formations - Lyc\u00e9e La Fayette","robots":{"index":"index","follow":"follow","max-snippet":"max-snippet:-1","max-image-preview":"max-image-preview:large","max-video-preview":"max-video-preview:-1"},"canonical":"https:\/\/www.lyceelafayette.fr\/index.php\/carte-des-formations\/","og_locale":"fr_FR","og_type":"article","og_title":"Carte des formations - Lyc\u00e9e La Fayette","og_description":"2 modes d&rsquo;acc\u00e8s \u00e0 la carte des formations vous sont propos\u00e9s : Pour acc\u00e9der \u00e0 la version anim\u00e9e et comment\u00e9e de cette carte des formation propos\u00e9es au lyc\u00e9e La Fayette, lancez la vid\u00e9o ci-dessous. Pour acc\u00e9der \u00e0 la version fixe classique de la carte des formations, cliquez directement sur l&rsquo;image... lire la suite","og_url":"https:\/\/www.lyceelafayette.fr\/index.php\/carte-des-formations\/","og_site_name":"Lyc\u00e9e La Fayette","article_modified_time":"2021-09-23T14:20:25+00:00","og_image":[{"url":"https:\/\/www.lyceelafayette.fr\/wp-content\/uploads\/2021\/02\/carte-formation-1024x576.png","type":"","width":"","height":""}],"twitter_card":"summary_large_image","twitter_misc":{"Dur\u00e9e de lecture estim\u00e9e":"1 minute"},"schema":{"@context":"https:\/\/schema.org","@graph":[{"@type":"WebPage","@id":"https:\/\/www.lyceelafayette.fr\/index.php\/carte-des-formations\/","url":"https:\/\/www.lyceelafayette.fr\/index.php\/carte-des-formations\/","name":"Carte des formations - Lyc\u00e9e La Fayette","isPartOf":{"@id":"https:\/\/www.lyceelafayette.fr\/#website"},"primaryImageOfPage":{"@id":"https:\/\/www.lyceelafayette.fr\/index.php\/carte-des-formations\/#primaryimage"},"image":{"@id":"https:\/\/www.lyceelafayette.fr\/index.php\/carte-des-formations\/#primaryimage"},"thumbnailUrl":"https:\/\/www.lyceelafayette.fr\/wp-content\/uploads\/2021\/02\/carte-formation-1024x576.png","datePublished":"2021-01-15T14:06:49+00:00","dateModified":"2021-09-23T14:20:25+00:00","breadcrumb":{"@id":"https:\/\/www.lyceelafayette.fr\/index.php\/carte-des-formations\/#breadcrumb"},"inLanguage":"fr-FR","potentialAction":[{"@type":"ReadAction","target":["https:\/\/www.lyceelafayette.fr\/index.php\/carte-des-formations\/"]}]},{"@type":"ImageObject","inLanguage":"fr-FR","@id":"https:\/\/www.lyceelafayette.fr\/index.php\/carte-des-formations\/#primaryimage","url":"https:\/\/www.lyceelafayette.fr\/wp-content\/uploads\/2021\/02\/carte-formation.png","contentUrl":"https:\/\/www.lyceelafayette.fr\/wp-content\/uploads\/2021\/02\/carte-formation.png","width":2000,"height":1125},{"@type":"BreadcrumbList","@id":"https:\/\/www.lyceelafayette.fr\/index.php\/carte-des-formations\/#breadcrumb","itemListElement":[{"@type":"ListItem","position":1,"name":"Accueil","item":"https:\/\/www.lyceelafayette.fr\/"},{"@type":"ListItem","position":2,"name":"Carte des formations"}]},{"@type":"WebSite","@id":"https:\/\/www.lyceelafayette.fr\/#website","url":"https:\/\/www.lyceelafayette.fr\/","name":"Lyc\u00e9e La Fayette","description":"","publisher":{"@id":"https:\/\/www.lyceelafayette.fr\/#organization"},"potentialAction":[{"@type":"SearchAction","target":{"@type":"EntryPoint","urlTemplate":"https:\/\/www.lyceelafayette.fr\/?s={search_term_string}"},"query-input":{"@type":"PropertyValueSpecification","valueRequired":true,"valueName":"search_term_string"}}],"inLanguage":"fr-FR"},{"@type":"Organization","@id":"https:\/\/www.lyceelafayette.fr\/#organization","name":"Lyc\u00e9e La Fayette","url":"https:\/\/www.lyceelafayette.fr\/","logo":{"@type":"ImageObject","inLanguage":"fr-FR","@id":"https:\/\/www.lyceelafayette.fr\/#\/schema\/logo\/image\/","url":"https:\/\/www.lyceelafayette.fr\/wp-content\/uploads\/2019\/06\/llf_logo_alpha.png","contentUrl":"https:\/\/www.lyceelafayette.fr\/wp-content\/uploads\/2019\/06\/llf_logo_alpha.png","width":1583,"height":792,"caption":"Lyc\u00e9e La Fayette"},"image":{"@id":"https:\/\/www.lyceelafayette.fr\/#\/schema\/logo\/image\/"},"sameAs":["https:\/\/www.youtube.com\/channel\/UC2AOQowoMGBKdY4ToZsf9mw"]}]}},"_links":{"self":[{"href":"https:\/\/www.lyceelafayette.fr\/index.php\/wp-json\/wp\/v2\/pages\/3391","targetHints":{"allow":["GET"]}}],"collection":[{"href":"https:\/\/www.lyceelafayette.fr\/index.php\/wp-json\/wp\/v2\/pages"}],"about":[{"href":"https:\/\/www.lyceelafayette.fr\/index.php\/wp-json\/wp\/v2\/types\/page"}],"author":[{"embeddable":true,"href":"https:\/\/www.lyceelafayette.fr\/index.php\/wp-json\/wp\/v2\/users\/8"}],"replies":[{"embeddable":true,"href":"https:\/\/www.lyceelafayette.fr\/index.php\/wp-json\/wp\/v2\/comments?post=3391"}],"version-history":[{"count":26,"href":"https:\/\/www.lyceelafayette.fr\/index.php\/wp-json\/wp\/v2\/pages\/3391\/revisions"}],"predecessor-version":[{"id":5106,"href":"https:\/\/www.lyceelafayette.fr\/index.php\/wp-json\/wp\/v2\/pages\/3391\/revisions\/5106"}],"wp:attachment":[{"href":"https:\/\/www.lyceelafayette.fr\/index.php\/wp-json\/wp\/v2\/media?parent=3391"}],"curies":[{"name":"wp","href":"https:\/\/api.w.org\/{rel}","templated":true}]}}