{"id":3227,"date":"2021-01-07T16:36:33","date_gmt":"2021-01-07T15:36:33","guid":{"rendered":"https:\/\/www.lyceelafayette.fr\/?page_id=3227"},"modified":"2021-04-08T09:27:30","modified_gmt":"2021-04-08T07:27:30","slug":"le-bts-conception-des-processus-de-realisation-de-produits-cprp","status":"publish","type":"page","link":"https:\/\/www.lyceelafayette.fr\/index.php\/le-bts-conception-des-processus-de-realisation-de-produits-cprp\/","title":{"rendered":"Le BTS Conception des Processus de R\u00e9alisation de Produits (CPRP)"},"content":{"rendered":"\n<div class=\"wp-block-image\"><figure class=\"aligncenter size-large\"><img loading=\"lazy\" decoding=\"async\" width=\"392\" height=\"272\" src=\"https:\/\/www.lyceelafayette.fr\/wp-content\/uploads\/2020\/12\/diplome_du_bts_vierge-392x272-1.jpg\" alt=\"\" class=\"wp-image-2662\" srcset=\"https:\/\/www.lyceelafayette.fr\/wp-content\/uploads\/2020\/12\/diplome_du_bts_vierge-392x272-1.jpg 392w, https:\/\/www.lyceelafayette.fr\/wp-content\/uploads\/2020\/12\/diplome_du_bts_vierge-392x272-1-300x208.jpg 300w, https:\/\/www.lyceelafayette.fr\/wp-content\/uploads\/2020\/12\/diplome_du_bts_vierge-392x272-1-150x104.jpg 150w\" sizes=\"auto, (max-width: 392px) 100vw, 392px\" \/><\/figure><\/div>\n\n\n\n<p>Le BTS CPRP est un dipl\u00f4me d&rsquo;\u00c9tat de niveau 5 (anciennement niveau III) obtenu \u00e0 l&rsquo;issue d&rsquo;une formation post-bac de 2 ans.\u00a0 Il est accessible pour les titulaires d&rsquo;un baccalaur\u00e9at technologique (STI2D), d&rsquo;un bac g\u00e9n\u00e9ral \u00e0 orientation scientifique ou d&rsquo;un baccalaur\u00e9at professionnel de la famille de m\u00e9tiers de la r\u00e9alisation d&rsquo;ensembles m\u00e9caniques et industriels (voir <a href=\"https:\/\/www.lyceelafayette.fr\/index.php\/formations\/productique\/la-seconde-famille-des-metiers-de-la-realisation-de-produits-mecaniques\/bac-pro-tu\/\"><span style=\"text-decoration: underline;\"><em>Bac Pro RSP<\/em><\/span><\/a> &#8211; TU \/ <a href=\"https:\/\/www.lyceelafayette.fr\/index.php\/bac-pro-to\/\"><span style=\"text-decoration: underline;\"><em>Bac Pro RMO<\/em><\/span><\/a> &#8211; TO au lyc\u00e9e La Fayette).<\/p>\n\n\n<p style=\"text-align:center;\"><iframe loading=\"lazy\" src=\"https:\/\/www.youtube.com\/embed\/0Pg39Q0PTZ0\" allowfullscreen=\"allowfullscreen\" width=\"560\" height=\"315\" frameborder=\"0\"><\/iframe><\/p>\n\n\n<p><\/p>\n\n\n\n<p>Au lyc\u00e9e La Fayette &#8211; Fontaineroux, 2 options du BTS CPRP sont propos\u00e9es :<\/p>\n\n\n\n<ul class=\"wp-block-list\"><li>Le BTS CPRP <a href=\"https:\/\/www.lyceelafayette.fr\/index.php\/bts-cprp\/\"><em><span style=\"text-decoration: underline;\"><strong>Option A (Production Unitaire)<\/strong><\/span><\/em><\/a><\/li><li>Le BTS CPRP <a href=\"https:\/\/www.lyceelafayette.fr\/index.php\/bts-cprp-conception-production-realisation-de-produits-option-b\/\"><span style=\"text-decoration: underline;\"><em><strong>Option B (Production S\u00e9rielle)<\/strong><\/em><\/span><\/a><\/li><\/ul>\n\n\n\n<figure class=\"wp-block-image size-large\"><img loading=\"lazy\" decoding=\"async\" width=\"840\" height=\"560\" src=\"https:\/\/www.lyceelafayette.fr\/wp-content\/uploads\/2020\/12\/les-annees-lycee-1-1.jpg\" alt=\"\" class=\"wp-image-2778\" srcset=\"https:\/\/www.lyceelafayette.fr\/wp-content\/uploads\/2020\/12\/les-annees-lycee-1-1.jpg 840w, https:\/\/www.lyceelafayette.fr\/wp-content\/uploads\/2020\/12\/les-annees-lycee-1-1-300x200.jpg 300w, https:\/\/www.lyceelafayette.fr\/wp-content\/uploads\/2020\/12\/les-annees-lycee-1-1-768x512.jpg 768w, https:\/\/www.lyceelafayette.fr\/wp-content\/uploads\/2020\/12\/les-annees-lycee-1-1-150x100.jpg 150w, https:\/\/www.lyceelafayette.fr\/wp-content\/uploads\/2020\/12\/les-annees-lycee-1-1-272x182.jpg 272w\" sizes=\"auto, (max-width: 840px) 100vw, 840px\" \/><\/figure>\n\n\n\n<p><strong>Le m\u00e9tier de technicien sup\u00e9rieur CPRP :<\/strong><\/p>\n\n\n\n<p>Extrait de la fiche du site Eduscol :<\/p>\n\n\n\n<blockquote class=\"wp-block-quote is-layout-flow wp-block-quote-is-layout-flow\"><p>Le titulaire du brevet de technicien sup\u00e9rieur \u00ab Conception des processus de r\u00e9alisation de produits \u00bb est amen\u00e9 \u00e0 exercer son m\u00e9tier dans les domaines de la r\u00e9alisation de sous-ensembles m\u00e9caniques. C\u2019est un sp\u00e9cialiste des proc\u00e9d\u00e9s de production par enl\u00e8vement ou addition de mati\u00e8res. Concepteur des processus qui y sont associ\u00e9s, il intervient tout au long de la cha\u00eene d\u2019obtention (d\u00e9finition \u2013 industrialisation \u2013 r\u00e9alisation, assemblage et contr\u00f4le) des \u00e9l\u00e9ments m\u00e9caniques constituant les sous-ensembles industriels, qu\u2019il s\u2019agisse de biens de consommation pour le grand public, de biens d\u2019\u00e9quipement pour les entreprises, d\u2019outillages sp\u00e9cialis\u00e9s ou d\u2019ensembles m\u00e9caniques \u00e0 haute valeur ajout\u00e9e.<\/p><cite>https:\/\/eduscol.education.fr\/sti\/formations\/bts\/bts-conception-des-processus-de-realisation-de-produits-cprp<\/cite><\/blockquote>\n\n\n\n<p><\/p>\n\n\n\n<p>Les \u00e9tudiants du BTS CPRP de La Fayette &#8211; Fontaineroux vous pr\u00e9sentent en quelques diapos les \u00e9tapes de conception et de r\u00e9alisation de projets initi\u00e9s pendant leurs \u00e9tudes.<\/p>\n\n\n\n<p><\/p>\n\n\n\n<figure class=\"wp-block-video\"><video height=\"720\" style=\"aspect-ratio: 960 \/ 720;\" width=\"960\" controls src=\"https:\/\/www.lyceelafayette.fr\/wp-content\/uploads\/2021\/01\/Presentation-BTS-CPRP.mp4\"><\/video><\/figure>\n\n\n\n<p><strong>Admission :<\/strong><\/p>\n\n\n\n<p>Le recrutement se fait sur dossier. Il est accessible \u00e0 tout titulaire d\u2019un baccalaur\u00e9at : professionnel, technologique ou g\u00e9n\u00e9ral. Les admissions se font exclusivement par <a href=\"https:\/\/www.parcoursup.fr\/index.php?desc=calendrier\">ParcoursSup<\/a>.<\/p>\n\n\n\n<p>Voici quelques liens pour en savoir + sur l\u2019admission en BTS via&nbsp;<strong>ParcoursSup<\/strong><\/p>\n\n\n\n<ul class=\"wp-block-list\"><li><a href=\"https:\/\/www.onisep.fr\/Choisir-mes-etudes\/Apres-le-bac\/Organisation-des-etudes-superieures\/Les-BTS\/L-admission-en-BTS\" target=\"_blank\" rel=\"noreferrer noopener\">Onisep<\/a><\/li><li><a href=\"https:\/\/www.parcoursup.fr\/index.php?desc=calendrier\" target=\"_blank\" rel=\"noreferrer noopener\">ParcoursSup 2021<\/a><\/li><li><a href=\"https:\/\/www.letudiant.fr\/etudes\/parcoursup\/parcoursup-les-attendus-pour-integrer-un-bts.html\" target=\"_blank\" rel=\"noreferrer noopener\">L\u2019etudiant<\/a><\/li><li><a href=\"https:\/\/www.studyrama.com\/parcoursup\/le-calendrier-de-la-procedure-parcoursup-2021-devoile-107306\" target=\"_blank\" rel=\"noreferrer noopener\">Studyrama<\/a><\/li><\/ul>\n\n\n\n<p><strong>Le parcours d&rsquo;\u00e9tudes :<\/strong><\/p>\n\n\n\n<p>La formation se d\u00e9roule sur 2 ans. La premi\u00e8re ann\u00e9e est notamment marqu\u00e9e par 2 p\u00e9riodes de stages en entreprise de 8 semaines au total.<\/p>\n\n\n\n\n\n<h5 class=\"wp-block-heading\"><strong>R\u00e9f\u00e9rentiel du BTS CPRP<\/strong><\/h5>\n\n\n\n<p>Pour en savoir + sur le contenu et les \u00e9preuves du dipl\u00f4me :&nbsp;<a href=\"https:\/\/eduscol.education.fr\/sti\/sites\/eduscol.education.fr.sti\/files\/BTS_CPRP_-_Referentiel.pdf\" target=\"_blank\" rel=\"noreferrer noopener\">cliquez ici<\/a><\/p>\n\n\n\n<hr class=\"wp-block-separator\"\/>\n","protected":false},"excerpt":{"rendered":"<p>Le BTS CPRP est un dipl\u00f4me d&rsquo;\u00c9tat de niveau 5 (anciennement niveau III) obtenu \u00e0 l&rsquo;issue d&rsquo;une formation post-bac de 2 ans.\u00a0 Il est accessible pour les titulaires d&rsquo;un baccalaur\u00e9at technologique (STI2D), d&rsquo;un bac g\u00e9n\u00e9ral \u00e0 orientation scientifique ou d&rsquo;un baccalaur\u00e9at professionnel de la famille de m\u00e9tiers de la r\u00e9alisation&#8230; <a class=\"continue-reading-link\" href=\"https:\/\/www.lyceelafayette.fr\/index.php\/le-bts-conception-des-processus-de-realisation-de-produits-cprp\/\">lire la suite<\/a><\/p>\n","protected":false},"author":1,"featured_media":0,"parent":0,"menu_order":0,"comment_status":"closed","ping_status":"closed","template":"","meta":{"footnotes":""},"class_list":["post-3227","page","type-page","status-publish","hentry"],"yoast_head":"<!-- This site is optimized with the Yoast SEO plugin v27.5 - https:\/\/yoast.com\/product\/yoast-seo-wordpress\/ -->\n<title>Le BTS Conception des Processus de R\u00e9alisation de Produits (CPRP) - Lyc\u00e9e La Fayette<\/title>\n<meta name=\"robots\" content=\"index, follow, max-snippet:-1, max-image-preview:large, max-video-preview:-1\" \/>\n<link rel=\"canonical\" href=\"https:\/\/www.lyceelafayette.fr\/index.php\/le-bts-conception-des-processus-de-realisation-de-produits-cprp\/\" \/>\n<meta property=\"og:locale\" content=\"fr_FR\" \/>\n<meta property=\"og:type\" content=\"article\" \/>\n<meta property=\"og:title\" content=\"Le BTS Conception des Processus de R\u00e9alisation de Produits (CPRP) - Lyc\u00e9e La Fayette\" \/>\n<meta property=\"og:description\" content=\"Le BTS CPRP est un dipl\u00f4me d&rsquo;\u00c9tat de niveau 5 (anciennement niveau III) obtenu \u00e0 l&rsquo;issue d&rsquo;une formation post-bac de 2 ans.\u00a0 Il est accessible pour les titulaires d&rsquo;un baccalaur\u00e9at technologique (STI2D), d&rsquo;un bac g\u00e9n\u00e9ral \u00e0 orientation scientifique ou d&rsquo;un baccalaur\u00e9at professionnel de la famille de m\u00e9tiers de la r\u00e9alisation... lire la suite\" \/>\n<meta property=\"og:url\" content=\"https:\/\/www.lyceelafayette.fr\/index.php\/le-bts-conception-des-processus-de-realisation-de-produits-cprp\/\" \/>\n<meta property=\"og:site_name\" content=\"Lyc\u00e9e La Fayette\" \/>\n<meta property=\"article:modified_time\" content=\"2021-04-08T07:27:30+00:00\" \/>\n<meta property=\"og:image\" content=\"https:\/\/www.lyceelafayette.fr\/wp-content\/uploads\/2020\/12\/diplome_du_bts_vierge-392x272-1.jpg\" \/>\n<meta name=\"twitter:card\" content=\"summary_large_image\" \/>\n<meta name=\"twitter:label1\" content=\"Dur\u00e9e de lecture estim\u00e9e\" \/>\n\t<meta name=\"twitter:data1\" content=\"2 minutes\" \/>\n<script type=\"application\/ld+json\" class=\"yoast-schema-graph\">{\"@context\":\"https:\\\/\\\/schema.org\",\"@graph\":[{\"@type\":\"WebPage\",\"@id\":\"https:\\\/\\\/www.lyceelafayette.fr\\\/index.php\\\/le-bts-conception-des-processus-de-realisation-de-produits-cprp\\\/\",\"url\":\"https:\\\/\\\/www.lyceelafayette.fr\\\/index.php\\\/le-bts-conception-des-processus-de-realisation-de-produits-cprp\\\/\",\"name\":\"Le BTS Conception des Processus de R\u00e9alisation de Produits (CPRP) - Lyc\u00e9e La Fayette\",\"isPartOf\":{\"@id\":\"https:\\\/\\\/www.lyceelafayette.fr\\\/#website\"},\"primaryImageOfPage\":{\"@id\":\"https:\\\/\\\/www.lyceelafayette.fr\\\/index.php\\\/le-bts-conception-des-processus-de-realisation-de-produits-cprp\\\/#primaryimage\"},\"image\":{\"@id\":\"https:\\\/\\\/www.lyceelafayette.fr\\\/index.php\\\/le-bts-conception-des-processus-de-realisation-de-produits-cprp\\\/#primaryimage\"},\"thumbnailUrl\":\"https:\\\/\\\/www.lyceelafayette.fr\\\/wp-content\\\/uploads\\\/2020\\\/12\\\/diplome_du_bts_vierge-392x272-1.jpg\",\"datePublished\":\"2021-01-07T15:36:33+00:00\",\"dateModified\":\"2021-04-08T07:27:30+00:00\",\"breadcrumb\":{\"@id\":\"https:\\\/\\\/www.lyceelafayette.fr\\\/index.php\\\/le-bts-conception-des-processus-de-realisation-de-produits-cprp\\\/#breadcrumb\"},\"inLanguage\":\"fr-FR\",\"potentialAction\":[{\"@type\":\"ReadAction\",\"target\":[\"https:\\\/\\\/www.lyceelafayette.fr\\\/index.php\\\/le-bts-conception-des-processus-de-realisation-de-produits-cprp\\\/\"]}]},{\"@type\":\"ImageObject\",\"inLanguage\":\"fr-FR\",\"@id\":\"https:\\\/\\\/www.lyceelafayette.fr\\\/index.php\\\/le-bts-conception-des-processus-de-realisation-de-produits-cprp\\\/#primaryimage\",\"url\":\"https:\\\/\\\/www.lyceelafayette.fr\\\/wp-content\\\/uploads\\\/2020\\\/12\\\/diplome_du_bts_vierge-392x272-1.jpg\",\"contentUrl\":\"https:\\\/\\\/www.lyceelafayette.fr\\\/wp-content\\\/uploads\\\/2020\\\/12\\\/diplome_du_bts_vierge-392x272-1.jpg\",\"width\":392,\"height\":272},{\"@type\":\"BreadcrumbList\",\"@id\":\"https:\\\/\\\/www.lyceelafayette.fr\\\/index.php\\\/le-bts-conception-des-processus-de-realisation-de-produits-cprp\\\/#breadcrumb\",\"itemListElement\":[{\"@type\":\"ListItem\",\"position\":1,\"name\":\"Accueil\",\"item\":\"https:\\\/\\\/www.lyceelafayette.fr\\\/\"},{\"@type\":\"ListItem\",\"position\":2,\"name\":\"Le BTS Conception des Processus de R\u00e9alisation de Produits (CPRP)\"}]},{\"@type\":\"WebSite\",\"@id\":\"https:\\\/\\\/www.lyceelafayette.fr\\\/#website\",\"url\":\"https:\\\/\\\/www.lyceelafayette.fr\\\/\",\"name\":\"Lyc\u00e9e La Fayette\",\"description\":\"\",\"publisher\":{\"@id\":\"https:\\\/\\\/www.lyceelafayette.fr\\\/#organization\"},\"potentialAction\":[{\"@type\":\"SearchAction\",\"target\":{\"@type\":\"EntryPoint\",\"urlTemplate\":\"https:\\\/\\\/www.lyceelafayette.fr\\\/?s={search_term_string}\"},\"query-input\":{\"@type\":\"PropertyValueSpecification\",\"valueRequired\":true,\"valueName\":\"search_term_string\"}}],\"inLanguage\":\"fr-FR\"},{\"@type\":\"Organization\",\"@id\":\"https:\\\/\\\/www.lyceelafayette.fr\\\/#organization\",\"name\":\"Lyc\u00e9e La Fayette\",\"url\":\"https:\\\/\\\/www.lyceelafayette.fr\\\/\",\"logo\":{\"@type\":\"ImageObject\",\"inLanguage\":\"fr-FR\",\"@id\":\"https:\\\/\\\/www.lyceelafayette.fr\\\/#\\\/schema\\\/logo\\\/image\\\/\",\"url\":\"https:\\\/\\\/www.lyceelafayette.fr\\\/wp-content\\\/uploads\\\/2019\\\/06\\\/llf_logo_alpha.png\",\"contentUrl\":\"https:\\\/\\\/www.lyceelafayette.fr\\\/wp-content\\\/uploads\\\/2019\\\/06\\\/llf_logo_alpha.png\",\"width\":1583,\"height\":792,\"caption\":\"Lyc\u00e9e La Fayette\"},\"image\":{\"@id\":\"https:\\\/\\\/www.lyceelafayette.fr\\\/#\\\/schema\\\/logo\\\/image\\\/\"},\"sameAs\":[\"https:\\\/\\\/www.youtube.com\\\/channel\\\/UC2AOQowoMGBKdY4ToZsf9mw\"]}]}<\/script>\n<!-- \/ Yoast SEO plugin. -->","yoast_head_json":{"title":"Le BTS Conception des Processus de R\u00e9alisation de Produits (CPRP) - Lyc\u00e9e La Fayette","robots":{"index":"index","follow":"follow","max-snippet":"max-snippet:-1","max-image-preview":"max-image-preview:large","max-video-preview":"max-video-preview:-1"},"canonical":"https:\/\/www.lyceelafayette.fr\/index.php\/le-bts-conception-des-processus-de-realisation-de-produits-cprp\/","og_locale":"fr_FR","og_type":"article","og_title":"Le BTS Conception des Processus de R\u00e9alisation de Produits (CPRP) - Lyc\u00e9e La Fayette","og_description":"Le BTS CPRP est un dipl\u00f4me d&rsquo;\u00c9tat de niveau 5 (anciennement niveau III) obtenu \u00e0 l&rsquo;issue d&rsquo;une formation post-bac de 2 ans.\u00a0 Il est accessible pour les titulaires d&rsquo;un baccalaur\u00e9at technologique (STI2D), d&rsquo;un bac g\u00e9n\u00e9ral \u00e0 orientation scientifique ou d&rsquo;un baccalaur\u00e9at professionnel de la famille de m\u00e9tiers de la r\u00e9alisation... lire la suite","og_url":"https:\/\/www.lyceelafayette.fr\/index.php\/le-bts-conception-des-processus-de-realisation-de-produits-cprp\/","og_site_name":"Lyc\u00e9e La Fayette","article_modified_time":"2021-04-08T07:27:30+00:00","og_image":[{"url":"https:\/\/www.lyceelafayette.fr\/wp-content\/uploads\/2020\/12\/diplome_du_bts_vierge-392x272-1.jpg","type":"","width":"","height":""}],"twitter_card":"summary_large_image","twitter_misc":{"Dur\u00e9e de lecture estim\u00e9e":"2 minutes"},"schema":{"@context":"https:\/\/schema.org","@graph":[{"@type":"WebPage","@id":"https:\/\/www.lyceelafayette.fr\/index.php\/le-bts-conception-des-processus-de-realisation-de-produits-cprp\/","url":"https:\/\/www.lyceelafayette.fr\/index.php\/le-bts-conception-des-processus-de-realisation-de-produits-cprp\/","name":"Le BTS Conception des Processus de R\u00e9alisation de Produits (CPRP) - Lyc\u00e9e La Fayette","isPartOf":{"@id":"https:\/\/www.lyceelafayette.fr\/#website"},"primaryImageOfPage":{"@id":"https:\/\/www.lyceelafayette.fr\/index.php\/le-bts-conception-des-processus-de-realisation-de-produits-cprp\/#primaryimage"},"image":{"@id":"https:\/\/www.lyceelafayette.fr\/index.php\/le-bts-conception-des-processus-de-realisation-de-produits-cprp\/#primaryimage"},"thumbnailUrl":"https:\/\/www.lyceelafayette.fr\/wp-content\/uploads\/2020\/12\/diplome_du_bts_vierge-392x272-1.jpg","datePublished":"2021-01-07T15:36:33+00:00","dateModified":"2021-04-08T07:27:30+00:00","breadcrumb":{"@id":"https:\/\/www.lyceelafayette.fr\/index.php\/le-bts-conception-des-processus-de-realisation-de-produits-cprp\/#breadcrumb"},"inLanguage":"fr-FR","potentialAction":[{"@type":"ReadAction","target":["https:\/\/www.lyceelafayette.fr\/index.php\/le-bts-conception-des-processus-de-realisation-de-produits-cprp\/"]}]},{"@type":"ImageObject","inLanguage":"fr-FR","@id":"https:\/\/www.lyceelafayette.fr\/index.php\/le-bts-conception-des-processus-de-realisation-de-produits-cprp\/#primaryimage","url":"https:\/\/www.lyceelafayette.fr\/wp-content\/uploads\/2020\/12\/diplome_du_bts_vierge-392x272-1.jpg","contentUrl":"https:\/\/www.lyceelafayette.fr\/wp-content\/uploads\/2020\/12\/diplome_du_bts_vierge-392x272-1.jpg","width":392,"height":272},{"@type":"BreadcrumbList","@id":"https:\/\/www.lyceelafayette.fr\/index.php\/le-bts-conception-des-processus-de-realisation-de-produits-cprp\/#breadcrumb","itemListElement":[{"@type":"ListItem","position":1,"name":"Accueil","item":"https:\/\/www.lyceelafayette.fr\/"},{"@type":"ListItem","position":2,"name":"Le BTS Conception des Processus de R\u00e9alisation de Produits (CPRP)"}]},{"@type":"WebSite","@id":"https:\/\/www.lyceelafayette.fr\/#website","url":"https:\/\/www.lyceelafayette.fr\/","name":"Lyc\u00e9e La Fayette","description":"","publisher":{"@id":"https:\/\/www.lyceelafayette.fr\/#organization"},"potentialAction":[{"@type":"SearchAction","target":{"@type":"EntryPoint","urlTemplate":"https:\/\/www.lyceelafayette.fr\/?s={search_term_string}"},"query-input":{"@type":"PropertyValueSpecification","valueRequired":true,"valueName":"search_term_string"}}],"inLanguage":"fr-FR"},{"@type":"Organization","@id":"https:\/\/www.lyceelafayette.fr\/#organization","name":"Lyc\u00e9e La Fayette","url":"https:\/\/www.lyceelafayette.fr\/","logo":{"@type":"ImageObject","inLanguage":"fr-FR","@id":"https:\/\/www.lyceelafayette.fr\/#\/schema\/logo\/image\/","url":"https:\/\/www.lyceelafayette.fr\/wp-content\/uploads\/2019\/06\/llf_logo_alpha.png","contentUrl":"https:\/\/www.lyceelafayette.fr\/wp-content\/uploads\/2019\/06\/llf_logo_alpha.png","width":1583,"height":792,"caption":"Lyc\u00e9e La Fayette"},"image":{"@id":"https:\/\/www.lyceelafayette.fr\/#\/schema\/logo\/image\/"},"sameAs":["https:\/\/www.youtube.com\/channel\/UC2AOQowoMGBKdY4ToZsf9mw"]}]}},"_links":{"self":[{"href":"https:\/\/www.lyceelafayette.fr\/index.php\/wp-json\/wp\/v2\/pages\/3227","targetHints":{"allow":["GET"]}}],"collection":[{"href":"https:\/\/www.lyceelafayette.fr\/index.php\/wp-json\/wp\/v2\/pages"}],"about":[{"href":"https:\/\/www.lyceelafayette.fr\/index.php\/wp-json\/wp\/v2\/types\/page"}],"author":[{"embeddable":true,"href":"https:\/\/www.lyceelafayette.fr\/index.php\/wp-json\/wp\/v2\/users\/1"}],"replies":[{"embeddable":true,"href":"https:\/\/www.lyceelafayette.fr\/index.php\/wp-json\/wp\/v2\/comments?post=3227"}],"version-history":[{"count":31,"href":"https:\/\/www.lyceelafayette.fr\/index.php\/wp-json\/wp\/v2\/pages\/3227\/revisions"}],"predecessor-version":[{"id":4756,"href":"https:\/\/www.lyceelafayette.fr\/index.php\/wp-json\/wp\/v2\/pages\/3227\/revisions\/4756"}],"wp:attachment":[{"href":"https:\/\/www.lyceelafayette.fr\/index.php\/wp-json\/wp\/v2\/media?parent=3227"}],"curies":[{"name":"wp","href":"https:\/\/api.w.org\/{rel}","templated":true}]}}