{"id":3067,"date":"2021-01-05T15:26:19","date_gmt":"2021-01-05T14:26:19","guid":{"rendered":"https:\/\/www.lyceelafayette.fr\/?page_id=3067"},"modified":"2021-04-08T09:25:59","modified_gmt":"2021-04-08T07:25:59","slug":"bts-cprp-conception-production-realisation-de-produits-option-b","status":"publish","type":"page","link":"https:\/\/www.lyceelafayette.fr\/index.php\/bts-cprp-conception-production-realisation-de-produits-option-b\/","title":{"rendered":"BTS CPRP (Conception des Processus de R\u00e9alisation de Produits). Option B"},"content":{"rendered":"<h2><span style=\"color: #d90f0f;\">Option B &#8211; Production S\u00e9rielle<\/span><\/h2>\n<div><\/div>\n<div><\/div>\n<div><\/div>\n<div class=\"cartouche\">\n<div class=\"surlignable\">\n<p class=\"ideo-title-block\">Le BTS CPRP est un dipl\u00f4me d&rsquo;\u00c9tat de niveau III obtenu \u00e0 l&rsquo;issue d&rsquo;une formation bac + 2. Il est accessible pour les titulaires d&rsquo;un baccalaur\u00e9at technologique (STI2D), d&rsquo;un bac g\u00e9n\u00e9ral \u00e0 orientation scientifique ou d&rsquo;un baccalaur\u00e9at professionnel de la famille de m\u00e9tiers de la r\u00e9alisation d&rsquo;ensembles m\u00e9caniques et industriels (voir <a href=\"https:\/\/www.lyceelafayette.fr\/index.php\/formations\/productique\/la-seconde-famille-des-metiers-de-la-realisation-de-produits-mecaniques\/bac-pro-tu\/\">Bac Pro RSP<\/a> &#8211; TU \/ <a href=\"https:\/\/www.lyceelafayette.fr\/index.php\/bac-pro-to\/\">Bac Pro RMO<\/a> &#8211; TO au lyc\u00e9e La Fayette).<\/p>\n<p><strong>L&rsquo;option B &#8211; Production S\u00e9rielle<\/strong> : Cette option permet de dipl\u00f4mer des sp\u00e9cialistes de la mise au point de proc\u00e9d\u00e9s de production d&rsquo;usinage m\u00e9canique en s\u00e9ries.<\/p>\n<p>L&rsquo;objectif d&rsquo;un sp\u00e9cialiste de la production s\u00e9rielle est notamment de maitriser le r\u00e9glage de machines outils \u00e0 commandes num\u00e9riques, d&rsquo;organiser les flux de production, de r\u00e9aliser des documents de production dont le cahier des charges.<\/p>\n<p style=\"text-align: center;\"><iframe loading=\"lazy\" src=\"https:\/\/www.youtube.com\/embed\/0Pg39Q0PTZ0?start=8\" width=\"560\" height=\"315\" frameborder=\"0\" allowfullscreen=\"allowfullscreen\"><\/iframe><\/p>\n<p>Il maitrise les \u00e9tapes de conception du processus de fabrication jusqu&rsquo;\u00e0 la pr\u00e9-industrialisation des produits, les processus d&rsquo;assemblage avec les outillages n\u00e9cessaires. Il assure le lancement et le suivi des productions.<\/p>\n\n\t\t<style type=\"text\/css\">\n\t\t\t#gallery-1 {\n\t\t\t\tmargin: auto;\n\t\t\t}\n\t\t\t#gallery-1 .gallery-item {\n\t\t\t\tfloat: left;\n\t\t\t\tmargin-top: 10px;\n\t\t\t\ttext-align: center;\n\t\t\t\twidth: 33%;\n\t\t\t}\n\t\t\t#gallery-1 img {\n\t\t\t\tborder: 2px solid #cfcfcf;\n\t\t\t}\n\t\t\t#gallery-1 .gallery-caption {\n\t\t\t\tmargin-left: 0;\n\t\t\t}\n\t\t\t\/* see gallery_shortcode() in wp-includes\/media.php *\/\n\t\t<\/style>\n\t\t<div id='gallery-1' class='gallery galleryid-3067 gallery-columns-3 gallery-size-medium'><dl class='gallery-item'>\n\t\t\t<dt class='gallery-icon landscape'>\n\t\t\t\t<a href='https:\/\/www.lyceelafayette.fr\/wp-content\/uploads\/2021\/01\/20201214_111153-V2.jpg'><img loading=\"lazy\" decoding=\"async\" width=\"300\" height=\"200\" src=\"https:\/\/www.lyceelafayette.fr\/wp-content\/uploads\/2021\/01\/20201214_111153-V2-300x200.jpg\" class=\"attachment-medium size-medium\" alt=\"Intervention sur une machine outil \u00e0 commandes num\u00e9riques\" srcset=\"https:\/\/www.lyceelafayette.fr\/wp-content\/uploads\/2021\/01\/20201214_111153-V2-300x200.jpg 300w, https:\/\/www.lyceelafayette.fr\/wp-content\/uploads\/2021\/01\/20201214_111153-V2-768x512.jpg 768w, https:\/\/www.lyceelafayette.fr\/wp-content\/uploads\/2021\/01\/20201214_111153-V2-150x100.jpg 150w, https:\/\/www.lyceelafayette.fr\/wp-content\/uploads\/2021\/01\/20201214_111153-V2-272x182.jpg 272w, https:\/\/www.lyceelafayette.fr\/wp-content\/uploads\/2021\/01\/20201214_111153-V2.jpg 900w\" sizes=\"auto, (max-width: 300px) 100vw, 300px\" \/><\/a>\n\t\t\t<\/dt><\/dl><dl class='gallery-item'>\n\t\t\t<dt class='gallery-icon landscape'>\n\t\t\t\t<a href='https:\/\/www.lyceelafayette.fr\/wp-content\/uploads\/2021\/01\/les-annees-lycee-1-2021.jpg'><img loading=\"lazy\" decoding=\"async\" width=\"300\" height=\"200\" src=\"https:\/\/www.lyceelafayette.fr\/wp-content\/uploads\/2021\/01\/les-annees-lycee-1-2021-300x200.jpg\" class=\"attachment-medium size-medium\" alt=\"L&#039;atelier de Productique M\u00e9canique\" srcset=\"https:\/\/www.lyceelafayette.fr\/wp-content\/uploads\/2021\/01\/les-annees-lycee-1-2021-300x200.jpg 300w, https:\/\/www.lyceelafayette.fr\/wp-content\/uploads\/2021\/01\/les-annees-lycee-1-2021-768x512.jpg 768w, https:\/\/www.lyceelafayette.fr\/wp-content\/uploads\/2021\/01\/les-annees-lycee-1-2021-150x100.jpg 150w, https:\/\/www.lyceelafayette.fr\/wp-content\/uploads\/2021\/01\/les-annees-lycee-1-2021-272x182.jpg 272w, https:\/\/www.lyceelafayette.fr\/wp-content\/uploads\/2021\/01\/les-annees-lycee-1-2021.jpg 900w\" sizes=\"auto, (max-width: 300px) 100vw, 300px\" \/><\/a>\n\t\t\t<\/dt><\/dl><dl class='gallery-item'>\n\t\t\t<dt class='gallery-icon landscape'>\n\t\t\t\t<a href='https:\/\/www.lyceelafayette.fr\/wp-content\/uploads\/2021\/01\/eleves-sur-machines-V2-2021.jpg'><img loading=\"lazy\" decoding=\"async\" width=\"300\" height=\"200\" src=\"https:\/\/www.lyceelafayette.fr\/wp-content\/uploads\/2021\/01\/eleves-sur-machines-V2-2021-300x200.jpg\" class=\"attachment-medium size-medium\" alt=\"LEs \u00e9l\u00e9v\u00e8es en pleine action\" srcset=\"https:\/\/www.lyceelafayette.fr\/wp-content\/uploads\/2021\/01\/eleves-sur-machines-V2-2021-300x200.jpg 300w, https:\/\/www.lyceelafayette.fr\/wp-content\/uploads\/2021\/01\/eleves-sur-machines-V2-2021-768x512.jpg 768w, https:\/\/www.lyceelafayette.fr\/wp-content\/uploads\/2021\/01\/eleves-sur-machines-V2-2021-150x100.jpg 150w, https:\/\/www.lyceelafayette.fr\/wp-content\/uploads\/2021\/01\/eleves-sur-machines-V2-2021-272x182.jpg 272w, https:\/\/www.lyceelafayette.fr\/wp-content\/uploads\/2021\/01\/eleves-sur-machines-V2-2021.jpg 900w\" sizes=\"auto, (max-width: 300px) 100vw, 300px\" \/><\/a>\n\t\t\t<\/dt><\/dl><br style=\"clear: both\" \/>\n\t\t<\/div>\n\n<h2>Les modalit\u00e9s de la formation<\/h2>\n<p>Le BTS se d\u00e9roule sur deux ans. Le programme est compos\u00e9 d&rsquo;enseignements g\u00e9n\u00e9raux et techniques. Afin de d\u00e9couvrir et comprendre les r\u00e9alit\u00e9s industrielles, l&rsquo;\u00e9tudiant r\u00e9alise <strong>8 semaines de stage<\/strong> (r\u00e9parties sur 2 p\u00e9riodes) en entreprise la premi\u00e8re ann\u00e9e de son BTS.<\/p>\n<\/div>\n<p>La validation du dipl\u00f4me se fait par des \u00e9preuves qui se d\u00e9roulent en majorit\u00e9 en<strong> contr\u00f4le en cours de formation (CCF)<\/strong><\/p>\n<div class=\"surlignable\">\n<p><strong>Programme de la formation technique :<\/strong><\/p>\n<ul>\n<li>Conception d\u2019un montage d\u2019usinage sur logiciel de CAO<\/li>\n<li>M\u00e9canique appliqu\u00e9e : calcul des efforts engendr\u00e9s lors de l\u2019usinage<\/li>\n<li>\u00c9tudes des proc\u00e9d\u00e9s d\u2019usinage<\/li>\n<li>\u00c9tudes des proc\u00e9d\u00e9s en relation avec l\u2019usinage : forgeage, moulage, traitement thermique, chaudronnerie, etc.<\/li>\n<li>Gestion de production : planification de production, gestion des stocks<\/li>\n<li>Cr\u00e9ation d\u2019un devis de pi\u00e8ces \u00e0 l\u2019aide d&rsquo;un logiciel<\/li>\n<li>\u00c9laboration de parcours d\u2019outils sur logiciel de FAO<\/li>\n<li>M\u00e9trologie : \u00e9tude SPC (Statistique Process Contr\u00f4le), mise en \u0153uvre de MMT (Machine \u00e0 Mesurer Tridimensionnelle)<\/li>\n<\/ul>\n<p><strong>Programme des th\u00e8mes mis en \u0153uvre en atelier :<\/strong><\/p>\n<ul>\n<li>Mise en \u0153uvre de machines outils \u00e0 commande num\u00e9rique<\/li>\n<li>R\u00e9alisation et travail en mode projet<\/li>\n<li>Fabrication additive et prototypage<\/li>\n<\/ul>\n<p><strong>Programme de la formation g\u00e9n\u00e9rale :<\/strong><\/p>\n<ul>\n<li>Math\u00e9matiques<\/li>\n<li>Culture g\u00e9n\u00e9rale et expression<\/li>\n<li>Anglais<\/li>\n<li>Sciences physiques appliqu\u00e9es<\/li>\n<li>\u00c9conomie \/ Gestion de l&rsquo;entreprise<\/li>\n<\/ul>\n<h2>Les d\u00e9bouch\u00e9s professionnels<\/h2>\n<\/div>\n<p>Le titulaire d&rsquo;un brevet de technicien sup\u00e9rieur \u00ab Conception des processus de r\u00e9alisation de produits \u00bb s\u2019ins\u00e8re dans des entreprises de taille variable, tr\u00e8s petites entreprises (TPE), petites et moyennes entreprises (PME) et grandes entreprises. Les principaux secteurs d\u2019activit\u00e9s \u00e9conomiques concern\u00e9s sont :<\/p>\n<p>&#8211; l\u2019a\u00e9ronautique<br \/>\n&#8211; le ferroviaire<br \/>\n&#8211; l\u2019automobile<br \/>\n&#8211; le b\u00e2timent<br \/>\n&#8211; l\u2019\u00e9nergie<br \/>\n&#8211; le m\u00e9dical<br \/>\n&#8211; \u2026 et bien d&rsquo;autres encore.<\/p>\n<div class=\"surlignable\">\n<h2 class=\"ideo-title-block\">Les admissions<\/h2>\n<div class=\"ezxmltext-field\">\n<p>Le BTS CPRP est accessible \u00e0 tout titulaire d&rsquo;un baccalaur\u00e9at : professionnel, technologique (STI2D) ou bien bac g\u00e9n\u00e9ral (\u00e0 vocation scientifique).<\/p>\n<p>Les admissions se font exclusivement par ParcoursSup.<\/p>\n<p>Voici quelques liens pour en savoir + sur l&rsquo;admission en BTS via <strong>ParcoursSup<\/strong><\/p>\n<ul style=\"list-style-type: square;\">\n<li><a href=\"https:\/\/www.onisep.fr\/Choisir-mes-etudes\/Apres-le-bac\/Organisation-des-etudes-superieures\/Les-BTS\/L-admission-en-BTS\" target=\"_blank\" rel=\"noopener\">Onisep<\/a><\/li>\n<li><a href=\"https:\/\/www.parcoursup.fr\/index.php?desc=calendrier\" target=\"_blank\" rel=\"noopener\">ParcoursSup 2021<\/a><\/li>\n<li><a href=\"https:\/\/www.letudiant.fr\/etudes\/parcoursup\/parcoursup-les-attendus-pour-integrer-un-bts.html\" target=\"_blank\" rel=\"noopener\">L&rsquo;etudiant<\/a><\/li>\n<li><a href=\"https:\/\/www.studyrama.com\/parcoursup\/le-calendrier-de-la-procedure-parcoursup-2021-devoile-107306\" target=\"_blank\" rel=\"noopener\">Studyrama<\/a><\/li>\n<\/ul>\n<p><span style=\"color: inherit; font-size: 2.44em; font-weight: 600;\">R\u00e9f\u00e9rentiel du BTS CPRP<\/span><\/p>\n<\/div>\n<\/div>\n<\/div>\n<div class=\"surlignable\">\n<div class=\"texte entry-content\">\n<p>Pour en savoir + sur le contenu et les \u00e9preuves du dipl\u00f4me : <a class=\"spip_url spip_out\" href=\"https:\/\/eduscol.education.fr\/sti\/sites\/eduscol.education.fr.sti\/files\/BTS_CPRP_-_Referentiel.pdf\" target=\"_blank\" rel=\"external nofollow noopener noreferrer\">cliquez ici<\/a><\/p>\n<\/div>\n<\/div>\n","protected":false},"excerpt":{"rendered":"<p>Option B &#8211; Production S\u00e9rielle Le BTS CPRP est un dipl\u00f4me d&rsquo;\u00c9tat de niveau III obtenu \u00e0 l&rsquo;issue d&rsquo;une formation bac + 2. Il est accessible pour les titulaires d&rsquo;un baccalaur\u00e9at technologique (STI2D), d&rsquo;un bac g\u00e9n\u00e9ral \u00e0 orientation scientifique ou d&rsquo;un baccalaur\u00e9at professionnel de la famille de m\u00e9tiers de la&#8230; <a class=\"continue-reading-link\" href=\"https:\/\/www.lyceelafayette.fr\/index.php\/bts-cprp-conception-production-realisation-de-produits-option-b\/\">lire la suite<\/a><\/p>\n","protected":false},"author":1,"featured_media":0,"parent":0,"menu_order":0,"comment_status":"closed","ping_status":"closed","template":"","meta":{"footnotes":""},"class_list":["post-3067","page","type-page","status-publish","hentry"],"yoast_head":"<!-- This site is optimized with the Yoast SEO plugin v27.5 - https:\/\/yoast.com\/product\/yoast-seo-wordpress\/ -->\n<title>BTS CPRP (Conception des Processus de R\u00e9alisation de Produits). Option B - Lyc\u00e9e La Fayette<\/title>\n<meta name=\"robots\" content=\"index, follow, max-snippet:-1, max-image-preview:large, max-video-preview:-1\" \/>\n<link rel=\"canonical\" href=\"https:\/\/www.lyceelafayette.fr\/index.php\/bts-cprp-conception-production-realisation-de-produits-option-b\/\" \/>\n<meta property=\"og:locale\" content=\"fr_FR\" \/>\n<meta property=\"og:type\" content=\"article\" \/>\n<meta property=\"og:title\" content=\"BTS CPRP (Conception des Processus de R\u00e9alisation de Produits). Option B - Lyc\u00e9e La Fayette\" \/>\n<meta property=\"og:description\" content=\"Option B &#8211; Production S\u00e9rielle Le BTS CPRP est un dipl\u00f4me d&rsquo;\u00c9tat de niveau III obtenu \u00e0 l&rsquo;issue d&rsquo;une formation bac + 2. Il est accessible pour les titulaires d&rsquo;un baccalaur\u00e9at technologique (STI2D), d&rsquo;un bac g\u00e9n\u00e9ral \u00e0 orientation scientifique ou d&rsquo;un baccalaur\u00e9at professionnel de la famille de m\u00e9tiers de la... lire la suite\" \/>\n<meta property=\"og:url\" content=\"https:\/\/www.lyceelafayette.fr\/index.php\/bts-cprp-conception-production-realisation-de-produits-option-b\/\" \/>\n<meta property=\"og:site_name\" content=\"Lyc\u00e9e La Fayette\" \/>\n<meta property=\"article:modified_time\" content=\"2021-04-08T07:25:59+00:00\" \/>\n<meta property=\"og:image\" content=\"https:\/\/www.lyceelafayette.fr\/wp-content\/uploads\/2021\/01\/20201214_111153-V2-300x200.jpg\" \/>\n<meta name=\"twitter:card\" content=\"summary_large_image\" \/>\n<meta name=\"twitter:label1\" content=\"Dur\u00e9e de lecture estim\u00e9e\" \/>\n\t<meta name=\"twitter:data1\" content=\"3 minutes\" \/>\n<script type=\"application\/ld+json\" class=\"yoast-schema-graph\">{\"@context\":\"https:\\\/\\\/schema.org\",\"@graph\":[{\"@type\":\"WebPage\",\"@id\":\"https:\\\/\\\/www.lyceelafayette.fr\\\/index.php\\\/bts-cprp-conception-production-realisation-de-produits-option-b\\\/\",\"url\":\"https:\\\/\\\/www.lyceelafayette.fr\\\/index.php\\\/bts-cprp-conception-production-realisation-de-produits-option-b\\\/\",\"name\":\"BTS CPRP (Conception des Processus de R\u00e9alisation de Produits). Option B - Lyc\u00e9e La Fayette\",\"isPartOf\":{\"@id\":\"https:\\\/\\\/www.lyceelafayette.fr\\\/#website\"},\"datePublished\":\"2021-01-05T14:26:19+00:00\",\"dateModified\":\"2021-04-08T07:25:59+00:00\",\"breadcrumb\":{\"@id\":\"https:\\\/\\\/www.lyceelafayette.fr\\\/index.php\\\/bts-cprp-conception-production-realisation-de-produits-option-b\\\/#breadcrumb\"},\"inLanguage\":\"fr-FR\",\"potentialAction\":[{\"@type\":\"ReadAction\",\"target\":[\"https:\\\/\\\/www.lyceelafayette.fr\\\/index.php\\\/bts-cprp-conception-production-realisation-de-produits-option-b\\\/\"]}]},{\"@type\":\"BreadcrumbList\",\"@id\":\"https:\\\/\\\/www.lyceelafayette.fr\\\/index.php\\\/bts-cprp-conception-production-realisation-de-produits-option-b\\\/#breadcrumb\",\"itemListElement\":[{\"@type\":\"ListItem\",\"position\":1,\"name\":\"Accueil\",\"item\":\"https:\\\/\\\/www.lyceelafayette.fr\\\/\"},{\"@type\":\"ListItem\",\"position\":2,\"name\":\"BTS CPRP (Conception des Processus de R\u00e9alisation de Produits). Option B\"}]},{\"@type\":\"WebSite\",\"@id\":\"https:\\\/\\\/www.lyceelafayette.fr\\\/#website\",\"url\":\"https:\\\/\\\/www.lyceelafayette.fr\\\/\",\"name\":\"Lyc\u00e9e La Fayette\",\"description\":\"\",\"publisher\":{\"@id\":\"https:\\\/\\\/www.lyceelafayette.fr\\\/#organization\"},\"potentialAction\":[{\"@type\":\"SearchAction\",\"target\":{\"@type\":\"EntryPoint\",\"urlTemplate\":\"https:\\\/\\\/www.lyceelafayette.fr\\\/?s={search_term_string}\"},\"query-input\":{\"@type\":\"PropertyValueSpecification\",\"valueRequired\":true,\"valueName\":\"search_term_string\"}}],\"inLanguage\":\"fr-FR\"},{\"@type\":\"Organization\",\"@id\":\"https:\\\/\\\/www.lyceelafayette.fr\\\/#organization\",\"name\":\"Lyc\u00e9e La Fayette\",\"url\":\"https:\\\/\\\/www.lyceelafayette.fr\\\/\",\"logo\":{\"@type\":\"ImageObject\",\"inLanguage\":\"fr-FR\",\"@id\":\"https:\\\/\\\/www.lyceelafayette.fr\\\/#\\\/schema\\\/logo\\\/image\\\/\",\"url\":\"https:\\\/\\\/www.lyceelafayette.fr\\\/wp-content\\\/uploads\\\/2019\\\/06\\\/llf_logo_alpha.png\",\"contentUrl\":\"https:\\\/\\\/www.lyceelafayette.fr\\\/wp-content\\\/uploads\\\/2019\\\/06\\\/llf_logo_alpha.png\",\"width\":1583,\"height\":792,\"caption\":\"Lyc\u00e9e La Fayette\"},\"image\":{\"@id\":\"https:\\\/\\\/www.lyceelafayette.fr\\\/#\\\/schema\\\/logo\\\/image\\\/\"},\"sameAs\":[\"https:\\\/\\\/www.youtube.com\\\/channel\\\/UC2AOQowoMGBKdY4ToZsf9mw\"]}]}<\/script>\n<!-- \/ Yoast SEO plugin. -->","yoast_head_json":{"title":"BTS CPRP (Conception des Processus de R\u00e9alisation de Produits). Option B - Lyc\u00e9e La Fayette","robots":{"index":"index","follow":"follow","max-snippet":"max-snippet:-1","max-image-preview":"max-image-preview:large","max-video-preview":"max-video-preview:-1"},"canonical":"https:\/\/www.lyceelafayette.fr\/index.php\/bts-cprp-conception-production-realisation-de-produits-option-b\/","og_locale":"fr_FR","og_type":"article","og_title":"BTS CPRP (Conception des Processus de R\u00e9alisation de Produits). Option B - Lyc\u00e9e La Fayette","og_description":"Option B &#8211; Production S\u00e9rielle Le BTS CPRP est un dipl\u00f4me d&rsquo;\u00c9tat de niveau III obtenu \u00e0 l&rsquo;issue d&rsquo;une formation bac + 2. Il est accessible pour les titulaires d&rsquo;un baccalaur\u00e9at technologique (STI2D), d&rsquo;un bac g\u00e9n\u00e9ral \u00e0 orientation scientifique ou d&rsquo;un baccalaur\u00e9at professionnel de la famille de m\u00e9tiers de la... lire la suite","og_url":"https:\/\/www.lyceelafayette.fr\/index.php\/bts-cprp-conception-production-realisation-de-produits-option-b\/","og_site_name":"Lyc\u00e9e La Fayette","article_modified_time":"2021-04-08T07:25:59+00:00","og_image":[{"url":"https:\/\/www.lyceelafayette.fr\/wp-content\/uploads\/2021\/01\/20201214_111153-V2-300x200.jpg","type":"","width":"","height":""}],"twitter_card":"summary_large_image","twitter_misc":{"Dur\u00e9e de lecture estim\u00e9e":"3 minutes"},"schema":{"@context":"https:\/\/schema.org","@graph":[{"@type":"WebPage","@id":"https:\/\/www.lyceelafayette.fr\/index.php\/bts-cprp-conception-production-realisation-de-produits-option-b\/","url":"https:\/\/www.lyceelafayette.fr\/index.php\/bts-cprp-conception-production-realisation-de-produits-option-b\/","name":"BTS CPRP (Conception des Processus de R\u00e9alisation de Produits). Option B - Lyc\u00e9e La Fayette","isPartOf":{"@id":"https:\/\/www.lyceelafayette.fr\/#website"},"datePublished":"2021-01-05T14:26:19+00:00","dateModified":"2021-04-08T07:25:59+00:00","breadcrumb":{"@id":"https:\/\/www.lyceelafayette.fr\/index.php\/bts-cprp-conception-production-realisation-de-produits-option-b\/#breadcrumb"},"inLanguage":"fr-FR","potentialAction":[{"@type":"ReadAction","target":["https:\/\/www.lyceelafayette.fr\/index.php\/bts-cprp-conception-production-realisation-de-produits-option-b\/"]}]},{"@type":"BreadcrumbList","@id":"https:\/\/www.lyceelafayette.fr\/index.php\/bts-cprp-conception-production-realisation-de-produits-option-b\/#breadcrumb","itemListElement":[{"@type":"ListItem","position":1,"name":"Accueil","item":"https:\/\/www.lyceelafayette.fr\/"},{"@type":"ListItem","position":2,"name":"BTS CPRP (Conception des Processus de R\u00e9alisation de Produits). Option B"}]},{"@type":"WebSite","@id":"https:\/\/www.lyceelafayette.fr\/#website","url":"https:\/\/www.lyceelafayette.fr\/","name":"Lyc\u00e9e La Fayette","description":"","publisher":{"@id":"https:\/\/www.lyceelafayette.fr\/#organization"},"potentialAction":[{"@type":"SearchAction","target":{"@type":"EntryPoint","urlTemplate":"https:\/\/www.lyceelafayette.fr\/?s={search_term_string}"},"query-input":{"@type":"PropertyValueSpecification","valueRequired":true,"valueName":"search_term_string"}}],"inLanguage":"fr-FR"},{"@type":"Organization","@id":"https:\/\/www.lyceelafayette.fr\/#organization","name":"Lyc\u00e9e La Fayette","url":"https:\/\/www.lyceelafayette.fr\/","logo":{"@type":"ImageObject","inLanguage":"fr-FR","@id":"https:\/\/www.lyceelafayette.fr\/#\/schema\/logo\/image\/","url":"https:\/\/www.lyceelafayette.fr\/wp-content\/uploads\/2019\/06\/llf_logo_alpha.png","contentUrl":"https:\/\/www.lyceelafayette.fr\/wp-content\/uploads\/2019\/06\/llf_logo_alpha.png","width":1583,"height":792,"caption":"Lyc\u00e9e La Fayette"},"image":{"@id":"https:\/\/www.lyceelafayette.fr\/#\/schema\/logo\/image\/"},"sameAs":["https:\/\/www.youtube.com\/channel\/UC2AOQowoMGBKdY4ToZsf9mw"]}]}},"_links":{"self":[{"href":"https:\/\/www.lyceelafayette.fr\/index.php\/wp-json\/wp\/v2\/pages\/3067","targetHints":{"allow":["GET"]}}],"collection":[{"href":"https:\/\/www.lyceelafayette.fr\/index.php\/wp-json\/wp\/v2\/pages"}],"about":[{"href":"https:\/\/www.lyceelafayette.fr\/index.php\/wp-json\/wp\/v2\/types\/page"}],"author":[{"embeddable":true,"href":"https:\/\/www.lyceelafayette.fr\/index.php\/wp-json\/wp\/v2\/users\/1"}],"replies":[{"embeddable":true,"href":"https:\/\/www.lyceelafayette.fr\/index.php\/wp-json\/wp\/v2\/comments?post=3067"}],"version-history":[{"count":26,"href":"https:\/\/www.lyceelafayette.fr\/index.php\/wp-json\/wp\/v2\/pages\/3067\/revisions"}],"predecessor-version":[{"id":4755,"href":"https:\/\/www.lyceelafayette.fr\/index.php\/wp-json\/wp\/v2\/pages\/3067\/revisions\/4755"}],"wp:attachment":[{"href":"https:\/\/www.lyceelafayette.fr\/index.php\/wp-json\/wp\/v2\/media?parent=3067"}],"curies":[{"name":"wp","href":"https:\/\/api.w.org\/{rel}","templated":true}]}}