{"id":27,"date":"2018-12-19T09:06:43","date_gmt":"2018-12-19T08:06:43","guid":{"rendered":"http:\/\/www.lyceelafayette.fr\/?page_id=27"},"modified":"2022-12-08T09:38:56","modified_gmt":"2022-12-08T08:38:56","slug":"sti2d","status":"publish","type":"page","link":"https:\/\/www.lyceelafayette.fr\/index.php\/formations\/sti2d\/","title":{"rendered":"BAC TECHNOLOGIQUE STI2D"},"content":{"rendered":"\n<h3 class=\"wp-block-heading\"><span style=\"text-decoration: underline;\">Organisation STI2D \u00ab nouvelle version \u00bb <\/span><\/h3>\n\n\n\n<p>Le bac STI2D s\u2019adresse aux lyc\u00e9ens qui s\u2019int\u00e9ressent \u00e0 l\u2019innovation technologique dans le respect de l\u2019environnement et se montrent sensibles \u00e0 une approche concr\u00e8te de l\u2019enseignement des sciences.<\/p>\n\n\n\n<p>D\u00e9clin\u00e9 en quatre sp\u00e9cialit\u00e9s, dont trois pr\u00e9sentes au lyc\u00e9e La Fayette, le bac STI2D s&rsquo;adresse aux lyc\u00e9ens qui  s&rsquo;int\u00e9ressent \u00e0 l&rsquo;innovation technologique dans le respect de la  pr\u00e9servation de l&rsquo;environnement. <\/p>\n\n\n\n<p>La conception de tout produit industriel doit prendre en compte son impact sur l&rsquo;environnement.  <\/p>\n\n\n\n<h3 class=\"wp-block-heading\"><span style=\"text-decoration: underline;\">Pour qui ?<\/span><\/h3>\n\n\n\n<p>Pour celles et ceux qui s\u2019int\u00e9ressent \u00e0 l&rsquo;industrie, \u00e0 l\u2019innovation technologique et \u00e0 la transition \u00e9nerg\u00e9tique.<\/p>\n\n\n<p style=\"text-align: center;\"><iframe loading=\"lazy\" src=\"https:\/\/www.youtube.com\/embed\/8KkiydBwcXQ\" allowfullscreen=\"allowfullscreen\" width=\"560\" height=\"315\" frameborder=\"0\"><\/iframe><\/p>\n\n\n<h3 class=\"wp-block-heading\"><span style=\"text-decoration: underline;\">Au programme<\/span><\/h3>\n\n\n\n<p>La s\u00e9rie STI2D permet d&rsquo;acqu\u00e9rir des <strong>comp\u00e9tences technologiques<\/strong> transversales \u00e0 tous les domaines industriels, ainsi que des comp\u00e9tences approfondies dans un champ de sp\u00e9cialit\u00e9.<\/p>\n\n\n\n<p>Les programmes de math\u00e9matiques et de physique-chimie sont adapt\u00e9s pour vous donner les outils scientifiques n\u00e9cessaires aux <strong>enseignements technologiques<\/strong>.<\/p>\n\n\n\n<p>Ces derniers reposent sur une d\u00e9marche d\u2019analyse fond\u00e9e sur 3 \napproches compl\u00e9mentaires (\u00ab\u00a0\u00e9nergie\u00a0\u00bb, \u00ab\u00a0information\u00a0\u00bb et \u00ab\u00a0mati\u00e8re\u00a0\u00bb), qui \npermettent d\u2019aboutir \u00e0 la cr\u00e9ation de solutions techniques en int\u00e9grant \nles contraintes propres au monde industriel, y compris le d\u00e9veloppement \ndurable.<\/p>\n\n\n\n<p>Le bac STI2D propose des enseignements propres \u00e0 chacune de nos 3<strong> sp\u00e9cialit\u00e9s<\/strong>.<\/p>\n\n\n\n<p>Dans chacune d\u2019entre elles, l\u2019accent est mis sur l\u2019une des 3  approches technologiques&nbsp;: \u00ab\u00a0\u00e9nergie\u00a0\u00bb (EE : \u00e9nergies et environnement),  \u00ab\u00a0information\u00a0\u00bb (SIN : syst\u00e8mes d\u2019information et num\u00e9rique) ou \u00ab\u00a0mati\u00e8re\u00a0\u00bb  (ITEC : innovation technologique et  \u00e9co-conception).<\/p>\n\n\n\n<p>\u00c0 noter&nbsp;: 1 heure hebdomadaire d&rsquo;enseignement technologique dispens\u00e9e dans la langue vivante 1.<\/p>\n\n\n\n<p><span style=\"text-decoration: underline;\">D\u00e9couvrez les activit\u00e9s en STI 2D :<\/span><\/p>\n\n\n\n<p><p style=\"text-align: center;\"><iframe loading=\"lazy\" width=\"560\" height=\"315\" src=\"https:\/\/www.youtube.com\/embed\/eBfQwXBh3Og\" frameborder=\"0\" allow=\"accelerometer; autoplay; clipboard-write; encrypted-media; gyroscope; picture-in-picture\" allowfullscreen=\"\"><\/iframe><\/p><\/p>\n\n\n\n<figure class=\"wp-block-image\"><img decoding=\"async\" src=\"http:\/\/www.onisep.fr\/var\/onisep\/storage\/images\/media\/images\/choisir-mes-etudes\/au-lycee-_au-cfa\/au-lycee-gt\/tableaux-horaires-tous-bacs-2018\/bac-sti2d-sciences-et-technologies-de-l-industrie-et-du-developpement-durable-tableau\/16765442-5-fre-FR\/Bac-STI2D-sciences-et-technologies-de-l-industrie-et-du-developpement-durable-tableau.png\" alt=\"\"\/><\/figure>\n\n\n\n<h4 class=\"wp-block-heading\"><span style=\"text-decoration: underline;\">Sans oublier, en 1re et en terminale<\/span><\/h4>\n\n\n\n<ul class=\"wp-block-list\">\n<li>des mati\u00e8res g\u00e9n\u00e9rales&nbsp;: fran\u00e7ais (en 1re), histoire-g\u00e9ographie (en  1re), math\u00e9matiques, physique-chimie, langues vivantes, \u00e9ducation  physique et sportive ;<\/li>\n\n\n\n<li>pour tous les \u00e9l\u00e8ves, 2 heures hebdomadaires d\u2019<strong>accompagnement personnalis\u00e9<\/strong> (soutien scolaire et approfondissement, aide \u00e0 l\u2019orientation)&nbsp;;<\/li>\n\n\n\n<li>deux <strong>enseignements facultatifs<\/strong> (au maximum) au choix dont seuls les points sup\u00e9rieurs \u00e0 10\/20 seront pris en compte \u00e0 l\u2019examen du bac.<\/li>\n<\/ul>\n\n\n\n<h3 class=\"wp-block-heading\"><span style=\"text-decoration: underline;\">Les sp\u00e9cialit\u00e9s du bac STI2D<\/span><\/h3>\n\n\n\n<p>Au  moment de l&rsquo;inscription en 1re STI2D, il faut choisir une sp\u00e9cialit\u00e9  parmi les quatre existantes. Cependant, ce choix n\u2019est pas d\u00e9finitif. Il  est possible de changer de sp\u00e9cialit\u00e9 dans les premiers mois de la classe de 1re ou de terminale, en motivant la demande par un projet\u2026 et  sous r\u00e9serve de places disponibles.<\/p>\n\n\n\n<ul class=\"wp-block-list\">\n<li> ITEC : Innovation technologique et \u00e9co-conception <\/li>\n\n\n\n<li> SIN : Syst\u00e8mes d&rsquo;information et num\u00e9rique <\/li>\n\n\n\n<li> EE: \u00c9nergies et environnement <\/li>\n<\/ul>\n\n\n<div class=\"wp-block-image\">\n<figure class=\"aligncenter\"><img loading=\"lazy\" decoding=\"async\" width=\"330\" height=\"323\" src=\"https:\/\/www.lyceelafayette.fr\/wp-content\/uploads\/2019\/03\/image-3.png\" alt=\"\" class=\"wp-image-1037\"\/><\/figure>\n<\/div>\n\n\n<p>Ces sp\u00e9cialit\u00e9s portent sur l\u2019analyse et la cr\u00e9ation de solutions techniques, relatives \u00e0 la structure et \u00e0 la mati\u00e8re, qui respectent des contraintes \u00e9conomiques et environnementales. Cette approche d\u00e9veloppe des comp\u00e9tences dans l\u2019utilisation des outils de conception et dans la prise en compte des contraintes li\u00e9es aux mat\u00e9riaux et aux proc\u00e9d\u00e9s.<\/p>\n\n\n<div class=\"wp-block-image\">\n<figure class=\"aligncenter\"><img loading=\"lazy\" decoding=\"async\" width=\"166\" height=\"206\" src=\"https:\/\/www.lyceelafayette.fr\/wp-content\/uploads\/2019\/03\/image-4.png\" alt=\"\" class=\"wp-image-1038\"\/><\/figure>\n<\/div>\n\n\n<p><strong><span style=\"text-decoration: underline;\">Fiches formation<\/span><\/strong><\/p>\n\n\n\n<ul class=\"wp-block-list\">\n<li>\t\t<a href=\"https:\/\/oniseptv.onisep.fr\/onv\/bac-techno-sti2d-specialite-innovation-technologique-et-eco-conception-itec\">Classe de 1re STI2D, sp\u00e9cialit\u00e9 Innovation technologique et \u00e9co-conception <\/a><\/li>\n\n\n\n<li>\t\t<a href=\"https:\/\/eduscol.education.fr\/sti\/formations\/sti2d-specialite-innovation-technologique-et-ecoconception-itec\">Bac STI2D, sp\u00e9cialit\u00e9 Innovation technologique et \u00e9co-conception<\/a><\/li>\n<\/ul>\n\n\n\n<h3 class=\"wp-block-heading\"><span style=\"text-decoration: underline;\">Poursuites d\u2019\u00e9tudes et insertion<\/span><\/h3>\n\n\n\n<p>En t\u00eate des poursuites d\u2019\u00e9tudes apr\u00e8s le bac STI2D&nbsp;: un  <a href=\"http:\/\/www.onisep.fr\/Choisir-mes-etudes\/Apres-le-bac\/Organisation-des-etudes-superieures\/Les-BTS\">BTS<\/a> ou un  <a href=\"http:\/\/www.onisep.fr\/Choisir-mes-etudes\/Apres-le-bac\/Organisation-des-etudes-superieures\/Les-DUT-diplomes-universitaires-de-technologie\">DUT<\/a> en 2 ans, notamment en \u00e9nergie, logistique, maintenance, informatique industrielle, g\u00e9nie civil, etc.<\/p>\n\n\n\n<p>Il est aussi possible de postuler sur dossier dans certaines <a href=\"http:\/\/www.onisep.fr\/Choisir-mes-etudes\/Apres-le-bac\/Principaux-domaines-d-etudes\/Les-ecoles-d-ingenieurs\">\u00e9coles d\u2019ing\u00e9nieurs<\/a> en 5 ans, ou dans quelques \u00e9coles sp\u00e9cialis\u00e9es en \u00e9lectronique, m\u00e9canique, r\u00e9seaux, etc.<\/p>\n\n\n\n<p>Autre voie&nbsp;: la \t\t<a href=\"http:\/\/www.onisep.fr\/Choisir-mes-etudes\/Apres-le-bac\/Organisation-des-etudes-superieures\/CPGE-FILIERES\/Les-prepas-scientifiques\/La-prepa-TSI-technologie-et-sciences-industrielles\">classe pr\u00e9pa TSI<\/a> (technologie et sciences industrielles). R\u00e9serv\u00e9e aux bacheliers STI2D, elle permet d\u2019int\u00e9grer une \u00e9cole d\u2019ing\u00e9nieurs.<\/p>\n\n\n\n<p>Enfin, l&rsquo;entr\u00e9e en \t\t<a href=\"http:\/\/www.onisep.fr\/Choisir-mes-etudes\/Apres-le-bac\/Principaux-domaines-d-etudes\/Les-licences-de-sciences-de-l-ingenieur\">licence sciences de l\u2019ing\u00e9nieur<\/a> \u00e0 l\u2019universit\u00e9 (par exemple, \u00e9lectronique, m\u00e9canique\u2026) est aussi envisageable.<\/p>\n\n\n\n<h3 class=\"wp-block-heading\"><span style=\"text-decoration: underline;\">Perspectives professionnelles<\/span><\/h3>\n\n\n\n<p>Ces  cursus conduisent aux m\u00e9tiers de technicien ou d&rsquo;ing\u00e9nieur en  \u00e9lectrotechnique, \u00e9lectronique, informatique, m\u00e9canique, g\u00e9nie civil,  logistique, etc.<\/p>\n","protected":false},"excerpt":{"rendered":"<p>Organisation STI2D \u00ab nouvelle version \u00bb Le bac STI2D s\u2019adresse aux lyc\u00e9ens qui s\u2019int\u00e9ressent \u00e0 l\u2019innovation technologique dans le respect de l\u2019environnement et se montrent sensibles \u00e0 une approche concr\u00e8te de l\u2019enseignement des sciences. D\u00e9clin\u00e9 en quatre sp\u00e9cialit\u00e9s, dont trois pr\u00e9sentes au lyc\u00e9e La Fayette, le bac STI2D s&rsquo;adresse aux&#8230; <a class=\"continue-reading-link\" href=\"https:\/\/www.lyceelafayette.fr\/index.php\/formations\/sti2d\/\">lire la suite<\/a><\/p>\n","protected":false},"author":1,"featured_media":0,"parent":266,"menu_order":0,"comment_status":"closed","ping_status":"closed","template":"","meta":{"footnotes":""},"class_list":["post-27","page","type-page","status-publish","hentry"],"yoast_head":"<!-- This site is optimized with the Yoast SEO plugin v27.5 - https:\/\/yoast.com\/product\/yoast-seo-wordpress\/ -->\n<title>BAC TECHNOLOGIQUE STI2D - Lyc\u00e9e La Fayette<\/title>\n<meta name=\"robots\" content=\"index, follow, max-snippet:-1, max-image-preview:large, max-video-preview:-1\" \/>\n<link rel=\"canonical\" href=\"https:\/\/www.lyceelafayette.fr\/index.php\/formations\/sti2d\/\" \/>\n<meta property=\"og:locale\" content=\"fr_FR\" \/>\n<meta property=\"og:type\" content=\"article\" \/>\n<meta property=\"og:title\" content=\"BAC TECHNOLOGIQUE STI2D - Lyc\u00e9e La Fayette\" \/>\n<meta property=\"og:description\" content=\"Organisation STI2D \u00ab nouvelle version \u00bb Le bac STI2D s\u2019adresse aux lyc\u00e9ens qui s\u2019int\u00e9ressent \u00e0 l\u2019innovation technologique dans le respect de l\u2019environnement et se montrent sensibles \u00e0 une approche concr\u00e8te de l\u2019enseignement des sciences. D\u00e9clin\u00e9 en quatre sp\u00e9cialit\u00e9s, dont trois pr\u00e9sentes au lyc\u00e9e La Fayette, le bac STI2D s&rsquo;adresse aux... lire la suite\" \/>\n<meta property=\"og:url\" content=\"https:\/\/www.lyceelafayette.fr\/index.php\/formations\/sti2d\/\" \/>\n<meta property=\"og:site_name\" content=\"Lyc\u00e9e La Fayette\" \/>\n<meta property=\"article:modified_time\" content=\"2022-12-08T08:38:56+00:00\" \/>\n<meta property=\"og:image\" content=\"http:\/\/www.onisep.fr\/var\/onisep\/storage\/images\/media\/images\/choisir-mes-etudes\/au-lycee-_au-cfa\/au-lycee-gt\/tableaux-horaires-tous-bacs-2018\/bac-sti2d-sciences-et-technologies-de-l-industrie-et-du-developpement-durable-tableau\/16765442-5-fre-FR\/Bac-STI2D-sciences-et-technologies-de-l-industrie-et-du-developpement-durable-tableau.png\" \/>\n<meta name=\"twitter:card\" content=\"summary_large_image\" \/>\n<meta name=\"twitter:label1\" content=\"Dur\u00e9e de lecture estim\u00e9e\" \/>\n\t<meta name=\"twitter:data1\" content=\"4 minutes\" \/>\n<script type=\"application\/ld+json\" class=\"yoast-schema-graph\">{\"@context\":\"https:\\\/\\\/schema.org\",\"@graph\":[{\"@type\":\"WebPage\",\"@id\":\"https:\\\/\\\/www.lyceelafayette.fr\\\/index.php\\\/formations\\\/sti2d\\\/\",\"url\":\"https:\\\/\\\/www.lyceelafayette.fr\\\/index.php\\\/formations\\\/sti2d\\\/\",\"name\":\"BAC TECHNOLOGIQUE STI2D - Lyc\u00e9e La Fayette\",\"isPartOf\":{\"@id\":\"https:\\\/\\\/www.lyceelafayette.fr\\\/#website\"},\"primaryImageOfPage\":{\"@id\":\"https:\\\/\\\/www.lyceelafayette.fr\\\/index.php\\\/formations\\\/sti2d\\\/#primaryimage\"},\"image\":{\"@id\":\"https:\\\/\\\/www.lyceelafayette.fr\\\/index.php\\\/formations\\\/sti2d\\\/#primaryimage\"},\"thumbnailUrl\":\"http:\\\/\\\/www.onisep.fr\\\/var\\\/onisep\\\/storage\\\/images\\\/media\\\/images\\\/choisir-mes-etudes\\\/au-lycee-_au-cfa\\\/au-lycee-gt\\\/tableaux-horaires-tous-bacs-2018\\\/bac-sti2d-sciences-et-technologies-de-l-industrie-et-du-developpement-durable-tableau\\\/16765442-5-fre-FR\\\/Bac-STI2D-sciences-et-technologies-de-l-industrie-et-du-developpement-durable-tableau.png\",\"datePublished\":\"2018-12-19T08:06:43+00:00\",\"dateModified\":\"2022-12-08T08:38:56+00:00\",\"breadcrumb\":{\"@id\":\"https:\\\/\\\/www.lyceelafayette.fr\\\/index.php\\\/formations\\\/sti2d\\\/#breadcrumb\"},\"inLanguage\":\"fr-FR\",\"potentialAction\":[{\"@type\":\"ReadAction\",\"target\":[\"https:\\\/\\\/www.lyceelafayette.fr\\\/index.php\\\/formations\\\/sti2d\\\/\"]}]},{\"@type\":\"ImageObject\",\"inLanguage\":\"fr-FR\",\"@id\":\"https:\\\/\\\/www.lyceelafayette.fr\\\/index.php\\\/formations\\\/sti2d\\\/#primaryimage\",\"url\":\"http:\\\/\\\/www.onisep.fr\\\/var\\\/onisep\\\/storage\\\/images\\\/media\\\/images\\\/choisir-mes-etudes\\\/au-lycee-_au-cfa\\\/au-lycee-gt\\\/tableaux-horaires-tous-bacs-2018\\\/bac-sti2d-sciences-et-technologies-de-l-industrie-et-du-developpement-durable-tableau\\\/16765442-5-fre-FR\\\/Bac-STI2D-sciences-et-technologies-de-l-industrie-et-du-developpement-durable-tableau.png\",\"contentUrl\":\"http:\\\/\\\/www.onisep.fr\\\/var\\\/onisep\\\/storage\\\/images\\\/media\\\/images\\\/choisir-mes-etudes\\\/au-lycee-_au-cfa\\\/au-lycee-gt\\\/tableaux-horaires-tous-bacs-2018\\\/bac-sti2d-sciences-et-technologies-de-l-industrie-et-du-developpement-durable-tableau\\\/16765442-5-fre-FR\\\/Bac-STI2D-sciences-et-technologies-de-l-industrie-et-du-developpement-durable-tableau.png\"},{\"@type\":\"BreadcrumbList\",\"@id\":\"https:\\\/\\\/www.lyceelafayette.fr\\\/index.php\\\/formations\\\/sti2d\\\/#breadcrumb\",\"itemListElement\":[{\"@type\":\"ListItem\",\"position\":1,\"name\":\"Accueil\",\"item\":\"https:\\\/\\\/www.lyceelafayette.fr\\\/\"},{\"@type\":\"ListItem\",\"position\":2,\"name\":\"Nos formations g\u00e9n\u00e9rales\",\"item\":\"https:\\\/\\\/www.lyceelafayette.fr\\\/index.php\\\/formations\\\/\"},{\"@type\":\"ListItem\",\"position\":3,\"name\":\"BAC TECHNOLOGIQUE STI2D\"}]},{\"@type\":\"WebSite\",\"@id\":\"https:\\\/\\\/www.lyceelafayette.fr\\\/#website\",\"url\":\"https:\\\/\\\/www.lyceelafayette.fr\\\/\",\"name\":\"Lyc\u00e9e La Fayette\",\"description\":\"\",\"publisher\":{\"@id\":\"https:\\\/\\\/www.lyceelafayette.fr\\\/#organization\"},\"potentialAction\":[{\"@type\":\"SearchAction\",\"target\":{\"@type\":\"EntryPoint\",\"urlTemplate\":\"https:\\\/\\\/www.lyceelafayette.fr\\\/?s={search_term_string}\"},\"query-input\":{\"@type\":\"PropertyValueSpecification\",\"valueRequired\":true,\"valueName\":\"search_term_string\"}}],\"inLanguage\":\"fr-FR\"},{\"@type\":\"Organization\",\"@id\":\"https:\\\/\\\/www.lyceelafayette.fr\\\/#organization\",\"name\":\"Lyc\u00e9e La Fayette\",\"url\":\"https:\\\/\\\/www.lyceelafayette.fr\\\/\",\"logo\":{\"@type\":\"ImageObject\",\"inLanguage\":\"fr-FR\",\"@id\":\"https:\\\/\\\/www.lyceelafayette.fr\\\/#\\\/schema\\\/logo\\\/image\\\/\",\"url\":\"https:\\\/\\\/www.lyceelafayette.fr\\\/wp-content\\\/uploads\\\/2019\\\/06\\\/llf_logo_alpha.png\",\"contentUrl\":\"https:\\\/\\\/www.lyceelafayette.fr\\\/wp-content\\\/uploads\\\/2019\\\/06\\\/llf_logo_alpha.png\",\"width\":1583,\"height\":792,\"caption\":\"Lyc\u00e9e La Fayette\"},\"image\":{\"@id\":\"https:\\\/\\\/www.lyceelafayette.fr\\\/#\\\/schema\\\/logo\\\/image\\\/\"},\"sameAs\":[\"https:\\\/\\\/www.youtube.com\\\/channel\\\/UC2AOQowoMGBKdY4ToZsf9mw\"]}]}<\/script>\n<!-- \/ Yoast SEO plugin. -->","yoast_head_json":{"title":"BAC TECHNOLOGIQUE STI2D - Lyc\u00e9e La Fayette","robots":{"index":"index","follow":"follow","max-snippet":"max-snippet:-1","max-image-preview":"max-image-preview:large","max-video-preview":"max-video-preview:-1"},"canonical":"https:\/\/www.lyceelafayette.fr\/index.php\/formations\/sti2d\/","og_locale":"fr_FR","og_type":"article","og_title":"BAC TECHNOLOGIQUE STI2D - Lyc\u00e9e La Fayette","og_description":"Organisation STI2D \u00ab nouvelle version \u00bb Le bac STI2D s\u2019adresse aux lyc\u00e9ens qui s\u2019int\u00e9ressent \u00e0 l\u2019innovation technologique dans le respect de l\u2019environnement et se montrent sensibles \u00e0 une approche concr\u00e8te de l\u2019enseignement des sciences. D\u00e9clin\u00e9 en quatre sp\u00e9cialit\u00e9s, dont trois pr\u00e9sentes au lyc\u00e9e La Fayette, le bac STI2D s&rsquo;adresse aux... lire la suite","og_url":"https:\/\/www.lyceelafayette.fr\/index.php\/formations\/sti2d\/","og_site_name":"Lyc\u00e9e La Fayette","article_modified_time":"2022-12-08T08:38:56+00:00","og_image":[{"url":"http:\/\/www.onisep.fr\/var\/onisep\/storage\/images\/media\/images\/choisir-mes-etudes\/au-lycee-_au-cfa\/au-lycee-gt\/tableaux-horaires-tous-bacs-2018\/bac-sti2d-sciences-et-technologies-de-l-industrie-et-du-developpement-durable-tableau\/16765442-5-fre-FR\/Bac-STI2D-sciences-et-technologies-de-l-industrie-et-du-developpement-durable-tableau.png","type":"","width":"","height":""}],"twitter_card":"summary_large_image","twitter_misc":{"Dur\u00e9e de lecture estim\u00e9e":"4 minutes"},"schema":{"@context":"https:\/\/schema.org","@graph":[{"@type":"WebPage","@id":"https:\/\/www.lyceelafayette.fr\/index.php\/formations\/sti2d\/","url":"https:\/\/www.lyceelafayette.fr\/index.php\/formations\/sti2d\/","name":"BAC TECHNOLOGIQUE STI2D - Lyc\u00e9e La Fayette","isPartOf":{"@id":"https:\/\/www.lyceelafayette.fr\/#website"},"primaryImageOfPage":{"@id":"https:\/\/www.lyceelafayette.fr\/index.php\/formations\/sti2d\/#primaryimage"},"image":{"@id":"https:\/\/www.lyceelafayette.fr\/index.php\/formations\/sti2d\/#primaryimage"},"thumbnailUrl":"http:\/\/www.onisep.fr\/var\/onisep\/storage\/images\/media\/images\/choisir-mes-etudes\/au-lycee-_au-cfa\/au-lycee-gt\/tableaux-horaires-tous-bacs-2018\/bac-sti2d-sciences-et-technologies-de-l-industrie-et-du-developpement-durable-tableau\/16765442-5-fre-FR\/Bac-STI2D-sciences-et-technologies-de-l-industrie-et-du-developpement-durable-tableau.png","datePublished":"2018-12-19T08:06:43+00:00","dateModified":"2022-12-08T08:38:56+00:00","breadcrumb":{"@id":"https:\/\/www.lyceelafayette.fr\/index.php\/formations\/sti2d\/#breadcrumb"},"inLanguage":"fr-FR","potentialAction":[{"@type":"ReadAction","target":["https:\/\/www.lyceelafayette.fr\/index.php\/formations\/sti2d\/"]}]},{"@type":"ImageObject","inLanguage":"fr-FR","@id":"https:\/\/www.lyceelafayette.fr\/index.php\/formations\/sti2d\/#primaryimage","url":"http:\/\/www.onisep.fr\/var\/onisep\/storage\/images\/media\/images\/choisir-mes-etudes\/au-lycee-_au-cfa\/au-lycee-gt\/tableaux-horaires-tous-bacs-2018\/bac-sti2d-sciences-et-technologies-de-l-industrie-et-du-developpement-durable-tableau\/16765442-5-fre-FR\/Bac-STI2D-sciences-et-technologies-de-l-industrie-et-du-developpement-durable-tableau.png","contentUrl":"http:\/\/www.onisep.fr\/var\/onisep\/storage\/images\/media\/images\/choisir-mes-etudes\/au-lycee-_au-cfa\/au-lycee-gt\/tableaux-horaires-tous-bacs-2018\/bac-sti2d-sciences-et-technologies-de-l-industrie-et-du-developpement-durable-tableau\/16765442-5-fre-FR\/Bac-STI2D-sciences-et-technologies-de-l-industrie-et-du-developpement-durable-tableau.png"},{"@type":"BreadcrumbList","@id":"https:\/\/www.lyceelafayette.fr\/index.php\/formations\/sti2d\/#breadcrumb","itemListElement":[{"@type":"ListItem","position":1,"name":"Accueil","item":"https:\/\/www.lyceelafayette.fr\/"},{"@type":"ListItem","position":2,"name":"Nos formations g\u00e9n\u00e9rales","item":"https:\/\/www.lyceelafayette.fr\/index.php\/formations\/"},{"@type":"ListItem","position":3,"name":"BAC TECHNOLOGIQUE STI2D"}]},{"@type":"WebSite","@id":"https:\/\/www.lyceelafayette.fr\/#website","url":"https:\/\/www.lyceelafayette.fr\/","name":"Lyc\u00e9e La Fayette","description":"","publisher":{"@id":"https:\/\/www.lyceelafayette.fr\/#organization"},"potentialAction":[{"@type":"SearchAction","target":{"@type":"EntryPoint","urlTemplate":"https:\/\/www.lyceelafayette.fr\/?s={search_term_string}"},"query-input":{"@type":"PropertyValueSpecification","valueRequired":true,"valueName":"search_term_string"}}],"inLanguage":"fr-FR"},{"@type":"Organization","@id":"https:\/\/www.lyceelafayette.fr\/#organization","name":"Lyc\u00e9e La Fayette","url":"https:\/\/www.lyceelafayette.fr\/","logo":{"@type":"ImageObject","inLanguage":"fr-FR","@id":"https:\/\/www.lyceelafayette.fr\/#\/schema\/logo\/image\/","url":"https:\/\/www.lyceelafayette.fr\/wp-content\/uploads\/2019\/06\/llf_logo_alpha.png","contentUrl":"https:\/\/www.lyceelafayette.fr\/wp-content\/uploads\/2019\/06\/llf_logo_alpha.png","width":1583,"height":792,"caption":"Lyc\u00e9e La Fayette"},"image":{"@id":"https:\/\/www.lyceelafayette.fr\/#\/schema\/logo\/image\/"},"sameAs":["https:\/\/www.youtube.com\/channel\/UC2AOQowoMGBKdY4ToZsf9mw"]}]}},"_links":{"self":[{"href":"https:\/\/www.lyceelafayette.fr\/index.php\/wp-json\/wp\/v2\/pages\/27","targetHints":{"allow":["GET"]}}],"collection":[{"href":"https:\/\/www.lyceelafayette.fr\/index.php\/wp-json\/wp\/v2\/pages"}],"about":[{"href":"https:\/\/www.lyceelafayette.fr\/index.php\/wp-json\/wp\/v2\/types\/page"}],"author":[{"embeddable":true,"href":"https:\/\/www.lyceelafayette.fr\/index.php\/wp-json\/wp\/v2\/users\/1"}],"replies":[{"embeddable":true,"href":"https:\/\/www.lyceelafayette.fr\/index.php\/wp-json\/wp\/v2\/comments?post=27"}],"version-history":[{"count":15,"href":"https:\/\/www.lyceelafayette.fr\/index.php\/wp-json\/wp\/v2\/pages\/27\/revisions"}],"predecessor-version":[{"id":6119,"href":"https:\/\/www.lyceelafayette.fr\/index.php\/wp-json\/wp\/v2\/pages\/27\/revisions\/6119"}],"up":[{"embeddable":true,"href":"https:\/\/www.lyceelafayette.fr\/index.php\/wp-json\/wp\/v2\/pages\/266"}],"wp:attachment":[{"href":"https:\/\/www.lyceelafayette.fr\/index.php\/wp-json\/wp\/v2\/media?parent=27"}],"curies":[{"name":"wp","href":"https:\/\/api.w.org\/{rel}","templated":true}]}}