{"id":26,"date":"2018-12-19T09:06:42","date_gmt":"2018-12-19T08:06:42","guid":{"rendered":"http:\/\/www.lyceelafayette.fr\/?page_id=26"},"modified":"2022-12-05T17:10:31","modified_gmt":"2022-12-05T16:10:31","slug":"secondes","status":"publish","type":"page","link":"https:\/\/www.lyceelafayette.fr\/index.php\/formations\/secondes\/","title":{"rendered":"Seconde G\u00e9n\u00e9rale et Technologique (GT)"},"content":{"rendered":"\n<p>La classe de seconde g\u00e9n\u00e9rale et technologique est con\u00e7ue pour permettre aux \u00e9l\u00e8ves de consolider leur ma\u00eetrise du socle commun de connaissances, de comp\u00e9tences et de culture afin de r\u00e9ussir la transition du coll\u00e8ge au lyc\u00e9e. Elle les pr\u00e9pare \u00e0 d\u00e9terminer leur choix d&rsquo;un parcours au sein du cycle terminal.<\/p>\n\n\n\n<p>A compter de la rentr\u00e9e 2019, les classes de seconde g\u00e9n\u00e9rale et technologique \u00e9voluent. Elles comprennent des enseignements communs (fran\u00e7ais, histoire-g\u00e9o, langues, math\u00e9matiques&#8230;) dont deux disciplines, \u00ab sciences \u00e9conomiques et sociales \u00bb et \u00ab sciences num\u00e9riques et technologies \u00bb, enseign\u00e9es pour la premi\u00e8re fois en classe de seconde. <\/p>\n\n\n\n<p>En fonction du projet d&rsquo;orientation, des enseignements optionnels sont \u00e9galement propos\u00e9s mais ne sont pas obligatoires. Selon leurs besoins, les \u00e9l\u00e8ves b\u00e9n\u00e9ficient d&rsquo;un accompagnement personnalis\u00e9<\/p>\n\n\n\n<p>Dans le cadre des sp\u00e9cialit\u00e9s d\u00e9velopp\u00e9es au lyc\u00e9e La Fayette, nous proposons aussi des enseignements technologiques optionnels (<span style=\"text-decoration: underline;\">EN SECONDE<\/span>) suivants :<\/p>\n\n\n\n<h3 class=\"wp-block-heading\"> S.I. Sciences de l\u2019ing\u00e9nieur   <\/h3>\n\n\n\n<p>Comprendre les produits, les objets, les syst\u00e8mes, etc. qui permettent aux hommes de se d\u00e9placer, de s&rsquo;alimenter, d&rsquo;acc\u00e9der \u00e0 l&rsquo;information et \u00e0 l&rsquo;\u00e9nergie, de pr\u00e9server leur environnement et leur confort. Ce sont autant de d\u00e9fis que les sciences et les technologies doivent relever en permanence, avec des contraintes environnementales et de d\u00e9veloppement durable. Cet enseignement vise \u00e0 initier les \u00e9l\u00e8ves aux m\u00e9thodes et aux d\u00e9marches qui permettent de comprendre les relations qui existent entre les besoins de la soci\u00e9t\u00e9 et les solutions techniques propos\u00e9es. L\u2019observation, l\u2019analyse et les \u00e9tudes s\u2019appuieront sur des syst\u00e8mes concrets que les \u00e9l\u00e8ves rencontrent dans la vie de tous les jours. <\/p>\n\n\n<div class=\"wp-block-image\">\n<figure class=\"aligncenter\"><img loading=\"lazy\" decoding=\"async\" width=\"260\" height=\"365\" src=\"https:\/\/www.lyceelafayette.fr\/wp-content\/uploads\/2019\/03\/image-2.png\" alt=\"\" class=\"wp-image-1011\"\/><\/figure>\n<\/div>\n\n\n<h3 class=\"wp-block-heading\">C.I.T. Cr\u00e9ation et innovation technologiques<\/h3>\n\n\n\n<p>Comprendre comment on con\u00e7oit un produit ou un syst\u00e8me. Acqu\u00e9rir les bases d\u2019une culture de l\u2019innovation technologique. Rendre l\u2019\u00e9l\u00e8ve acteur d\u2019un projet.<\/p>\n\n\n\n<p>Les activit\u00e9s propos\u00e9es aux \u00e9l\u00e8ves : d\u00e9couvrir les lois d\u2019\u00e9volution des syst\u00e8mes. Analyser des solutions innovantes au travers d\u2019\u00e9tudes de cas. Utiliser des moyens informatiques n\u00e9cessaires \u00e0 la d\u00e9marche d\u2019innovation (Logiciels sp\u00e9cialis\u00e9s, etc.) <\/p>\n\n\n\n<p>R\u00e9aliser un projet : l\u2019\u00e9l\u00e8ve sera acteur au travers de la r\u00e9alisation d\u2019un objet, d\u2019une maquette, de l\u2019utilisation de logiciels sp\u00e9cifiques. <\/p>\n\n\n<div class=\"wp-block-image\">\n<figure class=\"aligncenter\"><img loading=\"lazy\" decoding=\"async\" width=\"267\" height=\"379\" src=\"https:\/\/www.lyceelafayette.fr\/wp-content\/uploads\/2019\/03\/image-1.png\" alt=\"\" class=\"wp-image-1010\"\/><\/figure>\n<\/div>\n\n\n<h3 class=\"wp-block-heading\">HORAIRE HEBDOMADAIRE<\/h3>\n\n\n\n<figure class=\"wp-block-table\"><table><thead><tr><th>Enseignements Communs<\/th><\/tr><\/thead><tbody><tr><td>Fran\u00e7ais<\/td><td>4h<\/td><\/tr><tr><td>Histoire-g\u00e9ographie<\/td><td>3h<\/td><\/tr><tr><td>Langue vivante 1 et 2<\/td><td>5h30<\/td><\/tr><tr><td>Math\u00e9matiques<\/td><td>4h<\/td><\/tr><tr><td>Physique-chimie<\/td><td>3h<\/td><\/tr><tr><td>Sciences de la vie et de la Terre (SVT)<\/td><td>1h30<\/td><\/tr><tr><td>\u00c9ducation physique et sportive<\/td><td>2h<\/td><\/tr><tr><td>\u00c9ducation civique, juridique et sociale<\/td><td>0h30<\/td><\/tr><tr><td><strong>Accompagnement Personnalis\u00e9<\/strong><\/td><td>2h<\/td><\/tr><tr><td>Enseignement d\u2019exploration<\/td><td>2 x 1h30<\/td><\/tr><tr><td>HORAIRE TOTAL \u00c9L\u00c8VE<\/td><td>28h30<\/td><\/tr><\/tbody><\/table><\/figure>\n\n\n\n<p><\/p>\n","protected":false},"excerpt":{"rendered":"<p>La classe de seconde g\u00e9n\u00e9rale et technologique est con\u00e7ue pour permettre aux \u00e9l\u00e8ves de consolider leur ma\u00eetrise du socle commun de connaissances, de comp\u00e9tences et de culture afin de r\u00e9ussir la transition du coll\u00e8ge au lyc\u00e9e. Elle les pr\u00e9pare \u00e0 d\u00e9terminer leur choix d&rsquo;un parcours au sein du cycle terminal&#8230;. <a class=\"continue-reading-link\" href=\"https:\/\/www.lyceelafayette.fr\/index.php\/formations\/secondes\/\">lire la suite<\/a><\/p>\n","protected":false},"author":1,"featured_media":0,"parent":266,"menu_order":0,"comment_status":"closed","ping_status":"closed","template":"","meta":{"footnotes":""},"class_list":["post-26","page","type-page","status-publish","hentry"],"yoast_head":"<!-- This site is optimized with the Yoast SEO plugin v27.4 - https:\/\/yoast.com\/product\/yoast-seo-wordpress\/ -->\n<title>Seconde G\u00e9n\u00e9rale et Technologique (GT) - Lyc\u00e9e La Fayette<\/title>\n<meta name=\"robots\" content=\"index, follow, max-snippet:-1, max-image-preview:large, max-video-preview:-1\" \/>\n<link rel=\"canonical\" href=\"https:\/\/www.lyceelafayette.fr\/index.php\/formations\/secondes\/\" \/>\n<meta property=\"og:locale\" content=\"fr_FR\" \/>\n<meta property=\"og:type\" content=\"article\" \/>\n<meta property=\"og:title\" content=\"Seconde G\u00e9n\u00e9rale et Technologique (GT) - Lyc\u00e9e La Fayette\" \/>\n<meta property=\"og:description\" content=\"La classe de seconde g\u00e9n\u00e9rale et technologique est con\u00e7ue pour permettre aux \u00e9l\u00e8ves de consolider leur ma\u00eetrise du socle commun de connaissances, de comp\u00e9tences et de culture afin de r\u00e9ussir la transition du coll\u00e8ge au lyc\u00e9e. Elle les pr\u00e9pare \u00e0 d\u00e9terminer leur choix d&rsquo;un parcours au sein du cycle terminal.... lire la suite\" \/>\n<meta property=\"og:url\" content=\"https:\/\/www.lyceelafayette.fr\/index.php\/formations\/secondes\/\" \/>\n<meta property=\"og:site_name\" content=\"Lyc\u00e9e La Fayette\" \/>\n<meta property=\"article:modified_time\" content=\"2022-12-05T16:10:31+00:00\" \/>\n<meta property=\"og:image\" content=\"https:\/\/www.lyceelafayette.fr\/wp-content\/uploads\/2019\/03\/image-2.png\" \/>\n<meta name=\"twitter:card\" content=\"summary_large_image\" \/>\n<meta name=\"twitter:label1\" content=\"Dur\u00e9e de lecture estim\u00e9e\" \/>\n\t<meta name=\"twitter:data1\" content=\"3 minutes\" \/>\n<script type=\"application\/ld+json\" class=\"yoast-schema-graph\">{\"@context\":\"https:\\\/\\\/schema.org\",\"@graph\":[{\"@type\":\"WebPage\",\"@id\":\"https:\\\/\\\/www.lyceelafayette.fr\\\/index.php\\\/formations\\\/secondes\\\/\",\"url\":\"https:\\\/\\\/www.lyceelafayette.fr\\\/index.php\\\/formations\\\/secondes\\\/\",\"name\":\"Seconde G\u00e9n\u00e9rale et Technologique (GT) - Lyc\u00e9e La Fayette\",\"isPartOf\":{\"@id\":\"https:\\\/\\\/www.lyceelafayette.fr\\\/#website\"},\"primaryImageOfPage\":{\"@id\":\"https:\\\/\\\/www.lyceelafayette.fr\\\/index.php\\\/formations\\\/secondes\\\/#primaryimage\"},\"image\":{\"@id\":\"https:\\\/\\\/www.lyceelafayette.fr\\\/index.php\\\/formations\\\/secondes\\\/#primaryimage\"},\"thumbnailUrl\":\"https:\\\/\\\/www.lyceelafayette.fr\\\/wp-content\\\/uploads\\\/2019\\\/03\\\/image-2.png\",\"datePublished\":\"2018-12-19T08:06:42+00:00\",\"dateModified\":\"2022-12-05T16:10:31+00:00\",\"breadcrumb\":{\"@id\":\"https:\\\/\\\/www.lyceelafayette.fr\\\/index.php\\\/formations\\\/secondes\\\/#breadcrumb\"},\"inLanguage\":\"fr-FR\",\"potentialAction\":[{\"@type\":\"ReadAction\",\"target\":[\"https:\\\/\\\/www.lyceelafayette.fr\\\/index.php\\\/formations\\\/secondes\\\/\"]}]},{\"@type\":\"ImageObject\",\"inLanguage\":\"fr-FR\",\"@id\":\"https:\\\/\\\/www.lyceelafayette.fr\\\/index.php\\\/formations\\\/secondes\\\/#primaryimage\",\"url\":\"https:\\\/\\\/www.lyceelafayette.fr\\\/wp-content\\\/uploads\\\/2019\\\/03\\\/image-2.png\",\"contentUrl\":\"https:\\\/\\\/www.lyceelafayette.fr\\\/wp-content\\\/uploads\\\/2019\\\/03\\\/image-2.png\",\"width\":260,\"height\":365},{\"@type\":\"BreadcrumbList\",\"@id\":\"https:\\\/\\\/www.lyceelafayette.fr\\\/index.php\\\/formations\\\/secondes\\\/#breadcrumb\",\"itemListElement\":[{\"@type\":\"ListItem\",\"position\":1,\"name\":\"Accueil\",\"item\":\"https:\\\/\\\/www.lyceelafayette.fr\\\/\"},{\"@type\":\"ListItem\",\"position\":2,\"name\":\"Nos formations g\u00e9n\u00e9rales\",\"item\":\"https:\\\/\\\/www.lyceelafayette.fr\\\/index.php\\\/formations\\\/\"},{\"@type\":\"ListItem\",\"position\":3,\"name\":\"Seconde G\u00e9n\u00e9rale et Technologique (GT)\"}]},{\"@type\":\"WebSite\",\"@id\":\"https:\\\/\\\/www.lyceelafayette.fr\\\/#website\",\"url\":\"https:\\\/\\\/www.lyceelafayette.fr\\\/\",\"name\":\"Lyc\u00e9e La Fayette\",\"description\":\"\",\"publisher\":{\"@id\":\"https:\\\/\\\/www.lyceelafayette.fr\\\/#organization\"},\"potentialAction\":[{\"@type\":\"SearchAction\",\"target\":{\"@type\":\"EntryPoint\",\"urlTemplate\":\"https:\\\/\\\/www.lyceelafayette.fr\\\/?s={search_term_string}\"},\"query-input\":{\"@type\":\"PropertyValueSpecification\",\"valueRequired\":true,\"valueName\":\"search_term_string\"}}],\"inLanguage\":\"fr-FR\"},{\"@type\":\"Organization\",\"@id\":\"https:\\\/\\\/www.lyceelafayette.fr\\\/#organization\",\"name\":\"Lyc\u00e9e La Fayette\",\"url\":\"https:\\\/\\\/www.lyceelafayette.fr\\\/\",\"logo\":{\"@type\":\"ImageObject\",\"inLanguage\":\"fr-FR\",\"@id\":\"https:\\\/\\\/www.lyceelafayette.fr\\\/#\\\/schema\\\/logo\\\/image\\\/\",\"url\":\"https:\\\/\\\/www.lyceelafayette.fr\\\/wp-content\\\/uploads\\\/2019\\\/06\\\/llf_logo_alpha.png\",\"contentUrl\":\"https:\\\/\\\/www.lyceelafayette.fr\\\/wp-content\\\/uploads\\\/2019\\\/06\\\/llf_logo_alpha.png\",\"width\":1583,\"height\":792,\"caption\":\"Lyc\u00e9e La Fayette\"},\"image\":{\"@id\":\"https:\\\/\\\/www.lyceelafayette.fr\\\/#\\\/schema\\\/logo\\\/image\\\/\"},\"sameAs\":[\"https:\\\/\\\/www.youtube.com\\\/channel\\\/UC2AOQowoMGBKdY4ToZsf9mw\"]}]}<\/script>\n<!-- \/ Yoast SEO plugin. -->","yoast_head_json":{"title":"Seconde G\u00e9n\u00e9rale et Technologique (GT) - Lyc\u00e9e La Fayette","robots":{"index":"index","follow":"follow","max-snippet":"max-snippet:-1","max-image-preview":"max-image-preview:large","max-video-preview":"max-video-preview:-1"},"canonical":"https:\/\/www.lyceelafayette.fr\/index.php\/formations\/secondes\/","og_locale":"fr_FR","og_type":"article","og_title":"Seconde G\u00e9n\u00e9rale et Technologique (GT) - Lyc\u00e9e La Fayette","og_description":"La classe de seconde g\u00e9n\u00e9rale et technologique est con\u00e7ue pour permettre aux \u00e9l\u00e8ves de consolider leur ma\u00eetrise du socle commun de connaissances, de comp\u00e9tences et de culture afin de r\u00e9ussir la transition du coll\u00e8ge au lyc\u00e9e. Elle les pr\u00e9pare \u00e0 d\u00e9terminer leur choix d&rsquo;un parcours au sein du cycle terminal.... lire la suite","og_url":"https:\/\/www.lyceelafayette.fr\/index.php\/formations\/secondes\/","og_site_name":"Lyc\u00e9e La Fayette","article_modified_time":"2022-12-05T16:10:31+00:00","og_image":[{"url":"https:\/\/www.lyceelafayette.fr\/wp-content\/uploads\/2019\/03\/image-2.png","type":"","width":"","height":""}],"twitter_card":"summary_large_image","twitter_misc":{"Dur\u00e9e de lecture estim\u00e9e":"3 minutes"},"schema":{"@context":"https:\/\/schema.org","@graph":[{"@type":"WebPage","@id":"https:\/\/www.lyceelafayette.fr\/index.php\/formations\/secondes\/","url":"https:\/\/www.lyceelafayette.fr\/index.php\/formations\/secondes\/","name":"Seconde G\u00e9n\u00e9rale et Technologique (GT) - Lyc\u00e9e La Fayette","isPartOf":{"@id":"https:\/\/www.lyceelafayette.fr\/#website"},"primaryImageOfPage":{"@id":"https:\/\/www.lyceelafayette.fr\/index.php\/formations\/secondes\/#primaryimage"},"image":{"@id":"https:\/\/www.lyceelafayette.fr\/index.php\/formations\/secondes\/#primaryimage"},"thumbnailUrl":"https:\/\/www.lyceelafayette.fr\/wp-content\/uploads\/2019\/03\/image-2.png","datePublished":"2018-12-19T08:06:42+00:00","dateModified":"2022-12-05T16:10:31+00:00","breadcrumb":{"@id":"https:\/\/www.lyceelafayette.fr\/index.php\/formations\/secondes\/#breadcrumb"},"inLanguage":"fr-FR","potentialAction":[{"@type":"ReadAction","target":["https:\/\/www.lyceelafayette.fr\/index.php\/formations\/secondes\/"]}]},{"@type":"ImageObject","inLanguage":"fr-FR","@id":"https:\/\/www.lyceelafayette.fr\/index.php\/formations\/secondes\/#primaryimage","url":"https:\/\/www.lyceelafayette.fr\/wp-content\/uploads\/2019\/03\/image-2.png","contentUrl":"https:\/\/www.lyceelafayette.fr\/wp-content\/uploads\/2019\/03\/image-2.png","width":260,"height":365},{"@type":"BreadcrumbList","@id":"https:\/\/www.lyceelafayette.fr\/index.php\/formations\/secondes\/#breadcrumb","itemListElement":[{"@type":"ListItem","position":1,"name":"Accueil","item":"https:\/\/www.lyceelafayette.fr\/"},{"@type":"ListItem","position":2,"name":"Nos formations g\u00e9n\u00e9rales","item":"https:\/\/www.lyceelafayette.fr\/index.php\/formations\/"},{"@type":"ListItem","position":3,"name":"Seconde G\u00e9n\u00e9rale et Technologique (GT)"}]},{"@type":"WebSite","@id":"https:\/\/www.lyceelafayette.fr\/#website","url":"https:\/\/www.lyceelafayette.fr\/","name":"Lyc\u00e9e La Fayette","description":"","publisher":{"@id":"https:\/\/www.lyceelafayette.fr\/#organization"},"potentialAction":[{"@type":"SearchAction","target":{"@type":"EntryPoint","urlTemplate":"https:\/\/www.lyceelafayette.fr\/?s={search_term_string}"},"query-input":{"@type":"PropertyValueSpecification","valueRequired":true,"valueName":"search_term_string"}}],"inLanguage":"fr-FR"},{"@type":"Organization","@id":"https:\/\/www.lyceelafayette.fr\/#organization","name":"Lyc\u00e9e La Fayette","url":"https:\/\/www.lyceelafayette.fr\/","logo":{"@type":"ImageObject","inLanguage":"fr-FR","@id":"https:\/\/www.lyceelafayette.fr\/#\/schema\/logo\/image\/","url":"https:\/\/www.lyceelafayette.fr\/wp-content\/uploads\/2019\/06\/llf_logo_alpha.png","contentUrl":"https:\/\/www.lyceelafayette.fr\/wp-content\/uploads\/2019\/06\/llf_logo_alpha.png","width":1583,"height":792,"caption":"Lyc\u00e9e La Fayette"},"image":{"@id":"https:\/\/www.lyceelafayette.fr\/#\/schema\/logo\/image\/"},"sameAs":["https:\/\/www.youtube.com\/channel\/UC2AOQowoMGBKdY4ToZsf9mw"]}]}},"_links":{"self":[{"href":"https:\/\/www.lyceelafayette.fr\/index.php\/wp-json\/wp\/v2\/pages\/26","targetHints":{"allow":["GET"]}}],"collection":[{"href":"https:\/\/www.lyceelafayette.fr\/index.php\/wp-json\/wp\/v2\/pages"}],"about":[{"href":"https:\/\/www.lyceelafayette.fr\/index.php\/wp-json\/wp\/v2\/types\/page"}],"author":[{"embeddable":true,"href":"https:\/\/www.lyceelafayette.fr\/index.php\/wp-json\/wp\/v2\/users\/1"}],"replies":[{"embeddable":true,"href":"https:\/\/www.lyceelafayette.fr\/index.php\/wp-json\/wp\/v2\/comments?post=26"}],"version-history":[{"count":16,"href":"https:\/\/www.lyceelafayette.fr\/index.php\/wp-json\/wp\/v2\/pages\/26\/revisions"}],"predecessor-version":[{"id":6116,"href":"https:\/\/www.lyceelafayette.fr\/index.php\/wp-json\/wp\/v2\/pages\/26\/revisions\/6116"}],"up":[{"embeddable":true,"href":"https:\/\/www.lyceelafayette.fr\/index.php\/wp-json\/wp\/v2\/pages\/266"}],"wp:attachment":[{"href":"https:\/\/www.lyceelafayette.fr\/index.php\/wp-json\/wp\/v2\/media?parent=26"}],"curies":[{"name":"wp","href":"https:\/\/api.w.org\/{rel}","templated":true}]}}