{"id":25,"date":"2018-12-19T09:06:42","date_gmt":"2018-12-19T08:06:42","guid":{"rendered":"http:\/\/www.lyceelafayette.fr\/?page_id=25"},"modified":"2023-10-19T11:41:53","modified_gmt":"2023-10-19T09:41:53","slug":"intendance","status":"publish","type":"page","link":"https:\/\/www.lyceelafayette.fr\/index.php\/services-du-lycee\/intendance\/","title":{"rendered":"Intendance"},"content":{"rendered":"\n<h4 class=\"wp-block-heading\" id=\"mce_3\">Tarifs internat et demi-pension<\/h4>\n\n\n\n<div class=\"wp-block-file\"><a id=\"wp-block-file--media-a5164103-69b5-4927-9067-663a5b2a09ca\" href=\"https:\/\/www.lyceelafayette.fr\/wp-content\/uploads\/2023\/10\/TARIFS-INTERNAT-ET-DEMI-PENSION-2023-2024-.pdf\">TARIFS-INTERNAT-ET-DEMI-PENSION-2023-2024-<\/a><a href=\"https:\/\/www.lyceelafayette.fr\/wp-content\/uploads\/2023\/10\/TARIFS-INTERNAT-ET-DEMI-PENSION-2023-2024-.pdf\" class=\"wp-block-file__button wp-element-button\" download aria-describedby=\"wp-block-file--media-a5164103-69b5-4927-9067-663a5b2a09ca\">T\u00e9l\u00e9charger<\/a><\/div>\n\n\n\n<h4 class=\"wp-block-heading\" id=\"mce_3\">Paiement en ligne<\/h4>\n\n\n\n<figure class=\"wp-block-image\"><a href=\"https:\/\/espacenumerique.turbo-self.com\/Connexion.aspx?id=1425\"><img loading=\"lazy\" decoding=\"async\" width=\"169\" height=\"113\" src=\"https:\/\/www.lyceelafayette.fr\/wp-content\/uploads\/2019\/01\/PaiementEnLigne.jpg\" alt=\"\" class=\"wp-image-281\"\/><\/a><\/figure>\n\n\n\n<p>Il est d\u00e9sormais possible pour les \u00e9l\u00e8ves et les personnels \nd\u2019effectuer directement plusieurs types d\u2019op\u00e9rations via un site \ns\u00e9curis\u00e9 sur internet :<\/p>\n\n\n\n<ul class=\"wp-block-list\">\n<li><strong>R\u00e9server ses repas <\/strong>en ligne (uniquement pour le site de Champagne-sur-Seine).<\/li>\n\n\n\n<li><strong>Cr\u00e9diter son badge<\/strong> de passage au self (10 repas minimum).<\/li>\n\n\n\n<li><strong>R\u00e9gler sa facture d\u2019internat <\/strong>(montant indiqu\u00e9 sur l\u2019avis aux familles).<\/li>\n<\/ul>\n\n\n\n<p>La proc\u00e9dure \u00e0 suivre est la suivante :<\/p>\n\n\n\n<ul class=\"wp-block-list\">\n<li><strong>Rendez-vous sur site <\/strong>: cliquer sur l\u2019image ci-dessus ou sur <strong><a href=\"https:\/\/espacenumerique.turbo-self.com\/Connexion.aspx?id=1425\">ce lien<\/a>.<\/strong><\/li>\n\n\n\n<li><strong>Saisir votre identifiant de connexion et votre mot de passe<\/strong>, communiqu\u00e9s par mail.<\/li>\n\n\n\n<li><strong>Suivre les instructions <\/strong>propos\u00e9es \u00e0 l\u2019\u00e9cran.<\/li>\n<\/ul>\n\n\n\n<p>Si vous ne poss\u00e9dez pas votre identifiant et\/ou votre mot de passe :<\/p>\n\n\n\n<ul class=\"wp-block-list\">\n<li>Cliquer sur \u00ab <strong>Demande de cr\u00e9ation de compte<\/strong> \u00bb.<\/li>\n\n\n\n<li>Saisir les <strong>5 derniers chiffres <\/strong>indiqu\u00e9s sur le dessus de votre badge d\u2019acc\u00e8s au self : Carte N\u00b0 1425-<strong>XXXXX<\/strong> ou sur votre facture trimestrielle Carte N\u00b0<strong>XXXXX<\/strong>.<\/li>\n\n\n\n<li>Saisir une adresse mail valide sur laquelle votre identifiant et votre mot de passe vous seront adress\u00e9s sous 48 H.<\/li>\n\n\n\n<li>A r\u00e9ception, suivre la proc\u00e9dure classique indiqu\u00e9e ci-dessus.<\/li>\n<\/ul>\n\n\n\n<p>&nbsp;A noter :<\/p>\n\n\n\n<ul class=\"wp-block-list\">\n<li><strong>Les comptes ne sont cr\u00e9dit\u00e9s qu\u2019en diff\u00e9r\u00e9 le lendemain matin apr\u00e8s 8 heures<\/strong>, suite \u00e0 la synchronisation quotidienne des modules.<\/li>\n\n\n\n<li>Votre identifiant et votre mot de passe vous garantissent la bonne affectation des sommes vers\u00e9es.<\/li>\n\n\n\n<li>Un re\u00e7u vous est adress\u00e9 par mail \u00e0 la fin de chaque paiement.<\/li>\n<\/ul>\n\n\n\n<p><strong>PERSONNE A CONTACTER :<\/strong> Mme RESSAOUI : 01 64 69 54 10 <\/p>\n","protected":false},"excerpt":{"rendered":"<p>Tarifs internat et demi-pension Paiement en ligne Il est d\u00e9sormais possible pour les \u00e9l\u00e8ves et les personnels d\u2019effectuer directement plusieurs types d\u2019op\u00e9rations via un site s\u00e9curis\u00e9 sur internet : La proc\u00e9dure \u00e0 suivre est la suivante : Si vous ne poss\u00e9dez pas votre identifiant et\/ou votre mot de passe :&#8230; <a class=\"continue-reading-link\" href=\"https:\/\/www.lyceelafayette.fr\/index.php\/services-du-lycee\/intendance\/\">lire la suite<\/a><\/p>\n","protected":false},"author":1,"featured_media":0,"parent":271,"menu_order":0,"comment_status":"closed","ping_status":"closed","template":"","meta":{"footnotes":""},"class_list":["post-25","page","type-page","status-publish","hentry"],"yoast_head":"<!-- This site is optimized with the Yoast SEO plugin v27.5 - https:\/\/yoast.com\/product\/yoast-seo-wordpress\/ -->\n<title>Intendance - Lyc\u00e9e La Fayette<\/title>\n<meta name=\"robots\" content=\"index, follow, max-snippet:-1, max-image-preview:large, max-video-preview:-1\" \/>\n<link rel=\"canonical\" href=\"https:\/\/www.lyceelafayette.fr\/index.php\/services-du-lycee\/intendance\/\" \/>\n<meta property=\"og:locale\" content=\"fr_FR\" \/>\n<meta property=\"og:type\" content=\"article\" \/>\n<meta property=\"og:title\" content=\"Intendance - Lyc\u00e9e La Fayette\" \/>\n<meta property=\"og:description\" content=\"Tarifs internat et demi-pension Paiement en ligne Il est d\u00e9sormais possible pour les \u00e9l\u00e8ves et les personnels d\u2019effectuer directement plusieurs types d\u2019op\u00e9rations via un site s\u00e9curis\u00e9 sur internet : La proc\u00e9dure \u00e0 suivre est la suivante : Si vous ne poss\u00e9dez pas votre identifiant et\/ou votre mot de passe :... lire la suite\" \/>\n<meta property=\"og:url\" content=\"https:\/\/www.lyceelafayette.fr\/index.php\/services-du-lycee\/intendance\/\" \/>\n<meta property=\"og:site_name\" content=\"Lyc\u00e9e La Fayette\" \/>\n<meta property=\"article:modified_time\" content=\"2023-10-19T09:41:53+00:00\" \/>\n<meta property=\"og:image\" content=\"https:\/\/www.lyceelafayette.fr\/wp-content\/uploads\/2019\/01\/PaiementEnLigne.jpg\" \/>\n<meta name=\"twitter:card\" content=\"summary_large_image\" \/>\n<meta name=\"twitter:label1\" content=\"Dur\u00e9e de lecture estim\u00e9e\" \/>\n\t<meta name=\"twitter:data1\" content=\"2 minutes\" \/>\n<script type=\"application\/ld+json\" class=\"yoast-schema-graph\">{\"@context\":\"https:\\\/\\\/schema.org\",\"@graph\":[{\"@type\":\"WebPage\",\"@id\":\"https:\\\/\\\/www.lyceelafayette.fr\\\/index.php\\\/services-du-lycee\\\/intendance\\\/\",\"url\":\"https:\\\/\\\/www.lyceelafayette.fr\\\/index.php\\\/services-du-lycee\\\/intendance\\\/\",\"name\":\"Intendance - Lyc\u00e9e La Fayette\",\"isPartOf\":{\"@id\":\"https:\\\/\\\/www.lyceelafayette.fr\\\/#website\"},\"primaryImageOfPage\":{\"@id\":\"https:\\\/\\\/www.lyceelafayette.fr\\\/index.php\\\/services-du-lycee\\\/intendance\\\/#primaryimage\"},\"image\":{\"@id\":\"https:\\\/\\\/www.lyceelafayette.fr\\\/index.php\\\/services-du-lycee\\\/intendance\\\/#primaryimage\"},\"thumbnailUrl\":\"https:\\\/\\\/www.lyceelafayette.fr\\\/wp-content\\\/uploads\\\/2019\\\/01\\\/PaiementEnLigne.jpg\",\"datePublished\":\"2018-12-19T08:06:42+00:00\",\"dateModified\":\"2023-10-19T09:41:53+00:00\",\"breadcrumb\":{\"@id\":\"https:\\\/\\\/www.lyceelafayette.fr\\\/index.php\\\/services-du-lycee\\\/intendance\\\/#breadcrumb\"},\"inLanguage\":\"fr-FR\",\"potentialAction\":[{\"@type\":\"ReadAction\",\"target\":[\"https:\\\/\\\/www.lyceelafayette.fr\\\/index.php\\\/services-du-lycee\\\/intendance\\\/\"]}]},{\"@type\":\"ImageObject\",\"inLanguage\":\"fr-FR\",\"@id\":\"https:\\\/\\\/www.lyceelafayette.fr\\\/index.php\\\/services-du-lycee\\\/intendance\\\/#primaryimage\",\"url\":\"https:\\\/\\\/www.lyceelafayette.fr\\\/wp-content\\\/uploads\\\/2019\\\/01\\\/PaiementEnLigne.jpg\",\"contentUrl\":\"https:\\\/\\\/www.lyceelafayette.fr\\\/wp-content\\\/uploads\\\/2019\\\/01\\\/PaiementEnLigne.jpg\",\"width\":169,\"height\":113},{\"@type\":\"BreadcrumbList\",\"@id\":\"https:\\\/\\\/www.lyceelafayette.fr\\\/index.php\\\/services-du-lycee\\\/intendance\\\/#breadcrumb\",\"itemListElement\":[{\"@type\":\"ListItem\",\"position\":1,\"name\":\"Accueil\",\"item\":\"https:\\\/\\\/www.lyceelafayette.fr\\\/\"},{\"@type\":\"ListItem\",\"position\":2,\"name\":\"Services du lyc\u00e9e\",\"item\":\"https:\\\/\\\/www.lyceelafayette.fr\\\/index.php\\\/services-du-lycee\\\/\"},{\"@type\":\"ListItem\",\"position\":3,\"name\":\"Intendance\"}]},{\"@type\":\"WebSite\",\"@id\":\"https:\\\/\\\/www.lyceelafayette.fr\\\/#website\",\"url\":\"https:\\\/\\\/www.lyceelafayette.fr\\\/\",\"name\":\"Lyc\u00e9e La Fayette\",\"description\":\"\",\"publisher\":{\"@id\":\"https:\\\/\\\/www.lyceelafayette.fr\\\/#organization\"},\"potentialAction\":[{\"@type\":\"SearchAction\",\"target\":{\"@type\":\"EntryPoint\",\"urlTemplate\":\"https:\\\/\\\/www.lyceelafayette.fr\\\/?s={search_term_string}\"},\"query-input\":{\"@type\":\"PropertyValueSpecification\",\"valueRequired\":true,\"valueName\":\"search_term_string\"}}],\"inLanguage\":\"fr-FR\"},{\"@type\":\"Organization\",\"@id\":\"https:\\\/\\\/www.lyceelafayette.fr\\\/#organization\",\"name\":\"Lyc\u00e9e La Fayette\",\"url\":\"https:\\\/\\\/www.lyceelafayette.fr\\\/\",\"logo\":{\"@type\":\"ImageObject\",\"inLanguage\":\"fr-FR\",\"@id\":\"https:\\\/\\\/www.lyceelafayette.fr\\\/#\\\/schema\\\/logo\\\/image\\\/\",\"url\":\"https:\\\/\\\/www.lyceelafayette.fr\\\/wp-content\\\/uploads\\\/2019\\\/06\\\/llf_logo_alpha.png\",\"contentUrl\":\"https:\\\/\\\/www.lyceelafayette.fr\\\/wp-content\\\/uploads\\\/2019\\\/06\\\/llf_logo_alpha.png\",\"width\":1583,\"height\":792,\"caption\":\"Lyc\u00e9e La Fayette\"},\"image\":{\"@id\":\"https:\\\/\\\/www.lyceelafayette.fr\\\/#\\\/schema\\\/logo\\\/image\\\/\"},\"sameAs\":[\"https:\\\/\\\/www.youtube.com\\\/channel\\\/UC2AOQowoMGBKdY4ToZsf9mw\"]}]}<\/script>\n<!-- \/ Yoast SEO plugin. -->","yoast_head_json":{"title":"Intendance - Lyc\u00e9e La Fayette","robots":{"index":"index","follow":"follow","max-snippet":"max-snippet:-1","max-image-preview":"max-image-preview:large","max-video-preview":"max-video-preview:-1"},"canonical":"https:\/\/www.lyceelafayette.fr\/index.php\/services-du-lycee\/intendance\/","og_locale":"fr_FR","og_type":"article","og_title":"Intendance - Lyc\u00e9e La Fayette","og_description":"Tarifs internat et demi-pension Paiement en ligne Il est d\u00e9sormais possible pour les \u00e9l\u00e8ves et les personnels d\u2019effectuer directement plusieurs types d\u2019op\u00e9rations via un site s\u00e9curis\u00e9 sur internet : La proc\u00e9dure \u00e0 suivre est la suivante : Si vous ne poss\u00e9dez pas votre identifiant et\/ou votre mot de passe :... lire la suite","og_url":"https:\/\/www.lyceelafayette.fr\/index.php\/services-du-lycee\/intendance\/","og_site_name":"Lyc\u00e9e La Fayette","article_modified_time":"2023-10-19T09:41:53+00:00","og_image":[{"url":"https:\/\/www.lyceelafayette.fr\/wp-content\/uploads\/2019\/01\/PaiementEnLigne.jpg","type":"","width":"","height":""}],"twitter_card":"summary_large_image","twitter_misc":{"Dur\u00e9e de lecture estim\u00e9e":"2 minutes"},"schema":{"@context":"https:\/\/schema.org","@graph":[{"@type":"WebPage","@id":"https:\/\/www.lyceelafayette.fr\/index.php\/services-du-lycee\/intendance\/","url":"https:\/\/www.lyceelafayette.fr\/index.php\/services-du-lycee\/intendance\/","name":"Intendance - Lyc\u00e9e La Fayette","isPartOf":{"@id":"https:\/\/www.lyceelafayette.fr\/#website"},"primaryImageOfPage":{"@id":"https:\/\/www.lyceelafayette.fr\/index.php\/services-du-lycee\/intendance\/#primaryimage"},"image":{"@id":"https:\/\/www.lyceelafayette.fr\/index.php\/services-du-lycee\/intendance\/#primaryimage"},"thumbnailUrl":"https:\/\/www.lyceelafayette.fr\/wp-content\/uploads\/2019\/01\/PaiementEnLigne.jpg","datePublished":"2018-12-19T08:06:42+00:00","dateModified":"2023-10-19T09:41:53+00:00","breadcrumb":{"@id":"https:\/\/www.lyceelafayette.fr\/index.php\/services-du-lycee\/intendance\/#breadcrumb"},"inLanguage":"fr-FR","potentialAction":[{"@type":"ReadAction","target":["https:\/\/www.lyceelafayette.fr\/index.php\/services-du-lycee\/intendance\/"]}]},{"@type":"ImageObject","inLanguage":"fr-FR","@id":"https:\/\/www.lyceelafayette.fr\/index.php\/services-du-lycee\/intendance\/#primaryimage","url":"https:\/\/www.lyceelafayette.fr\/wp-content\/uploads\/2019\/01\/PaiementEnLigne.jpg","contentUrl":"https:\/\/www.lyceelafayette.fr\/wp-content\/uploads\/2019\/01\/PaiementEnLigne.jpg","width":169,"height":113},{"@type":"BreadcrumbList","@id":"https:\/\/www.lyceelafayette.fr\/index.php\/services-du-lycee\/intendance\/#breadcrumb","itemListElement":[{"@type":"ListItem","position":1,"name":"Accueil","item":"https:\/\/www.lyceelafayette.fr\/"},{"@type":"ListItem","position":2,"name":"Services du lyc\u00e9e","item":"https:\/\/www.lyceelafayette.fr\/index.php\/services-du-lycee\/"},{"@type":"ListItem","position":3,"name":"Intendance"}]},{"@type":"WebSite","@id":"https:\/\/www.lyceelafayette.fr\/#website","url":"https:\/\/www.lyceelafayette.fr\/","name":"Lyc\u00e9e La Fayette","description":"","publisher":{"@id":"https:\/\/www.lyceelafayette.fr\/#organization"},"potentialAction":[{"@type":"SearchAction","target":{"@type":"EntryPoint","urlTemplate":"https:\/\/www.lyceelafayette.fr\/?s={search_term_string}"},"query-input":{"@type":"PropertyValueSpecification","valueRequired":true,"valueName":"search_term_string"}}],"inLanguage":"fr-FR"},{"@type":"Organization","@id":"https:\/\/www.lyceelafayette.fr\/#organization","name":"Lyc\u00e9e La Fayette","url":"https:\/\/www.lyceelafayette.fr\/","logo":{"@type":"ImageObject","inLanguage":"fr-FR","@id":"https:\/\/www.lyceelafayette.fr\/#\/schema\/logo\/image\/","url":"https:\/\/www.lyceelafayette.fr\/wp-content\/uploads\/2019\/06\/llf_logo_alpha.png","contentUrl":"https:\/\/www.lyceelafayette.fr\/wp-content\/uploads\/2019\/06\/llf_logo_alpha.png","width":1583,"height":792,"caption":"Lyc\u00e9e La Fayette"},"image":{"@id":"https:\/\/www.lyceelafayette.fr\/#\/schema\/logo\/image\/"},"sameAs":["https:\/\/www.youtube.com\/channel\/UC2AOQowoMGBKdY4ToZsf9mw"]}]}},"_links":{"self":[{"href":"https:\/\/www.lyceelafayette.fr\/index.php\/wp-json\/wp\/v2\/pages\/25","targetHints":{"allow":["GET"]}}],"collection":[{"href":"https:\/\/www.lyceelafayette.fr\/index.php\/wp-json\/wp\/v2\/pages"}],"about":[{"href":"https:\/\/www.lyceelafayette.fr\/index.php\/wp-json\/wp\/v2\/types\/page"}],"author":[{"embeddable":true,"href":"https:\/\/www.lyceelafayette.fr\/index.php\/wp-json\/wp\/v2\/users\/1"}],"replies":[{"embeddable":true,"href":"https:\/\/www.lyceelafayette.fr\/index.php\/wp-json\/wp\/v2\/comments?post=25"}],"version-history":[{"count":13,"href":"https:\/\/www.lyceelafayette.fr\/index.php\/wp-json\/wp\/v2\/pages\/25\/revisions"}],"predecessor-version":[{"id":6382,"href":"https:\/\/www.lyceelafayette.fr\/index.php\/wp-json\/wp\/v2\/pages\/25\/revisions\/6382"}],"up":[{"embeddable":true,"href":"https:\/\/www.lyceelafayette.fr\/index.php\/wp-json\/wp\/v2\/pages\/271"}],"wp:attachment":[{"href":"https:\/\/www.lyceelafayette.fr\/index.php\/wp-json\/wp\/v2\/media?parent=25"}],"curies":[{"name":"wp","href":"https:\/\/api.w.org\/{rel}","templated":true}]}}