{"id":24,"date":"2018-12-19T09:06:42","date_gmt":"2018-12-19T08:06:42","guid":{"rendered":"http:\/\/www.lyceelafayette.fr\/?page_id=24"},"modified":"2022-04-19T15:26:57","modified_gmt":"2022-04-19T13:26:57","slug":"ouverture-du-secretariat-eleves","status":"publish","type":"page","link":"https:\/\/www.lyceelafayette.fr\/index.php\/ouverture-du-secretariat-eleves\/","title":{"rendered":"Contacts"},"content":{"rendered":"\n<p>Accueil Champagne-sur-Seine<strong> <\/strong>: <strong>01 64 69 54 10<\/strong> <\/p>\n\n\n\n<p>Accueil Fontaineroux : <strong>01 60 39 50 00<\/strong><\/p>\n\n\n\n<p><strong><span style=\"text-decoration: underline;\">Le secr\u00e9tariat \u00e9l\u00e8ve du site de Champagne sur Seine<\/span><\/strong><\/p>\n\n\n\n<ul class=\"wp-block-list\"><li>lundi 8h30 \u00e0 12h00 et de 14h00 \u00e0 16h00, <\/li><\/ul>\n\n\n\n<ul class=\"wp-block-list\"><li>mardi 8h30 \u00e0 12h00 et de 14h00 \u00e0 16h00, <\/li><\/ul>\n\n\n\n<ul class=\"wp-block-list\"><li>mercredi 8h30 \u00e0 12h00,<\/li><\/ul>\n\n\n\n<ul class=\"wp-block-list\"><li>jeudi 8h30 \u00e0 12h00 et de 14h00 \u00e0 16h00, <\/li><\/ul>\n\n\n\n<ul class=\"wp-block-list\"><li>vendredi 8h30 \u00e0 12h00 et de 14h00 \u00e0 16h00.<\/li><\/ul>\n\n\n\n<p><strong>Contact Mr IFRAH, 01.64.69.54.10 : <a href=\"mailto:ce.0770920g@ac-creteil.fr\">ce.0770920g@ac-creteil.fr<\/a> <\/strong><\/p>\n\n\n\n<p>  <\/p>\n\n\n\n<p><strong><span style=\"text-decoration: underline;\">Le secr\u00e9tariat \u00e9l\u00e8ve du site de Fontaineroux<\/span><\/strong><\/p>\n\n\n\n<p><\/p>\n\n\n\n<ul class=\"wp-block-list\"><li>lundi de 8h00 \u00e0 11h00, <\/li><\/ul>\n\n\n\n<ul class=\"wp-block-list\"><li>mardi  de 8h00 \u00e0 11h00, <\/li><\/ul>\n\n\n\n<ul class=\"wp-block-list\"><li>mercredi de 8 \u00e0 11h00,<\/li><\/ul>\n\n\n\n<ul class=\"wp-block-list\"><li>jeudi de 8h00 \u00e0 11h00, <\/li><\/ul>\n\n\n\n<ul class=\"wp-block-list\"><li>vendredi de 8h00 \u00e0 11h00<\/li><\/ul>\n\n\n\n<p><strong>Contact Mme FAUSSOT, 01.60.39.50.03 : <a href=\"mailto:ce.0770920g@ac-creteil.fr\">ce.0770920g@ac-creteil.fr<\/a> <\/strong><\/p>\n","protected":false},"excerpt":{"rendered":"<p>Accueil Champagne-sur-Seine : 01 64 69 54 10 Accueil Fontaineroux : 01 60 39 50 00 Le secr\u00e9tariat \u00e9l\u00e8ve du site de Champagne sur Seine lundi 8h30 \u00e0 12h00 et de 14h00 \u00e0 16h00, mardi 8h30 \u00e0 12h00 et de 14h00 \u00e0 16h00, mercredi 8h30 \u00e0 12h00, jeudi 8h30 \u00e0&#8230; <a class=\"continue-reading-link\" href=\"https:\/\/www.lyceelafayette.fr\/index.php\/ouverture-du-secretariat-eleves\/\">lire la suite<\/a><\/p>\n","protected":false},"author":1,"featured_media":0,"parent":0,"menu_order":0,"comment_status":"closed","ping_status":"closed","template":"","meta":{"footnotes":""},"class_list":["post-24","page","type-page","status-publish","hentry"],"yoast_head":"<!-- This site is optimized with the Yoast SEO plugin v27.6 - https:\/\/yoast.com\/product\/yoast-seo-wordpress\/ -->\n<title>Contacts - Lyc\u00e9e La Fayette<\/title>\n<meta name=\"robots\" content=\"index, follow, max-snippet:-1, max-image-preview:large, max-video-preview:-1\" \/>\n<link rel=\"canonical\" href=\"https:\/\/www.lyceelafayette.fr\/index.php\/ouverture-du-secretariat-eleves\/\" \/>\n<meta property=\"og:locale\" content=\"fr_FR\" \/>\n<meta property=\"og:type\" content=\"article\" \/>\n<meta property=\"og:title\" content=\"Contacts - Lyc\u00e9e La Fayette\" \/>\n<meta property=\"og:description\" content=\"Accueil Champagne-sur-Seine : 01 64 69 54 10 Accueil Fontaineroux : 01 60 39 50 00 Le secr\u00e9tariat \u00e9l\u00e8ve du site de Champagne sur Seine lundi 8h30 \u00e0 12h00 et de 14h00 \u00e0 16h00, mardi 8h30 \u00e0 12h00 et de 14h00 \u00e0 16h00, mercredi 8h30 \u00e0 12h00, jeudi 8h30 \u00e0... lire la suite\" \/>\n<meta property=\"og:url\" content=\"https:\/\/www.lyceelafayette.fr\/index.php\/ouverture-du-secretariat-eleves\/\" \/>\n<meta property=\"og:site_name\" content=\"Lyc\u00e9e La Fayette\" \/>\n<meta property=\"article:modified_time\" content=\"2022-04-19T13:26:57+00:00\" \/>\n<meta name=\"twitter:card\" content=\"summary_large_image\" \/>\n<meta name=\"twitter:label1\" content=\"Dur\u00e9e de lecture estim\u00e9e\" \/>\n\t<meta name=\"twitter:data1\" content=\"1 minute\" \/>\n<script type=\"application\/ld+json\" class=\"yoast-schema-graph\">{\"@context\":\"https:\\\/\\\/schema.org\",\"@graph\":[{\"@type\":\"WebPage\",\"@id\":\"https:\\\/\\\/www.lyceelafayette.fr\\\/index.php\\\/ouverture-du-secretariat-eleves\\\/\",\"url\":\"https:\\\/\\\/www.lyceelafayette.fr\\\/index.php\\\/ouverture-du-secretariat-eleves\\\/\",\"name\":\"Contacts - Lyc\u00e9e La Fayette\",\"isPartOf\":{\"@id\":\"https:\\\/\\\/www.lyceelafayette.fr\\\/#website\"},\"datePublished\":\"2018-12-19T08:06:42+00:00\",\"dateModified\":\"2022-04-19T13:26:57+00:00\",\"breadcrumb\":{\"@id\":\"https:\\\/\\\/www.lyceelafayette.fr\\\/index.php\\\/ouverture-du-secretariat-eleves\\\/#breadcrumb\"},\"inLanguage\":\"fr-FR\",\"potentialAction\":[{\"@type\":\"ReadAction\",\"target\":[\"https:\\\/\\\/www.lyceelafayette.fr\\\/index.php\\\/ouverture-du-secretariat-eleves\\\/\"]}]},{\"@type\":\"BreadcrumbList\",\"@id\":\"https:\\\/\\\/www.lyceelafayette.fr\\\/index.php\\\/ouverture-du-secretariat-eleves\\\/#breadcrumb\",\"itemListElement\":[{\"@type\":\"ListItem\",\"position\":1,\"name\":\"Accueil\",\"item\":\"https:\\\/\\\/www.lyceelafayette.fr\\\/\"},{\"@type\":\"ListItem\",\"position\":2,\"name\":\"Contacts\"}]},{\"@type\":\"WebSite\",\"@id\":\"https:\\\/\\\/www.lyceelafayette.fr\\\/#website\",\"url\":\"https:\\\/\\\/www.lyceelafayette.fr\\\/\",\"name\":\"Lyc\u00e9e La Fayette\",\"description\":\"\",\"publisher\":{\"@id\":\"https:\\\/\\\/www.lyceelafayette.fr\\\/#organization\"},\"potentialAction\":[{\"@type\":\"SearchAction\",\"target\":{\"@type\":\"EntryPoint\",\"urlTemplate\":\"https:\\\/\\\/www.lyceelafayette.fr\\\/?s={search_term_string}\"},\"query-input\":{\"@type\":\"PropertyValueSpecification\",\"valueRequired\":true,\"valueName\":\"search_term_string\"}}],\"inLanguage\":\"fr-FR\"},{\"@type\":\"Organization\",\"@id\":\"https:\\\/\\\/www.lyceelafayette.fr\\\/#organization\",\"name\":\"Lyc\u00e9e La Fayette\",\"url\":\"https:\\\/\\\/www.lyceelafayette.fr\\\/\",\"logo\":{\"@type\":\"ImageObject\",\"inLanguage\":\"fr-FR\",\"@id\":\"https:\\\/\\\/www.lyceelafayette.fr\\\/#\\\/schema\\\/logo\\\/image\\\/\",\"url\":\"https:\\\/\\\/www.lyceelafayette.fr\\\/wp-content\\\/uploads\\\/2019\\\/06\\\/llf_logo_alpha.png\",\"contentUrl\":\"https:\\\/\\\/www.lyceelafayette.fr\\\/wp-content\\\/uploads\\\/2019\\\/06\\\/llf_logo_alpha.png\",\"width\":1583,\"height\":792,\"caption\":\"Lyc\u00e9e La Fayette\"},\"image\":{\"@id\":\"https:\\\/\\\/www.lyceelafayette.fr\\\/#\\\/schema\\\/logo\\\/image\\\/\"},\"sameAs\":[\"https:\\\/\\\/www.youtube.com\\\/channel\\\/UC2AOQowoMGBKdY4ToZsf9mw\"]}]}<\/script>\n<!-- \/ Yoast SEO plugin. -->","yoast_head_json":{"title":"Contacts - Lyc\u00e9e La Fayette","robots":{"index":"index","follow":"follow","max-snippet":"max-snippet:-1","max-image-preview":"max-image-preview:large","max-video-preview":"max-video-preview:-1"},"canonical":"https:\/\/www.lyceelafayette.fr\/index.php\/ouverture-du-secretariat-eleves\/","og_locale":"fr_FR","og_type":"article","og_title":"Contacts - Lyc\u00e9e La Fayette","og_description":"Accueil Champagne-sur-Seine : 01 64 69 54 10 Accueil Fontaineroux : 01 60 39 50 00 Le secr\u00e9tariat \u00e9l\u00e8ve du site de Champagne sur Seine lundi 8h30 \u00e0 12h00 et de 14h00 \u00e0 16h00, mardi 8h30 \u00e0 12h00 et de 14h00 \u00e0 16h00, mercredi 8h30 \u00e0 12h00, jeudi 8h30 \u00e0... lire la suite","og_url":"https:\/\/www.lyceelafayette.fr\/index.php\/ouverture-du-secretariat-eleves\/","og_site_name":"Lyc\u00e9e La Fayette","article_modified_time":"2022-04-19T13:26:57+00:00","twitter_card":"summary_large_image","twitter_misc":{"Dur\u00e9e de lecture estim\u00e9e":"1 minute"},"schema":{"@context":"https:\/\/schema.org","@graph":[{"@type":"WebPage","@id":"https:\/\/www.lyceelafayette.fr\/index.php\/ouverture-du-secretariat-eleves\/","url":"https:\/\/www.lyceelafayette.fr\/index.php\/ouverture-du-secretariat-eleves\/","name":"Contacts - Lyc\u00e9e La Fayette","isPartOf":{"@id":"https:\/\/www.lyceelafayette.fr\/#website"},"datePublished":"2018-12-19T08:06:42+00:00","dateModified":"2022-04-19T13:26:57+00:00","breadcrumb":{"@id":"https:\/\/www.lyceelafayette.fr\/index.php\/ouverture-du-secretariat-eleves\/#breadcrumb"},"inLanguage":"fr-FR","potentialAction":[{"@type":"ReadAction","target":["https:\/\/www.lyceelafayette.fr\/index.php\/ouverture-du-secretariat-eleves\/"]}]},{"@type":"BreadcrumbList","@id":"https:\/\/www.lyceelafayette.fr\/index.php\/ouverture-du-secretariat-eleves\/#breadcrumb","itemListElement":[{"@type":"ListItem","position":1,"name":"Accueil","item":"https:\/\/www.lyceelafayette.fr\/"},{"@type":"ListItem","position":2,"name":"Contacts"}]},{"@type":"WebSite","@id":"https:\/\/www.lyceelafayette.fr\/#website","url":"https:\/\/www.lyceelafayette.fr\/","name":"Lyc\u00e9e La Fayette","description":"","publisher":{"@id":"https:\/\/www.lyceelafayette.fr\/#organization"},"potentialAction":[{"@type":"SearchAction","target":{"@type":"EntryPoint","urlTemplate":"https:\/\/www.lyceelafayette.fr\/?s={search_term_string}"},"query-input":{"@type":"PropertyValueSpecification","valueRequired":true,"valueName":"search_term_string"}}],"inLanguage":"fr-FR"},{"@type":"Organization","@id":"https:\/\/www.lyceelafayette.fr\/#organization","name":"Lyc\u00e9e La Fayette","url":"https:\/\/www.lyceelafayette.fr\/","logo":{"@type":"ImageObject","inLanguage":"fr-FR","@id":"https:\/\/www.lyceelafayette.fr\/#\/schema\/logo\/image\/","url":"https:\/\/www.lyceelafayette.fr\/wp-content\/uploads\/2019\/06\/llf_logo_alpha.png","contentUrl":"https:\/\/www.lyceelafayette.fr\/wp-content\/uploads\/2019\/06\/llf_logo_alpha.png","width":1583,"height":792,"caption":"Lyc\u00e9e La Fayette"},"image":{"@id":"https:\/\/www.lyceelafayette.fr\/#\/schema\/logo\/image\/"},"sameAs":["https:\/\/www.youtube.com\/channel\/UC2AOQowoMGBKdY4ToZsf9mw"]}]}},"_links":{"self":[{"href":"https:\/\/www.lyceelafayette.fr\/index.php\/wp-json\/wp\/v2\/pages\/24","targetHints":{"allow":["GET"]}}],"collection":[{"href":"https:\/\/www.lyceelafayette.fr\/index.php\/wp-json\/wp\/v2\/pages"}],"about":[{"href":"https:\/\/www.lyceelafayette.fr\/index.php\/wp-json\/wp\/v2\/types\/page"}],"author":[{"embeddable":true,"href":"https:\/\/www.lyceelafayette.fr\/index.php\/wp-json\/wp\/v2\/users\/1"}],"replies":[{"embeddable":true,"href":"https:\/\/www.lyceelafayette.fr\/index.php\/wp-json\/wp\/v2\/comments?post=24"}],"version-history":[{"count":8,"href":"https:\/\/www.lyceelafayette.fr\/index.php\/wp-json\/wp\/v2\/pages\/24\/revisions"}],"predecessor-version":[{"id":5658,"href":"https:\/\/www.lyceelafayette.fr\/index.php\/wp-json\/wp\/v2\/pages\/24\/revisions\/5658"}],"wp:attachment":[{"href":"https:\/\/www.lyceelafayette.fr\/index.php\/wp-json\/wp\/v2\/media?parent=24"}],"curies":[{"name":"wp","href":"https:\/\/api.w.org\/{rel}","templated":true}]}}