{"id":2245,"date":"2019-12-06T11:22:30","date_gmt":"2019-12-06T10:22:30","guid":{"rendered":"https:\/\/www.lyceelafayette.fr\/?page_id=2245"},"modified":"2019-12-06T11:22:30","modified_gmt":"2019-12-06T10:22:30","slug":"lettres-langues","status":"publish","type":"page","link":"https:\/\/www.lyceelafayette.fr\/index.php\/lettres-langues\/","title":{"rendered":"Lettres-Langues"},"content":{"rendered":"\n<p><strong>Fran\u00e7ais-Philosophie<\/strong><\/p>\n\n\n\n<p>En classes pr\u00e9paratoires aux grandes \u00e9coles scientifiques, on\na tenu \u00e0 maintenir un enseignement en fran\u00e7ais-philosophie qui consiste en deux\nheures de cours hebdomadaires. Cette double discipline a pour but de maintenir chez\nles scientifiques une exigence de clart\u00e9 et de qualit\u00e9 dans l\u2019expression tant \u00e9crite\nqu\u2019orale, ainsi qu\u2019une base de culture g\u00e9n\u00e9rale. En effet, le m\u00e9tier d\u2019ing\u00e9nieur\nsuppose des qualit\u00e9s intellectuelles qui requi\u00e8rent un esprit critique et curieux.<\/p>\n\n\n\n<p>Chaque ann\u00e9e, un nouveau programme tombe en fran\u00e7ais-philosophie,\nconstitu\u00e9 d\u2019une question g\u00e9n\u00e9rale et s\u2019appuyant sur trois \u0153uvres pr\u00e9cises, deux\nde litt\u00e9rature et une de philosophie. Le travail de l\u2019\u00e9tudiant consiste \u00e0 suivre\nattentivement le cours et \u00e0 \u00e9tudier les \u0153uvres au programme, afin de r\u00e9pondre aux\ndeux \u00e9preuves du concours de la banque PT :<\/p>\n\n\n\n<p>1) <strong>l\u2019\u00e9preuve A<\/strong> consiste en une dissertation en 4 heures sur programme<\/p>\n\n\n\n<p>2)<strong> l\u2019\u00e9preuve B<\/strong> consiste en un r\u00e9sum\u00e9 sur programme assorti d\u2019une dissertation\nsur le m\u00eame th\u00e8me, le tout en 4 heures<\/p>\n\n\n\n<p>Ni la philosophie ni les lettres ne sont le choix de l\u2019\u00e9tudiant\nscientifique, mais on retrouvera dans ces disciplines un souci de rigueur, de d\u00e9monstration\net surtout d\u2019argumentation qui seront les qualit\u00e9s \u00e9valu\u00e9es au concours. Le jury\nde la banque PT insiste bien sur le fait que les copies sont corrig\u00e9es dans le but\nde s\u00e9lectionner de futurs ing\u00e9nieurs. Il faut donc s\u2019imaginer cette mani\u00e8re comme\nune fa\u00e7on de se pr\u00e9parer au monde du travail, o\u00f9 l\u2019on devra exposer avec pr\u00e9cision\nses id\u00e9es et d\u00e9fendre ses projets. Pour ce faire, une ma\u00eetrise de la langue et de\nla communication seront plus qu\u2019utiles.<\/p>\n\n\n\n<p><strong>Langues<\/strong><\/p>\n\n\n\n<p>Avec la mondialisation, la ma\u00eetrise\nd\u2019une ou plusieurs langues \u00e9trang\u00e8res, en particulier de l\u2019anglais, est devenue\nincontournable sur le march\u00e9 du travail. Par cons\u00e9quent, les concours permettant\nl\u2019acc\u00e8s aux grandes \u00e9coles int\u00e8grent une ou plusieurs \u00e9preuves de langues vivantes\n\u00e9crites et\/ ou orales. Afin de pr\u00e9parer au mieux les \u00e9tudiants, l\u2019accent est mis\nautant sur l\u2019oral que l\u2019\u00e9crit pendant les cours. Par ailleurs, il faut souligner\nl\u2019importance de participer activement si l\u2019on souhaite progresser dans une langue\ndite \u00ab vivante \u00bb surtout lorsque l\u2019on a des difficult\u00e9s. En effet, une pratique\nr\u00e9guli\u00e8re est indispensable afin de corriger notamment sa prononciation que seul\nle cadre d\u2019un cours peut v\u00e9ritablement permettre d\u2019am\u00e9liorer afin d\u2019acqu\u00e9rir aisance\net fluidit\u00e9. De nombreux entra\u00eenements sont aussi propos\u00e9s aux \u00e9tudiants :<\/p>\n\n\n\n<ul class=\"wp-block-list\"><li>entra\u00eenements \u00e0 l\u2019\u00e9preuve orale syst\u00e9matiques et progressifs\nlors des kh\u00f4lles<\/li><li>entra\u00eenements aux \u00e9preuves \u00e9crites lors des devoirs surveill\u00e9s<\/li><\/ul>\n\n\n\n<p>Enfin, les th\u00e8mes trait\u00e9s en cours sont ceux de faits de soci\u00e9t\u00e9\nsouvent abord\u00e9s lors des \u00e9preuves et les \u00e9tudiants sont invit\u00e9s \u00e0 lire r\u00e9guli\u00e8rement\nla presse nationale et internationale afin d\u2019\u00e9largir leur culture personnelle et\nde rendre compte de leurs nouvelles connaissances.<\/p>\n","protected":false},"excerpt":{"rendered":"<p>Fran\u00e7ais-Philosophie En classes pr\u00e9paratoires aux grandes \u00e9coles scientifiques, on a tenu \u00e0 maintenir un enseignement en fran\u00e7ais-philosophie qui consiste en deux heures de cours hebdomadaires. Cette double discipline a pour but de maintenir chez les scientifiques une exigence de clart\u00e9 et de qualit\u00e9 dans l\u2019expression tant \u00e9crite qu\u2019orale, ainsi qu\u2019une&#8230; <a class=\"continue-reading-link\" href=\"https:\/\/www.lyceelafayette.fr\/index.php\/lettres-langues\/\">lire la suite<\/a><\/p>\n","protected":false},"author":8,"featured_media":0,"parent":0,"menu_order":0,"comment_status":"closed","ping_status":"closed","template":"","meta":{"footnotes":""},"class_list":["post-2245","page","type-page","status-publish","hentry"],"yoast_head":"<!-- This site is optimized with the Yoast SEO plugin v27.5 - https:\/\/yoast.com\/product\/yoast-seo-wordpress\/ -->\n<title>Lettres-Langues - Lyc\u00e9e La Fayette<\/title>\n<meta name=\"robots\" content=\"index, follow, max-snippet:-1, max-image-preview:large, max-video-preview:-1\" \/>\n<link rel=\"canonical\" href=\"https:\/\/www.lyceelafayette.fr\/index.php\/lettres-langues\/\" \/>\n<meta property=\"og:locale\" content=\"fr_FR\" \/>\n<meta property=\"og:type\" content=\"article\" \/>\n<meta property=\"og:title\" content=\"Lettres-Langues - Lyc\u00e9e La Fayette\" \/>\n<meta property=\"og:description\" content=\"Fran\u00e7ais-Philosophie En classes pr\u00e9paratoires aux grandes \u00e9coles scientifiques, on a tenu \u00e0 maintenir un enseignement en fran\u00e7ais-philosophie qui consiste en deux heures de cours hebdomadaires. Cette double discipline a pour but de maintenir chez les scientifiques une exigence de clart\u00e9 et de qualit\u00e9 dans l\u2019expression tant \u00e9crite qu\u2019orale, ainsi qu\u2019une... lire la suite\" \/>\n<meta property=\"og:url\" content=\"https:\/\/www.lyceelafayette.fr\/index.php\/lettres-langues\/\" \/>\n<meta property=\"og:site_name\" content=\"Lyc\u00e9e La Fayette\" \/>\n<meta name=\"twitter:card\" content=\"summary_large_image\" \/>\n<meta name=\"twitter:label1\" content=\"Dur\u00e9e de lecture estim\u00e9e\" \/>\n\t<meta name=\"twitter:data1\" content=\"3 minutes\" \/>\n<script type=\"application\/ld+json\" class=\"yoast-schema-graph\">{\"@context\":\"https:\\\/\\\/schema.org\",\"@graph\":[{\"@type\":\"WebPage\",\"@id\":\"https:\\\/\\\/www.lyceelafayette.fr\\\/index.php\\\/lettres-langues\\\/\",\"url\":\"https:\\\/\\\/www.lyceelafayette.fr\\\/index.php\\\/lettres-langues\\\/\",\"name\":\"Lettres-Langues - Lyc\u00e9e La Fayette\",\"isPartOf\":{\"@id\":\"https:\\\/\\\/www.lyceelafayette.fr\\\/#website\"},\"datePublished\":\"2019-12-06T10:22:30+00:00\",\"breadcrumb\":{\"@id\":\"https:\\\/\\\/www.lyceelafayette.fr\\\/index.php\\\/lettres-langues\\\/#breadcrumb\"},\"inLanguage\":\"fr-FR\",\"potentialAction\":[{\"@type\":\"ReadAction\",\"target\":[\"https:\\\/\\\/www.lyceelafayette.fr\\\/index.php\\\/lettres-langues\\\/\"]}]},{\"@type\":\"BreadcrumbList\",\"@id\":\"https:\\\/\\\/www.lyceelafayette.fr\\\/index.php\\\/lettres-langues\\\/#breadcrumb\",\"itemListElement\":[{\"@type\":\"ListItem\",\"position\":1,\"name\":\"Accueil\",\"item\":\"https:\\\/\\\/www.lyceelafayette.fr\\\/\"},{\"@type\":\"ListItem\",\"position\":2,\"name\":\"Lettres-Langues\"}]},{\"@type\":\"WebSite\",\"@id\":\"https:\\\/\\\/www.lyceelafayette.fr\\\/#website\",\"url\":\"https:\\\/\\\/www.lyceelafayette.fr\\\/\",\"name\":\"Lyc\u00e9e La Fayette\",\"description\":\"\",\"publisher\":{\"@id\":\"https:\\\/\\\/www.lyceelafayette.fr\\\/#organization\"},\"potentialAction\":[{\"@type\":\"SearchAction\",\"target\":{\"@type\":\"EntryPoint\",\"urlTemplate\":\"https:\\\/\\\/www.lyceelafayette.fr\\\/?s={search_term_string}\"},\"query-input\":{\"@type\":\"PropertyValueSpecification\",\"valueRequired\":true,\"valueName\":\"search_term_string\"}}],\"inLanguage\":\"fr-FR\"},{\"@type\":\"Organization\",\"@id\":\"https:\\\/\\\/www.lyceelafayette.fr\\\/#organization\",\"name\":\"Lyc\u00e9e La Fayette\",\"url\":\"https:\\\/\\\/www.lyceelafayette.fr\\\/\",\"logo\":{\"@type\":\"ImageObject\",\"inLanguage\":\"fr-FR\",\"@id\":\"https:\\\/\\\/www.lyceelafayette.fr\\\/#\\\/schema\\\/logo\\\/image\\\/\",\"url\":\"https:\\\/\\\/www.lyceelafayette.fr\\\/wp-content\\\/uploads\\\/2019\\\/06\\\/llf_logo_alpha.png\",\"contentUrl\":\"https:\\\/\\\/www.lyceelafayette.fr\\\/wp-content\\\/uploads\\\/2019\\\/06\\\/llf_logo_alpha.png\",\"width\":1583,\"height\":792,\"caption\":\"Lyc\u00e9e La Fayette\"},\"image\":{\"@id\":\"https:\\\/\\\/www.lyceelafayette.fr\\\/#\\\/schema\\\/logo\\\/image\\\/\"},\"sameAs\":[\"https:\\\/\\\/www.youtube.com\\\/channel\\\/UC2AOQowoMGBKdY4ToZsf9mw\"]}]}<\/script>\n<!-- \/ Yoast SEO plugin. -->","yoast_head_json":{"title":"Lettres-Langues - Lyc\u00e9e La Fayette","robots":{"index":"index","follow":"follow","max-snippet":"max-snippet:-1","max-image-preview":"max-image-preview:large","max-video-preview":"max-video-preview:-1"},"canonical":"https:\/\/www.lyceelafayette.fr\/index.php\/lettres-langues\/","og_locale":"fr_FR","og_type":"article","og_title":"Lettres-Langues - Lyc\u00e9e La Fayette","og_description":"Fran\u00e7ais-Philosophie En classes pr\u00e9paratoires aux grandes \u00e9coles scientifiques, on a tenu \u00e0 maintenir un enseignement en fran\u00e7ais-philosophie qui consiste en deux heures de cours hebdomadaires. Cette double discipline a pour but de maintenir chez les scientifiques une exigence de clart\u00e9 et de qualit\u00e9 dans l\u2019expression tant \u00e9crite qu\u2019orale, ainsi qu\u2019une... lire la suite","og_url":"https:\/\/www.lyceelafayette.fr\/index.php\/lettres-langues\/","og_site_name":"Lyc\u00e9e La Fayette","twitter_card":"summary_large_image","twitter_misc":{"Dur\u00e9e de lecture estim\u00e9e":"3 minutes"},"schema":{"@context":"https:\/\/schema.org","@graph":[{"@type":"WebPage","@id":"https:\/\/www.lyceelafayette.fr\/index.php\/lettres-langues\/","url":"https:\/\/www.lyceelafayette.fr\/index.php\/lettres-langues\/","name":"Lettres-Langues - Lyc\u00e9e La Fayette","isPartOf":{"@id":"https:\/\/www.lyceelafayette.fr\/#website"},"datePublished":"2019-12-06T10:22:30+00:00","breadcrumb":{"@id":"https:\/\/www.lyceelafayette.fr\/index.php\/lettres-langues\/#breadcrumb"},"inLanguage":"fr-FR","potentialAction":[{"@type":"ReadAction","target":["https:\/\/www.lyceelafayette.fr\/index.php\/lettres-langues\/"]}]},{"@type":"BreadcrumbList","@id":"https:\/\/www.lyceelafayette.fr\/index.php\/lettres-langues\/#breadcrumb","itemListElement":[{"@type":"ListItem","position":1,"name":"Accueil","item":"https:\/\/www.lyceelafayette.fr\/"},{"@type":"ListItem","position":2,"name":"Lettres-Langues"}]},{"@type":"WebSite","@id":"https:\/\/www.lyceelafayette.fr\/#website","url":"https:\/\/www.lyceelafayette.fr\/","name":"Lyc\u00e9e La Fayette","description":"","publisher":{"@id":"https:\/\/www.lyceelafayette.fr\/#organization"},"potentialAction":[{"@type":"SearchAction","target":{"@type":"EntryPoint","urlTemplate":"https:\/\/www.lyceelafayette.fr\/?s={search_term_string}"},"query-input":{"@type":"PropertyValueSpecification","valueRequired":true,"valueName":"search_term_string"}}],"inLanguage":"fr-FR"},{"@type":"Organization","@id":"https:\/\/www.lyceelafayette.fr\/#organization","name":"Lyc\u00e9e La Fayette","url":"https:\/\/www.lyceelafayette.fr\/","logo":{"@type":"ImageObject","inLanguage":"fr-FR","@id":"https:\/\/www.lyceelafayette.fr\/#\/schema\/logo\/image\/","url":"https:\/\/www.lyceelafayette.fr\/wp-content\/uploads\/2019\/06\/llf_logo_alpha.png","contentUrl":"https:\/\/www.lyceelafayette.fr\/wp-content\/uploads\/2019\/06\/llf_logo_alpha.png","width":1583,"height":792,"caption":"Lyc\u00e9e La Fayette"},"image":{"@id":"https:\/\/www.lyceelafayette.fr\/#\/schema\/logo\/image\/"},"sameAs":["https:\/\/www.youtube.com\/channel\/UC2AOQowoMGBKdY4ToZsf9mw"]}]}},"_links":{"self":[{"href":"https:\/\/www.lyceelafayette.fr\/index.php\/wp-json\/wp\/v2\/pages\/2245","targetHints":{"allow":["GET"]}}],"collection":[{"href":"https:\/\/www.lyceelafayette.fr\/index.php\/wp-json\/wp\/v2\/pages"}],"about":[{"href":"https:\/\/www.lyceelafayette.fr\/index.php\/wp-json\/wp\/v2\/types\/page"}],"author":[{"embeddable":true,"href":"https:\/\/www.lyceelafayette.fr\/index.php\/wp-json\/wp\/v2\/users\/8"}],"replies":[{"embeddable":true,"href":"https:\/\/www.lyceelafayette.fr\/index.php\/wp-json\/wp\/v2\/comments?post=2245"}],"version-history":[{"count":1,"href":"https:\/\/www.lyceelafayette.fr\/index.php\/wp-json\/wp\/v2\/pages\/2245\/revisions"}],"predecessor-version":[{"id":2246,"href":"https:\/\/www.lyceelafayette.fr\/index.php\/wp-json\/wp\/v2\/pages\/2245\/revisions\/2246"}],"wp:attachment":[{"href":"https:\/\/www.lyceelafayette.fr\/index.php\/wp-json\/wp\/v2\/media?parent=2245"}],"curies":[{"name":"wp","href":"https:\/\/api.w.org\/{rel}","templated":true}]}}