{"id":194,"date":"2019-01-07T16:19:35","date_gmt":"2019-01-07T15:19:35","guid":{"rendered":"http:\/\/www.lyceelafayette.fr\/?page_id=194"},"modified":"2026-01-14T14:37:34","modified_gmt":"2026-01-14T13:37:34","slug":"enseignants","status":"publish","type":"page","link":"https:\/\/www.lyceelafayette.fr\/index.php\/enseignants\/","title":{"rendered":"Enseignants"},"content":{"rendered":"\n<hr>\n\n\n\n<div class=\"wp-block-columns has-2-columns is-layout-flex wp-container-core-columns-is-layout-9d6595d7 wp-block-columns-is-layout-flex\">\n<div class=\"wp-block-column is-layout-flow wp-block-column-is-layout-flow\">\n<figure class=\"wp-block-image\"><a href=\"https:\/\/0770920g.index-education.net\/pronote\/professeur.html\"><img loading=\"lazy\" decoding=\"async\" width=\"354\" height=\"142\" src=\"https:\/\/www.lyceelafayette.fr\/wp-content\/uploads\/2018\/12\/Pronote-1.jpg\" alt=\"Lien File Manager\" class=\"wp-image-112\"><\/a><\/figure>\n<\/div>\n\n\n\n<div class=\"wp-block-column is-layout-flow wp-block-column-is-layout-flow\">\n<a href=\"https:\/\/0770920g.index-education.net\/pronote\/professeur.html\"><h4 id=\"mce_3\">Application PRONOTE<\/h4><\/a>\n\n\n\n<p>Appel, mise \u00e0 jour du cahier de texte, saisie des notes et des bulletins, informations diverses<\/p>\n<\/div>\n<\/div>\n\n\n\n<hr>\n\n\n\n<div class=\"wp-block-columns has-2-columns is-layout-flex wp-container-core-columns-is-layout-9d6595d7 wp-block-columns-is-layout-flex\">\n<div class=\"wp-block-column is-layout-flow wp-block-column-is-layout-flow\">\n<figure class=\"wp-block-image size-large is-resized\"><a href=\"https:\/\/extranet.lyceelafayette.fr:8443\/Filemanager\/\"><img loading=\"lazy\" decoding=\"async\" src=\"https:\/\/www.lyceelafayette.fr\/wp-content\/uploads\/2020\/04\/FileManager.png\" alt=\"File Manager\" class=\"wp-image-2424\" width=\"217\" height=\"144\" srcset=\"https:\/\/www.lyceelafayette.fr\/wp-content\/uploads\/2020\/04\/FileManager.png 914w, https:\/\/www.lyceelafayette.fr\/wp-content\/uploads\/2020\/04\/FileManager-300x200.png 300w, https:\/\/www.lyceelafayette.fr\/wp-content\/uploads\/2020\/04\/FileManager-768x513.png 768w, https:\/\/www.lyceelafayette.fr\/wp-content\/uploads\/2020\/04\/FileManager-150x100.png 150w, https:\/\/www.lyceelafayette.fr\/wp-content\/uploads\/2020\/04\/FileManager-272x182.png 272w\" sizes=\"auto, (max-width: 217px) 100vw, 217px\" \/><\/a><\/figure>\n<\/div>\n\n\n\n<div class=\"wp-block-column is-layout-flow wp-block-column-is-layout-flow\">\n<h4><a href=\"https:\/\/extranet.lyceelafayette.fr:8443\/Filemanager\/\">Acc\u00e8s aux fichiers<\/a><\/h4>\n\n\n\n<p>Acc\u00e8s aux contenus des r\u00e9pertoires \u00ab&nbsp;Mes Documents&nbsp;\u00bb, \u00ab&nbsp;Zone des \u00e9nonc\u00e9s&nbsp;\u00bb et \u00ab&nbsp;Zone de d\u00e9pose des travaux&nbsp;\u00bb du lyc\u00e9e. L\u2019identifiant et le mot de passe sont ceux qui sont utilis\u00e9s pour ouvrir une session sur les ordinateurs du lyc\u00e9e.<\/p>\n<\/div>\n<\/div>\n\n\n\n<div class=\"wp-block-columns has-2-columns is-layout-flex wp-container-core-columns-is-layout-9d6595d7 wp-block-columns-is-layout-flex\">\n<div class=\"wp-block-column is-layout-flow wp-block-column-is-layout-flow\"><\/div>\n\n\n\n<div class=\"wp-block-column is-layout-flow wp-block-column-is-layout-flow\"><\/div>\n<\/div>\n","protected":false},"excerpt":{"rendered":"<p>Application PRONOTE Appel, mise \u00e0 jour du cahier de texte, saisie des notes et des bulletins, informations diverses Acc\u00e8s aux fichiers Acc\u00e8s aux contenus des r\u00e9pertoires \u00ab&nbsp;Mes Documents&nbsp;\u00bb, \u00ab&nbsp;Zone des \u00e9nonc\u00e9s&nbsp;\u00bb et \u00ab&nbsp;Zone de d\u00e9pose des travaux&nbsp;\u00bb du lyc\u00e9e. L\u2019identifiant et le mot de passe sont ceux qui sont utilis\u00e9s&#8230; <a class=\"continue-reading-link\" href=\"https:\/\/www.lyceelafayette.fr\/index.php\/enseignants\/\">lire la suite<\/a><\/p>\n","protected":false},"author":1,"featured_media":0,"parent":0,"menu_order":0,"comment_status":"closed","ping_status":"closed","template":"","meta":{"footnotes":""},"class_list":["post-194","page","type-page","status-publish","hentry"],"yoast_head":"<!-- This site is optimized with the Yoast SEO plugin v27.5 - https:\/\/yoast.com\/product\/yoast-seo-wordpress\/ -->\n<title>Enseignants - Lyc\u00e9e La Fayette<\/title>\n<meta name=\"robots\" content=\"index, follow, max-snippet:-1, max-image-preview:large, max-video-preview:-1\" \/>\n<link rel=\"canonical\" href=\"https:\/\/www.lyceelafayette.fr\/index.php\/enseignants\/\" \/>\n<meta property=\"og:locale\" content=\"fr_FR\" \/>\n<meta property=\"og:type\" content=\"article\" \/>\n<meta property=\"og:title\" content=\"Enseignants - Lyc\u00e9e La Fayette\" \/>\n<meta property=\"og:description\" content=\"Application PRONOTE Appel, mise \u00e0 jour du cahier de texte, saisie des notes et des bulletins, informations diverses Acc\u00e8s aux fichiers Acc\u00e8s aux contenus des r\u00e9pertoires \u00ab&nbsp;Mes Documents&nbsp;\u00bb, \u00ab&nbsp;Zone des \u00e9nonc\u00e9s&nbsp;\u00bb et \u00ab&nbsp;Zone de d\u00e9pose des travaux&nbsp;\u00bb du lyc\u00e9e. L\u2019identifiant et le mot de passe sont ceux qui sont utilis\u00e9s... lire la suite\" \/>\n<meta property=\"og:url\" content=\"https:\/\/www.lyceelafayette.fr\/index.php\/enseignants\/\" \/>\n<meta property=\"og:site_name\" content=\"Lyc\u00e9e La Fayette\" \/>\n<meta property=\"article:modified_time\" content=\"2026-01-14T13:37:34+00:00\" \/>\n<meta property=\"og:image\" content=\"https:\/\/www.lyceelafayette.fr\/wp-content\/uploads\/2018\/12\/Pronote-1.jpg\" \/>\n\t<meta property=\"og:image:width\" content=\"354\" \/>\n\t<meta property=\"og:image:height\" content=\"142\" \/>\n\t<meta property=\"og:image:type\" content=\"image\/jpeg\" \/>\n<meta name=\"twitter:card\" content=\"summary_large_image\" \/>\n<meta name=\"twitter:label1\" content=\"Dur\u00e9e de lecture estim\u00e9e\" \/>\n\t<meta name=\"twitter:data1\" content=\"1 minute\" \/>\n<script type=\"application\/ld+json\" class=\"yoast-schema-graph\">{\"@context\":\"https:\\\/\\\/schema.org\",\"@graph\":[{\"@type\":\"WebPage\",\"@id\":\"https:\\\/\\\/www.lyceelafayette.fr\\\/index.php\\\/enseignants\\\/\",\"url\":\"https:\\\/\\\/www.lyceelafayette.fr\\\/index.php\\\/enseignants\\\/\",\"name\":\"Enseignants - Lyc\u00e9e La Fayette\",\"isPartOf\":{\"@id\":\"https:\\\/\\\/www.lyceelafayette.fr\\\/#website\"},\"primaryImageOfPage\":{\"@id\":\"https:\\\/\\\/www.lyceelafayette.fr\\\/index.php\\\/enseignants\\\/#primaryimage\"},\"image\":{\"@id\":\"https:\\\/\\\/www.lyceelafayette.fr\\\/index.php\\\/enseignants\\\/#primaryimage\"},\"thumbnailUrl\":\"https:\\\/\\\/www.lyceelafayette.fr\\\/wp-content\\\/uploads\\\/2018\\\/12\\\/Pronote-1.jpg\",\"datePublished\":\"2019-01-07T15:19:35+00:00\",\"dateModified\":\"2026-01-14T13:37:34+00:00\",\"breadcrumb\":{\"@id\":\"https:\\\/\\\/www.lyceelafayette.fr\\\/index.php\\\/enseignants\\\/#breadcrumb\"},\"inLanguage\":\"fr-FR\",\"potentialAction\":[{\"@type\":\"ReadAction\",\"target\":[\"https:\\\/\\\/www.lyceelafayette.fr\\\/index.php\\\/enseignants\\\/\"]}]},{\"@type\":\"ImageObject\",\"inLanguage\":\"fr-FR\",\"@id\":\"https:\\\/\\\/www.lyceelafayette.fr\\\/index.php\\\/enseignants\\\/#primaryimage\",\"url\":\"https:\\\/\\\/www.lyceelafayette.fr\\\/wp-content\\\/uploads\\\/2018\\\/12\\\/Pronote-1.jpg\",\"contentUrl\":\"https:\\\/\\\/www.lyceelafayette.fr\\\/wp-content\\\/uploads\\\/2018\\\/12\\\/Pronote-1.jpg\",\"width\":354,\"height\":142},{\"@type\":\"BreadcrumbList\",\"@id\":\"https:\\\/\\\/www.lyceelafayette.fr\\\/index.php\\\/enseignants\\\/#breadcrumb\",\"itemListElement\":[{\"@type\":\"ListItem\",\"position\":1,\"name\":\"Accueil\",\"item\":\"https:\\\/\\\/www.lyceelafayette.fr\\\/\"},{\"@type\":\"ListItem\",\"position\":2,\"name\":\"Enseignants\"}]},{\"@type\":\"WebSite\",\"@id\":\"https:\\\/\\\/www.lyceelafayette.fr\\\/#website\",\"url\":\"https:\\\/\\\/www.lyceelafayette.fr\\\/\",\"name\":\"Lyc\u00e9e La Fayette\",\"description\":\"\",\"publisher\":{\"@id\":\"https:\\\/\\\/www.lyceelafayette.fr\\\/#organization\"},\"potentialAction\":[{\"@type\":\"SearchAction\",\"target\":{\"@type\":\"EntryPoint\",\"urlTemplate\":\"https:\\\/\\\/www.lyceelafayette.fr\\\/?s={search_term_string}\"},\"query-input\":{\"@type\":\"PropertyValueSpecification\",\"valueRequired\":true,\"valueName\":\"search_term_string\"}}],\"inLanguage\":\"fr-FR\"},{\"@type\":\"Organization\",\"@id\":\"https:\\\/\\\/www.lyceelafayette.fr\\\/#organization\",\"name\":\"Lyc\u00e9e La Fayette\",\"url\":\"https:\\\/\\\/www.lyceelafayette.fr\\\/\",\"logo\":{\"@type\":\"ImageObject\",\"inLanguage\":\"fr-FR\",\"@id\":\"https:\\\/\\\/www.lyceelafayette.fr\\\/#\\\/schema\\\/logo\\\/image\\\/\",\"url\":\"https:\\\/\\\/www.lyceelafayette.fr\\\/wp-content\\\/uploads\\\/2019\\\/06\\\/llf_logo_alpha.png\",\"contentUrl\":\"https:\\\/\\\/www.lyceelafayette.fr\\\/wp-content\\\/uploads\\\/2019\\\/06\\\/llf_logo_alpha.png\",\"width\":1583,\"height\":792,\"caption\":\"Lyc\u00e9e La Fayette\"},\"image\":{\"@id\":\"https:\\\/\\\/www.lyceelafayette.fr\\\/#\\\/schema\\\/logo\\\/image\\\/\"},\"sameAs\":[\"https:\\\/\\\/www.youtube.com\\\/channel\\\/UC2AOQowoMGBKdY4ToZsf9mw\"]}]}<\/script>\n<!-- \/ Yoast SEO plugin. -->","yoast_head_json":{"title":"Enseignants - Lyc\u00e9e La Fayette","robots":{"index":"index","follow":"follow","max-snippet":"max-snippet:-1","max-image-preview":"max-image-preview:large","max-video-preview":"max-video-preview:-1"},"canonical":"https:\/\/www.lyceelafayette.fr\/index.php\/enseignants\/","og_locale":"fr_FR","og_type":"article","og_title":"Enseignants - Lyc\u00e9e La Fayette","og_description":"Application PRONOTE Appel, mise \u00e0 jour du cahier de texte, saisie des notes et des bulletins, informations diverses Acc\u00e8s aux fichiers Acc\u00e8s aux contenus des r\u00e9pertoires \u00ab&nbsp;Mes Documents&nbsp;\u00bb, \u00ab&nbsp;Zone des \u00e9nonc\u00e9s&nbsp;\u00bb et \u00ab&nbsp;Zone de d\u00e9pose des travaux&nbsp;\u00bb du lyc\u00e9e. L\u2019identifiant et le mot de passe sont ceux qui sont utilis\u00e9s... lire la suite","og_url":"https:\/\/www.lyceelafayette.fr\/index.php\/enseignants\/","og_site_name":"Lyc\u00e9e La Fayette","article_modified_time":"2026-01-14T13:37:34+00:00","og_image":[{"width":354,"height":142,"url":"https:\/\/www.lyceelafayette.fr\/wp-content\/uploads\/2018\/12\/Pronote-1.jpg","type":"image\/jpeg"}],"twitter_card":"summary_large_image","twitter_misc":{"Dur\u00e9e de lecture estim\u00e9e":"1 minute"},"schema":{"@context":"https:\/\/schema.org","@graph":[{"@type":"WebPage","@id":"https:\/\/www.lyceelafayette.fr\/index.php\/enseignants\/","url":"https:\/\/www.lyceelafayette.fr\/index.php\/enseignants\/","name":"Enseignants - Lyc\u00e9e La Fayette","isPartOf":{"@id":"https:\/\/www.lyceelafayette.fr\/#website"},"primaryImageOfPage":{"@id":"https:\/\/www.lyceelafayette.fr\/index.php\/enseignants\/#primaryimage"},"image":{"@id":"https:\/\/www.lyceelafayette.fr\/index.php\/enseignants\/#primaryimage"},"thumbnailUrl":"https:\/\/www.lyceelafayette.fr\/wp-content\/uploads\/2018\/12\/Pronote-1.jpg","datePublished":"2019-01-07T15:19:35+00:00","dateModified":"2026-01-14T13:37:34+00:00","breadcrumb":{"@id":"https:\/\/www.lyceelafayette.fr\/index.php\/enseignants\/#breadcrumb"},"inLanguage":"fr-FR","potentialAction":[{"@type":"ReadAction","target":["https:\/\/www.lyceelafayette.fr\/index.php\/enseignants\/"]}]},{"@type":"ImageObject","inLanguage":"fr-FR","@id":"https:\/\/www.lyceelafayette.fr\/index.php\/enseignants\/#primaryimage","url":"https:\/\/www.lyceelafayette.fr\/wp-content\/uploads\/2018\/12\/Pronote-1.jpg","contentUrl":"https:\/\/www.lyceelafayette.fr\/wp-content\/uploads\/2018\/12\/Pronote-1.jpg","width":354,"height":142},{"@type":"BreadcrumbList","@id":"https:\/\/www.lyceelafayette.fr\/index.php\/enseignants\/#breadcrumb","itemListElement":[{"@type":"ListItem","position":1,"name":"Accueil","item":"https:\/\/www.lyceelafayette.fr\/"},{"@type":"ListItem","position":2,"name":"Enseignants"}]},{"@type":"WebSite","@id":"https:\/\/www.lyceelafayette.fr\/#website","url":"https:\/\/www.lyceelafayette.fr\/","name":"Lyc\u00e9e La Fayette","description":"","publisher":{"@id":"https:\/\/www.lyceelafayette.fr\/#organization"},"potentialAction":[{"@type":"SearchAction","target":{"@type":"EntryPoint","urlTemplate":"https:\/\/www.lyceelafayette.fr\/?s={search_term_string}"},"query-input":{"@type":"PropertyValueSpecification","valueRequired":true,"valueName":"search_term_string"}}],"inLanguage":"fr-FR"},{"@type":"Organization","@id":"https:\/\/www.lyceelafayette.fr\/#organization","name":"Lyc\u00e9e La Fayette","url":"https:\/\/www.lyceelafayette.fr\/","logo":{"@type":"ImageObject","inLanguage":"fr-FR","@id":"https:\/\/www.lyceelafayette.fr\/#\/schema\/logo\/image\/","url":"https:\/\/www.lyceelafayette.fr\/wp-content\/uploads\/2019\/06\/llf_logo_alpha.png","contentUrl":"https:\/\/www.lyceelafayette.fr\/wp-content\/uploads\/2019\/06\/llf_logo_alpha.png","width":1583,"height":792,"caption":"Lyc\u00e9e La Fayette"},"image":{"@id":"https:\/\/www.lyceelafayette.fr\/#\/schema\/logo\/image\/"},"sameAs":["https:\/\/www.youtube.com\/channel\/UC2AOQowoMGBKdY4ToZsf9mw"]}]}},"_links":{"self":[{"href":"https:\/\/www.lyceelafayette.fr\/index.php\/wp-json\/wp\/v2\/pages\/194","targetHints":{"allow":["GET"]}}],"collection":[{"href":"https:\/\/www.lyceelafayette.fr\/index.php\/wp-json\/wp\/v2\/pages"}],"about":[{"href":"https:\/\/www.lyceelafayette.fr\/index.php\/wp-json\/wp\/v2\/types\/page"}],"author":[{"embeddable":true,"href":"https:\/\/www.lyceelafayette.fr\/index.php\/wp-json\/wp\/v2\/users\/1"}],"replies":[{"embeddable":true,"href":"https:\/\/www.lyceelafayette.fr\/index.php\/wp-json\/wp\/v2\/comments?post=194"}],"version-history":[{"count":31,"href":"https:\/\/www.lyceelafayette.fr\/index.php\/wp-json\/wp\/v2\/pages\/194\/revisions"}],"predecessor-version":[{"id":7354,"href":"https:\/\/www.lyceelafayette.fr\/index.php\/wp-json\/wp\/v2\/pages\/194\/revisions\/7354"}],"wp:attachment":[{"href":"https:\/\/www.lyceelafayette.fr\/index.php\/wp-json\/wp\/v2\/media?parent=194"}],"curies":[{"name":"wp","href":"https:\/\/api.w.org\/{rel}","templated":true}]}}