{"id":144,"date":"2018-12-31T15:50:24","date_gmt":"2018-12-31T14:50:24","guid":{"rendered":"http:\/\/www.lyceelafayette.fr\/?page_id=144"},"modified":"2024-10-04T16:23:10","modified_gmt":"2024-10-04T14:23:10","slug":"cpe","status":"publish","type":"page","link":"https:\/\/www.lyceelafayette.fr\/index.php\/formations\/cpe\/","title":{"rendered":"Conseillers Principaux d&rsquo;Education"},"content":{"rendered":"\n<p>Les Conseillers Principaux d&rsquo;Education du Lyc\u00e9e La Fayette :<\/p>\n\n\n\n<p><span style=\"text-decoration: underline;\">Site de Champagne sur Seine<\/span> :<\/p>\n\n\n\n<ul class=\"wp-block-list\">\n<li><strong>Mme Hanouti<\/strong>, magali.hanouti[at]ac-creteil.fr<\/li>\n<\/ul>\n\n\n\n<ul class=\"wp-block-list\">\n<li><strong>M. Mendy<\/strong>, patrice.mendy[at]a-creteil.fr<\/li>\n<\/ul>\n\n\n\n<p><span style=\"text-decoration: underline;\">Site de Fontaineroux<\/span> :<\/p>\n\n\n\n<ul class=\"wp-block-list\">\n<li><strong>Mme Bridet<\/strong>, muriel.bridet[at]ac-creteil.fr<\/li>\n<\/ul>\n\n\n\n<ul class=\"wp-block-list\">\n<li><strong>Mme<\/strong>, <\/li>\n<\/ul>\n\n\n\n<p>Vous trouverez ci-dessous leurs emplois du temps ainsi que la r\u00e9partition des classes. <\/p>\n\n\n\n<h3 class=\"wp-block-heading\">Emplois du temps<\/h3>\n\n\n\n<div class=\"wp-block-group\"><div class=\"wp-block-group__inner-container is-layout-flow wp-block-group-is-layout-flow\">\n<figure class=\"wp-block-table is-style-stripes\">\n<table style=\"width: 99.7119%; height: 322px;\">\n<tbody>\n<tr style=\"height: 57px;\">\n<td style=\"text-align: center; width: 15.8621%; height: 57px;\">\u00a0<\/td>\n<td style=\"text-align: center; width: 19.6094%; height: 57px;\"><strong>Mme Hanouti<br \/><\/strong><\/td>\n<td style=\"text-align: center; width: 20.2619%; height: 57px;\"><strong>M. Mendy<\/strong><\/td>\n<td style=\"text-align: center; width: 20.3907%; height: 57px;\"><strong>Mme Bridet<\/strong><\/td>\n<td style=\"text-align: center; width: 23.9541%; height: 57px;\"><strong>Mme <br \/><\/strong><\/td>\n<\/tr>\n<tr style=\"height: 57px;\">\n<td style=\"width: 15.8621%; height: 57px; text-align: center;\"><span style=\"color: #333399;\"><strong>Lundi<\/strong><\/span><\/td>\n<td style=\"width: 19.6094%; height: 57px; text-align: center;\">Journ\u00e9e et soir\u00e9e<\/td>\n<td style=\"width: 20.2619%; height: 57px; text-align: center;\">Matin\u00e9e et apr\u00e8s-midi<\/td>\n<td style=\"width: 20.3907%; height: 57px; text-align: center;\">Matin\u00e9e et apr\u00e8s-midi<\/td>\n<td style=\"width: 23.9541%; height: 57px; text-align: center;\">Journ\u00e9e<\/td>\n<\/tr>\n<tr style=\"height: 57px;\">\n<td style=\"width: 15.8621%; height: 57px; text-align: center;\"><span style=\"color: #333399;\"><strong>Mardi<\/strong><\/span><\/td>\n<td style=\"width: 19.6094%; height: 57px; text-align: center;\">Apr\u00e8s-midi et soir\u00e9e<\/td>\n<td style=\"width: 20.2619%; height: 57px; text-align: center;\">Matin\u00e9e et apr\u00e8s-midi<\/td>\n<td style=\"width: 20.3907%; height: 57px; text-align: center;\">Apr\u00e8s-midi et soir\u00e9e<\/td>\n<td style=\"width: 23.9541%; height: 57px; text-align: center;\">Matin\u00e9e<\/td>\n<\/tr>\n<tr style=\"height: 57px;\">\n<td style=\"width: 15.8621%; height: 57px; text-align: center;\"><span style=\"color: #333399;\"><strong>Mercredi<\/strong><\/span><\/td>\n<td style=\"width: 19.6094%; height: 57px; text-align: center;\">Matin\u00e9e<\/td>\n<td style=\"width: 20.2619%; height: 57px; text-align: center;\">Soir\u00e9e<\/td>\n<td style=\"width: 20.3907%; height: 57px; text-align: center;\">Apr\u00e8s-midi<\/td>\n<td style=\"width: 23.9541%; height: 57px; text-align: center;\">Matin\u00e9e<\/td>\n<\/tr>\n<tr style=\"height: 57px;\">\n<td style=\"width: 15.8621%; height: 57px; text-align: center;\"><span style=\"color: #333399;\"><strong>Jeudi<\/strong><\/span><\/td>\n<td style=\"width: 19.6094%; height: 57px; text-align: center;\">Journ\u00e9e<\/td>\n<td style=\"width: 20.2619%; height: 57px; text-align: center;\">Soir\u00e9e<\/td>\n<td style=\"width: 20.3907%; height: 57px; text-align: center;\">Journ\u00e9e<\/td>\n<td style=\"width: 23.9541%; height: 57px; text-align: center;\">Apr\u00e8s-midi et soir\u00e9e<\/td>\n<\/tr>\n<tr style=\"height: 37px;\">\n<td style=\"width: 15.8621%; height: 37px; text-align: center;\"><span style=\"color: #333399;\"><strong>Vendredi<\/strong><\/span><\/td>\n<td style=\"width: 19.6094%; height: 37px; text-align: center;\">Midi<\/td>\n<td style=\"width: 20.2619%; height: 37px; text-align: center;\">Journ\u00e9e<\/td>\n<td style=\"width: 20.3907%; height: 37px; text-align: center;\">Journ\u00e9e<\/td>\n<td style=\"width: 23.9541%; height: 37px; text-align: center;\">Matin\u00e9e<\/td>\n<\/tr>\n<\/tbody>\n<\/table>\n<\/figure>\n<\/div><\/div>\n\n\n\n<h3 class=\"wp-block-heading\">R\u00e9partition des classes<\/h3>\n\n\n\n<div class=\"wp-block-group\"><div class=\"wp-block-group__inner-container is-layout-flow wp-block-group-is-layout-flow\">\n<div class=\"wp-block-group\"><div class=\"wp-block-group__inner-container is-layout-flow wp-block-group-is-layout-flow\">\n<figure class=\"wp-block-table is-style-stripes\">\n<table style=\"width: 106.532%; height: 279px;\">\n<tbody>\n<tr style=\"height: 37px;\">\n<td style=\"height: 37px; width: 13.4821%;\">\u00a0<\/td>\n<td style=\"text-align: center; height: 37px; width: 38.0751%;\" colspan=\"2\"><strong>Site de Champagne sur Seine<\/strong><\/td>\n<td style=\"text-align: center; height: 37px; width: 34.4965%;\" colspan=\"2\"><strong>Site de Fontaineroux<\/strong><\/td>\n<\/tr>\n<tr style=\"height: 57px;\">\n<td style=\"height: 57px; width: 13.4821%;\">\u00a0<\/td>\n<td style=\"height: 57px; text-align: center; width: 20.1836%;\">Mme Hanouti<\/td>\n<td style=\"height: 57px; text-align: center; width: 17.8915%;\">M. Mendy<\/td>\n<td style=\"height: 57px; text-align: center; width: 13.3791%;\">Mme Bridet<\/td>\n<td style=\"height: 57px; text-align: center; width: 21.1174%;\">Mme<\/td>\n<\/tr>\n<tr style=\"height: 37px;\">\n<td style=\"height: 37px; width: 13.4821%;\"><span style=\"color: #333399;\"><strong>Troisi\u00e8mes<\/strong><\/span><\/td>\n<td style=\"height: 37px; width: 20.1836%;\">\u00a0<\/td>\n<td style=\"height: 37px; width: 17.8915%;\">\u00a0<\/td>\n<td style=\"height: 37px; width: 13.3791%;\">\n<ul>\n<li>3\u00e8me A<\/li>\n<li>3\u00e8me B<\/li>\n<\/ul>\n<\/td>\n<td style=\"height: 37px; width: 21.1174%;\">\n<ul>\n<li>3\u00e8me A<\/li>\n<\/ul>\n<\/td>\n<\/tr>\n<tr style=\"height: 37px;\">\n<td style=\"height: 37px; width: 13.4821%;\"><span style=\"color: #333399;\"><strong>Secondes<\/strong><\/span><\/td>\n<td style=\"height: 37px; width: 20.1836%;\">\n<ul style=\"list-style-type: disc;\">\n<li>1 CAP ELEC<\/li>\n<li>2GT 1<\/li>\n<li>2GT 2<\/li>\n<\/ul>\n<\/td>\n<td style=\"height: 37px; width: 17.8915%;\">\n<ul>\n<li>2MBBE 1<\/li>\n<li>2MBBE 2<\/li>\n<li>2MBBE 3<\/li>\n<li>1 CAP EPC<\/li>\n<li>2MRC<\/li>\n<\/ul>\n<\/td>\n<td style=\"height: 37px; width: 13.3791%;\">\n<ul>\n<li>2MTNE1<\/li>\n<li>2MTNE2<\/li>\n<li>2MTNE3<\/li>\n<li>2REMI<\/li>\n<\/ul>\n<\/td>\n<td style=\"height: 37px; width: 21.1174%;\">\n<ul>\n<li>2MTNE1<\/li>\n<\/ul>\n<\/td>\n<\/tr>\n<tr style=\"height: 37px;\">\n<td style=\"height: 37px; width: 13.4821%;\"><span style=\"color: #333399;\"><strong>Premi\u00e8res<\/strong><\/span><\/td>\n<td style=\"height: 37px; width: 20.1836%;\">\n<ul>\n<li>1MELEC 1<\/li>\n<li>1MELEC 2<\/li>\n<li>1STI2D 1<\/li>\n<li>1STI2D 2<\/li>\n<li>1 G<\/li>\n<\/ul>\n<\/td>\n<td style=\"height: 37px; width: 17.8915%;\">\n<ul>\n<li>1ESTH 1<\/li>\n<li>1ESTH 2<\/li>\n<li>1COIF<\/li>\n<li>1MCV<\/li>\n<\/ul>\n<\/td>\n<td style=\"height: 37px; width: 13.3791%;\">\n<ul>\n<li>1SN1<\/li>\n<li>1SN2<\/li>\n<li>1TRPM<\/li>\n<\/ul>\n<\/td>\n<td style=\"height: 37px; width: 21.1174%;\">\n<ul>\n<li>1SN1<\/li>\n<\/ul>\n<\/td>\n<\/tr>\n<tr style=\"height: 37px;\">\n<td style=\"height: 37px; width: 13.4821%;\"><span style=\"color: #333399;\"><strong>Terminales<\/strong><\/span><\/td>\n<td style=\"height: 37px; width: 20.1836%;\">\n<ul>\n<li>TMELEC 1<\/li>\n<li>TMELEC 2<\/li>\n<li>T CAP ELEC<\/li>\n<li>TSTI2D 1<\/li>\n<li>TSTI2D 2<\/li>\n<li>TSTI2D 3<\/li>\n<li>TG<\/li>\n<\/ul>\n<\/td>\n<td style=\"height: 37px; width: 17.8915%;\">\n<ul>\n<li>TESTH 1<\/li>\n<li>TESTH 2<\/li>\n<li>T CAP EPC<\/li>\n<li>TMCV<\/li>\n<\/ul>\n<\/td>\n<td style=\"height: 37px; width: 13.3791%;\">\n<ul>\n<li>TSN1<\/li>\n<li>TSN2<\/li>\n<li>TTRPM<\/li>\n<\/ul>\n<\/td>\n<td style=\"height: 37px; width: 21.1174%;\">\n<ul>\n<li>TSN1<\/li>\n<\/ul>\n<\/td>\n<\/tr>\n<tr style=\"height: 37px;\">\n<td style=\"height: 37px; width: 13.4821%;\"><span style=\"color: #333399;\"><strong>Post-BAC<\/strong><\/span><\/td>\n<td style=\"height: 37px; width: 38.0751%; text-align: center;\" colspan=\"2\">\n<ul>\n<li>1BTS CIEL-IR et 2BTS CIEL-IR<\/li>\n<li>1BTS CIEL-ER et 2BTS CIEL-ER<\/li>\n<li>1BTS ET et 2BTS ET<\/li>\n<li>PTSI, PT* et ATS<\/li>\n<\/ul>\n<\/td>\n<td style=\"height: 37px; width: 13.3791%;\">\n<ul>\n<li>1BTSCPRP<\/li>\n<li>2BTSCPRP<\/li>\n<\/ul>\n<\/td>\n<td style=\"height: 37px; width: 21.1174%;\">\u00a0<\/td>\n<\/tr>\n<\/tbody>\n<\/table>\n<\/figure>\n<\/div><\/div>\n<\/div><\/div>\n","protected":false},"excerpt":{"rendered":"<p>Les Conseillers Principaux d&rsquo;Education du Lyc\u00e9e La Fayette : Site de Champagne sur Seine : Site de Fontaineroux : Vous trouverez ci-dessous leurs emplois du temps ainsi que la r\u00e9partition des classes. Emplois du temps \u00a0 Mme Hanouti M. Mendy Mme Bridet Mme Lundi Journ\u00e9e et soir\u00e9e Matin\u00e9e et apr\u00e8s-midi&#8230; <a class=\"continue-reading-link\" href=\"https:\/\/www.lyceelafayette.fr\/index.php\/formations\/cpe\/\">lire la suite<\/a><\/p>\n","protected":false},"author":1,"featured_media":0,"parent":266,"menu_order":0,"comment_status":"closed","ping_status":"closed","template":"","meta":{"footnotes":""},"class_list":["post-144","page","type-page","status-publish","hentry"],"yoast_head":"<!-- This site is optimized with the Yoast SEO plugin v27.5 - https:\/\/yoast.com\/product\/yoast-seo-wordpress\/ -->\n<title>Conseillers Principaux d&#039;Education - Lyc\u00e9e La Fayette<\/title>\n<meta name=\"robots\" content=\"index, follow, max-snippet:-1, max-image-preview:large, max-video-preview:-1\" \/>\n<link rel=\"canonical\" href=\"https:\/\/www.lyceelafayette.fr\/index.php\/formations\/cpe\/\" \/>\n<meta property=\"og:locale\" content=\"fr_FR\" \/>\n<meta property=\"og:type\" content=\"article\" \/>\n<meta property=\"og:title\" content=\"Conseillers Principaux d&#039;Education - Lyc\u00e9e La Fayette\" \/>\n<meta property=\"og:description\" content=\"Les Conseillers Principaux d&rsquo;Education du Lyc\u00e9e La Fayette : Site de Champagne sur Seine : Site de Fontaineroux : Vous trouverez ci-dessous leurs emplois du temps ainsi que la r\u00e9partition des classes. Emplois du temps \u00a0 Mme Hanouti M. Mendy Mme Bridet Mme Lundi Journ\u00e9e et soir\u00e9e Matin\u00e9e et apr\u00e8s-midi... lire la suite\" \/>\n<meta property=\"og:url\" content=\"https:\/\/www.lyceelafayette.fr\/index.php\/formations\/cpe\/\" \/>\n<meta property=\"og:site_name\" content=\"Lyc\u00e9e La Fayette\" \/>\n<meta property=\"article:modified_time\" content=\"2024-10-04T14:23:10+00:00\" \/>\n<meta name=\"twitter:card\" content=\"summary_large_image\" \/>\n<meta name=\"twitter:label1\" content=\"Dur\u00e9e de lecture estim\u00e9e\" \/>\n\t<meta name=\"twitter:data1\" content=\"2 minutes\" \/>\n<script type=\"application\/ld+json\" class=\"yoast-schema-graph\">{\"@context\":\"https:\\\/\\\/schema.org\",\"@graph\":[{\"@type\":\"WebPage\",\"@id\":\"https:\\\/\\\/www.lyceelafayette.fr\\\/index.php\\\/formations\\\/cpe\\\/\",\"url\":\"https:\\\/\\\/www.lyceelafayette.fr\\\/index.php\\\/formations\\\/cpe\\\/\",\"name\":\"Conseillers Principaux d'Education - Lyc\u00e9e La Fayette\",\"isPartOf\":{\"@id\":\"https:\\\/\\\/www.lyceelafayette.fr\\\/#website\"},\"datePublished\":\"2018-12-31T14:50:24+00:00\",\"dateModified\":\"2024-10-04T14:23:10+00:00\",\"breadcrumb\":{\"@id\":\"https:\\\/\\\/www.lyceelafayette.fr\\\/index.php\\\/formations\\\/cpe\\\/#breadcrumb\"},\"inLanguage\":\"fr-FR\",\"potentialAction\":[{\"@type\":\"ReadAction\",\"target\":[\"https:\\\/\\\/www.lyceelafayette.fr\\\/index.php\\\/formations\\\/cpe\\\/\"]}]},{\"@type\":\"BreadcrumbList\",\"@id\":\"https:\\\/\\\/www.lyceelafayette.fr\\\/index.php\\\/formations\\\/cpe\\\/#breadcrumb\",\"itemListElement\":[{\"@type\":\"ListItem\",\"position\":1,\"name\":\"Accueil\",\"item\":\"https:\\\/\\\/www.lyceelafayette.fr\\\/\"},{\"@type\":\"ListItem\",\"position\":2,\"name\":\"Nos formations g\u00e9n\u00e9rales\",\"item\":\"https:\\\/\\\/www.lyceelafayette.fr\\\/index.php\\\/formations\\\/\"},{\"@type\":\"ListItem\",\"position\":3,\"name\":\"Conseillers Principaux d&rsquo;Education\"}]},{\"@type\":\"WebSite\",\"@id\":\"https:\\\/\\\/www.lyceelafayette.fr\\\/#website\",\"url\":\"https:\\\/\\\/www.lyceelafayette.fr\\\/\",\"name\":\"Lyc\u00e9e La Fayette\",\"description\":\"\",\"publisher\":{\"@id\":\"https:\\\/\\\/www.lyceelafayette.fr\\\/#organization\"},\"potentialAction\":[{\"@type\":\"SearchAction\",\"target\":{\"@type\":\"EntryPoint\",\"urlTemplate\":\"https:\\\/\\\/www.lyceelafayette.fr\\\/?s={search_term_string}\"},\"query-input\":{\"@type\":\"PropertyValueSpecification\",\"valueRequired\":true,\"valueName\":\"search_term_string\"}}],\"inLanguage\":\"fr-FR\"},{\"@type\":\"Organization\",\"@id\":\"https:\\\/\\\/www.lyceelafayette.fr\\\/#organization\",\"name\":\"Lyc\u00e9e La Fayette\",\"url\":\"https:\\\/\\\/www.lyceelafayette.fr\\\/\",\"logo\":{\"@type\":\"ImageObject\",\"inLanguage\":\"fr-FR\",\"@id\":\"https:\\\/\\\/www.lyceelafayette.fr\\\/#\\\/schema\\\/logo\\\/image\\\/\",\"url\":\"https:\\\/\\\/www.lyceelafayette.fr\\\/wp-content\\\/uploads\\\/2019\\\/06\\\/llf_logo_alpha.png\",\"contentUrl\":\"https:\\\/\\\/www.lyceelafayette.fr\\\/wp-content\\\/uploads\\\/2019\\\/06\\\/llf_logo_alpha.png\",\"width\":1583,\"height\":792,\"caption\":\"Lyc\u00e9e La Fayette\"},\"image\":{\"@id\":\"https:\\\/\\\/www.lyceelafayette.fr\\\/#\\\/schema\\\/logo\\\/image\\\/\"},\"sameAs\":[\"https:\\\/\\\/www.youtube.com\\\/channel\\\/UC2AOQowoMGBKdY4ToZsf9mw\"]}]}<\/script>\n<!-- \/ Yoast SEO plugin. -->","yoast_head_json":{"title":"Conseillers Principaux d'Education - Lyc\u00e9e La Fayette","robots":{"index":"index","follow":"follow","max-snippet":"max-snippet:-1","max-image-preview":"max-image-preview:large","max-video-preview":"max-video-preview:-1"},"canonical":"https:\/\/www.lyceelafayette.fr\/index.php\/formations\/cpe\/","og_locale":"fr_FR","og_type":"article","og_title":"Conseillers Principaux d'Education - Lyc\u00e9e La Fayette","og_description":"Les Conseillers Principaux d&rsquo;Education du Lyc\u00e9e La Fayette : Site de Champagne sur Seine : Site de Fontaineroux : Vous trouverez ci-dessous leurs emplois du temps ainsi que la r\u00e9partition des classes. Emplois du temps \u00a0 Mme Hanouti M. Mendy Mme Bridet Mme Lundi Journ\u00e9e et soir\u00e9e Matin\u00e9e et apr\u00e8s-midi... lire la suite","og_url":"https:\/\/www.lyceelafayette.fr\/index.php\/formations\/cpe\/","og_site_name":"Lyc\u00e9e La Fayette","article_modified_time":"2024-10-04T14:23:10+00:00","twitter_card":"summary_large_image","twitter_misc":{"Dur\u00e9e de lecture estim\u00e9e":"2 minutes"},"schema":{"@context":"https:\/\/schema.org","@graph":[{"@type":"WebPage","@id":"https:\/\/www.lyceelafayette.fr\/index.php\/formations\/cpe\/","url":"https:\/\/www.lyceelafayette.fr\/index.php\/formations\/cpe\/","name":"Conseillers Principaux d'Education - Lyc\u00e9e La Fayette","isPartOf":{"@id":"https:\/\/www.lyceelafayette.fr\/#website"},"datePublished":"2018-12-31T14:50:24+00:00","dateModified":"2024-10-04T14:23:10+00:00","breadcrumb":{"@id":"https:\/\/www.lyceelafayette.fr\/index.php\/formations\/cpe\/#breadcrumb"},"inLanguage":"fr-FR","potentialAction":[{"@type":"ReadAction","target":["https:\/\/www.lyceelafayette.fr\/index.php\/formations\/cpe\/"]}]},{"@type":"BreadcrumbList","@id":"https:\/\/www.lyceelafayette.fr\/index.php\/formations\/cpe\/#breadcrumb","itemListElement":[{"@type":"ListItem","position":1,"name":"Accueil","item":"https:\/\/www.lyceelafayette.fr\/"},{"@type":"ListItem","position":2,"name":"Nos formations g\u00e9n\u00e9rales","item":"https:\/\/www.lyceelafayette.fr\/index.php\/formations\/"},{"@type":"ListItem","position":3,"name":"Conseillers Principaux d&rsquo;Education"}]},{"@type":"WebSite","@id":"https:\/\/www.lyceelafayette.fr\/#website","url":"https:\/\/www.lyceelafayette.fr\/","name":"Lyc\u00e9e La Fayette","description":"","publisher":{"@id":"https:\/\/www.lyceelafayette.fr\/#organization"},"potentialAction":[{"@type":"SearchAction","target":{"@type":"EntryPoint","urlTemplate":"https:\/\/www.lyceelafayette.fr\/?s={search_term_string}"},"query-input":{"@type":"PropertyValueSpecification","valueRequired":true,"valueName":"search_term_string"}}],"inLanguage":"fr-FR"},{"@type":"Organization","@id":"https:\/\/www.lyceelafayette.fr\/#organization","name":"Lyc\u00e9e La Fayette","url":"https:\/\/www.lyceelafayette.fr\/","logo":{"@type":"ImageObject","inLanguage":"fr-FR","@id":"https:\/\/www.lyceelafayette.fr\/#\/schema\/logo\/image\/","url":"https:\/\/www.lyceelafayette.fr\/wp-content\/uploads\/2019\/06\/llf_logo_alpha.png","contentUrl":"https:\/\/www.lyceelafayette.fr\/wp-content\/uploads\/2019\/06\/llf_logo_alpha.png","width":1583,"height":792,"caption":"Lyc\u00e9e La Fayette"},"image":{"@id":"https:\/\/www.lyceelafayette.fr\/#\/schema\/logo\/image\/"},"sameAs":["https:\/\/www.youtube.com\/channel\/UC2AOQowoMGBKdY4ToZsf9mw"]}]}},"_links":{"self":[{"href":"https:\/\/www.lyceelafayette.fr\/index.php\/wp-json\/wp\/v2\/pages\/144","targetHints":{"allow":["GET"]}}],"collection":[{"href":"https:\/\/www.lyceelafayette.fr\/index.php\/wp-json\/wp\/v2\/pages"}],"about":[{"href":"https:\/\/www.lyceelafayette.fr\/index.php\/wp-json\/wp\/v2\/types\/page"}],"author":[{"embeddable":true,"href":"https:\/\/www.lyceelafayette.fr\/index.php\/wp-json\/wp\/v2\/users\/1"}],"replies":[{"embeddable":true,"href":"https:\/\/www.lyceelafayette.fr\/index.php\/wp-json\/wp\/v2\/comments?post=144"}],"version-history":[{"count":94,"href":"https:\/\/www.lyceelafayette.fr\/index.php\/wp-json\/wp\/v2\/pages\/144\/revisions"}],"predecessor-version":[{"id":6814,"href":"https:\/\/www.lyceelafayette.fr\/index.php\/wp-json\/wp\/v2\/pages\/144\/revisions\/6814"}],"up":[{"embeddable":true,"href":"https:\/\/www.lyceelafayette.fr\/index.php\/wp-json\/wp\/v2\/pages\/266"}],"wp:attachment":[{"href":"https:\/\/www.lyceelafayette.fr\/index.php\/wp-json\/wp\/v2\/media?parent=144"}],"curies":[{"name":"wp","href":"https:\/\/api.w.org\/{rel}","templated":true}]}}