{"id":1000,"date":"2019-03-26T14:21:55","date_gmt":"2019-03-26T13:21:55","guid":{"rendered":"http:\/\/www.lyceelafayette.fr\/?page_id=1000"},"modified":"2023-10-19T12:05:25","modified_gmt":"2023-10-19T10:05:25","slug":"bts-elecrotechnique","status":"publish","type":"page","link":"https:\/\/www.lyceelafayette.fr\/index.php\/bts-elecrotechnique\/","title":{"rendered":"BTS \u00c9lectrotechnique"},"content":{"rendered":"\n<div class=\"wp-block-columns is-layout-flex wp-container-core-columns-is-layout-9d6595d7 wp-block-columns-is-layout-flex\">\n<div class=\"wp-block-column is-layout-flow wp-block-column-is-layout-flow\">\n<p>Obtenir un brevet de technicien sup\u00e9rieur (BTS) \u00e9lectrotechnique permet d\u2019\u00eatre sp\u00e9cialiste des installations \u00e9lectriques \u00abintelligentes \u00bb, qui int\u00e8grent les technologies num\u00e9riques, communicantes, et les objets connect\u00e9s au service des enjeux \u00e9nerg\u00e9tiques.<\/p>\n\n\n\n<p>Le technicien, la technicienne con\u00e7oit, optimise et maintient ces installations \u00e9lectriques depuis le point de production de l\u2019\u00e9nergie jusqu\u2019aux utilisations, en int\u00e9grant des solutions techniques vari\u00e9es et innovantes.<\/p>\n\n\n\n<p>Son m\u00e9tier s\u2019exerce dans des entreprises de toute taille. Son statut correspond \u00e0 la cat\u00e9gorie d&rsquo;\u00abEmploy\u00e9 Technicien Agent de Ma\u00eetrise \u00bb (E.T.A.M.).<\/p>\n<\/div>\n\n\n\n<div class=\"wp-block-column is-layout-flow wp-block-column-is-layout-flow\">\n<p>Le technicien, la technicienne intervient dans les secteurs d\u2019activit\u00e9s de la production, des r\u00e9seaux de transport et de distribution de l\u2019\u00e9nergie \u00e9lectrique, des r\u00e9seaux de communication, des infrastructures et des b\u00e2timents \u00abintelligents \u00bb, de l\u2019industrie et des \u00e9quipements \u00e9lectriques des v\u00e9hicules (terre, air, mer).<\/p>\n\n\n\n<p>Les solutions techniques mises en \u0153uvre par la personne titulaire du BTS \u00e9lectrotechnique font appel \u00e0 l\u2019assemblage de constituants int\u00e9gr\u00e9s et connect\u00e9s dans tous les secteurs d\u2019utilisation de l\u2019\u00e9nergie \u00e9lectrique.<\/p>\n\n\n\n<p>Le technicien, la technicienne intervient dans le cadre de travaux neufs, de r\u00e9novation, d\u2019adaptation (extension, am\u00e9lioration, optimisation, s\u00e9curisation) et de maintenance.<\/p>\n<\/div>\n<\/div>\n\n\n\n<h4 class=\"wp-block-heading\" id=\"fleche_art647\">Projets r\u00e9alis\u00e9s<\/h4>\n\n\n\n<figure class=\"wp-block-embed is-type-video is-provider-youtube wp-block-embed-youtube wp-embed-aspect-16-9 wp-has-aspect-ratio\"><div class=\"wp-block-embed__wrapper\">\n<iframe loading=\"lazy\" title=\"Cellule Flexible Fa\u00e7on PUZZLE !\" width=\"920\" height=\"518\" src=\"https:\/\/www.youtube.com\/embed\/56KKHIWLB60?feature=oembed\" frameborder=\"0\" allow=\"accelerometer; autoplay; clipboard-write; encrypted-media; gyroscope; picture-in-picture; web-share\" allowfullscreen><\/iframe>\n<\/div><\/figure>\n\n\n\n<p><\/p>\n\n\n\n<figure class=\"wp-block-embed is-type-video is-provider-youtube wp-block-embed-youtube wp-embed-aspect-16-9 wp-has-aspect-ratio\"><div class=\"wp-block-embed__wrapper\">\n<iframe loading=\"lazy\" title=\"Tourn\u00e9e g\u00e9n\u00e9rale de comprim\u00e9s !\" width=\"920\" height=\"518\" src=\"https:\/\/www.youtube.com\/embed\/7C3sj3P128A?feature=oembed\" frameborder=\"0\" allow=\"accelerometer; autoplay; clipboard-write; encrypted-media; gyroscope; picture-in-picture; web-share\" allowfullscreen><\/iframe>\n<\/div><\/figure>\n\n\n\n<h4 class=\"wp-block-heading\" id=\"fleche_art102\">Contenu formation<\/h4>\n\n\n\n<h4 class=\"wp-block-heading\">HORAIRES DE FORMATION DU BTS \u00c9LECTROTECHNIQUE<br><\/h4>\n\n\n\n<figure class=\"wp-block-table is-style-stripes\"><table class=\"has-fixed-layout\"><thead><tr><th>Mati\u00e8res<\/th><th class=\"has-text-align-center\" data-align=\"center\"><strong>Horaire 1re ann\u00e9e<\/strong><br><em>Heures\/semaine<\/em><\/th><th class=\"has-text-align-center\" data-align=\"center\"><strong>Horaire 2\u00e8me ann\u00e9e<\/strong><br><em>Heures\/semaine<\/em><\/th><\/tr><\/thead><tbody><tr><td>Culture g\u00e9n\u00e9rale et expression<\/td><td class=\"has-text-align-center\" data-align=\"center\">3<\/td><td class=\"has-text-align-center\" data-align=\"center\">3<\/td><\/tr><tr><td>Anglais<\/td><td class=\"has-text-align-center\" data-align=\"center\">2<\/td><td class=\"has-text-align-center\" data-align=\"center\">2<\/td><\/tr><tr><td>Math\u00e9matiques<\/td><td class=\"has-text-align-center\" data-align=\"center\">3,5<\/td><td class=\"has-text-align-center\" data-align=\"center\">3,5<\/td><\/tr><tr><td> Physique-chimie<\/td><td class=\"has-text-align-center\" data-align=\"center\">8<\/td><td class=\"has-text-align-center\" data-align=\"center\">8<\/td><\/tr><tr><td>Sciences technologiques industrielles (STI)<\/td><td class=\"has-text-align-center\" data-align=\"center\">10<\/td><td class=\"has-text-align-center\" data-align=\"center\">10<\/td><\/tr><tr><td>STI et anglais<\/td><td class=\"has-text-align-center\" data-align=\"center\">1<\/td><td class=\"has-text-align-center\" data-align=\"center\">1<\/td><\/tr><tr><td>STI et math\u00e9matiques<\/td><td class=\"has-text-align-center\" data-align=\"center\">0,5<\/td><td class=\"has-text-align-center\" data-align=\"center\">0,5<\/td><\/tr><tr><td>Analyse,<br>diagnostic,<br>maintenance<\/td><td class=\"has-text-align-center\" data-align=\"center\">3<\/td><td class=\"has-text-align-center\" data-align=\"center\">3<\/td><\/tr><tr><td>Accompagnement personnalis\u00e9<\/td><td class=\"has-text-align-center\" data-align=\"center\">1<\/td><td class=\"has-text-align-center\" data-align=\"center\">1<\/td><\/tr><tr><td><\/td><td class=\"has-text-align-center\" data-align=\"center\"><\/td><td class=\"has-text-align-center\" data-align=\"center\"><\/td><\/tr><tr><td><strong>Heures par semaine<\/strong><\/td><td class=\"has-text-align-center\" data-align=\"center\"><strong>32<\/strong><\/td><td class=\"has-text-align-center\" data-align=\"center\"><strong>32<\/strong><\/td><\/tr><\/tbody><\/table><\/figure>\n\n\n\n<p>Un stage de 6 \u00e0 8 semaines est \u00e0 r\u00e9aliser en milieu professionnel.<\/p>\n\n\n\n<p>site \u00e9duscol qui traite du BTS&nbsp;: <a href=\"https:\/\/eduscol.education.fr\/sti\/taxonomy\/term\/63738\">https:\/\/eduscol.education.fr\/sti\/taxonomy\/term\/63738<\/a><br><\/p>\n\n\n\n<h4 class=\"wp-block-heading\" id=\"fleche_art108\">Conditions d\u2019admission<\/h4>\n\n\n\n<p>Les dossiers de candidatures sont \u00e0 transmettre via la plate-forme <a class=\"\" href=\"https:\/\/www.parcoursup.fr\">Parcoursup<\/a>.  Nous accueillons, au sein du BTS \u00e9lectrotechnique, des \u00e9tudiants venant  majoritairement de bac pro MELEC et du bac STI2D. Des \u00e9tudiants ayant un bac g\u00e9n\u00e9ral peuvent aussi int\u00e9grer la formation. Les candidatures provenant d&rsquo;autres formations sont examin\u00e9es au cas par cas..<\/p>\n\n\n\n<h4 class=\"wp-block-heading\" id=\"fleche_art107\">Poursuite d\u2019\u00e9tudes<\/h4>\n\n\n\n<h4 class=\"wp-block-heading\">Les titulaires du BTS \u00e9lectrotechnique peuvent pr\u00e9parer, selon leur dossier&nbsp;:<\/h4>\n\n\n\n<ul class=\"wp-block-list\">\n<li>Une licence professionnelle en 1 an de sp\u00e9cialisation dans un des domaines du g\u00e9nie \u00e9lectrique. <br>Ces licences sont en alternance. Les licences professionnelles propos\u00e9es par l&rsquo;IUT de S\u00e9nart sont consultables <a href=\"https:\/\/www.iutsf.u-pec.fr\/nos-formations\/licences-professionnelles\/licences-professionnelles-sciences-technologie-et-sante-1\">ici<\/a> et celles de l&rsquo;IUT d&rsquo;Evry sont consultables <a href=\"https:\/\/www.iut-evry.fr\/nos-formations\/lp\/\">ici<\/a>.<\/li>\n\n\n\n<li>une CPGE (Classe Pr\u00e9paratoire aux Grandes Ecoles) post bac + 2 : ATS. Le lyc\u00e9e La Fayette propose cette poursuite d&rsquo;\u00e9tude : lien vers la page de la classe pr\u00e9pa <a href=\"https:\/\/www.lyceelafayette.fr\/index.php\/classe-preparatoire-ats\/\">ATS<\/a>.<\/li>\n\n\n\n<li>Une formation d\u2019ing\u00e9nieur (recrutement sp\u00e9cial pour les techniciens sup\u00e9rieurs)\u00a0: Insa, Eni.<\/li>\n<\/ul>\n\n\n\n<h4 class=\"wp-block-heading\">\u00c9quipe enseignante<\/h4>\n\n\n\n<ul class=\"wp-block-list\">\n<li><strong>\u00c9lectrotechnique<\/strong>\n<ul class=\"wp-block-list\">\n<li>M. BRUNET : <a href=\"mailto:david.brunet@ac-creteil.fr\">david.brunet@ac-creteil.fr<\/a> &#8211; coordonnateur et professeur principal des 2e ann\u00e9es<\/li>\n\n\n\n<li>M. BROLY : <a href=\"mailto:eric.broly@ac-creteil.fr\">eric.broly@ac-creteil.fr<\/a><\/li>\n\n\n\n<li>M. DELAPORTAS : <a href=\"mailto:stephane.delaportas@ac-creteil.fr\">stephane.delaportas@ac-creteil.fr<\/a><\/li>\n<\/ul>\n<\/li>\n\n\n\n<li><strong>Physique &#8211; Chimie<\/strong>\n<ul class=\"wp-block-list\">\n<li>Mme POIRIER : <a href=\"mailto:aurelie.poirier@ac-creteil.fr\">aurelie.poirier@ac-creteil.fr<\/a> &#8211; professeure principale des 1res ann\u00e9es<\/li>\n\n\n\n<li>Mme ZINCK : <a href=\"mailto:armelle.zinck@ac-creteil.fr\">armelle.zinck@ac-creteil.fr<\/a><\/li>\n<\/ul>\n<\/li>\n\n\n\n<li><strong>Math\u00e9matiques<\/strong>\n<ul class=\"wp-block-list\">\n<li>M. BRUN : <a href=\"mailto:olivier.brun@ac-creteil.fr\">olivier.brun@ac-creteil.fr<\/a><\/li>\n<\/ul>\n<\/li>\n\n\n\n<li><strong>Anglais<\/strong>\n<ul class=\"wp-block-list\">\n<li>M. TREPREAU : <a href=\"mailto:samuel.trepreau@ac-creteil.fr\">samuel.trepreau@ac-creteil.fr<\/a><\/li>\n<\/ul>\n<\/li>\n\n\n\n<li><strong>Fran\u00e7ais<\/strong>\n<ul class=\"wp-block-list\">\n<li>Mme MASSENA : <a href=\"mailto:Anais-Clea.Massena@ac-creteil.fr\">anais-clea.Massena@ac-creteil.fr<\/a><\/li>\n<\/ul>\n<\/li>\n<\/ul>\n\n\n\n<h4 class=\"wp-block-heading\">R\u00e8glement d\u2019examen du BTS \u00e9lectrotechnique<br><\/h4>\n\n\n\n<figure class=\"wp-block-table\"><table><tbody><tr><td>BTS \u00e9lectrotechnique<\/td><td><\/td><td><\/td><td>Scolaire<\/td><\/tr><tr><td>Nature des \u00e9preuves<\/td><td>Unit\u00e9<\/td><td>Coef.<\/td><td>Forme<\/td><td>Dur\u00e9e<\/td><\/tr><tr><td>E1 Culture g\u00e9n\u00e9rale<br>et expression<\/td><td>U1<\/td><td>2<\/td><td>Ponctuelle<br>\u00e9crite<\/td><td>4 h<\/td><\/tr><tr><td>E2 Langue vivante&nbsp;:<br>anglais (1)<\/td><td>U2<\/td><td>3<\/td><td>CCF<br>2 situations<br>d\u2019\u00e9valuation<\/td><td>&nbsp;<\/td><\/tr><tr><td>E3 Math\u00e9matiques<\/td><td>U3<\/td><td>2<\/td><td>CCF<br>2 situations<br>d\u2019\u00e9valuation<\/td><td>&nbsp;<\/td><\/tr><tr><td>E4 &#8211; Conception &#8211;<br>\u00e9tude pr\u00e9liminaire<\/td><td>U4<\/td><td>5<\/td><td>Ponctuelle<br>\u00e9crite<\/td><td>4 h<\/td><\/tr><tr><td>E5 &#8211; Analyse,<br>diagnostic,<br>maintenance,<br>conduite de projet<\/td><td>&nbsp;<\/td><\/tr><tr><td>Sous-\u00e9preuve : Analyse,<br>diagnostic, maintenance<\/td><td>U5.1<\/td><td>3<\/td><td>CCF<\/td><td>&nbsp;<\/td><\/tr><tr><td>Sous-\u00e9preuve :<br>Conduite de projet\/chantier<\/td><td>U5.2<\/td><td>3<\/td><td>CCF<\/td><td>&nbsp;<\/td><\/tr><tr><td>E6 \u2013 Conception \u2013<br>\u00e9tude d\u00e9taill\u00e9e, r\u00e9alisation,<br>mise en service d\u2019un projet<\/td><td>&nbsp;<\/td><\/tr><tr><td>Sous-\u00e9preuve : Conception &#8211;<br>\u00e9tude d\u00e9taill\u00e9e<br>du projet<\/td><td>U6.1<\/td><td>3<\/td><td>Ponctuelle<br>pratique<\/td><td>Projet : 60<br>heures +<br>oral : 40 min<\/td><\/tr><tr><td>Sous-\u00e9preuve : R\u00e9alisation,<br>mise en service<br>d\u2019un projet<\/td><td>U6.2<\/td><td>3<\/td><td>Ponctuelle<br>pratique<\/td><td>Projet : 60<br>heures +<br>oral : 40 min<\/td><\/tr><tr><td>EF1 \u2013 Langue vivante<br>facultative (2) (3)<\/td><td>EF1<\/td><td>&nbsp;<\/td><td>Ponctuelle<br>orale<\/td><td>20 min de<br>pr\u00e9paration<br>+ 20 min<\/td><\/tr><\/tbody><\/table><\/figure>\n\n\n\n<p>(1) : La deuxi\u00e8me situation de CCF d\u2019expression et d\u2019interaction orale en anglais est associ\u00e9e au contenu du stage.<br>(2) : La langue vivante choisie au titre de l&rsquo;\u00e9preuve facultative est obligatoirement diff\u00e9rente de l\u2019anglais.<br>(3) : Seuls les points au-dessus de la moyenne sont pris en compte.<br>(4) : Compr\u00e9hension : 30 min sans pr\u00e9paration ; Expression : 15 min + 30 min de pr\u00e9paration<\/p>\n","protected":false},"excerpt":{"rendered":"<p>Obtenir un brevet de technicien sup\u00e9rieur (BTS) \u00e9lectrotechnique permet d\u2019\u00eatre sp\u00e9cialiste des installations \u00e9lectriques \u00abintelligentes \u00bb, qui int\u00e8grent les technologies num\u00e9riques, communicantes, et les objets connect\u00e9s au service des enjeux \u00e9nerg\u00e9tiques. Le technicien, la technicienne con\u00e7oit, optimise et maintient ces installations \u00e9lectriques depuis le point de production de l\u2019\u00e9nergie jusqu\u2019aux&#8230; <a class=\"continue-reading-link\" href=\"https:\/\/www.lyceelafayette.fr\/index.php\/bts-elecrotechnique\/\">lire la suite<\/a><\/p>\n","protected":false},"author":1,"featured_media":0,"parent":0,"menu_order":0,"comment_status":"closed","ping_status":"closed","template":"","meta":{"footnotes":""},"class_list":["post-1000","page","type-page","status-publish","hentry"],"yoast_head":"<!-- This site is optimized with the Yoast SEO plugin v27.6 - https:\/\/yoast.com\/product\/yoast-seo-wordpress\/ -->\n<title>BTS \u00c9lectrotechnique - Lyc\u00e9e La Fayette<\/title>\n<meta name=\"robots\" content=\"index, follow, max-snippet:-1, max-image-preview:large, max-video-preview:-1\" \/>\n<link rel=\"canonical\" href=\"https:\/\/www.lyceelafayette.fr\/index.php\/bts-elecrotechnique\/\" \/>\n<meta property=\"og:locale\" content=\"fr_FR\" \/>\n<meta property=\"og:type\" content=\"article\" \/>\n<meta property=\"og:title\" content=\"BTS \u00c9lectrotechnique - Lyc\u00e9e La Fayette\" \/>\n<meta property=\"og:description\" content=\"Obtenir un brevet de technicien sup\u00e9rieur (BTS) \u00e9lectrotechnique permet d\u2019\u00eatre sp\u00e9cialiste des installations \u00e9lectriques \u00abintelligentes \u00bb, qui int\u00e8grent les technologies num\u00e9riques, communicantes, et les objets connect\u00e9s au service des enjeux \u00e9nerg\u00e9tiques. Le technicien, la technicienne con\u00e7oit, optimise et maintient ces installations \u00e9lectriques depuis le point de production de l\u2019\u00e9nergie jusqu\u2019aux... lire la suite\" \/>\n<meta property=\"og:url\" content=\"https:\/\/www.lyceelafayette.fr\/index.php\/bts-elecrotechnique\/\" \/>\n<meta property=\"og:site_name\" content=\"Lyc\u00e9e La Fayette\" \/>\n<meta property=\"article:modified_time\" content=\"2023-10-19T10:05:25+00:00\" \/>\n<meta name=\"twitter:card\" content=\"summary_large_image\" \/>\n<meta name=\"twitter:label1\" content=\"Dur\u00e9e de lecture estim\u00e9e\" \/>\n\t<meta name=\"twitter:data1\" content=\"4 minutes\" \/>\n<script type=\"application\/ld+json\" class=\"yoast-schema-graph\">{\"@context\":\"https:\\\/\\\/schema.org\",\"@graph\":[{\"@type\":\"WebPage\",\"@id\":\"https:\\\/\\\/www.lyceelafayette.fr\\\/index.php\\\/bts-elecrotechnique\\\/\",\"url\":\"https:\\\/\\\/www.lyceelafayette.fr\\\/index.php\\\/bts-elecrotechnique\\\/\",\"name\":\"BTS \u00c9lectrotechnique - Lyc\u00e9e La Fayette\",\"isPartOf\":{\"@id\":\"https:\\\/\\\/www.lyceelafayette.fr\\\/#website\"},\"datePublished\":\"2019-03-26T13:21:55+00:00\",\"dateModified\":\"2023-10-19T10:05:25+00:00\",\"breadcrumb\":{\"@id\":\"https:\\\/\\\/www.lyceelafayette.fr\\\/index.php\\\/bts-elecrotechnique\\\/#breadcrumb\"},\"inLanguage\":\"fr-FR\",\"potentialAction\":[{\"@type\":\"ReadAction\",\"target\":[\"https:\\\/\\\/www.lyceelafayette.fr\\\/index.php\\\/bts-elecrotechnique\\\/\"]}]},{\"@type\":\"BreadcrumbList\",\"@id\":\"https:\\\/\\\/www.lyceelafayette.fr\\\/index.php\\\/bts-elecrotechnique\\\/#breadcrumb\",\"itemListElement\":[{\"@type\":\"ListItem\",\"position\":1,\"name\":\"Accueil\",\"item\":\"https:\\\/\\\/www.lyceelafayette.fr\\\/\"},{\"@type\":\"ListItem\",\"position\":2,\"name\":\"BTS \u00c9lectrotechnique\"}]},{\"@type\":\"WebSite\",\"@id\":\"https:\\\/\\\/www.lyceelafayette.fr\\\/#website\",\"url\":\"https:\\\/\\\/www.lyceelafayette.fr\\\/\",\"name\":\"Lyc\u00e9e La Fayette\",\"description\":\"\",\"publisher\":{\"@id\":\"https:\\\/\\\/www.lyceelafayette.fr\\\/#organization\"},\"potentialAction\":[{\"@type\":\"SearchAction\",\"target\":{\"@type\":\"EntryPoint\",\"urlTemplate\":\"https:\\\/\\\/www.lyceelafayette.fr\\\/?s={search_term_string}\"},\"query-input\":{\"@type\":\"PropertyValueSpecification\",\"valueRequired\":true,\"valueName\":\"search_term_string\"}}],\"inLanguage\":\"fr-FR\"},{\"@type\":\"Organization\",\"@id\":\"https:\\\/\\\/www.lyceelafayette.fr\\\/#organization\",\"name\":\"Lyc\u00e9e La Fayette\",\"url\":\"https:\\\/\\\/www.lyceelafayette.fr\\\/\",\"logo\":{\"@type\":\"ImageObject\",\"inLanguage\":\"fr-FR\",\"@id\":\"https:\\\/\\\/www.lyceelafayette.fr\\\/#\\\/schema\\\/logo\\\/image\\\/\",\"url\":\"https:\\\/\\\/www.lyceelafayette.fr\\\/wp-content\\\/uploads\\\/2019\\\/06\\\/llf_logo_alpha.png\",\"contentUrl\":\"https:\\\/\\\/www.lyceelafayette.fr\\\/wp-content\\\/uploads\\\/2019\\\/06\\\/llf_logo_alpha.png\",\"width\":1583,\"height\":792,\"caption\":\"Lyc\u00e9e La Fayette\"},\"image\":{\"@id\":\"https:\\\/\\\/www.lyceelafayette.fr\\\/#\\\/schema\\\/logo\\\/image\\\/\"},\"sameAs\":[\"https:\\\/\\\/www.youtube.com\\\/channel\\\/UC2AOQowoMGBKdY4ToZsf9mw\"]}]}<\/script>\n<!-- \/ Yoast SEO plugin. -->","yoast_head_json":{"title":"BTS \u00c9lectrotechnique - Lyc\u00e9e La Fayette","robots":{"index":"index","follow":"follow","max-snippet":"max-snippet:-1","max-image-preview":"max-image-preview:large","max-video-preview":"max-video-preview:-1"},"canonical":"https:\/\/www.lyceelafayette.fr\/index.php\/bts-elecrotechnique\/","og_locale":"fr_FR","og_type":"article","og_title":"BTS \u00c9lectrotechnique - Lyc\u00e9e La Fayette","og_description":"Obtenir un brevet de technicien sup\u00e9rieur (BTS) \u00e9lectrotechnique permet d\u2019\u00eatre sp\u00e9cialiste des installations \u00e9lectriques \u00abintelligentes \u00bb, qui int\u00e8grent les technologies num\u00e9riques, communicantes, et les objets connect\u00e9s au service des enjeux \u00e9nerg\u00e9tiques. Le technicien, la technicienne con\u00e7oit, optimise et maintient ces installations \u00e9lectriques depuis le point de production de l\u2019\u00e9nergie jusqu\u2019aux... lire la suite","og_url":"https:\/\/www.lyceelafayette.fr\/index.php\/bts-elecrotechnique\/","og_site_name":"Lyc\u00e9e La Fayette","article_modified_time":"2023-10-19T10:05:25+00:00","twitter_card":"summary_large_image","twitter_misc":{"Dur\u00e9e de lecture estim\u00e9e":"4 minutes"},"schema":{"@context":"https:\/\/schema.org","@graph":[{"@type":"WebPage","@id":"https:\/\/www.lyceelafayette.fr\/index.php\/bts-elecrotechnique\/","url":"https:\/\/www.lyceelafayette.fr\/index.php\/bts-elecrotechnique\/","name":"BTS \u00c9lectrotechnique - Lyc\u00e9e La Fayette","isPartOf":{"@id":"https:\/\/www.lyceelafayette.fr\/#website"},"datePublished":"2019-03-26T13:21:55+00:00","dateModified":"2023-10-19T10:05:25+00:00","breadcrumb":{"@id":"https:\/\/www.lyceelafayette.fr\/index.php\/bts-elecrotechnique\/#breadcrumb"},"inLanguage":"fr-FR","potentialAction":[{"@type":"ReadAction","target":["https:\/\/www.lyceelafayette.fr\/index.php\/bts-elecrotechnique\/"]}]},{"@type":"BreadcrumbList","@id":"https:\/\/www.lyceelafayette.fr\/index.php\/bts-elecrotechnique\/#breadcrumb","itemListElement":[{"@type":"ListItem","position":1,"name":"Accueil","item":"https:\/\/www.lyceelafayette.fr\/"},{"@type":"ListItem","position":2,"name":"BTS \u00c9lectrotechnique"}]},{"@type":"WebSite","@id":"https:\/\/www.lyceelafayette.fr\/#website","url":"https:\/\/www.lyceelafayette.fr\/","name":"Lyc\u00e9e La Fayette","description":"","publisher":{"@id":"https:\/\/www.lyceelafayette.fr\/#organization"},"potentialAction":[{"@type":"SearchAction","target":{"@type":"EntryPoint","urlTemplate":"https:\/\/www.lyceelafayette.fr\/?s={search_term_string}"},"query-input":{"@type":"PropertyValueSpecification","valueRequired":true,"valueName":"search_term_string"}}],"inLanguage":"fr-FR"},{"@type":"Organization","@id":"https:\/\/www.lyceelafayette.fr\/#organization","name":"Lyc\u00e9e La Fayette","url":"https:\/\/www.lyceelafayette.fr\/","logo":{"@type":"ImageObject","inLanguage":"fr-FR","@id":"https:\/\/www.lyceelafayette.fr\/#\/schema\/logo\/image\/","url":"https:\/\/www.lyceelafayette.fr\/wp-content\/uploads\/2019\/06\/llf_logo_alpha.png","contentUrl":"https:\/\/www.lyceelafayette.fr\/wp-content\/uploads\/2019\/06\/llf_logo_alpha.png","width":1583,"height":792,"caption":"Lyc\u00e9e La Fayette"},"image":{"@id":"https:\/\/www.lyceelafayette.fr\/#\/schema\/logo\/image\/"},"sameAs":["https:\/\/www.youtube.com\/channel\/UC2AOQowoMGBKdY4ToZsf9mw"]}]}},"_links":{"self":[{"href":"https:\/\/www.lyceelafayette.fr\/index.php\/wp-json\/wp\/v2\/pages\/1000","targetHints":{"allow":["GET"]}}],"collection":[{"href":"https:\/\/www.lyceelafayette.fr\/index.php\/wp-json\/wp\/v2\/pages"}],"about":[{"href":"https:\/\/www.lyceelafayette.fr\/index.php\/wp-json\/wp\/v2\/types\/page"}],"author":[{"embeddable":true,"href":"https:\/\/www.lyceelafayette.fr\/index.php\/wp-json\/wp\/v2\/users\/1"}],"replies":[{"embeddable":true,"href":"https:\/\/www.lyceelafayette.fr\/index.php\/wp-json\/wp\/v2\/comments?post=1000"}],"version-history":[{"count":34,"href":"https:\/\/www.lyceelafayette.fr\/index.php\/wp-json\/wp\/v2\/pages\/1000\/revisions"}],"predecessor-version":[{"id":6392,"href":"https:\/\/www.lyceelafayette.fr\/index.php\/wp-json\/wp\/v2\/pages\/1000\/revisions\/6392"}],"wp:attachment":[{"href":"https:\/\/www.lyceelafayette.fr\/index.php\/wp-json\/wp\/v2\/media?parent=1000"}],"curies":[{"name":"wp","href":"https:\/\/api.w.org\/{rel}","templated":true}]}}